{"id":1639,"date":"2021-12-20T15:39:14","date_gmt":"2021-12-20T14:39:14","guid":{"rendered":"https:\/\/guideservice.dk\/?page_id=1639"},"modified":"2025-08-11T11:22:51","modified_gmt":"2025-08-11T09:22:51","slug":"find-en-guidet-tur","status":"publish","type":"page","link":"https:\/\/guideservice.dk\/de\/eine-gefuehrte-tour-finden\/","title":{"rendered":"Guide-Service in D\u00e4nemark - alle Regionen"},"content":{"rendered":"<p><em><strong>W\u00e4hlt dein Gebiet und seht die Vorschl\u00e4ge f\u00fcr F\u00fchrungen - oder schickt uns deinen eigenen Wunsch und wir werden auch diesen erf\u00fcllen<\/strong><\/em>.<\/p>\n\n\n<form class=\"search search--block\" action=\"https:\/\/guideservice.dk\/de\/soegning\/\" method=\"get\" data-trp-original-action=\"\/soegning\/\">\r\n    <input placeholder=\"Tour suchen\" id=\"searchTerm\" class=\"input input--no-border-right\" value=\"\" name=\"tag\" type=\"search\">\r\n    <input type=\"hidden\" name=\"type\" value=\"tur\">\r\n    <div class=\"btn\">\r\n        <input class=\"btn__link\" id=\"search-btn\" type=\"submit\" value=\"Suche\">\r\n    <\/div>\r\n<input type=\"hidden\" name=\"trp-form-language\" value=\"de\"\/><\/form>\n\n\r\n  \r\n    <ul class=\"main-selector main-selector--home\">\r\n      \r\n        <li class=\"main-selector__item\">\r\n          <a href=\"https:\/\/guideservice.dk\/de\/guide-service-in-juetland\/\" class=\"selector-category\">\r\n\r\n                          <img decoding=\"async\" src=\"https:\/\/guideservice.dk\/wp-content\/uploads\/2022\/10\/Jylland-1-239x300.png\" alt=\"\" class=\"selector-category__icon\">\r\n            \r\n            <h2 class=\"selector-category__title\">J\u00fctland<\/h2>\r\n\r\n            <div class=\"selector-category__desc\">\r\n              <p><\/p>\r\n            <\/div>\r\n\r\n            <figure class=\"selector-category__background\">\r\n              <img decoding=\"async\" src=\"https:\/\/guideservice.dk\/wp-content\/uploads\/2021\/12\/89cb5a13-0efb-3ce2-82f5-8d0b274aa5f6.jpg\" alt=\"J\u00fctland\">\r\n            <\/figure>\r\n          <\/a>\r\n        <\/li>\r\n      \r\n        <li class=\"main-selector__item\">\r\n          <a href=\"https:\/\/guideservice.dk\/de\/guide-service-fuenen\/\" class=\"selector-category\">\r\n\r\n                          <img decoding=\"async\" src=\"https:\/\/guideservice.dk\/wp-content\/uploads\/2022\/10\/Fyn_oeerne-1-239x300.png\" alt=\"\" class=\"selector-category__icon\">\r\n            \r\n            <h2 class=\"selector-category__title\">F\u00fcnen &amp; Inseln<\/h2>\r\n\r\n            <div class=\"selector-category__desc\">\r\n              <p><\/p>\r\n            <\/div>\r\n\r\n            <figure class=\"selector-category__background\">\r\n              <img decoding=\"async\" src=\"https:\/\/guideservice.dk\/wp-content\/uploads\/2021\/12\/Intersection-1-1024x846.png\" alt=\"Odense\">\r\n            <\/figure>\r\n          <\/a>\r\n        <\/li>\r\n      \r\n        <li class=\"main-selector__item\">\r\n          <a href=\"https:\/\/guideservice.dk\/de\/guide-service-seeland\/\" class=\"selector-category\">\r\n\r\n                          <img decoding=\"async\" src=\"https:\/\/guideservice.dk\/wp-content\/uploads\/2023\/02\/Billede12-239x300.png\" alt=\"\" class=\"selector-category__icon\">\r\n            \r\n            <h2 class=\"selector-category__title\">Seeland &amp; Inseln<\/h2>\r\n\r\n            <div class=\"selector-category__desc\">\r\n              <p><\/p>\r\n            <\/div>\r\n\r\n            <figure class=\"selector-category__background\">\r\n              <img decoding=\"async\" src=\"https:\/\/guideservice.dk\/wp-content\/uploads\/2021\/12\/standard_compressed_Koebenhavn-1024x708.jpg\" alt=\"Kopenhagen\">\r\n            <\/figure>\r\n          <\/a>\r\n        <\/li>\r\n      \r\n        <li class=\"main-selector__item\">\r\n          <a href=\"https:\/\/guideservice.dk\/de\/guide-service-auf-bornholm\/\" class=\"selector-category\">\r\n\r\n                          <img decoding=\"async\" src=\"https:\/\/guideservice.dk\/wp-content\/uploads\/2023\/02\/Bornholm-ny-2-300x247.png\" alt=\"\" class=\"selector-category__icon\">\r\n            \r\n            <h2 class=\"selector-category__title\">Bornholm<\/h2>\r\n\r\n            <div class=\"selector-category__desc\">\r\n              <p><\/p>\r\n            <\/div>\r\n\r\n            <figure class=\"selector-category__background\">\r\n              <img decoding=\"async\" src=\"https:\/\/guideservice.dk\/wp-content\/uploads\/2022\/10\/Bornholm-scaled-e1754904003764-1024x715.jpg\" alt=\"\">\r\n            <\/figure>\r\n          <\/a>\r\n        <\/li>\r\n      \r\n        <li class=\"main-selector__item\">\r\n          <a href=\"https:\/\/guideservice.dk\/de\/daenischsprachige-fuehrungen-im-ausland\/\" class=\"selector-category\">\r\n\r\n                          <img decoding=\"async\" src=\"https:\/\/guideservice.dk\/wp-content\/uploads\/2023\/02\/Globus-1-300x300.png\" alt=\"\" class=\"selector-category__icon\">\r\n            \r\n            <h2 class=\"selector-category__title\">Rest der Welt<\/h2>\r\n\r\n            <div class=\"selector-category__desc\">\r\n              <p><\/p>\r\n            <\/div>\r\n\r\n            <figure class=\"selector-category__background\">\r\n              <img decoding=\"async\" src=\"https:\/\/guideservice.dk\/wp-content\/uploads\/2020\/11\/Vejen-til-Sao-Castelo.jpg\" alt=\"\">\r\n            <\/figure>\r\n          <\/a>\r\n        <\/li>\r\n      \r\n        <li class=\"main-selector__item\">\r\n          <a href=\"https:\/\/www.guideservicedanmark.dk\/rejseledere-hele-verden\/\" class=\"selector-category\">\r\n\r\n                          <img decoding=\"async\" src=\"https:\/\/guideservice.dk\/wp-content\/uploads\/2023\/03\/Ikon-rejseleder.png\" alt=\"\" class=\"selector-category__icon\">\r\n            \r\n            <h2 class=\"selector-category__title\">Reiseleiter der Welt<\/h2>\r\n\r\n            <div class=\"selector-category__desc\">\r\n              <p><\/p>\r\n            <\/div>\r\n\r\n            <figure class=\"selector-category__background\">\r\n              <img decoding=\"async\" src=\"https:\/\/guideservice.dk\/wp-content\/uploads\/2022\/04\/groningen-museum-1024x576.jpg\" alt=\"Museet ligger smuk ved vandet\">\r\n            <\/figure>\r\n          <\/a>\r\n        <\/li>\r\n          <\/ul>\r\n\r\n\n\n\n<h2 class=\"wp-block-heading\">D\u00e4nemark - gef\u00fchrte Touren<\/h2>\n\n\n\n<p>Du wirst so viel mehr von deiner Reise in D\u00e4nemark mitbekommen, wenn du einen lokalen Guide dabei hast. Der lokale Fremdenf\u00fchrer kann euch zeigen, was ihr nicht wisst, dass ihr sehen solltet, und der Guide kann die Geschichte erz\u00e4hlen, so dass ihr keine Zeit damit verbringen m\u00fcsst, die Details selbst herauszufinden. Die Person, die die Gegend am besten kennt, ist der lokale Guide, der dort lebt. Wir m\u00f6chten dich dazu einladen, dieses Angebot bei deiner n\u00e4chsten Tour in D\u00e4nemark zu nutzen.<\/p>\n\n\n\n<h2 class=\"wp-block-heading\">Die Guides geben dir Vorschl\u00e4ge f\u00fcr deine gef\u00fchrte Tour<\/h2>\n\n\n\n<p>Um dir die besten M\u00f6glichkeiten zu bieten, haben wir unsere Guides gebeten, gef\u00fchrte Touren vorzuschlagen. Diese Vorschl\u00e4ge sind ein guter Anfang. Du kannst jedoch gerne ma\u00dfgeschneiderte oder pers\u00f6nliche W\u00fcnsche \u00e4u\u00dfern - wir lieben es, neue F\u00fchrungen zu kreieren<\/p>\n\n\n\n<ul class=\"wp-block-list\">\n<li class=\"translation-block\">In ganz D\u00e4nemark gibt es <a href=\"https:\/\/www.guideservicedanmark.dk\/byvandringer\/\" target=\"_blank\" rel=\"noreferrer noopener\">Stadtrundg\u00e4nge<\/a> darunter Kopenhagen, Odense, Aarhus und viele andere Orte in D\u00e4nemark<\/li>\n\n\n\n<li class=\"translation-block\">Stadtrundg\u00e4nge auf <a href=\"https:\/\/guideservice.dk\/de\/daenische-guides-in-anderen-laendern\/\" target=\"_self\">D\u00e4nisch im Ausland<\/a>. Zum Beispiel in Berlin, Madrid, Paris und vielen anderen Orten<\/li>\n\n\n\n<li class=\"translation-block\"><a href=\"https:\/\/guideservice.dk\/de\/rundvisning-paa-museum-eller-attraktioner\/\" target=\"_self\">Gef\u00fchrte Besuche <\/a> zu Museen, Schl\u00f6ssern und Gutsh\u00e4usern<\/li>\n\n\n\n<li class=\"translation-block\">Gef\u00fchrte Tour mit <a href=\"https:\/\/guideservice.dk\/de\/gefuehrte-tour-mit-auto-oder-bus\/\" target=\"_self\">Auto oder Bus <\/a> mit kurzen Stopps auf dem Weg<\/li>\n\n\n\n<li class=\"translation-block\"><a href=\"https:\/\/guideservice.dk\/de\/vandreture-i-naturen-med-guideservice-danmark\/\" target=\"_self\">Wanderungen<\/a> in der Natur<\/li>\n\n\n\n<li class=\"translation-block\">Gef\u00fchrte <a href=\"https:\/\/guideservice.dk\/de\/cykeltur-med-guide\/\" target=\"_self\">Radtour<\/a><\/li>\n\n\n\n<li>Finde eine geplante Tour, die zu dir passt am <a href=\"https:\/\/guideservice.dk\/de\/ture-i-kalenderen\/\">Geplante Touren<\/a><\/li>\n<\/ul>\n\n\n\n<h2 class=\"wp-block-heading\">Tourenvorschl\u00e4ge f\u00fcr ganz D\u00e4nemark<\/h2>\n\n\n\n<p>Bei GuideserviceDanmark ist es m\u00f6glich, eine breite Palette von Erlebnissen in ganz D\u00e4nemark zu buchen. Unsere erfahrenen lokalen Guides arrangieren Stadtrundg\u00e4nge, Wanderungen, Fahrradtouren, Bustouren und Bootsfahrten in vielen St\u00e4dten des Landes.<\/p>\n\n\n\n<p class=\"translation-block\">Hier haben wir alle Touren zusammengestellt, die von unseren F\u00fchrern beschrieben werden. Wenn du nicht die Tour findest, die deinen W\u00fcnschen entspricht, ist es auch m\u00f6glich, einen F\u00fchrer zu buchen und eine Tour speziell f\u00fcr dich und deine Gruppe zu machen. Du kannst zwischen allen unseren <strong><a href=\"https:\/\/guideservice.dk\/de\/einen-guide-finden\/\" target=\"_blank\" rel=\"noreferrer noopener\">Fremdenf\u00fchrern in D\u00e4nemark<\/a><\/strong> w\u00e4hlen oder dich an Guideservice D\u00e4nemark wenden und wir helfen dir, den Fremdenf\u00fchrer zu finden, der am besten zu deiner Traumtour passt.<\/p>\n\n\n\n<p><strong>Wir freuen uns, sagen zu k\u00f6nnen: Erleben D\u00e4nemark mit Guideservice D\u00e4nemark und unserem Guide-Service D\u00e4nemark<\/strong>.<\/p>","protected":false},"excerpt":{"rendered":"<p>V\u00e6lg dit omr\u00e5de og se forslag til guidede ture &#8211; eller send os dit helt eget \u00f8nske, s\u00e5 l\u00f8ser vi ogs\u00e5 det. Danmark &#8211; guidede ture Du f\u00e5r s\u00e5 meget mere ud af din tur i Danmark ved at tage en lokal guide med. Den lokale guide kan nemlig \u00e5bne dine \u00f8jne for det, du ikke ved, du skal opleve og guiden kan fort\u00e6lle historien, s\u00e5 du selv slipper for at bruge tid p\u00e5 at grave detaljer frem. Den, der&#8230;<\/p>\n<p class=\"read-more\"><a class=\"btn btn-default\" href=\"https:\/\/guideservice.dk\/de\/eine-gefuehrte-tour-finden\/\">Weiterlesen<span class=\"screen-reader-text\"> Weiterlesen<\/span><\/a><\/p>","protected":false},"author":3,"featured_media":0,"parent":0,"menu_order":0,"comment_status":"closed","ping_status":"closed","template":"template-parts\/page-home.php","meta":{"om_disable_all_campaigns":false,"inline_featured_image":false,"_uag_custom_page_level_css":"","_monsterinsights_skip_tracking":false,"_monsterinsights_sitenote_active":false,"_monsterinsights_sitenote_note":"","_monsterinsights_sitenote_category":0,"_uf_show_specific_survey":0,"_uf_disable_surveys":false,"footnotes":""},"class_list":["post-1639","page","type-page","status-publish","hentry"],"acf":[],"aioseo_notices":[],"uagb_featured_image_src":{"full":false,"thumbnail":false,"medium":false,"medium_large":false,"large":false,"1536x1536":false,"2048x2048":false,"trp-custom-language-flag":false,"post-thumbnail":false,"nisarg-full-width":false,"sow-carousel-default":false},"uagb_author_info":{"display_name":"Mette Berrig","author_link":"https:\/\/guideservice.dk\/de\/author\/mette\/"},"uagb_comment_info":0,"uagb_excerpt":"V\u00e6lg dit omr\u00e5de og se forslag til guidede ture &#8211; eller send os dit helt eget \u00f8nske, s\u00e5 l\u00f8ser vi ogs\u00e5 det. Danmark &#8211; guidede ture Du f\u00e5r s\u00e5 meget mere ud af din tur i Danmark ved at tage en lokal guide med. Den lokale guide kan nemlig \u00e5bne dine \u00f8jne for det, du&hellip;","_links":{"self":[{"href":"https:\/\/guideservice.dk\/de\/wp-json\/wp\/v2\/pages\/1639","targetHints":{"allow":["GET"]}}],"collection":[{"href":"https:\/\/guideservice.dk\/de\/wp-json\/wp\/v2\/pages"}],"about":[{"href":"https:\/\/guideservice.dk\/de\/wp-json\/wp\/v2\/types\/page"}],"author":[{"embeddable":true,"href":"https:\/\/guideservice.dk\/de\/wp-json\/wp\/v2\/users\/3"}],"replies":[{"embeddable":true,"href":"https:\/\/guideservice.dk\/de\/wp-json\/wp\/v2\/comments?post=1639"}],"version-history":[{"count":173,"href":"https:\/\/guideservice.dk\/de\/wp-json\/wp\/v2\/pages\/1639\/revisions"}],"predecessor-version":[{"id":8920,"href":"https:\/\/guideservice.dk\/de\/wp-json\/wp\/v2\/pages\/1639\/revisions\/8920"}],"wp:attachment":[{"href":"https:\/\/guideservice.dk\/de\/wp-json\/wp\/v2\/media?parent=1639"}],"curies":[{"name":"wp","href":"https:\/\/api.w.org\/{rel}","templated":true}]}}