{"id":1968,"date":"2022-05-05T11:15:58","date_gmt":"2022-05-05T09:15:58","guid":{"rendered":"https:\/\/guideservice.dk\/?page_id=1968"},"modified":"2025-11-03T13:59:31","modified_gmt":"2025-11-03T12:59:31","slug":"guideservice-i-jylland","status":"publish","type":"page","link":"https:\/\/guideservice.dk\/de\/guide-service-in-juetland\/","title":{"rendered":"Guide-Service in J\u00fctland"},"content":{"rendered":"<p><strong><em>Es gibt so viele sch\u00f6ne Orte  zu besuchen in J\u00fctland. Hier kannst du Touren aussuchen oder schick uns deine Anfrage.<\/em><\/strong><\/p>\n\n\n<ul class=\"main-selector main-selector--sub main-selector--sub__home\">\r\n\r\n    \r\n                      \r\n          <li class=\"main-selector__item\">\r\n\r\n            \r\n            <a href=\"https:\/\/guideservice.dk\/de\/guide-service-in-vejle\/\" class=\"selector-category translation-block\">\r\n              <h3 class=\"selector-category__title\">Vejle &#038; omegn<\/h3>\r\n\r\n              <figure class=\"selector-category__background\">\r\n                <img decoding=\"async\" src=\"https:\/\/guideservice.dk\/wp-content\/uploads\/2025\/08\/Efteraar-Skyttehushaven.-November-2023.-Foto-Knapek-photography.png\" alt=\"Efter\u00e5r ved Skyttehushaven med udsigt over B\u00f8lgen. Foto Visit Vejle\">\r\n              <\/figure>\r\n            <\/a>\r\n          <\/li>\r\n          \r\n                      \r\n          <li class=\"main-selector__item\">\r\n\r\n            \r\n            <a href=\"https:\/\/guideservice.dk\/de\/guide-service-in-aarhus\/\" class=\"selector-category translation-block\">\r\n              <h3 class=\"selector-category__title\">Aarhus und Gegend<\/h3>\n\n              <figure class=\"selector-category__background\">\n                <img src=\"https:\/\/guideservice.dk\/wp-content\/uploads\/2022\/10\/Aarhus.png\" alt=\"\">\n              <\/figure>\r\n            <\/a>\r\n          <\/li>\r\n          \r\n                      \r\n          <li class=\"main-selector__item\">\r\n\r\n            \r\n            <a href=\"https:\/\/guideservice.dk\/de\/guide-service-in-ganz-juetland\/\" class=\"selector-category translation-block\">\r\n              <h3 class=\"selector-category__title\">Hele Jylland<\/h3>\r\n\r\n              <figure class=\"selector-category__background\">\r\n                <img decoding=\"async\" src=\"https:\/\/guideservice.dk\/wp-content\/uploads\/2021\/01\/Hovedvagten_og_Prinsens_Port-Croppet-scaled-e1754984551819-1024x657.jpg\" alt=\"\">\r\n              <\/figure>\r\n            <\/a>\r\n          <\/li>\r\n          \r\n              \r\n        \r\n<\/ul>\r\n\n\n\n<h2 class=\"wp-block-heading\">J\u00fctland - gef\u00fchrte Touren<\/h2>\n\n\n\n<p style=\"font-style:normal;font-weight:400\">Es gibt so viele tolle Vorschl\u00e4ge f\u00fcr Orte und St\u00e4dte, aus denen du w\u00e4hlen kannst, wenn du in J\u00fctland unterwegs bist. Die gr\u00f6\u00dfte Stadt in J\u00fctland, Aarhus, ist ein Muss, aber auch viele andere St\u00e4dte in J\u00fctland sind spannend. Wir geben gerne Tipps f\u00fcr gef\u00fchrte Touren in ganz J\u00fctland. Wenn du einen speziellen Wunsch hast, der hier noch nicht beschrieben ist, schreibe uns bitte. Wir k\u00f6nnen eine F\u00fchrung f\u00fcr dich und deine Gruppe zusammenstellen und auch den richtigen F\u00fchrer finden.<\/p>\n\n\n\n<p style=\"font-style:normal;font-weight:400\">J\u00fctland ist das Land der J\u00fctl\u00e4nder, das Land der Zimbern und die Halbinsel n\u00f6rdlich von Deutschland, wie manche sagen w\u00fcrden. Schon hier gibt es Geschichten zu erz\u00e4hlen. Von S\u00fcden nach Norden, von Padborg nach Skagen, sind es 337 km. - Das ist die l\u00e4ngste Strecke, die man in D\u00e4nemark fahren kann, es sei denn, man f\u00e4hrt im Kreis. Bei einem Urlaub in D\u00e4nemark gibt es in J\u00fctland viele Erlebnisse und viel zu entdecken.<\/p>\n\n\n\n<h3 class=\"wp-block-heading\">Eine gef\u00fchrte Tour in J\u00fctland<\/h3>\n\n\n\n<p style=\"font-style:normal;font-weight:400\">In J\u00fctland gibt es viele M\u00f6glichkeiten, eine gef\u00fchrte Tour zu machen. Ob es sich um eine Attraktion, eine Stadt, ein Museum oder eine frische und wundersch\u00f6ne F\u00fchrung in der Natur handelt, liegt ganz bei dir. Nat\u00fcrlich musst du dich entscheiden, ob du einen Stadtrundgang, eine Radtour oder eine Fahrt auf dem Wasser mit dem Kanu oder Kajak machen willst, ob du auf eigene Faust oder mit einem guten F\u00fchrer, der dir die Geschichten des Ortes erz\u00e4hlt, unterwegs bist. Wenn du eine Aktivit\u00e4t f\u00fcr eine Gruppe organisierst, k\u00f6nnte eine gef\u00fchrte Bustour genau das Richtige sein. Nat\u00fcrlich darfst du auch W\u00fcnsche \u00e4u\u00dfern, wor\u00fcber dein Guide erz\u00e4hlen soll. Ob es um die Natur und die Auswirkungen der Eiszeiten, neue oder alte Architektur, junge oder alte St\u00e4dte geht - die M\u00f6glichkeiten sind endlos. Egal wo in J\u00fctland, Guideservice D\u00e4nemark findet den richtigen Guide f\u00fcr dich. <\/p>\n\n\n\n<p style=\"font-style:normal;font-weight:400\">Wir haben unsere Fremdenf\u00fchrer gebeten, einige Vorschl\u00e4ge f\u00fcr F\u00fchrungen zu machen, um die Planungen und die Organisation von Aktivit\u00e4ten f\u00fcr Gruppen zu erleichtern. Wenn du einen besonderen Wunsch f\u00fcr eine F\u00fchrung hast, kontaktiere uns und wir werden diese f\u00fcr dich anpassen. Es gibt keine Einschr\u00e4nkungen, aber viele M\u00f6glichkeiten und es kommen immer noch weitere Vorschl\u00e4ge hinzu - vielleicht sogar von dir? Teile uns deine W\u00fcnsche mit, wir helfen dir, eine F\u00fchrung zu gestalten, die genau auf dich angepasst ist.<\/p>\n\n\n\n<h3 class=\"wp-block-heading\">Stadtrundg\u00e4nge in J\u00fctland<\/h3>\n\n\n\n<p style=\"font-style:normal;font-weight:400\">Ein gef\u00fchrter Stadtrundgang in einer der vielen spannenden St\u00e4dte in J\u00fctland kann sowohl ein Erlebnis der historischen Perspektive als auch des modernen Lebens sein. J\u00fctland hat einige der \u00e4ltesten und j\u00fcngsten St\u00e4dte in D\u00e4nemark zu bieten.<\/p>\n\n\n\n<p style=\"font-style:normal;font-weight:400\">Wenn du dich f\u00fcr einen Stadtrundgang in Ribe oder Aarhus entscheidest, gibt es viel Geschichte zu erz\u00e4hlen, darunter auch die Geschichte der Wikinger, denn sowohl Ribe als auch Aarhus geh\u00f6ren zu den \u00e4ltesten St\u00e4dten in J\u00fctland. Wenn du dich f\u00fcr einen Stadtrundgang in Vejle oder Kolding entscheidest, gibt es noch andere Geschichten zu erz\u00e4hlen. Vejle zum Beispiel ist eine der besten Handelsst\u00e4dte D\u00e4nemarks, und Kolding ist eine alte K\u00f6nigsstadt und hat mit der Burg Koldinghus eine spannende Geschichte. Mit einem unserer lokalen Guides begibst du dich auf einen Stadtrundgang, von dem du mit vielen guten Erfahrungen nach Hause zur\u00fcckkehren wirst.<\/p>\n\n\n\n<p style=\"font-style:normal;font-weight:400\" class=\"translation-block\">Die zwei St\u00e4dte, in denen die meisten F\u00fchrungen angeboten werden, sind <strong><a href=\"https:\/\/www.guideservicedanmark.dk\/aarhus-turbeskrivelser\/\" target=\"_blank\" rel=\"noreferrer noopener\">Aarhus<\/a><\/strong> und <a style=\"font-weight: bold\" href=\"https:\/\/www.guideservicedanmark.dk\/guidede-ture-vejle\/\" target=\"_blank\" rel=\"noreferrer noopener\">Vejle<\/a> . Um den \u00dcberblick zu erleichtern, haben wir eine \u00dcbersicht \u00fcber die M\u00f6glichkeiten f\u00fcr eine Tour in Vejle und Aarhus erstellt. Es ist auch m\u00f6glich, <a href=\"https:\/\/www.guideservicedanmark.dk\/jylland-turbeskrivelser\" target=\"_self\">ganz J\u00fctland<\/a> zu sehen.<\/p>\n\n\n\n<h3 class=\"wp-block-heading\">S\u00fcd- und S\u00f8nderJ\u00fctland - gef\u00fchrte Touren<\/h3>\n\n\n\n<p style=\"font-style:normal;font-weight:400\">In J\u00fctland liegen die ersten Erlebnisse direkt an der deutsch-d\u00e4nischen Grenze, wo Stadtrundg\u00e4nge in T\u00f8nder, M\u00f8gelt\u00f8nder und Haderslev m\u00f6glich sind. Historische und gem\u00fctliche St\u00e4dte mit einem alten Stadtkern mit kleinen, originellen und gem\u00fctlichen H\u00e4usern und Kopfsteinpflasterstra\u00dfen. Auch in Dybb\u00f8l oder Skamlingsbanken kannst du den Fl\u00fcgelschlag der Geschichte sp\u00fcren, wenn der Fremdenf\u00fchrer seine Geschichten erz\u00e4hlt. An der Westk\u00fcste von J\u00fctland bietet sich eine gef\u00fchrte Tour entlang der gesamten K\u00fcste des Wattenmeeres an. Hier kannst du die Starenschw\u00e4rme am Abendhimmel erleben, die die Schwarze Sonne formen, Austern sammeln, Bernstein finden und nicht zuletzt die Geschichte und die raue Natur der Deiche und die gewaltige Kraft des Wassers erleben. <\/p>\n\n\n\n<p style=\"font-style:normal;font-weight:400\">Ribe liegt am Fluss Konge\u00e5 und in S\u00f8nderjylland - der nordschleswigsche Teil D\u00e4nemarks. Esbjerg liegt in S\u00fcdj\u00fctland und ist vielleicht die j\u00fcngste Stadt D\u00e4nemarks. Die Geschichte von Esbjerg beginnt, als D\u00e4nemark 1864 seinen s\u00fcdlichsten Hafen im Westen aufgeben musste, als die Grenze zu Deutschland nach Konge\u00e5en verlegt wurde. Eine neue Hafenstadt wurde ben\u00f6tigt. Daraus wurde Esbjerg, das viele Jahre lang vor allem f\u00fcr seinen Fischerei- und F\u00e4hrhafen bekannt war, aber heute vor allem in den Bereichen Offshore und Energie t\u00e4tig ist.<\/p>\n\n\n\n<p style=\"font-style:normal;font-weight:400\">Etwas weiter landeinw\u00e4rts von Esbjerg liegt Billund, wo das Legoland am bekanntesten ist. Dort gibt es auch das LEGO Haus und nicht zuletzt den Billund Airport, einen wachsenden Flughafen. Die Geschichte des Flughafens, von LEGO und der Stadt, die zusammen mit der Fabrik gewachsen ist, ist ein Abenteuer f\u00fcr sich. <\/p>\n\n\n\n<h3 class=\"wp-block-heading\">Auf einer gef\u00fchrten Tour durch das Trekantsomr\u00e5de<\/h3>\n\n\n\n<p style=\"font-style:normal;font-weight:400\">Trekantsomr\u00e5det, dag Gebiet in D\u00e4nemark wo Fredericia, Vejle und Kolding liegt und in der N\u00e4he von Billund. Das Gebiet nennt sich selbst das Herz von J\u00fctland. In Kolding kannst du Koldinghus, Trapholt und die Natur am sch\u00f6nen Koldingfjord erleben. S\u00fcdlich von Kolding liegt Christiansfeld, die m\u00e4hrische Stadt, die zum UNESCO-Weltkulturerbe geh\u00f6rt. Auf der Liste stehen Kultur- und Naturdenkm\u00e4ler aus aller Welt, die f\u00fcr die Menschheit erhaltenswert sind und nicht besch\u00e4digt werden oder verloren gehen d\u00fcrfen. Die Aufnahme in die Liste ist eine gro\u00dfe Ehre.<\/p>\n\n\n\n<p style=\"font-style:normal;font-weight:400\" class=\"translation-block\">N\u00f6rdlich von Kolding liegt Vejle, das bei vielen f\u00fcr seine gem\u00fctliche Fu\u00dfg\u00e4ngerzone bekannt ist. Vejle ist eine der St\u00e4dte in J\u00fctland, die mit gro\u00dfen Herausforderungen in Bezug auf \u00dcberschwemmungen und Wasser zu k\u00e4mpfen hat, und die Gemeinde Vejle ist die einzige in D\u00e4nemark, die Teil des globalen Netzwerks 100 Resilient Cities ist, das von <a href=\"https:\/\/www.rockefellerfoundation.org\/100-resilient-cities\/\" target=\"_self\"> der Rockefeller Foundation<\/a> gegr\u00fcndet wurde. Vejle liegt wundersch\u00f6n am Vejle Fjord, der zu aufregender neuer Architektur wie <a href=\"https:\/\/www.fjordenhus.dk\/dk\/\" target=\"_self\"> dem Fjordenhus<\/a> und B\u00f8lgen inspiriert hat.<\/p>\n\n\n\n<p style=\"font-style:normal;font-weight:400\">In der N\u00e4he von Vejle liegt Jelling mit den Runensteinen von K\u00f6nig Gorm und K\u00f6nigin Thyra. Die Runensteine, die K\u00f6nig Harald Bluetooth f\u00fcr seine Eltern errichten lie\u00df und die wir als die Taufurkunde D\u00e4nemarks betrachten. Und genau dort befindet sich auch das wunderbare Museum Kongernes Jelling.<\/p>\n\n\n\n<p style=\"font-style:normal;font-weight:400\">Die letzte Stufe des Gebiets ist Fredericia, die j\u00fctl\u00e4ndische Festungsstadt, die F\u00fcnen und Seeland vor Angriffen aus dem Westen sch\u00fctzen sollte.<\/p>\n\n\n\n<h3 class=\"wp-block-heading\">Gef\u00fchrte Touren in Ost-, Mittel- oder Westj\u00fctland<\/h3>\n\n\n\n<p style=\"font-style:normal;font-weight:400\" class=\"translation-block\">Das Gebiet Trekantsomr\u00e5det f\u00fchrt nat\u00fcrlich weiter nach Ostj\u00fctland, wo<strong><a href=\"https:\/\/www.guideservicedanmark.dk\/aarhus-turbeskrivelser\/\" target=\"_blank\" rel=\"noreferrer noopener\"> Aarhus<\/a><\/strong>  die gro\u00dfe Stadt ist, D\u00e4nemarks zweitgr\u00f6\u00dfte. Unsere zahlreichen Guides in Aarhus bieten gef\u00fchrte Stadtrundg\u00e4nge an und zeigen den Weg und kann Geschichten auf einer gef\u00fchrten Fahrradtour durch Aarhus und seine Umgebung erz\u00e4hlen.<\/p>\n\n\n\n<p style=\"font-style:normal;font-weight:400\">Weit im Osten, an der Nase J\u00fctlands, liegen das malerische Mols und die charmante Hafenstadt Ebeltoft. Hier bietet sich ein gef\u00fchrter Naturausflug oder ein gem\u00fctlicher Stadtbummel in der Altstadt an, die sowohl das historische Schiff Fregatten Jylland als auch das Glasmuseum Ebeltoft enth\u00e4lt. <\/p>\n\n\n\n<p style=\"font-style:normal;font-weight:400\">Weiter westlich, im Landesinneren, ist Randers ein nat\u00fcrlicher Ort f\u00fcr einen Aufenthalt. Randers ist auch eine spannende historische Stadt in wundersch\u00f6ner Umgebung. <\/p>\n\n\n\n<p style=\"font-style:normal;font-weight:400\">In Mittelj\u00fctland liegt Herning, D\u00e4nemarks Textilstadt mit der Geschichte, wie sich ein kleines Dorf zu D\u00e4nemarks Textilzentrum entwickelte. Heute zieht Herning auch gro\u00dfe K\u00fcnstler an, und so ist es nicht \u00fcberraschend, dass D\u00e4nemarks gr\u00f6\u00dfte Reisemesse \"Ferie for Alle\", automatisch bei vielen Menschen Erinnerungen an Herning weckt. <\/p>\n\n\n\n<p style=\"font-style:normal;font-weight:400\">An der Westk\u00fcste J\u00fctlands gibt das Meer den Ton an. Hier kann man an vielen Stellen erleben, welch gro\u00dfe Kr\u00e4fte in der Nordsee und der m\u00e4chtigen Natur verborgen sind. Wer an der Nordsee lebt, kennt die Kraft des Meeres. Ein Ort, an dem man sie erleben kann, ist Thybor\u00f8n. <\/p>\n\n\n\n<h3 class=\"wp-block-heading\">Nordj\u00fctland - gef\u00fchrte Touren<\/h3>\n\n\n\n<p style=\"font-style:normal;font-weight:400\">Die gr\u00f6\u00dfte Stadt in Nordj\u00fctland ist Aalborg mit ihren gem\u00fctlichen kleinen Stra\u00dfen mit Kopfsteinpflaster und dem gro\u00dfen Industriehafen und der alten Aalborg-Werft. Aalborg ist bekannt f\u00fcr seine vielen Wandmalereien, und mit ihnen als Thema kannst du dich mit unserem Guide auf einen Story Trail im Zentrum von Aalborg begeben.<\/p>\n\n\n\n<p style=\"font-style:normal;font-weight:400\">Himmerland verf\u00fcgt \u00fcber eine Schatzkammer an Geschichten mit und \u00fcber Wikinger. In der N\u00e4he von Hobro liegt Fyrkat, eine alte Ringfestung aus der Zeit von Harald Blauzahn. In Vesthimmerland, in der N\u00e4he von Aars, befindet sich eine weitere Wikingerfestung von Harald Blauzahn, Borremosef\u00e6stningen. Wir nehmen dich auch gerne mit auf einen Waldspaziergang in den Rebild-H\u00fcgeln, wo sich der Wald von Rold befindet, der voller guter R\u00e4ubergeschichten ist.<\/p>\n\n\n\n<p style=\"font-style:normal;font-weight:400\">Wie du siehst, hat J\u00fctland eine Reihe von Sehensw\u00fcrdigkeiten zu bieten. Mit einem ortskundigen Guide von GuideserviceDanmark wirst du in vollem profitieren, wenn es darum geht, die spannenden Orte in J\u00fctland zu erleben.<\/p>\n\n\n\n<p><strong><strong>Wir freuen uns, sagen zu k\u00f6nnen: Erleben J\u00fctland mit Guideservice D\u00e4nemark\u00a0<strong> und unserem Guide-Service <\/strong>J\u00fctland<\/strong><\/strong>.<\/p>","protected":false},"excerpt":{"rendered":"<p>Der er s\u00e5 mange dejlige steder at bes\u00f8ge i Jylland. V\u00e6lg her, eller send os dit \u00f8nske. Jylland \u2013 guidede ture Der er s\u00e5 mange gode forslag til steder og byer at v\u00e6lge imellem, n\u00e5r du vil p\u00e5 tur i Jylland. Jyllands st\u00f8rste by Aarhus, er oplagt at bes\u00f8ge, ligesom mange andre byer i Jylland er sp\u00e6ndende. Vi giver gerne forslag til guidede ture i hele Jylland. Har du et s\u00e6rligt \u00f8nske, som ikke allerede er beskrevet, s\u00e5 skriv til&#8230;<\/p>\n<p class=\"read-more\"><a class=\"btn btn-default\" href=\"https:\/\/guideservice.dk\/de\/guide-service-in-juetland\/\">Weiterlesen<span class=\"screen-reader-text\"> Weiterlesen<\/span><\/a><\/p>","protected":false},"author":1,"featured_media":0,"parent":0,"menu_order":0,"comment_status":"closed","ping_status":"closed","template":"template-parts\/page-home.php","meta":{"om_disable_all_campaigns":false,"inline_featured_image":false,"_uag_custom_page_level_css":"","_monsterinsights_skip_tracking":false,"_monsterinsights_sitenote_active":false,"_monsterinsights_sitenote_note":"","_monsterinsights_sitenote_category":0,"_uf_show_specific_survey":0,"_uf_disable_surveys":false,"footnotes":""},"class_list":["post-1968","page","type-page","status-publish","hentry"],"acf":[],"aioseo_notices":[],"uagb_featured_image_src":{"full":false,"thumbnail":false,"medium":false,"medium_large":false,"large":false,"1536x1536":false,"2048x2048":false,"trp-custom-language-flag":false,"post-thumbnail":false,"nisarg-full-width":false,"sow-carousel-default":false},"uagb_author_info":{"display_name":"admin","author_link":"https:\/\/guideservice.dk\/de\/author\/jonas_ba13346b\/"},"uagb_comment_info":0,"uagb_excerpt":"Der er s\u00e5 mange dejlige steder at bes\u00f8ge i Jylland. V\u00e6lg her, eller send os dit \u00f8nske. Jylland \u2013 guidede ture Der er s\u00e5 mange gode forslag til steder og byer at v\u00e6lge imellem, n\u00e5r du vil p\u00e5 tur i Jylland. Jyllands st\u00f8rste by Aarhus, er oplagt at bes\u00f8ge, ligesom mange andre byer i Jylland&hellip;","_links":{"self":[{"href":"https:\/\/guideservice.dk\/de\/wp-json\/wp\/v2\/pages\/1968","targetHints":{"allow":["GET"]}}],"collection":[{"href":"https:\/\/guideservice.dk\/de\/wp-json\/wp\/v2\/pages"}],"about":[{"href":"https:\/\/guideservice.dk\/de\/wp-json\/wp\/v2\/types\/page"}],"author":[{"embeddable":true,"href":"https:\/\/guideservice.dk\/de\/wp-json\/wp\/v2\/users\/1"}],"replies":[{"embeddable":true,"href":"https:\/\/guideservice.dk\/de\/wp-json\/wp\/v2\/comments?post=1968"}],"version-history":[{"count":134,"href":"https:\/\/guideservice.dk\/de\/wp-json\/wp\/v2\/pages\/1968\/revisions"}],"predecessor-version":[{"id":8888,"href":"https:\/\/guideservice.dk\/de\/wp-json\/wp\/v2\/pages\/1968\/revisions\/8888"}],"wp:attachment":[{"href":"https:\/\/guideservice.dk\/de\/wp-json\/wp\/v2\/media?parent=1968"}],"curies":[{"name":"wp","href":"https:\/\/api.w.org\/{rel}","templated":true}]}}