{"id":1983,"date":"2022-05-05T13:07:36","date_gmt":"2022-05-05T11:07:36","guid":{"rendered":"https:\/\/guideservice.dk\/?page_id=1983"},"modified":"2023-02-22T11:51:05","modified_gmt":"2023-02-22T10:51:05","slug":"guideservice-i-vejle","status":"publish","type":"page","link":"https:\/\/guideservice.dk\/de\/guide-service-in-vejle\/","title":{"rendered":"Guide-Service in Vejle und Gegend"},"content":{"rendered":"<p><strong><em>In Vejle arbeiten wir eng mit VisitVejle zusammen, die Experten in diesem Gebiet sind und auch gerne f\u00fcr dich da sind<\/em><\/strong>.<\/p>\n\n\n\r\n  \r\n      \r\n        \r\n\r\n      \r\n    \r\n\r\n\n\n\n<h2 class=\"wp-block-heading\">Vejle - gef\u00fchrte Touren<\/h2>\n\n\n\n<p>Es gibt viele Attraktionen in und um Vejle, und unsere Fremdenf\u00fchrer werden dir viele gute Vorschl\u00e4ge f\u00fcr gef\u00fchrte Touren in Vejle bieten.<\/p>\n\n\n\n<p>Vejle ist Teil der Kooperation Heart of Jutland, die das gesamte Gebiet Trekantsomr\u00e5det umfasst. Wir freuen uns, dass wir auch Teil dieser Zusammenarbeit sind.<\/p>\n\n\n\n<h2 class=\"wp-block-heading\">Jelling - gef\u00fchrte Tour<\/h2>\n\n\n\n<p>Eine gef\u00fchrte Tour nach Jelling ist eine Reise in die Vergangenheit. In Jelling befindet sich der Jelling-Stein, der als D\u00e4nemarks Taufschein gilt und zum UNESCO-Weltkulturerbe geh\u00f6rt. Diese beiden Steine wurden von Harald Blauzahn f\u00fcr seine Eltern, K\u00f6nig Gorm den Alten und K\u00f6nigin Thyra, errichtet. Hier wird D\u00e4nemark zum ersten Mal als geeintes Land beschrieben. Deshalb betrachten wir die Steine als die Taufurkunde D\u00e4nemarks.<\/p>\n\n\n\n<p>Gleich nebenan befindet sich Kongernes Jelling, ein Museum, das zum Nationalmuseum geh\u00f6rt. Das Museum bietet eine sehr spannende und moderne Ausstellung, die die gute Geschichte mit interaktiven Bildschirmen erz\u00e4hlt. Jelling ist der perfekte Ort, um sich mit der Geschichte der Wikinger zu besch\u00e4ftigen. Du kannst die Ausstellung erst mit einer F\u00fchrung und dann auf eigene Faust im Museum entdecken.<\/p>\n\n\n\n<p>In der N\u00e4he von Jelling befinden sich Bindeballe K\u00f8bmandsg\u00e5rd, das Grab von Egtvedpigen, Ravningbroen, Randb\u00f8ldal und es gibt auch Natur- und Eiszeitgeschichten in Vejle \u00c5dal. Hier gibt es sowohl Erlebnisse f\u00fcr ein paar als auch f\u00fcr viele Stunden.<\/p>\n\n\n\n<h2 class=\"wp-block-heading\">Gef\u00fchrte Touren in Vejle<\/h2>\n\n\n\n<p>Wir haben viele tolle Vorschl\u00e4ge f\u00fcr gef\u00fchrte Touren in Vejle. Vejle hat eine der sch\u00f6nsten und dramatischsten Landschaften D\u00e4nemarks. Es gibt tiefe T\u00e4ler, steile H\u00fcgel und den sch\u00f6nen Vejle Fjord mit sch\u00f6nen Buchenw\u00e4ldern und nicht zuletzt Relikte aus der Wikingerzeit.&nbsp;<\/p>\n\n\n\n<p>Wie w\u00e4re es mit einem gef\u00fchrten Stadtrundgang am Hafen mit den weltber\u00fchmten Geb\u00e4uden B\u00f8lgen und Fjordenhus. Moderne Architektur von ihrer sch\u00f6nsten Seite und eine Herausforderung f\u00fcr die Augen. Ber\u00fchmt in D\u00e4nemark und dar\u00fcber hinaus.<\/p>\n\n\n\n<p>Eine F\u00fchrung durch Vejle kann auch die Geschichte der Stadtentwicklung, das Mittelalter oder den Status von Vejle als Resilienzstadt vermitteln. Was ist Resilienz? Es geht um die Macht des Wassers und darum, wie Vejle mit der Bedrohung des Wassers und der Gefahr von \u00dcberschwemmungen umgehen kann. Resilienz verbindet Vejle mit St\u00e4dten wie Rom und Los Angeles.<\/p>\n\n\n\n<p>Wenn du eine aktive Tour bevorzugst, k\u00f6nnen wir dir eine Tour mit dem Fahrrad oder mit dem Kanu auf dem Fluss oder dem Kajak auf dem Fjord anbieten. Die Natur rund um Vejle geh\u00f6rt zu den sch\u00f6nsten Naturlandschaften D\u00e4nemarks. Vielleicht hast du schon davon geh\u00f6rt, dass die Buchen in den W\u00e4ldern bei Vejle im Fr\u00fchjahr oft zuerst austreiben. <\/p>\n\n\n\n<p>Wir k\u00f6nnen dir auch eine kulinarische Tour oder Gastrotour in Vejle anbieten. Diese Tour ist sehr beliebt und unser Guide kennt die besten Ziele f\u00fcr einen Besuch. Vielleicht kennst du sie schon? Vejle hat auch ein Restaurant mit einem Michelin-Stern. Das ist eine gro\u00dfe Sache. Lass dich von deinem Guide zu den lokalen Delikatessen f\u00fchren. <\/p>\n\n\n\n<h2 class=\"wp-block-heading\">Vejle hat alles zu bieten<\/h2>\n\n\n\n<p>Wie du siehst, k\u00f6nnen die F\u00fchrungen in Vejle in der Stadt, auf dem Wasser und in der sch\u00f6nen Landschaft und den H\u00fcgeln um Vejle stattfinden. Komm mit auf eine Tour.<\/p>\n\n\n\n<p>Guideservice D\u00e4nemark arbeitet eng mit VisitVejle zusammen. Daher kannst du auch im Tourismusb\u00fcro Hilfe bekommen, wo man dir sehr gut weiterhelfen kann, wenn du etwas mehr \u00fcber die M\u00f6glichkeiten wissen m\u00f6chtest. Du kannst dich auch jederzeit an uns im B\u00fcro von Guideservice D\u00e4nemark wenden - wir lieben Gespr\u00e4che.<\/p>\n\n\n\n<p class=\"translation-block\">Buchen <a href=\"https:\/\/www.guideservicedanmark.dk\/guider-vejle\" target=\"_self\">einen unserer F\u00fchrer in Vejle<\/a><\/strong>, der dir all die spannenden Orte in und um Vejle zeigt.<\/p>\n\n\n\n<p class=\"translation-block\"><strong>Wir freuen uns, sagen zu k\u00f6nnen: Erleben der Stadt Vejle mit Guideservice D\u00e4nemark\u00a0<strong> und unserem Guide-Service <\/strong>Vejle<\/strong>.<\/p>","protected":false},"excerpt":{"rendered":"<p>I Vejle arbejder vi t\u00e6t sammen med VisitVejle, som er eksperter i omr\u00e5det og som ogs\u00e5 gerne vil hj\u00e6lpe dig. Vejle &#8211; guidede ture Der er mange sev\u00e6rdigheder i og omkring Vejle, og vores guider giver dig mange gode forslag til guidede ture i Vejle. Vejle er med i samarbejdet Heart of Jutland, et samarbejde der d\u00e6kker hele Trekantsomr\u00e5det. Vi er glade for ogs\u00e5 at v\u00e6re en del af dette samarbejde. Jelling &#8211; guidet tur En guidet tur til Jelling&#8230;<\/p>\n<p class=\"read-more\"><a class=\"btn btn-default\" href=\"https:\/\/guideservice.dk\/de\/guide-service-in-vejle\/\">Weiterlesen<span class=\"screen-reader-text\"> Weiterlesen<\/span><\/a><\/p>","protected":false},"author":3,"featured_media":0,"parent":0,"menu_order":0,"comment_status":"closed","ping_status":"closed","template":"template-parts\/tour-showTours.php","meta":{"om_disable_all_campaigns":false,"inline_featured_image":false,"_uag_custom_page_level_css":"","_monsterinsights_skip_tracking":false,"_monsterinsights_sitenote_active":false,"_monsterinsights_sitenote_note":"","_monsterinsights_sitenote_category":0,"_uf_show_specific_survey":0,"_uf_disable_surveys":false,"footnotes":""},"class_list":["post-1983","page","type-page","status-publish","hentry"],"acf":[],"aioseo_notices":[],"uagb_featured_image_src":{"full":false,"thumbnail":false,"medium":false,"medium_large":false,"large":false,"1536x1536":false,"2048x2048":false,"trp-custom-language-flag":false,"post-thumbnail":false,"nisarg-full-width":false,"sow-carousel-default":false},"uagb_author_info":{"display_name":"Mette Berrig","author_link":"https:\/\/guideservice.dk\/de\/author\/mette\/"},"uagb_comment_info":0,"uagb_excerpt":"I Vejle arbejder vi t\u00e6t sammen med VisitVejle, som er eksperter i omr\u00e5det og som ogs\u00e5 gerne vil hj\u00e6lpe dig. Vejle &#8211; guidede ture Der er mange sev\u00e6rdigheder i og omkring Vejle, og vores guider giver dig mange gode forslag til guidede ture i Vejle. Vejle er med i samarbejdet Heart of Jutland, et samarbejde&hellip;","_links":{"self":[{"href":"https:\/\/guideservice.dk\/de\/wp-json\/wp\/v2\/pages\/1983","targetHints":{"allow":["GET"]}}],"collection":[{"href":"https:\/\/guideservice.dk\/de\/wp-json\/wp\/v2\/pages"}],"about":[{"href":"https:\/\/guideservice.dk\/de\/wp-json\/wp\/v2\/types\/page"}],"author":[{"embeddable":true,"href":"https:\/\/guideservice.dk\/de\/wp-json\/wp\/v2\/users\/3"}],"replies":[{"embeddable":true,"href":"https:\/\/guideservice.dk\/de\/wp-json\/wp\/v2\/comments?post=1983"}],"version-history":[{"count":76,"href":"https:\/\/guideservice.dk\/de\/wp-json\/wp\/v2\/pages\/1983\/revisions"}],"predecessor-version":[{"id":5959,"href":"https:\/\/guideservice.dk\/de\/wp-json\/wp\/v2\/pages\/1983\/revisions\/5959"}],"wp:attachment":[{"href":"https:\/\/guideservice.dk\/de\/wp-json\/wp\/v2\/media?parent=1983"}],"curies":[{"name":"wp","href":"https:\/\/api.w.org\/{rel}","templated":true}]}}