{"id":2073,"date":"2022-05-30T11:27:47","date_gmt":"2022-05-30T09:27:47","guid":{"rendered":"https:\/\/guideservice.dk\/?page_id=2073"},"modified":"2025-12-17T12:54:38","modified_gmt":"2025-12-17T11:54:38","slug":"guideservice-fyn","status":"publish","type":"page","link":"https:\/\/guideservice.dk\/de\/guide-service-fuenen\/","title":{"rendered":"Guide-Service auf F\u00fcnen &amp; Inseln"},"content":{"rendered":"<p><em><strong>W\u00e4hl dein Gebiet auf F\u00fcnen und den umliegenden Inseln aus, um Vorschl\u00e4ge f\u00fcr gef\u00fchrte Touren zu sehen - oder schick uns deine individuelle Anfrage und wir planen sie f\u00fcr dich.<\/strong><\/em><\/p>\n\n\n<ul class=\"main-selector main-selector--sub main-selector--sub__home\">\r\n\r\n    \r\n                      \r\n          <li class=\"main-selector__item\">\r\n\r\n            \r\n            <a href=\"https:\/\/guideservice.dk\/de\/guide-service-in-odense\/\" class=\"selector-category translation-block\">\r\n              <h3 class=\"selector-category__title\">Odense &amp; Gegend<\/h3>\n\n              <figure class=\"selector-category__background\">\n                <img src=\"https:\/\/guideservice.dk\/wp-content\/uploads\/2020\/08\/Skilt-Brandts-1024x653.jpg\" alt=\"\">\n              <\/figure>\r\n            <\/a>\r\n          <\/li>\r\n          \r\n                      \r\n          <li class=\"main-selector__item\">\r\n\r\n            \r\n            <a href=\"https:\/\/guideservice.dk\/de\/guide-service-im-schloss-egeskov\/\" class=\"selector-category translation-block\">\r\n              <h3 class=\"selector-category__title\">Schloss Egeskov<\/h3>\n\n              <figure class=\"selector-category__background\">\n                <img src=\"https:\/\/guideservice.dk\/wp-content\/uploads\/2022\/10\/Egeskov-1024x683.jpg\" alt=\"\">\n              <\/figure>\r\n            <\/a>\r\n          <\/li>\r\n          \r\n                      \r\n          <li class=\"main-selector__item\">\r\n\r\n            \r\n            <a href=\"https:\/\/guideservice.dk\/de\/guideservice-i-kerteminde\/\" class=\"selector-category translation-block\">\r\n              <h3 class=\"selector-category__title\">Kerteminde <\/h3>\r\n\r\n              <figure class=\"selector-category__background\">\r\n                <img decoding=\"async\" src=\"https:\/\/guideservice.dk\/wp-content\/uploads\/2025\/10\/g77761df5b73228df39dbfe1b0e600139c8551d3a192ca0545f4cffbc83921767a64dc401580cd5bfdede6cd55373cd60_640-1616367.jpg\" alt=\"\">\r\n              <\/figure>\r\n            <\/a>\r\n          <\/li>\r\n          \r\n                      \r\n          <li class=\"main-selector__item\">\r\n\r\n            \r\n            <a href=\"https:\/\/guideservice.dk\/de\/guideservice-storms-pakhus-og-odense\/\" class=\"selector-category translation-block\">\r\n              <h3 class=\"selector-category__title\">Storms Pakhus &#038; Odense<\/h3>\r\n\r\n              <figure class=\"selector-category__background\">\r\n                <img decoding=\"async\" src=\"https:\/\/guideservice.dk\/wp-content\/uploads\/2025\/12\/Storms-pakhus.png\" alt=\"\">\r\n              <\/figure>\r\n            <\/a>\r\n          <\/li>\r\n          \r\n                      \r\n          <li class=\"main-selector__item\">\r\n\r\n            \r\n            <a href=\"https:\/\/guideservice.dk\/de\/guide-service-ganz-fuenen\/\" class=\"selector-category translation-block\">\r\n              <h3 class=\"selector-category__title\">Ganz F\u00fcnen &amp; Inseln<\/h3>\n\n              <figure class=\"selector-category__background\">\n                <img src=\"https:\/\/guideservice.dk\/wp-content\/uploads\/2020\/08\/Brandts-i-Odense-1024x918.jpg\" alt=\"\">\n              <\/figure>\r\n            <\/a>\r\n          <\/li>\r\n          \r\n              \r\n        \r\n<\/ul>\r\n\n\n\n<h2 class=\"wp-block-heading\">Gef\u00fchrte Touren auf F\u00fcnen und den Inseln<\/h2>\n\n\n\n<p>F\u00fcnen ist voller Gem\u00fctlichkeit und gro\u00dfartiger Sehensw\u00fcrdigkeiten in unmittelbarer N\u00e4he zueinander. Das Gleiche gilt f\u00fcr die Inseln rund um F\u00fcnen, die ebenfalls viel zu bieten haben. Es lohnt sich, die Insel zu besuchen, auf der die d\u00e4nische Gem\u00fctlichkeit erfunden worden sein k\u00f6nnte. Vielleicht war es in Kerteminde? Vielleicht in Faaborg? Auf F\u00fcnen kannst du einen gef\u00fchrten Stadtrundgang in Odense machen. Entdecke die stimmungsvollen Gassen und Stra\u00dfen der Geburtsstadt von Hans Christian Andersen.  Und dann sind da noch die vielen Gutsh\u00e4user auf F\u00fcnen.<\/p>\n\n\n\n<h3 class=\"wp-block-heading\">Auf F\u00fcnen gibt es viele Gutsh\u00f6fe<\/h3>\n\n\n\n<p>F\u00fcnen bietet einige der sch\u00f6nsten d\u00e4nischen Naturlandschaften und einige der sch\u00f6nsten alten und gesch\u00fctzten Gutsh\u00f6fe D\u00e4nemarks. Es gibt nat\u00fcrlich einen Grund, warum es so viele Gutsh\u00f6fe auf F\u00fcnen gibt. Die B\u00f6den auf F\u00fcnen geh\u00f6ren zu den fruchtbarsten D\u00e4nemarks, weshalb fr\u00fcher jeder Gutshof mit weniger Anbaufl\u00e4che auskommen konnte als Gutsh\u00f6fe in anderen Teilen D\u00e4nemarks. Einige der ber\u00fchmten Gutsh\u00f6fe F\u00fcnens sind Schloss Egeskov, Schloss Holckenhavn, Lykkesholm - und viele, viele mehr. Komm nach F\u00fcnen und wir zeigen dir den Weg zu all den sch\u00f6nen Gutsh\u00f6fen. <\/p>\n\n\n\n<p class=\"translation-block\">Wir haben viele Fremdenf\u00fchrer, die gern eine F\u00fchrung durch das <strong><a href=\"https:\/\/www.guideservicedanmark.dk\/egeskov\/\" target=\"_self\"> Schloss Egeskov <\/a><\/strong> anbieten, die mit Sicherheit ein tolles Erlebnis sein wird. Sowohl im Schloss, im Park als auch in den Museen gibt es viele gute Geschichten zu erz\u00e4hlen. Egeskov ist eine der Hauptattraktionen F\u00fcnens. Nach der F\u00fchrung gibt es noch viel auf eigene Faust zu erleben und zu sehen, also komm mit nach Egeskov.<\/p>\n\n\n\n<h3 class=\"wp-block-heading\">Charmante Kleinst\u00e4dte auf F\u00fcnen<\/h3>\n\n\n\n<p>Die charmanten Kleinst\u00e4dte und K\u00fcstenst\u00e4dte F\u00fcnens warten nur darauf, von dir entdeckt zu werden. Nat\u00fcrlich hast du noch mehr von deinem Besuch, wenn du dir von einem lokalen Fremdenf\u00fchrer all die sch\u00f6nen Geschichten erz\u00e4hlen l\u00e4sst, die du bei einer F\u00fchrung erleben kannst. Eine F\u00fchrung in Svendborg, wundersch\u00f6n auf S\u00fcdf\u00fcnen mit Blick auf T\u00e5singe und fast bis zum Schloss Valdemar, ist eine naheliegende M\u00f6glichkeit. <\/p>\n\n\n\n<p>L\u00e6ngere mod vest er en byvandring i Faaborg eller Assens en ren idyl og charme. Er du l\u00e6ngere mod nord, s\u00e5 er det en byvandring i Middelfart, der kan st\u00e5 p\u00e5 programmet. I Middelfart er der smukke kig til b\u00e5de den nye og den gamle Lilleb\u00e6ltsbro. <\/p>\n\n\n\n<p>Lass dich von unseren gef\u00fchrten Touren auf F\u00fcnen inspirieren. Hier findest du tolle Vorschl\u00e4ge f\u00fcr Stadtspazierg\u00e4nge, Museumstouren, Fahrradtouren, Inseltouren, Wanderungen, Bustouren und Bootsfahrten. Ob du mit deinem Guide einen Stadtspaziergang, eine Wanderung auf \u00c6bel\u00f8 oder eine F\u00fchrung durch Egeskov oder eine andere tolle Sehensw\u00fcrdigkeit machen m\u00f6chtest, Guideservice Danmark hat eine gro\u00dfe Auswahl an gef\u00fchrten Aktivit\u00e4ten auf F\u00fcnen f\u00fcr dich parat.<\/p>\n\n\n\n<p class=\"translation-block\">Wenn du bereits einen <strong><a href=\"https:\/\/www.guideservicedanmark.dk\/turforslag-odense\/\" target=\"_self\">Besuch in Odense<\/a><\/strong> planst, gibt es viele M\u00f6glichkeiten f\u00fcr eine gef\u00fchrte Tour durch F\u00fcnens gr\u00f6\u00dfte Stadt, die du dir auf jeden Fall anschauen solltest.<\/p>\n\n\n\n<p>Zusammenfassend l\u00e4sst sich sagen, dass eine gef\u00fchrte Tour eine kluge Wahl ist, wenn du in kurzer Zeit ein Maximum an Vorteilen erreichen und sicherstellen m\u00f6chtest, dass du alle Perlen bei deinem Besuch auf F\u00fcnen kennen lernst.<\/p>\n\n\n\n<p class=\"translation-block\"><strong>Wir freuen uns, sagen zu k\u00f6nnen: Erleben F\u00fcnen mit Guideservice D\u00e4nemark\u00a0<strong> und unserem Guide-Service <\/strong>F\u00fcnen<\/strong>.<\/p>\n\n\n\n<p><\/p>","protected":false},"excerpt":{"rendered":"<p>V\u00e6lg dit omr\u00e5de p\u00e5 Fyn og omliggende \u00f8er og se forslag til guidede ture \u2013 eller send os dit helt eget \u00f8nske, s\u00e5 l\u00f8ser vi ogs\u00e5 det. Guidede ture p\u00e5 Fyn med \u00f8er Fyn emmer af hygge og store sev\u00e6rdigheder, der ligger t\u00e6t p\u00e5 hinanden. Det samme g\u00f8r \u00f8erne rundt om Fyn, der ogs\u00e5 har rigtig meget at byde p\u00e5. Du skylder dig selv at opleve \u00f8en, hvor den danske hygge kunne v\u00e6re blevet opfundet. M\u00e5ske var det i Kerteminde?&#8230;<\/p>\n<p class=\"read-more\"><a class=\"btn btn-default\" href=\"https:\/\/guideservice.dk\/de\/guide-service-fuenen\/\">Weiterlesen<span class=\"screen-reader-text\"> Weiterlesen<\/span><\/a><\/p>","protected":false},"author":3,"featured_media":0,"parent":0,"menu_order":0,"comment_status":"closed","ping_status":"closed","template":"template-parts\/page-home.php","meta":{"om_disable_all_campaigns":false,"inline_featured_image":false,"_uag_custom_page_level_css":"","_monsterinsights_skip_tracking":false,"_monsterinsights_sitenote_active":false,"_monsterinsights_sitenote_note":"","_monsterinsights_sitenote_category":0,"_uf_show_specific_survey":0,"_uf_disable_surveys":false,"footnotes":""},"class_list":["post-2073","page","type-page","status-publish","hentry"],"acf":[],"aioseo_notices":[],"uagb_featured_image_src":{"full":false,"thumbnail":false,"medium":false,"medium_large":false,"large":false,"1536x1536":false,"2048x2048":false,"trp-custom-language-flag":false,"post-thumbnail":false,"nisarg-full-width":false,"sow-carousel-default":false},"uagb_author_info":{"display_name":"Mette Berrig","author_link":"https:\/\/guideservice.dk\/de\/author\/mette\/"},"uagb_comment_info":0,"uagb_excerpt":"V\u00e6lg dit omr\u00e5de p\u00e5 Fyn og omliggende \u00f8er og se forslag til guidede ture \u2013 eller send os dit helt eget \u00f8nske, s\u00e5 l\u00f8ser vi ogs\u00e5 det. Guidede ture p\u00e5 Fyn med \u00f8er Fyn emmer af hygge og store sev\u00e6rdigheder, der ligger t\u00e6t p\u00e5 hinanden. Det samme g\u00f8r \u00f8erne rundt om Fyn, der ogs\u00e5 har&hellip;","_links":{"self":[{"href":"https:\/\/guideservice.dk\/de\/wp-json\/wp\/v2\/pages\/2073","targetHints":{"allow":["GET"]}}],"collection":[{"href":"https:\/\/guideservice.dk\/de\/wp-json\/wp\/v2\/pages"}],"about":[{"href":"https:\/\/guideservice.dk\/de\/wp-json\/wp\/v2\/types\/page"}],"author":[{"embeddable":true,"href":"https:\/\/guideservice.dk\/de\/wp-json\/wp\/v2\/users\/3"}],"replies":[{"embeddable":true,"href":"https:\/\/guideservice.dk\/de\/wp-json\/wp\/v2\/comments?post=2073"}],"version-history":[{"count":112,"href":"https:\/\/guideservice.dk\/de\/wp-json\/wp\/v2\/pages\/2073\/revisions"}],"predecessor-version":[{"id":9146,"href":"https:\/\/guideservice.dk\/de\/wp-json\/wp\/v2\/pages\/2073\/revisions\/9146"}],"wp:attachment":[{"href":"https:\/\/guideservice.dk\/de\/wp-json\/wp\/v2\/media?parent=2073"}],"curies":[{"name":"wp","href":"https:\/\/api.w.org\/{rel}","templated":true}]}}