{"id":2095,"date":"2022-05-30T12:02:17","date_gmt":"2022-05-30T10:02:17","guid":{"rendered":"https:\/\/guideservice.dk\/?page_id=2095"},"modified":"2023-03-08T10:25:24","modified_gmt":"2023-03-08T09:25:24","slug":"byvandring","status":"publish","type":"page","link":"https:\/\/guideservice.dk\/de\/stadtfuehrung\/","title":{"rendered":"Stadtrundgang"},"content":{"rendered":"<p><strong><em>Wenn du die Geschichte einer Stadt in einem Tempo erleben m\u00f6chtest, dem du leicht folgen kannst, ist ein Stadtrundgang eine gute Option. Ein Stadtrundgang kann an alle Arten von Gruppen angepasst werden, ob klein oder gro\u00df, jung oder alt. Wir passen uns an und finden die ben\u00f6tigte Anzahl von Stadtf\u00fchrern.<\/em><\/strong><\/p>\n\n\n<ul class=\"main-selector main-selector--sub main-selector--sub__home\">\r\n\r\n    \r\n                      \r\n          <li class=\"main-selector__item\">\r\n\r\n            \r\n            <a href=\"https:\/\/guideservice.dk\/de\/odense\/\" class=\"selector-category translation-block\">\r\n              <h3 class=\"selector-category__title\">Odense<\/h3>\r\n\r\n              <figure class=\"selector-category__background\">\r\n                <img decoding=\"async\" src=\"https:\/\/guideservice.dk\/wp-content\/uploads\/2021\/12\/1200px-Odense_Rathaus_und_Dom-1024x768.jpg\" alt=\"Odense\">\r\n              <\/figure>\r\n            <\/a>\r\n          <\/li>\r\n          \r\n                      \r\n          <li class=\"main-selector__item\">\r\n\r\n            \r\n            <a href=\"https:\/\/guideservice.dk\/de\/byvandringer-i-aarhus\/\" class=\"selector-category translation-block\">\r\n              <h3 class=\"selector-category__title\">Guides in Aarhus und Gegend<\/h3>\n\n              <figure class=\"selector-category__background\">\n                <img src=\"https:\/\/guideservice.dk\/wp-content\/uploads\/2022\/10\/Aarhus.png\" alt=\"\">\n              <\/figure>\r\n            <\/a>\r\n          <\/li>\r\n          \r\n                      \r\n          <li class=\"main-selector__item\">\r\n\r\n            \r\n            <a href=\"https:\/\/guideservice.dk\/de\/byvandringer-i-koebenhavn\/\" class=\"selector-category translation-block\">\r\n              <h3 class=\"selector-category__title\">Kopenhagen &amp; Gegend<\/h3>\n\n              <figure class=\"selector-category__background\">\n                <img src=\"https:\/\/guideservice.dk\/wp-content\/uploads\/2022\/01\/nyhavn-1024x660.jpg\" alt=\"\">\n              <\/figure>\r\n            <\/a>\r\n          <\/li>\r\n          \r\n                      \r\n          <li class=\"main-selector__item\">\r\n\r\n            \r\n            <a href=\"https:\/\/guideservice.dk\/de\/alle-byvandringer-med-guideservice-danmark\/\" class=\"selector-category translation-block\">\r\n              <h3 class=\"selector-category__title\">Ganz D\u00e4nemark<\/h3>\n\n              <figure class=\"selector-category__background\">\n                <img src=\"https:\/\/guideservice.dk\/wp-content\/uploads\/2022\/04\/Aeroeskoebing-Aeroe-Niklas-Jessen-1-1024x683.jpg\" alt=\"\">\n              <\/figure>\r\n            <\/a>\r\n          <\/li>\r\n          \r\n                      \r\n          <li class=\"main-selector__item\">\r\n\r\n            \r\n            <a href=\"https:\/\/guideservice.dk\/de\/daenischsprachige-fuehrungen-im-ausland\/\" class=\"selector-category translation-block\">\r\n              <h3 class=\"selector-category__title\">D\u00e4nische Fremdenf\u00fchrer in anderen L\u00e4ndern<\/h3>\n\n              <figure class=\"selector-category__background\">\n                <img src=\"https:\/\/guideservice.dk\/wp-content\/uploads\/2021\/04\/portugal-3568490_1280-1024x698.jpg\" alt=\"\">\n              <\/figure>\r\n            <\/a>\r\n          <\/li>\r\n          \r\n              \r\n        \r\n<\/ul>\r\n\n\n\n<h2 class=\"wp-block-heading\">Was ist ein Stadtrundgang?<\/h2>\n\n\n\n<p>Bei einem Stadtrundgang erlebt jeder die Stadt zu Fu\u00df. In einem Tempo, bei dem jeder mitmachen kann.<\/p>\n\n\n\n<p>Es versteht sich von selbst, dass man bei einem Stadtrundgang nicht \u00fcberall hingehen kann. Zum Gl\u00fcck macht das nichts, denn mit einem guten Stadtf\u00fchrer gibt es bei einem Stadtspaziergang, ob kurz oder lang, \u00fcberall etwas zu erz\u00e4hlen.<\/p>\n\n\n\n<p>Ein Stadtrundgang kann sich auf ein bestimmtes Thema oder \"nur\" auf die Geschichte der Stadt konzentrieren. Und es ist bei weitem nicht \"nur\". Denn wenn man sich f\u00fcr die Geschichte einer Stadt interessiert, gibt es \u00fcberall Geschichten zu erz\u00e4hlen, und ein guter und engagierter Stadtf\u00fchrer wei\u00df das. Es gibt Geschichten \u00fcber Geb\u00e4ude, \u00fcber Architektur, \u00fcber Menschen in der Stadt und nicht zuletzt \u00fcber die Ereignisse zu berichten. <\/p>\n\n\n\n<p>Und dann gibt es noch die Gegenwart. Was geschieht gerade in der Stadt? Warum entwickelt sich die Stadt so, wie sie sich entwickelt?<\/p>\n\n\n\n<h2 class=\"wp-block-heading\">Wann ist ein Stadtrundgang eine gute Idee?<\/h2>\n\n\n\n<p>Die beste Antwort ist eigentlich: wenn man eine Stadt und ihre Geheimnisse und Sch\u00f6nheiten besser kennen lernen will. Wenn der Fremdenf\u00fchrer spricht, kannst du auch Fragen stellen und du kannst schon fr\u00fch entscheiden, worum es bei dem Stadtspaziergang und damit bei den Geschichten gehen soll.<\/p>\n\n\n\n<p>Wir erleben viele Varianten von Aktivit\u00e4ten f\u00fcr Gruppen, bei denen der Stadtrundgang die gew\u00e4hlte Aktivit\u00e4t ist. Hier sind einige Beispiele von Gruppen, die einen Stadtrundgang f\u00fcr ihre G\u00e4ste gew\u00e4hlt haben:<\/p>\n\n\n\n<ul class=\"wp-block-list\">\n<li>Touristen, die die Stadt entdecken wollen - Gruppen von 1 bis zu mehr als 100 Teilnehmern. Wir passen die Anzahl der Stadtf\u00fchrer je nach der Gr\u00f6\u00dfe der Gruppe an<\/li>\n\n\n\n<li>Familien und Freunde bei einem gemeinsamen Urlaub in einer Gro\u00dfstadt - eine gute Einf\u00fchrung in die Stadt und die kommenden Erlebnisse<\/li>\n\n\n\n<li>eine Feier mit kultureller Dimension. Wir haben Stadtrundg\u00e4nge f\u00fcr Geburtstage, Jubil\u00e4en, Konfirmationen, Weihnachtsessen, Betriebsausfl\u00fcge<\/li>\n<\/ul>\n\n\n\n<h2 class=\"wp-block-heading\">Wie lange dauert ein Stadtrundgang?<\/h2>\n\n\n\n<p>Die Dauer des Stadtrundgangs ist zum Gl\u00fcck ganz dir \u00fcberlassen. Wir organisieren Stadtrundg\u00e4nge ab 1 Stunde aufw\u00e4rts. Vorzugsweise nicht zu lang, denn die meisten Menschen folgen nicht gerne stundenlang einem Fremdenf\u00fchrer. 1-3 Stunden sind in Ordnung. Wenn du einen l\u00e4ngeren Stadtrundgang machen m\u00f6chtest, ist es empfehlenswert, ein Mittagessen oder ein paar Kaffeepausen in den Stadtrundgang einzuf\u00fcgen. Dann kann jeder eine Pause f\u00fcr seine Beine einlegen. Pausen zur Fl\u00fcssigkeitsregulierung sind immer notwendig - sowohl f\u00fcr die Zu- als auch f\u00fcr die Abfuhr von Fl\u00fcssigkeit. Daher ist es wichtig, gute Pausen zu planen.<\/p>\n\n\n\n<p><strong>Wir freuen uns, sagen zu k\u00f6nnen: Komm mit uns auf einen Stadtrundgang. Entdecke d\u00e4nische und ausl\u00e4ndische St\u00e4dte auf einem Stadtrundgang mit Guideservice D\u00e4nemark<\/strong>.<\/p>","protected":false},"excerpt":{"rendered":"<p>Hvis du vil opleve historien i en by i et tempo, hvor du let kan f\u00f8lge med, s\u00e5 er en byvandring et rigtig godt bud. En byvandring kan tilpasses alle typer af grupper, sm\u00e5 som store, unge som \u00e6ldre. Vi m\u00e5lretter og finder det antal guider, der er brug for. Hvad er en byvandring P\u00e5 en byvandring oplever du byen til fods. I et tempo, hvor alle kan v\u00e6re med. Det siger lidt sig selv, at der er gr\u00e6nser for,&#8230;<\/p>\n<p class=\"read-more\"><a class=\"btn btn-default\" href=\"https:\/\/guideservice.dk\/de\/stadtfuehrung\/\">Weiterlesen<span class=\"screen-reader-text\"> Weiterlesen<\/span><\/a><\/p>","protected":false},"author":3,"featured_media":0,"parent":0,"menu_order":0,"comment_status":"closed","ping_status":"closed","template":"template-parts\/page-home.php","meta":{"om_disable_all_campaigns":false,"inline_featured_image":false,"_uag_custom_page_level_css":"","_monsterinsights_skip_tracking":false,"_monsterinsights_sitenote_active":false,"_monsterinsights_sitenote_note":"","_monsterinsights_sitenote_category":0,"_uf_show_specific_survey":0,"_uf_disable_surveys":false,"footnotes":""},"class_list":["post-2095","page","type-page","status-publish","hentry"],"acf":[],"aioseo_notices":[],"uagb_featured_image_src":{"full":false,"thumbnail":false,"medium":false,"medium_large":false,"large":false,"1536x1536":false,"2048x2048":false,"trp-custom-language-flag":false,"post-thumbnail":false,"nisarg-full-width":false,"sow-carousel-default":false},"uagb_author_info":{"display_name":"Mette Berrig","author_link":"https:\/\/guideservice.dk\/de\/author\/mette\/"},"uagb_comment_info":0,"uagb_excerpt":"Hvis du vil opleve historien i en by i et tempo, hvor du let kan f\u00f8lge med, s\u00e5 er en byvandring et rigtig godt bud. En byvandring kan tilpasses alle typer af grupper, sm\u00e5 som store, unge som \u00e6ldre. Vi m\u00e5lretter og finder det antal guider, der er brug for. Hvad er en byvandring P\u00e5&hellip;","_links":{"self":[{"href":"https:\/\/guideservice.dk\/de\/wp-json\/wp\/v2\/pages\/2095","targetHints":{"allow":["GET"]}}],"collection":[{"href":"https:\/\/guideservice.dk\/de\/wp-json\/wp\/v2\/pages"}],"about":[{"href":"https:\/\/guideservice.dk\/de\/wp-json\/wp\/v2\/types\/page"}],"author":[{"embeddable":true,"href":"https:\/\/guideservice.dk\/de\/wp-json\/wp\/v2\/users\/3"}],"replies":[{"embeddable":true,"href":"https:\/\/guideservice.dk\/de\/wp-json\/wp\/v2\/comments?post=2095"}],"version-history":[{"count":25,"href":"https:\/\/guideservice.dk\/de\/wp-json\/wp\/v2\/pages\/2095\/revisions"}],"predecessor-version":[{"id":6726,"href":"https:\/\/guideservice.dk\/de\/wp-json\/wp\/v2\/pages\/2095\/revisions\/6726"}],"wp:attachment":[{"href":"https:\/\/guideservice.dk\/de\/wp-json\/wp\/v2\/media?parent=2095"}],"curies":[{"name":"wp","href":"https:\/\/api.w.org\/{rel}","templated":true}]}}