{"id":2136,"date":"2022-10-10T10:43:58","date_gmt":"2022-10-10T08:43:58","guid":{"rendered":"https:\/\/guideservice.dk\/?page_id=2136"},"modified":"2023-02-17T21:24:17","modified_gmt":"2023-02-17T20:24:17","slug":"faq","status":"publish","type":"page","link":"https:\/\/guideservice.dk\/de\/faq\/","title":{"rendered":"FAQ"},"content":{"rendered":"<ul class=\"wp-block-list\">\n<li class=\"translation-block\">Bitte unserer englischen Version dieser Seite lesen<\/li>\n\n\n\n<li><a href=\"https:\/\/guideservice.dk\/en\/faq\/\" target=\"_self\">Die englische Version hier finden<\/a>\n<ul class=\"wp-block-list\">\n<li class=\"translation-block\"><span> <\/span><\/li>\n\n\n\n<li class=\"translation-block\"><span> <\/span><\/li>\n\n\n\n<li class=\"translation-block\"><span> <\/span><\/li>\n\n\n\n<li class=\"translation-block\"><span> <\/span><\/li>\n\n\n\n<li class=\"translation-block\"><span> <\/span><\/li>\n<\/ul>\n<\/li>\n\n\n\n<li class=\"translation-block\"><span> <\/span><\/li>\n\n\n\n<li><span> <\/span><\/li>\n\n\n\n<li><span> <\/span><\/li>\n\n\n\n<li><span> <\/span>&nbsp;&nbsp;<\/li>\n\n\n\n<li><span> <\/span><\/li>\n\n\n\n<li class=\"translation-block\"><span> <\/span><\/li>\n<\/ul>\n\n\n\n<h3 class=\"wp-block-heading\"><a><\/a><span> <\/span><\/h3>\n\n\n\n<p><span> <\/span><\/p>\n\n\n\n<p class=\"translation-block\"><span> <\/span><\/p>\n\n\n\n<h2 class=\"wp-block-heading\"><span> <\/span>&nbsp;<\/h2>\n\n\n\n<p><span> <\/span><\/p>\n\n\n\n<p><span> <\/span><\/p>\n\n\n\n<p><span> <\/span><\/p>","protected":false},"excerpt":{"rendered":"<p>Hurtig genvej til bookinger Hvis du allerede ved, hvilket omr\u00e5de du \u00f8nsker at bes\u00f8ge, kan du benytte et af disse links til at se det fulde udvalg af ture og guider i dit \u00f8nskede omr\u00e5de. Oversigt over guider\u00a0\u00b7 Oversigt over turbeskrivelser \u00b7 Oversigt over rejseledere \u00b7 Oversigt over foredrag Hvorfor er det en fordel at booke hos GuideserviceDanmark&nbsp; Er du rejsebureu, incoming bureau eller virksomhed sparer du v\u00e6rdifuld tid i rekrutteringen. Dermed sparer du en l\u00f8nudgift og dine ansatte kan&#8230;<\/p>\n<p class=\"read-more\"><a class=\"btn btn-default\" href=\"https:\/\/guideservice.dk\/de\/faq\/\">Weiterlesen<span class=\"screen-reader-text\"> Weiterlesen<\/span><\/a><\/p>","protected":false},"author":218,"featured_media":0,"parent":0,"menu_order":0,"comment_status":"closed","ping_status":"closed","template":"template-parts\/page-home.php","meta":{"om_disable_all_campaigns":false,"inline_featured_image":false,"_uag_custom_page_level_css":"","_monsterinsights_skip_tracking":false,"_monsterinsights_sitenote_active":false,"_monsterinsights_sitenote_note":"","_monsterinsights_sitenote_category":0,"_uf_show_specific_survey":0,"_uf_disable_surveys":false,"footnotes":""},"class_list":["post-2136","page","type-page","status-publish","hentry"],"acf":[],"aioseo_notices":[],"uagb_featured_image_src":{"full":false,"thumbnail":false,"medium":false,"medium_large":false,"large":false,"1536x1536":false,"2048x2048":false,"trp-custom-language-flag":false,"post-thumbnail":false,"nisarg-full-width":false,"sow-carousel-default":false},"uagb_author_info":{"display_name":"Ellen","author_link":"https:\/\/guideservice.dk\/de\/author\/ellensofie\/"},"uagb_comment_info":0,"uagb_excerpt":"Hurtig genvej til bookinger Hvis du allerede ved, hvilket omr\u00e5de du \u00f8nsker at bes\u00f8ge, kan du benytte et af disse links til at se det fulde udvalg af ture og guider i dit \u00f8nskede omr\u00e5de. Oversigt over guider\u00a0\u00b7 Oversigt over turbeskrivelser \u00b7 Oversigt over rejseledere \u00b7 Oversigt over foredrag Hvorfor er det en fordel at&hellip;","_links":{"self":[{"href":"https:\/\/guideservice.dk\/de\/wp-json\/wp\/v2\/pages\/2136","targetHints":{"allow":["GET"]}}],"collection":[{"href":"https:\/\/guideservice.dk\/de\/wp-json\/wp\/v2\/pages"}],"about":[{"href":"https:\/\/guideservice.dk\/de\/wp-json\/wp\/v2\/types\/page"}],"author":[{"embeddable":true,"href":"https:\/\/guideservice.dk\/de\/wp-json\/wp\/v2\/users\/218"}],"replies":[{"embeddable":true,"href":"https:\/\/guideservice.dk\/de\/wp-json\/wp\/v2\/comments?post=2136"}],"version-history":[{"count":26,"href":"https:\/\/guideservice.dk\/de\/wp-json\/wp\/v2\/pages\/2136\/revisions"}],"predecessor-version":[{"id":5737,"href":"https:\/\/guideservice.dk\/de\/wp-json\/wp\/v2\/pages\/2136\/revisions\/5737"}],"wp:attachment":[{"href":"https:\/\/guideservice.dk\/de\/wp-json\/wp\/v2\/media?parent=2136"}],"curies":[{"name":"wp","href":"https:\/\/api.w.org\/{rel}","templated":true}]}}