{"id":2160,"date":"2022-10-10T12:29:40","date_gmt":"2022-10-10T10:29:40","guid":{"rendered":"https:\/\/guideservice.dk\/?page_id=2160"},"modified":"2023-05-03T13:09:49","modified_gmt":"2023-05-03T11:09:49","slug":"bliv-fordelskunde","status":"publish","type":"page","link":"https:\/\/guideservice.dk\/de\/vorteilskunde-werden\/","title":{"rendered":"Bevorzugter Partner werden"},"content":{"rendered":"<p><em><strong>Bitte unserer englischen Version dieser Seite lesen<\/strong><\/em><\/p>\n\n\n\n<p><a href=\"https:\/\/guideservice.dk\/en\/become-a-preferred-partner\/\" target=\"_self\">Die englische Version hier finden<\/a><\/p>\n\n\n\n<p class=\"translation-block\"><span> <\/span><\/p>\n\n\n\n<p class=\"translation-block\"><span> <\/span><\/p>","protected":false},"excerpt":{"rendered":"<p>Hos Guideservice Danmark kan du blive fordelskunde, hvis&nbsp;du v\u00e6lger at booke alle dine guider eller rejseledere&nbsp;hos os. Fordelskunder kan f.eks. v\u00e6re hoteller, rejsebureauer, museer, incoming bureauer mm. Fordelskunder sparer p\u00e5 mange omr\u00e5der og parametre. Du f\u00e5r en rationel arbejdsgang uden at skulle ans\u00e6tte mere personale p\u00e5 eget kontor og du f\u00e5r automatisk en stor stab af kvalificerede guider\/rejseledere at tr\u00e6kke p\u00e5. Vi&nbsp;er eksperter i vores niche, ligesom din bogholder og mekaniker er det i deres. Vi&nbsp;kender alle vore guider\/rejseledere og&#8230;<\/p>\n<p class=\"read-more\"><a class=\"btn btn-default\" href=\"https:\/\/guideservice.dk\/de\/vorteilskunde-werden\/\">Weiterlesen<span class=\"screen-reader-text\"> Weiterlesen<\/span><\/a><\/p>","protected":false},"author":1,"featured_media":0,"parent":0,"menu_order":0,"comment_status":"closed","ping_status":"closed","template":"template-parts\/page-home.php","meta":{"om_disable_all_campaigns":false,"inline_featured_image":false,"_uag_custom_page_level_css":"","_monsterinsights_skip_tracking":false,"_monsterinsights_sitenote_active":false,"_monsterinsights_sitenote_note":"","_monsterinsights_sitenote_category":0,"_uf_show_specific_survey":0,"_uf_disable_surveys":false,"footnotes":""},"class_list":["post-2160","page","type-page","status-publish","hentry"],"acf":[],"aioseo_notices":[],"uagb_featured_image_src":{"full":false,"thumbnail":false,"medium":false,"medium_large":false,"large":false,"1536x1536":false,"2048x2048":false,"trp-custom-language-flag":false,"post-thumbnail":false,"nisarg-full-width":false,"sow-carousel-default":false},"uagb_author_info":{"display_name":"admin","author_link":"https:\/\/guideservice.dk\/de\/author\/jonas_ba13346b\/"},"uagb_comment_info":0,"uagb_excerpt":"Hos Guideservice Danmark kan du blive fordelskunde, hvis&nbsp;du v\u00e6lger at booke alle dine guider eller rejseledere&nbsp;hos os. Fordelskunder kan f.eks. v\u00e6re hoteller, rejsebureauer, museer, incoming bureauer mm. Fordelskunder sparer p\u00e5 mange omr\u00e5der og parametre. Du f\u00e5r en rationel arbejdsgang uden at skulle ans\u00e6tte mere personale p\u00e5 eget kontor og du f\u00e5r automatisk en stor stab&hellip;","_links":{"self":[{"href":"https:\/\/guideservice.dk\/de\/wp-json\/wp\/v2\/pages\/2160","targetHints":{"allow":["GET"]}}],"collection":[{"href":"https:\/\/guideservice.dk\/de\/wp-json\/wp\/v2\/pages"}],"about":[{"href":"https:\/\/guideservice.dk\/de\/wp-json\/wp\/v2\/types\/page"}],"author":[{"embeddable":true,"href":"https:\/\/guideservice.dk\/de\/wp-json\/wp\/v2\/users\/1"}],"replies":[{"embeddable":true,"href":"https:\/\/guideservice.dk\/de\/wp-json\/wp\/v2\/comments?post=2160"}],"version-history":[{"count":137,"href":"https:\/\/guideservice.dk\/de\/wp-json\/wp\/v2\/pages\/2160\/revisions"}],"predecessor-version":[{"id":7645,"href":"https:\/\/guideservice.dk\/de\/wp-json\/wp\/v2\/pages\/2160\/revisions\/7645"}],"wp:attachment":[{"href":"https:\/\/guideservice.dk\/de\/wp-json\/wp\/v2\/media?parent=2160"}],"curies":[{"name":"wp","href":"https:\/\/api.w.org\/{rel}","templated":true}]}}