{"id":2202,"date":"2022-10-10T13:29:58","date_gmt":"2022-10-10T11:29:58","guid":{"rendered":"https:\/\/guideservice.dk\/?page_id=2202"},"modified":"2023-03-04T17:36:34","modified_gmt":"2023-03-04T16:36:34","slug":"fordele-for-guider","status":"publish","type":"page","link":"https:\/\/guideservice.dk\/de\/vorteile-fuer-guides\/","title":{"rendered":"<span> <\/span>"},"content":{"rendered":"<p><strong><em>Det er en fordel for b\u00e5de guider og rejseledere at v\u00e6re en del af et bookingbureau<\/em><\/strong><\/p>\n\n\n\n<p>Er du alene i dit firma eller arbejder I f\u00e5 kollegaer sammen? S\u00e5 er det helt klart en fordel at lade dine bookinger g\u00e5 via Guideservice Danmark, s\u00e5 du kan f\u00e5 alle de fordele, der er ved en rationel proces i et bookingbureau.<\/p>\n\n\n\n<p>Det er en fordel for dig altid at have et bemandet kontor i ryggen til at s\u00f8rge for, at dine kunder f\u00e5r god service &#8211; ogs\u00e5 mens du er p\u00e5 tur med g\u00e6ster. Du slipper for at betale for og holde en hjemmeside opdateret, du slipper for at besvare telefonopkald, skrive fakturaer og alle de andre administrative opgaver, der ul\u00f8nnet tager s\u00e5 meget af din tid i hverdagen. Med et landsd\u00e6kkende bookingbureau i ryggen kan du netop koncentrere dig om det, du er bedst til &#8211; at guide og fort\u00e6lle de gode historier til glade g\u00e6ster.<\/p>\n\n\n\n<p class=\"translation-block\">Vil du ogs\u00e5 v\u00e6re en del af Guideservice Danmark, s\u00e5&nbsp;<a href=\"https:\/\/guideservice.dk\/de\/job-bei-guideservicedanmark\/\" target=\"_blank\" rel=\"noreferrer noopener\">send din ans\u00f8gning i dag<\/a>, ring til kontoret i morgen, aftal et m\u00f8de \u2013 s\u00e5 er vi n\u00e6sten i gang.<\/p>\n\n\n\n<p>Du kan l\u00e6se mere om dine fordele og hvordan der annonceres hos Guideservice Danmark i felterne nedenfor. <\/p>\n\n\n\r\n    \r\n    <ul class=\"main-accordion __accordion-detect\">\r\n                    <li class=\"__toggle-accordion-parent main-accordion__item\">\r\n                <strong class=\"main-accordion__title __toggle-accordion\">\r\n                    <span>Tjek dine fordele<\/span>\r\n                    <button class=\"main-accordion__btn\">\u2795<\/button>\r\n                <\/strong>\r\n\r\n                <div data-toggled=\"false\" class=\"__toggle-accordion-content main-accordion__content\">\r\n                    <table class=\"has-background has-fixed-layout\">\n<thead>\n<tr>\n<th class=\"has-text-align-center\" data-align=\"center\">Dette f\u00e5r du<\/th>\n<th class=\"has-text-align-center\" data-align=\"center\">Dine fordele<\/th>\n<\/tr>\n<\/thead>\n<tbody>\n<tr>\n<td class=\"has-text-align-center\" data-align=\"center\">F\u00e6lles annoncering &#8211; uden udgift for dig<\/td>\n<td class=\"has-text-align-center\" data-align=\"center\">Velplaceret website &#8211; du slipper for det store arbejde med at skrive SEO tekster, annoncering, ops\u00f8gende salg m.m.<\/td>\n<\/tr>\n<tr>\n<td class=\"has-text-align-center\" data-align=\"center\">Ekstra annonceringsvindue<\/td>\n<td class=\"has-text-align-center\" data-align=\"center\">Potentielt flere opgaver. Du kan ogs\u00e5 forts\u00e6tte med din personlige hjemmeside, hvis du vil<\/td>\n<\/tr>\n<tr>\n<td class=\"has-text-align-center\" data-align=\"center\">Kontor der passes 24\/7<\/td>\n<td class=\"has-text-align-center\" data-align=\"center\">Kunder f\u00e5r altid hurtigt svar og administration, fakturering m.m. beh\u00f8ver du ikke t\u00e6nke p\u00e5<\/td>\n<\/tr>\n<tr>\n<td class=\"has-text-align-center\" data-align=\"center\">Du f\u00e5r gode kollegaer i hele landet<\/td>\n<td class=\"has-text-align-center\" data-align=\"center\">Alle dine kollegaer i Guideservice Danmark er n\u00f8je udvalgte og professionelle<\/td>\n<\/tr>\n<tr>\n<td class=\"has-text-align-center\" data-align=\"center\">Automatiseret og velfungerende bookingsystem<\/td>\n<td class=\"has-text-align-center\" data-align=\"center\">Vi h\u00e5ndterer opgaver for dig d\u00f8gnet rundt &#8211; ogs\u00e5 mens du sover<\/td>\n<\/tr>\n<tr>\n<td class=\"has-text-align-center\" data-align=\"center\">Du bestemmer selv dit honorar. Det er gratis at v\u00e6re en del af Guideservice Danmark. Du betaler kun provision af de opgaver, du selv har sagt ja til<\/td>\n<td class=\"has-text-align-center\" data-align=\"center\">Du er sikker p\u00e5, at indt\u00e6gter overstiger udgifter<\/td>\n<\/tr>\n<tr>\n<td class=\"has-text-align-center\" data-align=\"center\">Vores bogholder h\u00e5ndterer alle indbetalinger og udbetaler honorar til dig<\/td>\n<td class=\"has-text-align-center\" data-align=\"center\">Du slipper for at skrive fakturaer og at holde \u00f8je med, om kunder husker at betale<\/td>\n<\/tr>\n<tr>\n<td class=\"has-text-align-center\" data-align=\"center\">Du kan f\u00e5 del i vores f\u00e6lles gruppeforsikring<\/td>\n<td class=\"has-text-align-center\" data-align=\"center\">Det er dyrt selv at tegne forsikring og ikke altid muligt<\/td>\n<\/tr>\n<tr>\n<td class=\"has-text-align-center\" data-align=\"center\">F\u00e5 gavn af vores kontakter i branchen og vores genkendelighed<\/td>\n<td class=\"has-text-align-center\" data-align=\"center\">Flere potentielle bookinger, fordi kollegaer andre steder i landet har ydet en god service &#8211; sammen st\u00e5r vi nemlig st\u00e6rkere<\/td>\n<\/tr>\n<tr>\n<td class=\"has-text-align-center\" data-align=\"center\">Du kan tilbyde alle de ture, du br\u00e6nder for, du kan oprette nye og du kan koble dig p\u00e5 ture som allerede udbydes<\/td>\n<td class=\"has-text-align-center\" data-align=\"center\">Du undg\u00e5r at blive fravalgt, fordi du st\u00e5r alene eller mangler backup p\u00e5 opgaver. Det er en fordel for alle, at der er flere guider p\u00e5 alle turforslag. N\u00e5r det er tydeligt, at mange guider kan den samme tur, giver det st\u00f8rre tryghed i bookingen = flere opgaver til alle og kunder t\u00f8r booke til en stor gruppe<\/td>\n<\/tr>\n<tr>\n<td class=\"has-text-align-center\" data-align=\"center\">F\u00e5 opgaver tilbudt automatisk, som dine kollegaer har takket nej til<\/td>\n<td class=\"has-text-align-center\" data-align=\"center\">Potentielt flere opgaver, uden at du selv skal lave ops\u00f8gende salg<\/td>\n<\/tr>\n<tr>\n<td class=\"has-text-align-center\" data-align=\"center\">Lige s\u00e5 snart du har en profil hos Guideservice Danmark f\u00e5r du adgang til alle vores opgaver<\/td>\n<td class=\"has-text-align-center\" data-align=\"center\">Du takker kun ja til de opgaver, du kan og har lyst til at l\u00f8se &#8211; du kan altid takke nej til opgaver<\/td>\n<\/tr>\n<tr>\n<td class=\"has-text-align-center\" data-align=\"center\">P\u00e5 kontoret er vi altid klar med kaffe og en snak. Vi hj\u00e6lper gerne og har n\u00f8dtelefon \u00e5ben, n\u00e5r du er p\u00e5 job<\/td>\n<td class=\"has-text-align-center\" data-align=\"center\">Du har altid backup p\u00e5 kontoret, hvis du har brug for hj\u00e6lp eller vil vende en problematik. Du kan ogs\u00e5 arbejde p\u00e5 kontoret, hvis du har brug for det. Vi har faglitteratur til f\u00e6lles brug og inspiration<\/td>\n<\/tr>\n<tr>\n<td class=\"has-text-align-center\" data-align=\"center\">Minimum en gang om \u00e5ret inviterer vi til f\u00e6lles inspirations- og kollegial dag<\/td>\n<td class=\"has-text-align-center\" data-align=\"center\">M\u00f8der kollegaer fra hele landet, som du kan blive inspireret af og l\u00e6re af. Sammen laver vi ogs\u00e5 nye produkter<\/td>\n<\/tr>\n<tr>\n<td class=\"has-text-align-center\" data-align=\"center\">Repr\u00e6senterer du en guideforening, s\u00e5 tag kontakt til kontoret &#8211; vi er altid \u00e5bne for gode samarbejder<\/td>\n<td class=\"has-text-align-center\" data-align=\"center\">Foreningen slipper for administration og f\u00e5r et bookingkontor og bookingsystem i ryggen &#8211; 24\/7<\/td>\n<\/tr>\n<tr>\n<td class=\"has-text-align-center\" data-align=\"center\">Vi kan h\u00e5ndtere alle dine bookinger, hvis du overdrager kunder til os<\/td>\n<td class=\"has-text-align-center\" data-align=\"center\">H\u00e5ndterer vi 100% af dine faste kunders bookinger, f\u00e5r du bonus ved udgangen af de f\u00f8rste 2 kalender\u00e5r<\/td>\n<\/tr>\n<\/tbody>\n<\/table>\n                <\/div>\r\n            <\/li>\r\n                    <li class=\"__toggle-accordion-parent main-accordion__item\">\r\n                <strong class=\"main-accordion__title __toggle-accordion\">\r\n                    <span>Annonc\u00e9r p\u00e5 Guideservice Danmark<\/span>\r\n                    <button class=\"main-accordion__btn\">\u2795<\/button>\r\n                <\/strong>\r\n\r\n                <div data-toggled=\"false\" class=\"__toggle-accordion-content main-accordion__content\">\r\n                    <p><strong>Du \u00f8nsker som guide eller forening kun at annoncere p\u00e5 Guideservice Danmarks site &#8211; ikke at f\u00e5 del i ovenst\u00e5ende fordele<\/strong><\/p>\n<figure class=\"wp-block-table is-style-regular\">\n<table class=\"has-background has-fixed-layout\">\n<tbody>\n<tr>\n<td class=\"has-text-align-left\" data-align=\"left\">Har du en dokumenteret oms\u00e6tning p\u00e5 samlet kr. 98.000 i sidste 3 kalender\u00e5r, kan dit firma annoncere din ydelse p\u00e5 vores bookingplatform under eget navn<\/td>\n<td>Er din oms\u00e6tning mindre, s\u00e5 kan du stadig blive en del af samarbejdet og som guide jvf. ovenst\u00e5ende<\/td>\n<\/tr>\n<tr>\n<td class=\"has-text-align-left\" data-align=\"left\">Prisen for dette er kr. 3.000\/\u00e5r + moms<\/td>\n<td><\/td>\n<\/tr>\n<tr>\n<td class=\"has-text-align-left translation-block\" data-align=\"left\">Guideopgaver annonceres og bookes til den pris, du s\u00e6tter, tillagt provision og gebyr til Guideservice Danmark.<br>\r\nDu m\u00e5 ikke annoncere identiske ture andre steder til lavere pris end den, du annoncerer med hos Guideservice Danmark<\/td>\n<td>Guideservice Danmark h\u00e5ndterer al din administration p\u00e5 samme vis som for \u00f8vrige guider<\/td>\n<\/tr>\n<tr>\n<td class=\"has-text-align-left\" data-align=\"left\">Med denne l\u00f8sning f\u00e5r du ikke tilbudt opgaver, som andre guider takker nej til<\/td>\n<td><\/td>\n<\/tr>\n<tr>\n<td class=\"has-text-align-left\" data-align=\"left\">Repr\u00e6senterer du en guideforening, s\u00e5 tag kontakt til kontoret \u2013 vi er altid \u00e5bne for gode samarbejder<\/td>\n<td>Foreningen slipper for administration og f\u00e5r et bookingkontor, bookingsystem og administration i ryggen \u2013 24\/7<\/td>\n<\/tr>\n<\/tbody>\n<\/table>\n<\/figure>\n                <\/div>\r\n            <\/li>\r\n            <\/ul>","protected":false},"excerpt":{"rendered":"<p>Det er en fordel for b\u00e5de guider og rejseledere at v\u00e6re en del af et bookingbureau Er du alene i dit firma eller arbejder I f\u00e5 kollegaer sammen? S\u00e5 er det helt klart en fordel at lade dine bookinger g\u00e5 via Guideservice Danmark, s\u00e5 du kan f\u00e5 alle de fordele, der er ved en rationel proces i et bookingbureau. Det er en fordel for dig altid at have et bemandet kontor i ryggen til at s\u00f8rge for, at dine kunder&#8230;<\/p>\n<p class=\"read-more\"><a class=\"btn btn-default\" href=\"https:\/\/guideservice.dk\/de\/vorteile-fuer-guides\/\">Weiterlesen<span class=\"screen-reader-text\"> Weiterlesen<\/span><\/a><\/p>","protected":false},"author":7,"featured_media":0,"parent":0,"menu_order":0,"comment_status":"closed","ping_status":"closed","template":"template-parts\/page-home.php","meta":{"om_disable_all_campaigns":false,"inline_featured_image":false,"_uag_custom_page_level_css":"","_monsterinsights_skip_tracking":false,"_monsterinsights_sitenote_active":false,"_monsterinsights_sitenote_note":"","_monsterinsights_sitenote_category":0,"_uf_show_specific_survey":0,"_uf_disable_surveys":false,"footnotes":""},"class_list":["post-2202","page","type-page","status-publish","hentry"],"acf":[],"aioseo_notices":[],"uagb_featured_image_src":{"full":false,"thumbnail":false,"medium":false,"medium_large":false,"large":false,"1536x1536":false,"2048x2048":false,"trp-custom-language-flag":false,"post-thumbnail":false,"nisarg-full-width":false,"sow-carousel-default":false},"uagb_author_info":{"display_name":"Admin bruger","author_link":"https:\/\/guideservice.dk\/de\/author\/admingdk-2\/"},"uagb_comment_info":0,"uagb_excerpt":"Det er en fordel for b\u00e5de guider og rejseledere at v\u00e6re en del af et bookingbureau Er du alene i dit firma eller arbejder I f\u00e5 kollegaer sammen? S\u00e5 er det helt klart en fordel at lade dine bookinger g\u00e5 via Guideservice Danmark, s\u00e5 du kan f\u00e5 alle de fordele, der er ved en rationel&hellip;","_links":{"self":[{"href":"https:\/\/guideservice.dk\/de\/wp-json\/wp\/v2\/pages\/2202","targetHints":{"allow":["GET"]}}],"collection":[{"href":"https:\/\/guideservice.dk\/de\/wp-json\/wp\/v2\/pages"}],"about":[{"href":"https:\/\/guideservice.dk\/de\/wp-json\/wp\/v2\/types\/page"}],"author":[{"embeddable":true,"href":"https:\/\/guideservice.dk\/de\/wp-json\/wp\/v2\/users\/7"}],"replies":[{"embeddable":true,"href":"https:\/\/guideservice.dk\/de\/wp-json\/wp\/v2\/comments?post=2202"}],"version-history":[{"count":47,"href":"https:\/\/guideservice.dk\/de\/wp-json\/wp\/v2\/pages\/2202\/revisions"}],"predecessor-version":[{"id":6336,"href":"https:\/\/guideservice.dk\/de\/wp-json\/wp\/v2\/pages\/2202\/revisions\/6336"}],"wp:attachment":[{"href":"https:\/\/guideservice.dk\/de\/wp-json\/wp\/v2\/media?parent=2202"}],"curies":[{"name":"wp","href":"https:\/\/api.w.org\/{rel}","templated":true}]}}