{"id":2224,"date":"2022-10-10T14:49:33","date_gmt":"2022-10-10T12:49:33","guid":{"rendered":"https:\/\/guideservice.dk\/?page_id=2224"},"modified":"2026-01-08T13:41:06","modified_gmt":"2026-01-08T12:41:06","slug":"hvad-laver-en-guide-og-rejseleder","status":"publish","type":"page","link":"https:\/\/guideservice.dk\/de\/arten-von-guides\/","title":{"rendered":"Welche Aufgaben hat ein Fremdenf\u00fchrer und Reiseleiter?"},"content":{"rendered":"<p><strong>Guides und Reiseleiter k\u00f6nnen auf viele Arten arbeiten, doch allen gemeinsam ist die F\u00e4higkeit, Wissen zu vermitteln, den \u00dcberblick zu behalten und den G\u00e4sten ein unvergessliches Erlebnis zu bieten. Bei Guideservice Danmark arbeiten wir mit klaren Definitionen, damit Sie genau wissen, welche Art von F\u00fchrung Sie erwarten k\u00f6nnen.<\/strong><\/p>\n\n\n\n<h2 class=\"wp-block-heading has-text-align-left\">Guides in D\u00e4nemark<\/h2>\n\n\n\n<p>Ein Guide empf\u00e4ngt die Gruppe f\u00fcr einen begrenzten Zeitraum und vermittelt ein konkretes geografisches Gebiet. Dies kann bei einem Stadtrundgang, einer Bus- oder Fahrradtour oder in der Natur \u2013 z.\u202fB. mit Kajak oder Kanu \u2013 erfolgen. Guides k\u00f6nnen auch f\u00fcr Museumsbesuche und spezialisierte F\u00fchrungen gebucht werden.<\/p>\n\n\n\n<p>Unsere Guides arbeiten sowohl mit d\u00e4nischen als auch internationalen G\u00e4sten und sprechen gemeinsam viele Sprachen. Sollten Sie nicht sofort die gew\u00fcnschte Sprachkombination finden, tun wir unser Bestes, um den passenden Guide bereitzustellen.<\/p>\n\n\n\n<p>Ein Guide verf\u00fcgt \u00fcber fundierte Kenntnisse des lokalen Gebiets und vermittelt in der Regel Themen wie lokale Geschichte, Kunst, Architektur, Kultur oder Natur. Einige Guides haben zus\u00e4tzliche Spezialisierungen:<\/p>\n\n\n\n<ul class=\"wp-block-list\">\n<li><strong>Lokalguider <\/strong>Ein Guide verf\u00fcgt \u00fcber ein gro\u00dfes Allgemeinwissen, z. B. \u00fcber die lokale Geschichte, Kunst oder Kultur, und kennt sich in seinem Gebiet sehr gut aus. Ein Guide kann auch f\u00fcr ein bestimmtes Museum spezialisiert sein<\/li>\n\n\n\n<li><strong>Fachliche Guides haben neben ihrer Guidingerfahrung eine relevante akademische Ausbildung \u2013 z.\u202fB. als Historiker, Arch\u00e4ologe, Biologe oder Naturp\u00e4dagoge.<\/strong> har en relevant uddannelse ud over deres guideerfaring \u2013 fx som historiker, ark\u00e6olog, biolog eller naturvejleder.<\/li>\n\n\n\n<li><strong>Touristenf\u00fchrer haben eine einj\u00e4hrige professionelle Ausbildung an der Universit\u00e4t Roskilde abgeschlossen. <\/strong>er guider med en et\u00e5rig uddannelse fra Roskilde Universitet.<\/li>\n<\/ul>\n\n\n\n<p class=\"has-text-align-left\">Guides werden in der Regel stundenweise honoriert. In Einzelf\u00e4llen wird eine Verg\u00fctung pro Teilnehmer vereinbart; dies ist im Profil des jeweiligen Guides angegeben.<\/p>\n\n\n\n<h2 class=\"wp-block-heading\">D\u00e4nischer Guide im Ausland<\/h2>\n\n\n\n<p>F\u00fcr Auslandsreisen arbeiten wir haupts\u00e4chlich mit d\u00e4nischsprachigen Guides, die im jeweiligen Reiseland ans\u00e4ssig sind. So wird sichergestellt, dass die lokale Kenntnis mit d\u00e4nischer Sprachf\u00fchrung kombiniert wird.<\/p>\n\n\n\n<p>In einigen L\u00e4ndern schreibt die Gesetzgebung den Einsatz von autorisierten \u00f6rtlichen Guides vor. In diesen F\u00e4llen sorgen wir daf\u00fcr, dass die F\u00fchrung weiterhin auf D\u00e4nisch erfolgt \u2013 entweder durch einen d\u00e4nischsprachigen Guide oder \u00fcber \u00dcbersetzung.<\/p>\n\n\n\n<h2 class=\"wp-block-heading\"><strong>Erz\u00e4hlerischer Reiseleiter<\/strong><\/h2>\n\n\n\n<p>Ein guidender Reiseleiter begleitet die Gruppe w\u00e4hrend der gesamten Reise, oft \u00fcber mehrere Tage. Der Reiseleiter betreut die Gruppe vom Abholpunkt bis zur R\u00fcckkehr und \u00fcbernachtet in der Regel am selben Ort wie die Teilnehmer.<\/p>\n\n\n\n<p>Der Reiseleiter vermittelt Wissen \u00fcber das Reiseziel und die besuchten Orte und fungiert gleichzeitig als Hauptansprechpartner der Gruppe. Er verf\u00fcgt \u00fcber breit gef\u00e4cherte Kenntnisse des Landes und sorgt daf\u00fcr, dass die Reise reibungslos und sicher verl\u00e4uft \u2013 sowohl f\u00fcr die Gruppe insgesamt als auch f\u00fcr einzelne Teilnehmer im Rahmen des M\u00f6glichen.<\/p>\n\n\n\n<p>Rejseledere honoreres som udgangspunkt p\u00e5 d\u00f8gnbasis.<\/p>","protected":false},"excerpt":{"rendered":"<p>Guider og rejseledere kan arbejde p\u00e5 mange m\u00e5der, men f\u00e6lles for dem alle er evnen til at formidle viden, skabe overblik og give g\u00e6sterne en god oplevelse. Hos Guideservice Danmark arbejder vi med klare definitioner, s\u00e5 du ved pr\u00e6cis, hvilken type formidling du kan forvente. Guide i Danmark En guide m\u00f8der sin gruppe i et afgr\u00e6nset tidsrum og formidler et konkret, geografisk omr\u00e5de. Det kan v\u00e6re p\u00e5 en byvandring, en bustur, en cykeltur eller i naturen, fx i kajak eller&#8230;<\/p>\n<p class=\"read-more\"><a class=\"btn btn-default\" href=\"https:\/\/guideservice.dk\/de\/arten-von-guides\/\">Weiterlesen<span class=\"screen-reader-text\"> Weiterlesen<\/span><\/a><\/p>","protected":false},"author":218,"featured_media":0,"parent":0,"menu_order":0,"comment_status":"closed","ping_status":"closed","template":"template-parts\/page-home.php","meta":{"om_disable_all_campaigns":false,"inline_featured_image":false,"_uag_custom_page_level_css":"","_monsterinsights_skip_tracking":false,"_monsterinsights_sitenote_active":false,"_monsterinsights_sitenote_note":"","_monsterinsights_sitenote_category":0,"_uf_show_specific_survey":0,"_uf_disable_surveys":false,"footnotes":""},"class_list":["post-2224","page","type-page","status-publish","hentry"],"acf":[],"aioseo_notices":[],"uagb_featured_image_src":{"full":false,"thumbnail":false,"medium":false,"medium_large":false,"large":false,"1536x1536":false,"2048x2048":false,"trp-custom-language-flag":false,"post-thumbnail":false,"nisarg-full-width":false,"sow-carousel-default":false},"uagb_author_info":{"display_name":"Ellen","author_link":"https:\/\/guideservice.dk\/de\/author\/ellensofie\/"},"uagb_comment_info":0,"uagb_excerpt":"Guider og rejseledere kan arbejde p\u00e5 mange m\u00e5der, men f\u00e6lles for dem alle er evnen til at formidle viden, skabe overblik og give g\u00e6sterne en god oplevelse. Hos Guideservice Danmark arbejder vi med klare definitioner, s\u00e5 du ved pr\u00e6cis, hvilken type formidling du kan forvente. Guide i Danmark En guide m\u00f8der sin gruppe i et&hellip;","_links":{"self":[{"href":"https:\/\/guideservice.dk\/de\/wp-json\/wp\/v2\/pages\/2224","targetHints":{"allow":["GET"]}}],"collection":[{"href":"https:\/\/guideservice.dk\/de\/wp-json\/wp\/v2\/pages"}],"about":[{"href":"https:\/\/guideservice.dk\/de\/wp-json\/wp\/v2\/types\/page"}],"author":[{"embeddable":true,"href":"https:\/\/guideservice.dk\/de\/wp-json\/wp\/v2\/users\/218"}],"replies":[{"embeddable":true,"href":"https:\/\/guideservice.dk\/de\/wp-json\/wp\/v2\/comments?post=2224"}],"version-history":[{"count":52,"href":"https:\/\/guideservice.dk\/de\/wp-json\/wp\/v2\/pages\/2224\/revisions"}],"predecessor-version":[{"id":9651,"href":"https:\/\/guideservice.dk\/de\/wp-json\/wp\/v2\/pages\/2224\/revisions\/9651"}],"wp:attachment":[{"href":"https:\/\/guideservice.dk\/de\/wp-json\/wp\/v2\/media?parent=2224"}],"curies":[{"name":"wp","href":"https:\/\/api.w.org\/{rel}","templated":true}]}}