{"id":2337,"date":"2022-10-13T11:46:36","date_gmt":"2022-10-13T09:46:36","guid":{"rendered":"https:\/\/guideservice.dk\/?page_id=2337"},"modified":"2026-01-08T13:11:57","modified_gmt":"2026-01-08T12:11:57","slug":"job-hos-guideservicedanmark","status":"publish","type":"page","link":"https:\/\/guideservice.dk\/de\/job-bei-guideservicedanmark\/","title":{"rendered":"Jobs bei Guideservice Danmark"},"content":{"rendered":"<p class=\"has-medium-font-size\"><strong>Br\u00e6nder du for formidling, kultur og m\u00f8det med mennesker?<\/strong><\/p>\n\n\n\n<p style=\"font-size:18px\"><strong>Hos Guideservice Danmark samarbejder vi med professionelle guider, rejseledere og foredragsholdere, der formidler historie, kunst, kultur og samfund med engagement og faglig tyngde.<\/strong><\/p>\n\n\n\n<p>Om dit modersm\u00e5l er dansk eller et andet sprog er ikke s\u00e5 vigtigt, vi skal nemlig bruge guider p\u00e5 mange sprog til opgaver i hele Danmark og vi s\u00f8ger dansktalende rejseledere og lokalguider til flere internationale rejsem\u00e5l. Vi er l\u00f8bende p\u00e5 udkig efter <strong>erfarne freelancere<\/strong>, der har lyst til at indg\u00e5 i et professionelt netv\u00e6rk med opgaver i hele Danmark \u2013 og indimellem ogs\u00e5 i udlandet.<\/p>\n\n\n\n<div class=\"wp-block-uagb-image uagb-block-d2aad37d wp-block-uagb-image--layout-default wp-block-uagb-image--effect-static wp-block-uagb-image--align-none\"><figure class=\"wp-block-uagb-image__figure\"><img decoding=\"async\" srcset=\"https:\/\/guideservice.dk\/wp-content\/uploads\/2024\/02\/find-en-guide-1024x683.jpg ,https:\/\/guideservice.dk\/wp-content\/uploads\/2024\/02\/find-en-guide-scaled-e1754902686844.jpg 780w, https:\/\/guideservice.dk\/wp-content\/uploads\/2024\/02\/find-en-guide-scaled-e1754902686844.jpg 360w\" sizes=\"auto, (max-width: 480px) 150px\" src=\"https:\/\/guideservice.dk\/wp-content\/uploads\/2024\/02\/find-en-guide-1024x683.jpg\" alt=\"Bliv professionelle guider, rejseledere og foredragsholdere,\" class=\"uag-image-7977\" width=\"1024\" height=\"683\" title=\"find en guide\" loading=\"lazy\" role=\"img\"\/><\/figure><\/div>\n\n\n\n<h4 class=\"wp-block-heading\">Hvem s\u00f8ger vi?<\/h4>\n\n\n\n<div class=\"wp-block-group\"><div class=\"wp-block-group__inner-container is-layout-constrained wp-block-group-is-layout-constrained\">\n<p><strong>Vi s\u00f8ger prim\u00e6rt:<\/strong><\/p>\n\n\n\n<div class=\"wp-block-uagb-icon-list uagb-block-4701a797\"><div class=\"uagb-icon-list__wrap\">\n<div class=\"wp-block-uagb-icon-list-child uagb-block-fdb9fad8\"><span class=\"uagb-icon-list__source-wrap\"><svg xmlns=\"https:\/\/www.w3.org\/2000\/svg\" viewbox=\"0 0 448 512\"><path d=\"M438.6 278.6l-160 160C272.4 444.9 264.2 448 256 448s-16.38-3.125-22.62-9.375c-12.5-12.5-12.5-32.75 0-45.25L338.8 288H32C14.33 288 .0016 273.7 .0016 256S14.33 224 32 224h306.8l-105.4-105.4c-12.5-12.5-12.5-32.75 0-45.25s32.75-12.5 45.25 0l160 160C451.1 245.9 451.1 266.1 438.6 278.6z\"><\/path><\/svg><\/span><span class=\"uagb-icon-list__label\"><strong>Guider og byvandrere<\/strong> med solid formidlingserfaring<\/span><\/div>\n\n\n\n<div class=\"wp-block-uagb-icon-list-child uagb-block-6659e0a6\"><span class=\"uagb-icon-list__source-wrap\"><svg xmlns=\"https:\/\/www.w3.org\/2000\/svg\" viewbox=\"0 0 448 512\"><path d=\"M438.6 278.6l-160 160C272.4 444.9 264.2 448 256 448s-16.38-3.125-22.62-9.375c-12.5-12.5-12.5-32.75 0-45.25L338.8 288H32C14.33 288 .0016 273.7 .0016 256S14.33 224 32 224h306.8l-105.4-105.4c-12.5-12.5-12.5-32.75 0-45.25s32.75-12.5 45.25 0l160 160C451.1 245.9 451.1 266.1 438.6 278.6z\"><\/path><\/svg><\/span><span class=\"uagb-icon-list__label\"><strong>Reiseleiter<\/strong> med brancheerfaring<\/span><\/div>\n\n\n\n<div class=\"wp-block-uagb-icon-list-child uagb-block-7f545b46\"><span class=\"uagb-icon-list__source-wrap\"><svg xmlns=\"https:\/\/www.w3.org\/2000\/svg\" viewbox=\"0 0 448 512\"><path d=\"M438.6 278.6l-160 160C272.4 444.9 264.2 448 256 448s-16.38-3.125-22.62-9.375c-12.5-12.5-12.5-32.75 0-45.25L338.8 288H32C14.33 288 .0016 273.7 .0016 256S14.33 224 32 224h306.8l-105.4-105.4c-12.5-12.5-12.5-32.75 0-45.25s32.75-12.5 45.25 0l160 160C451.1 245.9 451.1 266.1 438.6 278.6z\"><\/path><\/svg><\/span><span class=\"uagb-icon-list__label\"><strong>Foredragsholdere<\/strong> inden for kulturhistoriske emner<\/span><\/div>\n<\/div><\/div>\n<\/div><\/div>\n\n\n\n<div class=\"wp-block-group\"><div class=\"wp-block-group__inner-container is-layout-constrained wp-block-group-is-layout-constrained\">\n<p><strong>Det er en fordel, hvis du:<\/strong><\/p>\n\n\n\n<div class=\"wp-block-uagb-icon-list uagb-block-37f8a3b1\"><div class=\"uagb-icon-list__wrap\">\n<div class=\"wp-block-uagb-icon-list-child uagb-block-7723bacd\"><span class=\"uagb-icon-list__source-wrap\"><svg xmlns=\"https:\/\/www.w3.org\/2000\/svg\" viewbox=\"0 0 448 512\"><path d=\"M438.6 105.4C451.1 117.9 451.1 138.1 438.6 150.6L182.6 406.6C170.1 419.1 149.9 419.1 137.4 406.6L9.372 278.6C-3.124 266.1-3.124 245.9 9.372 233.4C21.87 220.9 42.13 220.9 54.63 233.4L159.1 338.7L393.4 105.4C405.9 92.88 426.1 92.88 438.6 105.4H438.6z\"><\/path><\/svg><\/span><span class=\"uagb-icon-list__label\">har <strong>professionel <\/strong>erfaring fra branchen<\/span><\/div>\n\n\n\n<div class=\"wp-block-uagb-icon-list-child uagb-block-52d78dca\"><span class=\"uagb-icon-list__source-wrap\"><svg xmlns=\"https:\/\/www.w3.org\/2000\/svg\" viewbox=\"0 0 448 512\"><path d=\"M438.6 105.4C451.1 117.9 451.1 138.1 438.6 150.6L182.6 406.6C170.1 419.1 149.9 419.1 137.4 406.6L9.372 278.6C-3.124 266.1-3.124 245.9 9.372 233.4C21.87 220.9 42.13 220.9 54.63 233.4L159.1 338.7L393.4 105.4C405.9 92.88 426.1 92.88 438.6 105.4H438.6z\"><\/path><\/svg><\/span><span class=\"uagb-icon-list__label\">er <strong>tryg <\/strong>ved at st\u00e5 foran grupper<\/span><\/div>\n\n\n\n<div class=\"wp-block-uagb-icon-list-child uagb-block-dffe8fa1\"><span class=\"uagb-icon-list__source-wrap\"><svg xmlns=\"https:\/\/www.w3.org\/2000\/svg\" viewbox=\"0 0 448 512\"><path d=\"M438.6 105.4C451.1 117.9 451.1 138.1 438.6 150.6L182.6 406.6C170.1 419.1 149.9 419.1 137.4 406.6L9.372 278.6C-3.124 266.1-3.124 245.9 9.372 233.4C21.87 220.9 42.13 220.9 54.63 233.4L159.1 338.7L393.4 105.4C405.9 92.88 426.1 92.88 438.6 105.4H438.6z\"><\/path><\/svg><\/span><span class=\"uagb-icon-list__label\"><strong>kan tilpasse <\/strong>din formidling til forskellige m\u00e5lgrupper<\/span><\/div>\n<\/div><\/div>\n<\/div><\/div>\n\n\n\n<p>Vi l\u00f8ser opgaver p\u00e5 mange sprog og har brug for guider med forskellige sproglige kompetencer. <strong>Dansk er dog altid et krav<\/strong>, da det er vores interne arbejdssprog og en foruds\u00e6tning for at kunne formidle det danske samfund til g\u00e6ster.<\/p>\n\n\n\n<h3 class=\"wp-block-heading\">Freelance samarbejde<\/h3>\n\n\n\n<p>Alle opgaver hos Guideservice Danmark udf\u00f8res som <strong>freelancearbejde<\/strong>.<br>Vi samarbejder med guider og rejseledere, der \u00f8nsker fleksibilitet og faglig variation \u2013 og som s\u00e6tter pris p\u00e5 et professionelt setup med klare aftaler og gensidig respekt.<\/p>\n\n\n\n<p>Uanset hvor i verden du bor, er du velkommen til at s\u00f8ge. Vi tager gerne en dialog om mulighederne.<\/p>\n\n\n\n<h3 class=\"wp-block-heading\">Guide- og rejselederuddannelse<\/h3>\n\n\n\n<p>Vi tilbyder <a href=\"https:\/\/guideservice.dk\/de\/ausbildung\/\" title=\"\"><strong>to forskellige uddannelser<\/strong> <\/a>for dig, der \u00f8nsker at arbejde professionelt med formidling:<\/p>\n\n\n\n<ul class=\"wp-block-list\">\n<li><strong><a href=\"https:\/\/guideservice.dk\/de\/guideuddannelsen\/\" title=\"\">Guideuddannelsen<\/a><\/strong>, som fokuserer p\u00e5 formidling, byvandringer og guidede oplevelser<\/li>\n\n\n\n<li><strong><a href=\"https:\/\/guideservice.dk\/de\/guideservice-guide-rejseleder-uddannelse\/\" title=\"\">Guide- og rejselederuddannelsen<\/a><\/strong>, som kombinerer guidning med rejselederrollen og ansvar for grupper p\u00e5 rejser<\/li>\n<\/ul>\n\n\n\n<p>Uddannelserne giver et solidt fagligt fundament og et godt indblik i arbejdet hos Guideservice Danmark. Har du ikke allerede relevant professionel erfaring, er gennemf\u00f8rt uddannelse <strong>et minimumskrav<\/strong> for at komme i betragtning til opgaver.<\/p>\n\n\n\n<div class=\"wp-block-uagb-advanced-heading uagb-block-4ce08cb6\"><h2 class=\"uagb-heading-text\"><strong>Praktikplads<\/strong><\/h2><\/div>\n\n\n\n<p class=\"has-medium-font-size\"><strong>Praktikplads (studerende)<\/strong><\/p>\n\n\n\n<p>Vi tilbyder praktikplads til studerende, der \u00f8nsker erfaring med:<\/p>\n\n\n\n<ul class=\"wp-block-list\">\n<li>formidling<\/li>\n\n\n\n<li>koordinering<\/li>\n\n\n\n<li>kommunikation<\/li>\n\n\n\n<li>administrative opgaver<\/li>\n<\/ul>\n\n\n\n<p>N\u00e5r du s\u00f8ger praktik, er det vigtigt, at du fort\u00e6ller, <strong>hvilke opgaver du br\u00e6nder for<\/strong>. Vi l\u00e6gger v\u00e6gt p\u00e5, at b\u00e5de du og vi f\u00e5r et reelt udbytte af praktikopholdet. <\/p>\n\n\n\n<p class=\"has-medium-font-size\"><strong>Virksomhedspraktik (ledige)<\/strong><\/p>\n\n\n\n<p>For ledige tilbyder vi virksomhedspraktik, hvor du f\u00e5r indblik i vores arbejde og arbejdsformer. Opgaverne er ikke l\u00f8nnede og erstatter ikke freelancearbejde, men giver mulighed for gensidig afklaring og eventuelt fremtidigt samarbejde.<\/p>\n\n\n\n<div class=\"wp-block-buttons is-layout-flex wp-block-buttons-is-layout-flex\">\n<div class=\"wp-block-button is-style-fill\"><a class=\"wp-block-button__link wp-element-button\" href=\"https:\/\/guideservice.dk\/de\/praktikum\/\" style=\"border-top-left-radius:9px;border-top-right-radius:9px;border-bottom-left-radius:9px;border-bottom-right-radius:9px\">L\u00e6s mere om praktik her<\/a><\/div>\n<\/div>\n\n\n\n<div class=\"wp-block-uagb-advanced-heading uagb-block-df70ee6d\"><h2 class=\"uagb-heading-text\">S\u00e5dan ans\u00f8ger du<\/h2><\/div>\n\n\n\n<p>Uanset om du s\u00f8ger job som <strong>guide<\/strong>, <strong>rejseleder<\/strong>, <strong>praktikant<\/strong> eller \u00f8nsker at starte p\u00e5 en af vores <strong>uddannelser<\/strong>, foreg\u00e5r ans\u00f8gningen via formularerne her p\u00e5 siden.<br>V\u00e6lg den mulighed, der passer bedst til dig, og udfyld formularen med dine oplysninger.<\/p>\n\n\n\n<p>Alle ans\u00f8gere modtager automatisk en bekr\u00e6ftelse pr. mail \u2013 husk at tjekke din spammappe. N\u00e5r vi har modtaget din ans\u00f8gning, beder vi dig <strong>kontakte os telefonisk kort efter<\/strong>, s\u00e5 vi kan koble dine oplysninger og tage en indledende samtale.<\/p>\n\n\n\n<p><strong>NB<\/strong>: Vi modtager <strong>ikke ans\u00f8gninger pr. mail<\/strong> og \u00e5bner ikke vedh\u00e6ftede filer. Ans\u00f8gninger gemmes kun i kort tid.<\/p>\n\n\n<ul class=\"main-selector main-selector--sub main-selector--sub__home\">\r\n\r\n    \r\n                      \r\n          <li class=\"main-selector__item\">\r\n\r\n            \r\n            <a href=\"https:\/\/guideservice.dk\/de\/job-som-guide-faglig-guide-eller-turistfoerer-hos-guideservice%c2%b7danmark\/\" class=\"selector-category translation-block\">\r\n              <h3 class=\"selector-category__title\">Guide finden<\/h3>\n\n              <figure class=\"selector-category__background\">\n                <img src=\"https:\/\/guideservice.dk\/wp-content\/uploads\/2022\/10\/Job-hos-GDK-1024x768.jpg\" alt=\"\">\n              <\/figure>\r\n            <\/a>\r\n          <\/li>\r\n          \r\n                      \r\n          <li class=\"main-selector__item\">\r\n\r\n            \r\n            <a href=\"https:\/\/guideservice.dk\/de\/rejselederjob-hos-guideservice-danmark\/\" class=\"selector-category translation-block\">\r\n              <h3 class=\"selector-category__title\">Reiseleiter finden<\/h3>\n\n              <figure class=\"selector-category__background\">\n                <img src=\"https:\/\/guideservice.dk\/wp-content\/uploads\/2023\/01\/rejselederkursus-3-2.jpg\" alt=\"\">\n              <\/figure>\r\n            <\/a>\r\n          <\/li>\r\n          \r\n                      \r\n          <li class=\"main-selector__item\">\r\n\r\n            \r\n            <a href=\"https:\/\/guideservice.dk\/de\/virksomhedspraktik-hvad-tilbyder-du\/\" class=\"selector-category translation-block\">\r\n              <h3 class=\"selector-category__title\">Praktik<\/h3>\r\n\r\n              <figure class=\"selector-category__background\">\r\n                <img decoding=\"async\" src=\"https:\/\/guideservice.dk\/wp-content\/uploads\/2022\/10\/Fordele-2-e1665398948446.png\" alt=\"\">\r\n              <\/figure>\r\n            <\/a>\r\n          <\/li>\r\n          \r\n                            \r\n        \r\n<\/ul>","protected":false},"excerpt":{"rendered":"<p>Br\u00e6nder du for formidling, kultur og m\u00f8det med mennesker? Hos Guideservice Danmark samarbejder vi med professionelle guider, rejseledere og foredragsholdere, der formidler historie, kunst, kultur og samfund med engagement og faglig tyngde. Om dit modersm\u00e5l er dansk eller et andet sprog er ikke s\u00e5 vigtigt, vi skal nemlig bruge guider p\u00e5 mange sprog til opgaver i hele Danmark og vi s\u00f8ger dansktalende rejseledere og lokalguider til flere internationale rejsem\u00e5l. Vi er l\u00f8bende p\u00e5 udkig efter erfarne freelancere, der har lyst&#8230;<\/p>\n<p class=\"read-more\"><a class=\"btn btn-default\" href=\"https:\/\/guideservice.dk\/de\/job-bei-guideservicedanmark\/\">Weiterlesen<span class=\"screen-reader-text\"> Weiterlesen<\/span><\/a><\/p>","protected":false},"author":218,"featured_media":7740,"parent":0,"menu_order":0,"comment_status":"closed","ping_status":"closed","template":"template-parts\/page-home.php","meta":{"om_disable_all_campaigns":false,"inline_featured_image":false,"_uag_custom_page_level_css":"","_monsterinsights_skip_tracking":false,"_monsterinsights_sitenote_active":false,"_monsterinsights_sitenote_note":"","_monsterinsights_sitenote_category":0,"_uf_show_specific_survey":0,"_uf_disable_surveys":false,"footnotes":""},"class_list":["post-2337","page","type-page","status-publish","has-post-thumbnail","hentry"],"acf":[],"aioseo_notices":[],"uagb_featured_image_src":{"full":["https:\/\/guideservice.dk\/wp-content\/uploads\/2023\/08\/Ny.png",940,788,false],"thumbnail":["https:\/\/guideservice.dk\/wp-content\/uploads\/2023\/08\/Ny-150x150.png",150,150,true],"medium":["https:\/\/guideservice.dk\/wp-content\/uploads\/2023\/08\/Ny-300x251.png",300,251,true],"medium_large":["https:\/\/guideservice.dk\/wp-content\/uploads\/2023\/08\/Ny-768x644.png",640,537,true],"large":["https:\/\/guideservice.dk\/wp-content\/uploads\/2023\/08\/Ny.png",640,537,false],"1536x1536":["https:\/\/guideservice.dk\/wp-content\/uploads\/2023\/08\/Ny.png",940,788,false],"2048x2048":["https:\/\/guideservice.dk\/wp-content\/uploads\/2023\/08\/Ny.png",940,788,false],"trp-custom-language-flag":["https:\/\/guideservice.dk\/wp-content\/uploads\/2023\/08\/Ny-14x12.png",14,12,true],"post-thumbnail":["https:\/\/guideservice.dk\/wp-content\/uploads\/2023\/08\/Ny-322x270.png",322,270,true],"nisarg-full-width":["https:\/\/guideservice.dk\/wp-content\/uploads\/2023\/08\/Ny-940x576.png",940,576,true],"sow-carousel-default":["https:\/\/guideservice.dk\/wp-content\/uploads\/2023\/08\/Ny-272x182.png",272,182,true]},"uagb_author_info":{"display_name":"Ellen","author_link":"https:\/\/guideservice.dk\/de\/author\/ellensofie\/"},"uagb_comment_info":0,"uagb_excerpt":"Br\u00e6nder du for formidling, kultur og m\u00f8det med mennesker? Hos Guideservice Danmark samarbejder vi med professionelle guider, rejseledere og foredragsholdere, der formidler historie, kunst, kultur og samfund med engagement og faglig tyngde. Om dit modersm\u00e5l er dansk eller et andet sprog er ikke s\u00e5 vigtigt, vi skal nemlig bruge guider p\u00e5 mange sprog til opgaver&hellip;","_links":{"self":[{"href":"https:\/\/guideservice.dk\/de\/wp-json\/wp\/v2\/pages\/2337","targetHints":{"allow":["GET"]}}],"collection":[{"href":"https:\/\/guideservice.dk\/de\/wp-json\/wp\/v2\/pages"}],"about":[{"href":"https:\/\/guideservice.dk\/de\/wp-json\/wp\/v2\/types\/page"}],"author":[{"embeddable":true,"href":"https:\/\/guideservice.dk\/de\/wp-json\/wp\/v2\/users\/218"}],"replies":[{"embeddable":true,"href":"https:\/\/guideservice.dk\/de\/wp-json\/wp\/v2\/comments?post=2337"}],"version-history":[{"count":77,"href":"https:\/\/guideservice.dk\/de\/wp-json\/wp\/v2\/pages\/2337\/revisions"}],"predecessor-version":[{"id":9649,"href":"https:\/\/guideservice.dk\/de\/wp-json\/wp\/v2\/pages\/2337\/revisions\/9649"}],"wp:featuredmedia":[{"embeddable":true,"href":"https:\/\/guideservice.dk\/de\/wp-json\/wp\/v2\/media\/7740"}],"wp:attachment":[{"href":"https:\/\/guideservice.dk\/de\/wp-json\/wp\/v2\/media?parent=2337"}],"curies":[{"name":"wp","href":"https:\/\/api.w.org\/{rel}","templated":true}]}}