{"id":2346,"date":"2022-10-13T12:09:52","date_gmt":"2022-10-13T10:09:52","guid":{"rendered":"https:\/\/guideservice.dk\/?page_id=2346"},"modified":"2026-01-06T14:15:32","modified_gmt":"2026-01-06T13:15:32","slug":"job-som-guide","status":"publish","type":"page","link":"https:\/\/guideservice.dk\/de\/job-als-guide\/","title":{"rendered":"Job som guide"},"content":{"rendered":"<p><strong>Guideservice Danmark samarbejder med professionelle guider i hele Danmark, og med dansktalende guider bosat i udlandet. <\/strong><\/p>\n\n\n\n<div class=\"wp-block-group is-vertical is-layout-flex wp-container-core-group-is-layout-8cf370e7 wp-block-group-is-layout-flex\">\n<div class=\"wp-block-group\"><div class=\"wp-block-group__inner-container is-layout-constrained wp-block-group-is-layout-constrained\">\n<div class=\"wp-block-group is-vertical is-layout-flex wp-container-core-group-is-layout-8cf370e7 wp-block-group-is-layout-flex\">\n<div class=\"wp-block-group\"><div class=\"wp-block-group__inner-container is-layout-constrained wp-block-group-is-layout-constrained\">\n<div class=\"wp-block-group is-vertical is-layout-flex wp-container-core-group-is-layout-8cf370e7 wp-block-group-is-layout-flex\">\n<p>Som guide hos os f\u00e5r du mulighed for at arbejde freelance med b\u00e5de danske og internationale g\u00e6ster p\u00e5 byvandringer, temature, naturoplevelser og specialiserede guidede ture. Da vores opgaver sp\u00e6nder bredt, er det en klar fordel, hvis du <strong>taler flere sprog<\/strong> og har erfaring med at formidle kultur, historie og stedets fort\u00e6llinger til forskellige m\u00e5lgrupper.<\/p>\n\n\n\n<p><strong><em>Skal vi samarbejde med dig?<\/em><\/strong>  <\/p>\n<\/div>\n<\/div><\/div>\n\n\n\n<div class=\"wp-block-buttons is-layout-flex wp-block-buttons-is-layout-flex\">\n<div class=\"wp-block-button\"><a class=\"wp-block-button__link wp-element-button\" href=\"https:\/\/www.guideservicedanmark.dk\/job-som-turistguide-freelance\/\">Send ans\u00f8gning<\/a><\/div>\n<\/div>\n<\/div>\n\n\n\n<p class=\"has-small-font-size\"><strong><em>Vi modtager udelukkende ans\u00f8gninger via vores online formular og vi l\u00e6ser ikke vedh\u00e6ftede filer.<\/em><\/strong><\/p>\n<\/div><\/div>\n<\/div>\n\n\n\n<div class=\"wp-block-cover\" style=\"min-height:322px;aspect-ratio:unset;\"><img loading=\"lazy\" decoding=\"async\" width=\"900\" height=\"500\" class=\"wp-block-cover__image-background wp-image-8492 size-full\" alt=\"Med guide p\u00e5 tur\" src=\"https:\/\/guideservice.dk\/wp-content\/uploads\/2025\/03\/Unavngivet-15.png\" style=\"object-position:54% 93%\" data-object-fit=\"cover\" data-object-position=\"54% 93%\" srcset=\"https:\/\/guideservice.dk\/wp-content\/uploads\/2025\/03\/Unavngivet-15.png 900w, https:\/\/guideservice.dk\/wp-content\/uploads\/2025\/03\/Unavngivet-15-300x167.png 300w, https:\/\/guideservice.dk\/wp-content\/uploads\/2025\/03\/Unavngivet-15-768x427.png 768w, https:\/\/guideservice.dk\/wp-content\/uploads\/2025\/03\/Unavngivet-15-18x10.png 18w, https:\/\/guideservice.dk\/wp-content\/uploads\/2025\/03\/Unavngivet-15-486x270.png 486w\" sizes=\"auto, (max-width: 900px) 100vw, 900px\" \/><span aria-hidden=\"true\" class=\"wp-block-cover__background has-dark-background-color has-background-dim-80 has-background-dim\"><\/span><div class=\"wp-block-cover__inner-container is-layout-flow wp-block-cover-is-layout-flow\">\n<div class=\"wp-block-group is-vertical is-layout-flex wp-container-core-group-is-layout-8cf370e7 wp-block-group-is-layout-flex\">\n<p class=\"has-text-align-left has-medium-font-size\"><em>&#8220;<em>Som guide f\u00e5r jeg lov til at kombinere min viden med folks nysgerrighed \u2013 hver dag er en ny oplevelse<\/em><\/em>.&#8221;<\/p>\n\n\n\n<p class=\"has-small-font-size\"><strong>Kristina, Guide (Odense og K\u00f8benhavn)<\/strong><\/p>\n<\/div>\n<\/div><\/div>\n\n\n\n<h2 class=\"wp-block-heading\">Dansk guide i Danmark<\/h2>\n\n\n\n<p>Vi s\u00f8ger guider i hele landet med erfaring som guide, formidler, underviser eller fort\u00e6ller. Som guide i Danmark forventes det, at du kan formidle:<\/p>\n\n\n\n<ul class=\"wp-block-list\">\n<li>Danmarks historie \u2013 b\u00e5de overordnet og lokalt<\/li>\n\n\n\n<li>Kultur, samfund og hverdagsliv<\/li>\n\n\n\n<li>Gerne kunst-, arkitektur- eller kulturhistorie<\/li>\n<\/ul>\n\n\n\n<p>Guideservice Danmark er et <strong>bookingbureau<\/strong>. Det betyder, at vi ikke selv arrangerer ture, men matcher guider med konkrete opgaver, n\u00e5r de kommer ind fra vores kunder. Derfor ved vi aldrig p\u00e5 forh\u00e5nd, hvor og hvorn\u00e5r opgaverne opst\u00e5r \u2013 og netop derfor har vi brug for guider i hele landet.<\/p>\n\n\n\n<p><strong>Vi samarbejder med guider inden for:<\/strong><\/p>\n\n\n\n<ul class=\"wp-block-list\">\n<li>Byvandringer<\/li>\n\n\n\n<li>Naturoplevelser<\/li>\n\n\n\n<li>Cykel- og busture<\/li>\n\n\n\n<li>Tematiske og specialiserede guidede ture<\/li>\n<\/ul>\n\n\n\n<p>Har du id\u00e9er til nye guidede ture, h\u00f8rer vi meget gerne om dem.<\/p>\n\n\n\n<h2 class=\"wp-block-heading\">D\u00e4nischer Guide im Ausland<\/h2>\n\n\n\n<p>Vi s\u00f8ger ogs\u00e5 <strong>dansktalende guider bosat i udlandet<\/strong>, som kan guide danske g\u00e6ster. I denne rolle forventer vores kunder, at du:<\/p>\n\n\n\n<ul class=\"wp-block-list\">\n<li>Har indg\u00e5ende kendskab til destinationens historie, kultur og samfund<\/li>\n\n\n\n<li>Har dansk som modersm\u00e5l<\/li>\n\n\n\n<li>Kan formidle sikkert, engageret og m\u00e5lrettet til danske grupper<\/li>\n<\/ul>\n\n\n\n<p>Vi l\u00f8ser opgaver i hele verden, og guider med specialviden om bestemte regioner eller byer er s\u00e6rligt interessante for os.<\/p>\n\n\n\n<h2 class=\"wp-block-heading\">Guideservice Danmarks guidekorps<\/h2>\n\n\n\n<p>Optagelse i Guideservice Danmarks guidekorps er som udgangspunkt <strong>gratis<\/strong>. Du arbejder som freelancer og betaler kun provision af de opgaver, du selv accepterer.<\/p>\n\n\n\n<p><strong>Hos os:<\/strong><\/p>\n\n\n\n<ul class=\"wp-block-list\">\n<li>V\u00e6lger du selv, hvilke opgaver du siger ja til<\/li>\n\n\n\n<li>Skriver du selv din profil<\/li>\n\n\n\n<li>Fast\u00ads\u00e6tter du selv din pris<\/li>\n<\/ul>\n\n\n\n<p>Du kender din tid og dine kompetencer bedst \u2013 og det respekterer vi.<\/p>\n\n\n\n<h2 class=\"wp-block-heading\">S\u00e5dan s\u00f8ger du<\/h2>\n\n\n\n<p>Vi modtager <strong>udelukkende ans\u00f8gninger via vores online formular<\/strong> og vi l\u00e6ser ikke vedh\u00e6ftede filer.<\/p>\n\n\n\n<p><strong>Fokus\u00e9r p\u00e5:<\/strong><\/p>\n\n\n\n<ul class=\"wp-block-list\">\n<li>Din relevante erfaring<\/li>\n\n\n\n<li>Dine sproglige kompetencer<\/li>\n\n\n\n<li>De destinationer eller emner, du kan guide i<\/li>\n<\/ul>\n\n\n\n<p>Resten tager vi gerne i en efterf\u00f8lgende samtale. Vi s\u00e6tter pris p\u00e5 <strong>pr\u00e6cise, m\u00e5lrettede ans\u00f8gninger<\/strong> og gl\u00e6der os til at h\u00f8re fra dig.<\/p>\n\n\n\n<div class=\"wp-block-buttons is-layout-flex wp-block-buttons-is-layout-flex\">\n<div class=\"wp-block-button\"><a class=\"wp-block-button__link wp-element-button\" href=\"https:\/\/www.guideservicedanmark.dk\/?1=1&amp;type=form&amp;popup=1&amp;id=2\" target=\"_blank\" rel=\"noreferrer noopener\">Send ans\u00f8gning<\/a><\/div>\n<\/div>\n\n\n\n<h2 class=\"wp-block-heading\">Har du viden \u2013 men mangler erfaring?<\/h2>\n\n\n\n<p>Har du solid faglig viden og lysten til at arbejde som guide, men mangler den praktiske erfaring, kan vores <a href=\"https:\/\/guideservice.dk\/de\/guideuddannelsen\/\" title=\"\"><strong>guideuddannelse<\/strong> <\/a>v\u00e6re en god indgang til branchen. Uddannelsen giver dig de n\u00f8dvendige v\u00e6rkt\u00f8jer til professionel formidling, gruppestyring og arbejdet som freelancer.<\/p>\n\n\n\n<div class=\"wp-block-buttons is-layout-flex wp-block-buttons-is-layout-flex\">\n<div class=\"wp-block-button\"><a class=\"wp-block-button__link wp-element-button\" href=\"https:\/\/guideservice.dk\/de\/ausbildung\/\">L\u00e6s mere om vores uddannelser her<\/a><\/div>\n<\/div>\n\n\n\n<div style=\"height:100px\" aria-hidden=\"true\" class=\"wp-block-spacer\"><\/div>\n\n\n\n<div class=\"wp-block-uagb-container uagb-block-b1e66a89 alignfull uagb-is-root-container\"><div class=\"uagb-container__shape uagb-container__shape-top\"><svg xmlns=\"https:\/\/www.w3.org\/2000\/svg\" viewbox=\"0 0 1000 100\" preserveaspectratio=\"none\"><path class=\"uagb-container__shape-fill\" d=\"M1000,4.3V0H0v4.3C0.9,23.1,126.7,99.2,500,100S1000,22.7,1000,4.3z\"><\/path><\/svg><\/div><div class=\"uagb-container-inner-blocks-wrap\">\n<div class=\"wp-block-uagb-info-box uagb-block-57e506d5 uagb-infobox__content-wrap  uagb-infobox-icon-above-title uagb-infobox-image-valign-top\"><div class=\"uagb-ifb-content\"><div class=\"uagb-ifb-title-wrap\"><p class=\"uagb-ifb-title-prefix\">Er du i tvivl om du skal s\u00f8ge et job eller om en uddannelse er det rette for dig?<\/p><\/div><p class=\"uagb-ifb-desc\"><br>Kontakt os for en uforpligtende snak om, hvordan vi kan hj\u00e6lpe dig med at g\u00f8re din vision til virkelighed. Vi r\u00e5dgiver dig gerne om din fremtid i oplevelses\u00f8konomien.<\/p><\/div><\/div>\n\n\n\n<div class=\"wp-block-uagb-icon-list uagb-block-adaaadb7\"><div class=\"uagb-icon-list__wrap\">\n<div class=\"wp-block-uagb-icon-list-child uagb-block-165c2f68\"><a target=\"_self\" aria-label=\"+45 4156 2855\" rel=\"noopener noreferrer\" href=\"#\"> <\/a><span class=\"uagb-icon-list__source-wrap\"><svg xmlns=\"https:\/\/www.w3.org\/2000\/svg\" viewbox=\"0 0 512 512\"><path d=\"M511.2 387l-23.25 100.8c-3.266 14.25-15.79 24.22-30.46 24.22C205.2 512 0 306.8 0 54.5c0-14.66 9.969-27.2 24.22-30.45l100.8-23.25C139.7-2.602 154.7 5.018 160.8 18.92l46.52 108.5c5.438 12.78 1.77 27.67-8.98 36.45L144.5 207.1c33.98 69.22 90.26 125.5 159.5 159.5l44.08-53.8c8.688-10.78 23.69-14.51 36.47-8.975l108.5 46.51C506.1 357.2 514.6 372.4 511.2 387z\"><\/path><\/svg><\/span><span class=\"uagb-icon-list__label\">+45 4156 2855<\/span><\/div>\n\n\n\n<div class=\"wp-block-uagb-icon-list-child uagb-block-42475176\"><span class=\"uagb-icon-list__source-wrap\"><svg xmlns=\"https:\/\/www.w3.org\/2000\/svg\" viewbox=\"0 0 512 512\"><path d=\"M464 64C490.5 64 512 85.49 512 112C512 127.1 504.9 141.3 492.8 150.4L275.2 313.6C263.8 322.1 248.2 322.1 236.8 313.6L19.2 150.4C7.113 141.3 0 127.1 0 112C0 85.49 21.49 64 48 64H464zM217.6 339.2C240.4 356.3 271.6 356.3 294.4 339.2L512 176V384C512 419.3 483.3 448 448 448H64C28.65 448 0 419.3 0 384V176L217.6 339.2z\"><\/path><\/svg><\/span><span class=\"uagb-icon-list__label\">info@guideservicedanmark.dk<\/span><\/div>\n<\/div><\/div>\n<\/div><\/div>\n\n\n\n<div style=\"height:100px\" aria-hidden=\"true\" class=\"wp-block-spacer\"><\/div>","protected":false},"excerpt":{"rendered":"<p>Guideservice Danmark samarbejder med professionelle guider i hele Danmark, og med dansktalende guider bosat i udlandet. Som guide hos os f\u00e5r du mulighed for at arbejde freelance med b\u00e5de danske og internationale g\u00e6ster p\u00e5 byvandringer, temature, naturoplevelser og specialiserede guidede ture. Da vores opgaver sp\u00e6nder bredt, er det en klar fordel, hvis du taler flere sprog og har erfaring med at formidle kultur, historie og stedets fort\u00e6llinger til forskellige m\u00e5lgrupper. Skal vi samarbejde med dig? Vi modtager udelukkende ans\u00f8gninger via&#8230;<\/p>\n<p class=\"read-more\"><a class=\"btn btn-default\" href=\"https:\/\/guideservice.dk\/de\/job-als-guide\/\">Weiterlesen<span class=\"screen-reader-text\"> Weiterlesen<\/span><\/a><\/p>","protected":false},"author":218,"featured_media":7740,"parent":0,"menu_order":0,"comment_status":"closed","ping_status":"closed","template":"template-parts\/page-home.php","meta":{"om_disable_all_campaigns":false,"inline_featured_image":false,"_uag_custom_page_level_css":"","_monsterinsights_skip_tracking":false,"_monsterinsights_sitenote_active":false,"_monsterinsights_sitenote_note":"","_monsterinsights_sitenote_category":0,"_uf_show_specific_survey":0,"_uf_disable_surveys":false,"footnotes":""},"class_list":["post-2346","page","type-page","status-publish","has-post-thumbnail","hentry"],"acf":[],"aioseo_notices":[],"uagb_featured_image_src":{"full":["https:\/\/guideservice.dk\/wp-content\/uploads\/2023\/08\/Ny.png",940,788,false],"thumbnail":["https:\/\/guideservice.dk\/wp-content\/uploads\/2023\/08\/Ny-150x150.png",150,150,true],"medium":["https:\/\/guideservice.dk\/wp-content\/uploads\/2023\/08\/Ny-300x251.png",300,251,true],"medium_large":["https:\/\/guideservice.dk\/wp-content\/uploads\/2023\/08\/Ny-768x644.png",640,537,true],"large":["https:\/\/guideservice.dk\/wp-content\/uploads\/2023\/08\/Ny.png",640,537,false],"1536x1536":["https:\/\/guideservice.dk\/wp-content\/uploads\/2023\/08\/Ny.png",940,788,false],"2048x2048":["https:\/\/guideservice.dk\/wp-content\/uploads\/2023\/08\/Ny.png",940,788,false],"trp-custom-language-flag":["https:\/\/guideservice.dk\/wp-content\/uploads\/2023\/08\/Ny-14x12.png",14,12,true],"post-thumbnail":["https:\/\/guideservice.dk\/wp-content\/uploads\/2023\/08\/Ny-322x270.png",322,270,true],"nisarg-full-width":["https:\/\/guideservice.dk\/wp-content\/uploads\/2023\/08\/Ny-940x576.png",940,576,true],"sow-carousel-default":["https:\/\/guideservice.dk\/wp-content\/uploads\/2023\/08\/Ny-272x182.png",272,182,true]},"uagb_author_info":{"display_name":"Ellen","author_link":"https:\/\/guideservice.dk\/de\/author\/ellensofie\/"},"uagb_comment_info":0,"uagb_excerpt":"Guideservice Danmark samarbejder med professionelle guider i hele Danmark, og med dansktalende guider bosat i udlandet. Som guide hos os f\u00e5r du mulighed for at arbejde freelance med b\u00e5de danske og internationale g\u00e6ster p\u00e5 byvandringer, temature, naturoplevelser og specialiserede guidede ture. Da vores opgaver sp\u00e6nder bredt, er det en klar fordel, hvis du taler flere&hellip;","_links":{"self":[{"href":"https:\/\/guideservice.dk\/de\/wp-json\/wp\/v2\/pages\/2346","targetHints":{"allow":["GET"]}}],"collection":[{"href":"https:\/\/guideservice.dk\/de\/wp-json\/wp\/v2\/pages"}],"about":[{"href":"https:\/\/guideservice.dk\/de\/wp-json\/wp\/v2\/types\/page"}],"author":[{"embeddable":true,"href":"https:\/\/guideservice.dk\/de\/wp-json\/wp\/v2\/users\/218"}],"replies":[{"embeddable":true,"href":"https:\/\/guideservice.dk\/de\/wp-json\/wp\/v2\/comments?post=2346"}],"version-history":[{"count":37,"href":"https:\/\/guideservice.dk\/de\/wp-json\/wp\/v2\/pages\/2346\/revisions"}],"predecessor-version":[{"id":9546,"href":"https:\/\/guideservice.dk\/de\/wp-json\/wp\/v2\/pages\/2346\/revisions\/9546"}],"wp:featuredmedia":[{"embeddable":true,"href":"https:\/\/guideservice.dk\/de\/wp-json\/wp\/v2\/media\/7740"}],"wp:attachment":[{"href":"https:\/\/guideservice.dk\/de\/wp-json\/wp\/v2\/media?parent=2346"}],"curies":[{"name":"wp","href":"https:\/\/api.w.org\/{rel}","templated":true}]}}