{"id":2359,"date":"2022-10-13T12:15:48","date_gmt":"2022-10-13T10:15:48","guid":{"rendered":"https:\/\/guideservice.dk\/?page_id=2359"},"modified":"2023-03-04T10:44:24","modified_gmt":"2023-03-04T09:44:24","slug":"virksomhedspraktik","status":"publish","type":"page","link":"https:\/\/guideservice.dk\/de\/praktikum\/","title":{"rendered":"Virksomhedspraktik"},"content":{"rendered":"<p><em><strong>P\u00e5 kontoret er vi altid glade, n\u00e5r vi har en praktikant i virksomhedspraktik. Vi siger ja til samarbejde med praktikanter, n\u00e5r b\u00e5de dig, der \u00f8nsker en praktik og vi kan se et form\u00e5l med praktikken. En praktik skal v\u00e6re win-win.<\/strong><\/em><\/p>\n\n\n\n<p>Alle praktikker foreg\u00e5r p\u00e5 vores kontor centralt i Odense. Vi tilbyder praktikker med opgaver, som aldrig vil blive udbudt som l\u00f8nnet arbejde. Du kan hverken komme i praktik som guide, rejseleder eller foredragsholder. Til de opgaver bruger vi udelukkende vores betalte freelancere med professionel erfaring indenfor disse omr\u00e5der.<\/p>\n\n\n\n<p class=\"translation-block\">Her kan du s\u00f8ge ind som <a href=\"https:\/\/guideservice.dk\/de\/job-als-guide\/\" target=\"_self\">guide<\/a> eller <a href=\"https:\/\/guideservice.dk\/de\/job-als-reiseleiter\/\" target=\"_self\">rejseleder<\/a>.<\/p>\n\n\n\n<h2 class=\"wp-block-heading\">Hvorfor en praktik<\/h2>\n\n\n\n<p class=\"translation-block\">Du kan som praktikant bruge en praktik til at forbedre dine muligheder for job. Hvis du f.eks. arbejder med&nbsp;<a href=\"https:\/\/www.guideservicedanmark.dk\/historietimen\" target=\"_blank\" rel=\"noreferrer noopener\">Historietimen<\/a>, s\u00e5 vil du efterf\u00f8lgende kunne vise kommende arbejdsgivere et produkt, du har lavet \u2013 enten som tekstforfatter eller overs\u00e6tter.<\/p>\n\n\n\n<p>Vi bruger en praktik til at l\u00e6re dig og dine kvalifikationer at kende. Vi vil gerne via en praktik v\u00e6re med til at skabe kommende opgaver for dig som guide eller rejseledere. Vi har erfaring for, at dialogen i hverdagen kan v\u00e6re med til at skabe muligheder og netv\u00e6rk, m\u00e5ske endda \u00e5bne dine \u00f8je for nye kvalifikationer og arbejdsomr\u00e5der. Vi vil gerne v\u00e6re med til at inspirere.<\/p>\n\n\n\n<h2 class=\"wp-block-heading\">Hvem kan komme i praktik<\/h2>\n\n\n\n<p>Vi tilbyder to typer af praktik:<\/p>\n\n\n\n<ul class=\"wp-block-list\">\n<li>praktik hvis du er ledig og i jobs\u00f8gning<\/li>\n\n\n\n<li>praktik som et led i din uddannelse &#8211; p\u00e5 uni, p\u00e5 erhvervsakademi etc.<\/li>\n<\/ul>\n\n\n\n<p>Er du ledig og kan du se dig selv v\u00e6re en del af kontoret med en afgr\u00e6nset opgave i 4 uger, s\u00e5 skal du sende os din ans\u00f8gning. Vi beder dig fort\u00e6lle hvilken type opgave du br\u00e6nder for, s\u00e5 vi bedre kan afklare muligheder sammen<\/p>\n\n\n\n<p>Skal du i forbindelse med din uddannelse i praktik, s\u00e5 er du ogs\u00e5 velkommen til at s\u00f8ge hos os. Fort\u00e6l os, hvad du studerer og hvad du skal have ud af en praktik, s\u00e5 tager vi dialogen p\u00e5 baggrund af dine \u00f8nsker.<\/p>\n\n\n\n<h2 class=\"wp-block-heading\">Hvad kan du lave i en praktik<\/h2>\n\n\n\n<p>Vi kan tilbyde praktikker, der indeholder for eksempel:<\/p>\n\n\n\n<ul class=\"wp-block-list\">\n<li>overs\u00e6ttelser &#8211; hvilke sprog kan du?<\/li>\n\n\n\n<li>multimediedesign<\/li>\n\n\n\n<li>projektledelse<\/li>\n\n\n\n<li>SEO ekspert<\/li>\n\n\n\n<li>tekstforfatter af historiske tekster<\/li>\n\n\n\n<li>s\u00e6tte et nyt turprodukt i vej i Danmark. Projektbeskrivelse er klar, nu skal der fokus p\u00e5 den praktiske udf\u00f8relse<\/li>\n<\/ul>\n\n\n\n<h2 class=\"wp-block-heading\">Virksomhedspraktik &#8211; vi tilbyder<\/h2>\n\n\n\n<ul class=\"wp-block-list\">\n<li>et hyggeligt, uh\u00f8jtideligt og travlt kontor &#8211; men vi har altid tid til en snak<\/li>\n\n\n\n<li>opgaver, der ikke bliver budt ud som l\u00f8njob<\/li>\n\n\n\n<li>stor fleksibilitet og \u00e5benhed for gode forslag<\/li>\n\n\n\n<li>respekt om de forslag du kommer med og om din arbejdsindsats<\/li>\n\n\n\n<li>sparring p\u00e5 det, du laver<\/li>\n<\/ul>\n\n\n\n<p>Hvem ved, m\u00e5ske finder vi i l\u00f8bet af praktikperioden muligheder for dig som freelancer fremadrettet. Det er sket f\u00f8r og det er vi altid p\u00e5 udkig efter.<\/p>\n\n\n\n<p>Vi har hidtil haft rigtig gode samarbejder med studerende fra UCL, multimedie, service- og markedf\u00f8rings\u00f8konomi, fra AU tysk og fransk, SDU amerikanske studier<\/p>\n\n\n\n<p>Har du en id\u00e9 til en praktik, som du t\u00e6nker kunne passe til b\u00e5de dig og os, s\u00e5 er vi \u00e5bne for dialog. Vi s\u00e6tter nemlig pris p\u00e5 samarbejde med praktikanter, som ofte l\u00e6rer os nye vinkler og er med til at \u00e5bne nye muligheder &#8211; for praktikanten selv og for os.<\/p>\n\n\n\n<p>NB, vi \u00f8nsker ans\u00f8gning i formularen herunder. Vi l\u00e6ser ikke vedh\u00e6ftede filer, da alt for mange ans\u00f8gninger s\u00e5 ikke m\u00e5lrettes opgaverne i vores firma.<\/p>\n\n\n\n<div class=\"wp-block-buttons is-layout-flex wp-block-buttons-is-layout-flex\">\n<div class=\"wp-block-button\"><a class=\"wp-block-button__link wp-element-button\" href=\"https:\/\/www.guideservicedanmark.dk\/?1=1&amp;type=form&amp;popup=1&amp;id=21\" target=\"_blank\" rel=\"noreferrer noopener\">Ans\u00f8gningsskema<\/a><\/div>\n<\/div>","protected":false},"excerpt":{"rendered":"<p>P\u00e5 kontoret er vi altid glade, n\u00e5r vi har en praktikant i virksomhedspraktik. Vi siger ja til samarbejde med praktikanter, n\u00e5r b\u00e5de dig, der \u00f8nsker en praktik og vi kan se et form\u00e5l med praktikken. En praktik skal v\u00e6re win-win. Alle praktikker foreg\u00e5r p\u00e5 vores kontor centralt i Odense. Vi tilbyder praktikker med opgaver, som aldrig vil blive udbudt som l\u00f8nnet arbejde. Du kan hverken komme i praktik som guide, rejseleder eller foredragsholder. Til de opgaver bruger vi udelukkende vores&#8230;<\/p>\n<p class=\"read-more\"><a class=\"btn btn-default\" href=\"https:\/\/guideservice.dk\/de\/praktikum\/\">Weiterlesen<span class=\"screen-reader-text\"> Weiterlesen<\/span><\/a><\/p>","protected":false},"author":218,"featured_media":0,"parent":0,"menu_order":0,"comment_status":"closed","ping_status":"closed","template":"template-parts\/page-home.php","meta":{"om_disable_all_campaigns":false,"inline_featured_image":false,"_uag_custom_page_level_css":"","_monsterinsights_skip_tracking":false,"_monsterinsights_sitenote_active":false,"_monsterinsights_sitenote_note":"","_monsterinsights_sitenote_category":0,"_uf_show_specific_survey":0,"_uf_disable_surveys":false,"footnotes":""},"class_list":["post-2359","page","type-page","status-publish","hentry"],"acf":[],"aioseo_notices":[],"uagb_featured_image_src":{"full":false,"thumbnail":false,"medium":false,"medium_large":false,"large":false,"1536x1536":false,"2048x2048":false,"trp-custom-language-flag":false,"post-thumbnail":false,"nisarg-full-width":false,"sow-carousel-default":false},"uagb_author_info":{"display_name":"Ellen","author_link":"https:\/\/guideservice.dk\/de\/author\/ellensofie\/"},"uagb_comment_info":0,"uagb_excerpt":"P\u00e5 kontoret er vi altid glade, n\u00e5r vi har en praktikant i virksomhedspraktik. Vi siger ja til samarbejde med praktikanter, n\u00e5r b\u00e5de dig, der \u00f8nsker en praktik og vi kan se et form\u00e5l med praktikken. En praktik skal v\u00e6re win-win. Alle praktikker foreg\u00e5r p\u00e5 vores kontor centralt i Odense. Vi tilbyder praktikker med opgaver, som&hellip;","_links":{"self":[{"href":"https:\/\/guideservice.dk\/de\/wp-json\/wp\/v2\/pages\/2359","targetHints":{"allow":["GET"]}}],"collection":[{"href":"https:\/\/guideservice.dk\/de\/wp-json\/wp\/v2\/pages"}],"about":[{"href":"https:\/\/guideservice.dk\/de\/wp-json\/wp\/v2\/types\/page"}],"author":[{"embeddable":true,"href":"https:\/\/guideservice.dk\/de\/wp-json\/wp\/v2\/users\/218"}],"replies":[{"embeddable":true,"href":"https:\/\/guideservice.dk\/de\/wp-json\/wp\/v2\/comments?post=2359"}],"version-history":[{"count":20,"href":"https:\/\/guideservice.dk\/de\/wp-json\/wp\/v2\/pages\/2359\/revisions"}],"predecessor-version":[{"id":6313,"href":"https:\/\/guideservice.dk\/de\/wp-json\/wp\/v2\/pages\/2359\/revisions\/6313"}],"wp:attachment":[{"href":"https:\/\/guideservice.dk\/de\/wp-json\/wp\/v2\/media?parent=2359"}],"curies":[{"name":"wp","href":"https:\/\/api.w.org\/{rel}","templated":true}]}}