{"id":2366,"date":"2022-10-14T10:43:13","date_gmt":"2022-10-14T08:43:13","guid":{"rendered":"https:\/\/guideservice.dk\/?page_id=2366"},"modified":"2023-03-27T09:54:51","modified_gmt":"2023-03-27T07:54:51","slug":"guideservice-sjaelland","status":"publish","type":"page","link":"https:\/\/guideservice.dk\/de\/guide-service-seeland\/","title":{"rendered":"Guide-Service auf Seeland &amp; Inseln"},"content":{"rendered":"<p><em><strong>Es gibt viele sch\u00f6ne und charmante Orte auf Seeland zu besuchen, nicht zu vergessen all die sch\u00f6nen Inseln in der N\u00e4he der K\u00fcstenlinie.<\/strong><\/em><\/p>\n\n\n<ul class=\"main-selector main-selector--sub main-selector--sub__home\">\r\n\r\n    \r\n                      \r\n          <li class=\"main-selector__item\">\r\n\r\n            \r\n            <a href=\"https:\/\/guideservice.dk\/de\/guide-service-kopenhagen\/\" class=\"selector-category translation-block\">\r\n              <h3 class=\"selector-category__title\">Kopenhagen &amp; Gegend<\/h3>\n\n              <figure class=\"selector-category__background\">\n                <img src=\"https:\/\/guideservice.dk\/wp-content\/uploads\/2022\/01\/nyhavn-1024x660.jpg\" alt=\"\">\n              <\/figure>\r\n            <\/a>\r\n          <\/li>\r\n          \r\n                      \r\n          <li class=\"main-selector__item\">\r\n\r\n            \r\n            <a href=\"https:\/\/guideservice.dk\/de\/guide-service-ganz-seeland\/\" class=\"selector-category translation-block\">\r\n              <h3 class=\"selector-category__title\">Ganz Seeland &amp; Inseln<\/h3>\n\n              <figure class=\"selector-category__background\">\n                <img src=\"https:\/\/guideservice.dk\/wp-content\/uploads\/2021\/12\/standard_compressed_Koebenhavn-1024x708.jpg\" alt=\"K\u00f8benhavn\">\n              <\/figure>\r\n            <\/a>\r\n          <\/li>\r\n          \r\n              \r\n        \r\n<\/ul>\r\n\n\n\n<h2 class=\"wp-block-heading\">Seeland und die Inseln - gef\u00fchrte Touren<\/h2>\n\n\n\n<p>Seeland und die umliegenden Inseln haben eine Menge zu bieten. Nat\u00fcrlich haben wir die Hauptstadt Kopenhagen, die voller Leben und aufregendem Alltag ist, aber dann gibt es noch den ganzen Rest, Nordseeland, S\u00fcd- und Westseeland und Lolland-Falster, wo viele spannende Ereignisse stattfinden. Hier gibt es viele Sehensw\u00fcrdigkeiten, gute Geschichten, eine sch\u00f6ne Natur und das Leben verl\u00e4uft etwas ruhiger.&nbsp;<\/p>\n\n\n\n<p>Unsere Reisef\u00fchrer bieten gute Vorschl\u00e4ge f\u00fcr gef\u00fchrte Touren auf ganz Seeland und den umliegenden Inseln. Du kannst Vorschl\u00e4ge f\u00fcr gef\u00fchrte Stadtrundg\u00e4nge, gef\u00fchrte Wanderungen, gef\u00fchrte Fahrrad- und Bustouren finden. Du kannst nach bestimmten St\u00e4dten suchen. Du kannst dich auch inspirieren lassen und vielleicht eine Stadt entdecken, die du noch nicht kennst. <\/p>\n\n\n\n<p class=\"translation-block\">Wenn ihr bereits wisst, dass ihr nach Kopenhagen wollt, haben wir auch eine gute \u00dcbersicht \u00fcber gef\u00fchrte<strong><a href=\"https:\/\/www.guideservicedanmark.dk\/turforslag-koebenhavn\/\" target=\"_blank\" rel=\"noreferrer noopener\"> Touren in Kopenhagen<\/a><\/strong>. Das Besondere an einer Tour mit einem Fremdenf\u00fchrer ist, dass man die sch\u00f6nen Geschichten \u00fcber die Orte und Sehensw\u00fcrdigkeiten, die man sieht, erz\u00e4hlt bekommen. Fremdenf\u00fchrer sind gut darin, Informationen zu finden, von denen man nicht wusste, dass man wissen wollte. Deshalb ist es ein Vergn\u00fcgen, an einer gef\u00fchrten Tour teilzunehmen, bei der man mit ziemlicher Sicherheit mit neuem Wissen heimkehrt.<\/p>\n\n\n\n<p>Wenn du eine gef\u00fchrte Tour suchst, wende dich einfach an das B\u00fcro von Guideservice Denmark. Wir helfen gerne bei der Planung einer F\u00fchrung, die auf deine W\u00fcnsche und Bed\u00fcrfnisse zugeschnitten ist. Und nat\u00fcrlich finden wir genau den richtigen F\u00fchrer f\u00fcr deine Tour.<\/p>\n\n\n\n<h2 class=\"wp-block-heading\">Warum Seeland und seine Inseln<\/h2>\n\n\n\n<p>Seeland und die Inseln rund um Seeland bieten ein v\u00f6llig anderes Erlebnis als Kopenhagen an und sind daher unbedingt einen Besuch wert. Kopenhagen ist eine St\u00e4dtereise. Ein Urlaub auf Seeland bietet ein bisschen mehr Ruhe und viel mehr Natur. Das Tempo und die Menschenmengen sind ebenfalls anders. Somit gibt es mehr Raum f\u00fcr den Einzelnen. Der Dialekt kann sich ebenfalls \u00e4ndern. Findest du es auch charmant, Dialekte zu haben, die die Herkunft der Person widerspiegeln?<\/p>\n\n\n\n<p>Es gibt viele Orte auf Seeland, die dich begeistern werden, wenn du dich bei einem Stadtrundgang f\u00fchren l\u00e4sst, eine gef\u00fchrte Fahrradtour erlebst oder dich mit einem Guide in die Natur begibst, der es liebt, die Leidenschaft f\u00fcr die Natur zu teilen, egal ob es sich um den Lammefjord, M\u00f8ns Klint oder eines der besonderen Natursch\u00e4tze der Insel handelt.&nbsp;<\/p>\n\n\n\n<h3 class=\"wp-block-heading\">Gef\u00fchrte Touren zu den sch\u00f6nsten Orten auf Seeland<\/h3>\n\n\n\n<p>Es gibt viel zu viele Sehensw\u00fcrdigkeiten auf Seeland und den umliegenden Inseln, um sie alle zu erw\u00e4hnen. Es gibt viele sch\u00f6ne und spannende Gutsh\u00f6fe, k\u00f6nigliche Burgen, Schl\u00f6sser, Marktorte und viele Natursch\u00e4tze. Du kannst unseren Guide-Service auf Seeland nutzen, bei dem du eine gef\u00fchrte Tour mit einem lokalen Guide machen kannst, der genau wei\u00dft, was interessant und wissenswert f\u00fcr dich und deine G\u00e4ste ist. Wenn ein Fremdenf\u00fchrer seine Orte kennt und wird deine Tour zu einem ganz anderen Erlebnis, als wenn du auf eigene Hand unterwegs w\u00e4rst, ist es ein Vergn\u00fcgen, an einer gef\u00fchrten Tour teilzunehmen. Bei einer gef\u00fchrten Tour siehst und h\u00f6rst du spannende Details \u00fcber die Orte, die du besuchst, und der Fremdenf\u00fchrer erz\u00e4hlt begeistert und kompetent Geschichten \u00fcber das, was sehenswert ist und was fr\u00fcher wahrscheinlich einmal war. Lasst euch vom Guide mit seinen guten Geschichten inspirieren, damit ihr den Ort auf eine neue Art und Weise erlebt und danach mit den guten Erfahrungen im Rucksack nach Hause fahren k\u00f6nnt.<\/p>\n\n\n\n<h3 class=\"wp-block-heading\"><strong>Roskilde ist eine spannende, historische Stadt mit einer Dom<\/strong><\/h3>\n\n\n\n<p>Roskilde, die wundersch\u00f6n am Ende des Roskilde-Fjords liegt, ist eine der sch\u00f6nsten und wichtigsten St\u00e4dte Seelands. In Roskilde befinden sich zwei der gr\u00f6\u00dften historischen Sehensw\u00fcrdigkeiten au\u00dferhalb von Kopenhagen. <\/p>\n\n\n\n<p>Der Dom von Roskilde, der seit dem Sp\u00e4tmittelalter die Domkirche ist, in der die d\u00e4nischen K\u00f6nige begraben wurden, ist eine der gro\u00dfen Sehensw\u00fcrdigkeiten. Heute sind 40 d\u00e4nische K\u00f6nige im Dom von Roskilde begraben. <\/p>\n\n\n\n<p>Das Wikingerschiffsmuseum ist ein sch\u00f6nes, beliebtes und spannendes Museum f\u00fcr Kinder und Erwachsene. Hier k\u00f6nnt ihr sowohl etwas \u00fcber die Wikinger als auch \u00fcber deren sch\u00f6ne Schiffe erfahren.<\/p>\n\n\n\n<p>Roskilde hat einen sch\u00f6nen alten Stadtmitte mit verschiedenen Stra\u00dfennamen, die einen Teil der Geschichte der Stadt erz\u00e4hlen: Br\u00f8ndgade, Smedegade und Havnegade waren die Stra\u00dfen der Handwerker und Seeleute. Die Stra\u00dfennamen Sankt Ols Gade, Sankt Ols Str\u00e6de, Munkestr\u00e6de und Sankt Laurentii Gade zeigen, dass Roskilde jahrhundertelang ein sehr wichtiges religi\u00f6ses Zentrum im d\u00e4nischen K\u00f6nigreich war. Es gibt so viele Sehensw\u00fcrdigkeiten in Roskilde, die einen Besuch wert sind, viel mehr als nur die Domkirche und das Museum. Komm und entdecke die Stadt, mach das Beste aus deiner Tour mit einem guten Guide, der die Geschichten erz\u00e4hlt. In Roskilde gibt es so viel zu erleben.<\/p>\n\n\n\n<h3 class=\"wp-block-heading\">Sch\u00f6ne St\u00e4dte und Gemeinden auf Seeland<\/h3>\n\n\n\n<p>Auf Seeland liegen die Marktst\u00e4dte am Alfarvej, der Wasserstra\u00dfe. Das Wasser, das tief genug ist, um es zu befahren, erm\u00f6glichte in alten Zeiten gute M\u00f6glichkeiten f\u00fcr einen profitablen Handel. Die Stadt Korsb\u00e6k ist eine sch\u00f6ne Erfindung von Lise N\u00f8rgaard. Korsb\u00e6k ist eine sch\u00f6ne Mischung aus den St\u00e4dten Kors\u00f8r und Holb\u00e6k und wahrscheinlich f\u00fcr viele d\u00e4nische Fernsehzuschauer eine ikonische Stadt. Die fiktive Stadt Korsb\u00e6k ist ein gutes Beispiel daf\u00fcr, was so typisch f\u00fcr Seeland ist, n\u00e4mlich die Kombination aus offener Landschaft und alter Marktstadt. Dar\u00fcber hinaus gibt es viele malerische Hafengebiete. Alle wichtigen St\u00e4dte Seelands liegen an der K\u00fcste, mit Ausnahme von Slagelse, das jetzt ein wenig im Landesinneren liegt. Auch Slagelse lag fr\u00fcher am Meer, als unsere Vorfahren noch mit Wikingerschiffen segelten und die Sus\u00e5 viel besser schiffbar war als heute. Die Wikingerfestung Trelleborg in der N\u00e4he von Slagelse ist ein Zeugnis daf\u00fcr, wie weit man damals ins Landesinnere segeln konnte. <\/p>\n\n\n\n<p>Alle wichtigen St\u00e4dte Seelands liegen an der K\u00fcste, mit Ausnahme von Slagelse, das heute etwas landeinw\u00e4rts liegt. Slagelse lag einmal direkt am Wasser, als unsere Vorfahren mit Wikingerschiffen segelten und der Fluss Sus\u00e5 viel besser schiffbar war als heute. Die Wikingerburg Trelleborg in der N\u00e4he von Slagelse ist ein Zeugnis daf\u00fcr, wie weit man damals ins Landesinnere segeln konnte.<\/p>\n\n\n\n<h3 class=\"wp-block-heading\">Odsherred - gef\u00fchrte Touren<\/h3>\n\n\n\n<p>Odsherred im nordwestlichen Teil Seelands hat eine einzigartig sch\u00f6ne Natur. Heute kann man sich nur schwer vorstellen, wie wild es hier einmal war, und dass Lammefjorden bis vor etwa 150 Jahren keineswegs das nationale Mekka f\u00fcr den Karottenanbau war, das es heute ist. Der Lammefjord war bis zu sieben Meter tief, und die Bev\u00f6lkerung lebte vom Fischen, vor allem von Dorsch und Plattfisch. Nach dem Motto: was nach au\u00dfen verloren geht, muss nach innen gewonnen werde, ergriff 1864 Lehnsbaron Georg Frederik Zytphen-Adeler im Namen von Dragsholm Schloss die Initiative, um das Gebiet zu ver\u00e4ndern. So wurde in den 1870er Jahren ein Damm gebaut und das Wasser herausgepumpt. Heute ist Odsherred in D\u00e4nemark vor allem f\u00fcr die vielen schmackhaften Gem\u00fcsesorten bekannt, die dort angebaut werden.<\/p>\n\n\n\n<h3 class=\"wp-block-heading\">S\u00fcdseeland und die S\u00fcdseeinseln<\/h3>\n\n\n\n<p>In S\u00fcdseeland und auf den S\u00fcdseeinseln sind die Kontraste in diesem Gebiet besonders ausgepr\u00e4gt. <\/p>\n\n\n\n<p>Auf dem flachen Lolland wird die Landschaft durch die vielen Deiche gepr\u00e4gt. Auf den meisten von ihnen kann man radeln und wandern. Die Deiche sollen die Insel sch\u00fctzen, damit sie bei einer weiteren Sturmflut nicht \u00fcberschwemmt wird. <\/p>\n\n\n\n<p>Neben den vielen Kilometern an Deichen pr\u00e4gen Gutsh\u00e4user und Gutsh\u00f6fe das Landschaftsbild in vielen Teilen von Lolland und Falster im Vergleich zum Rest des Landes. Das liegt zum Teil an den hervorragenden landwirtschaftlichen B\u00f6den in diesem Gebiet. Hier bauen die Landwirte auch das \"wei\u00dfe Gold\" an. \"Wei\u00dfes Gold\" im Sinne von Zuckerr\u00fcben. Wenn die Reise weiter nach Stevns und M\u00f8n geht, stehen die hohen Klippen im Kontrast zu den Deichen auf Lolland und Falster. Die Klippen beherbergen Geschichten, die bis in die Zeit der Dinosaurier zur\u00fcckreichen. Der Kalk im Untergrund verleiht dem Trinkwasser einen etwas anderen Geschmack, aber kann man den Unterschied schmecken? Wir wissen es nicht, aber vielleicht m\u00f6chtest du den Kirschwein probieren, der auf Lolland hergestellt wird? Er schmeckt auf jeden Fall s\u00fc\u00df und gut.<\/p>\n\n\n\n<p><strong><strong>Wir freuen uns, sagen zu k\u00f6nnen: Erleben ganz Seeland mit Guideservice D\u00e4nemark\u00a0<strong> und unserem Guide-Service <\/strong>Seeland<\/strong>.<\/strong><\/p>","protected":false},"excerpt":{"rendered":"<p>Der er mange smukke og charmerende steder at bes\u00f8ge p\u00e5 Sj\u00e6lland og ikke at forglemme alle de sk\u00f8nne \u00f8er t\u00e6t langs kystlinjen. Sj\u00e6lland og \u00f8er &#8211; guidede ture Sj\u00e6lland og omliggende \u00f8er d\u00e6kker rigtig meget. Vi har naturligvis hovedstaden, K\u00f8benhavn, fyldt med liv og fart over feltet, men s\u00e5 er der ogs\u00e5 alt det andet, Nordsj\u00e6lland samt Syd- og Vestsj\u00e6lland og Lolland-Falster, hvor der sker mange sp\u00e6ndende ting. De er rige p\u00e5 sev\u00e6rdigheder, gode historier, smuk natur og livet leves&#8230;<\/p>\n<p class=\"read-more\"><a class=\"btn btn-default\" href=\"https:\/\/guideservice.dk\/de\/guide-service-seeland\/\">Weiterlesen<span class=\"screen-reader-text\"> Weiterlesen<\/span><\/a><\/p>","protected":false},"author":218,"featured_media":0,"parent":0,"menu_order":0,"comment_status":"closed","ping_status":"closed","template":"template-parts\/page-home.php","meta":{"om_disable_all_campaigns":false,"inline_featured_image":false,"_uag_custom_page_level_css":"","_monsterinsights_skip_tracking":false,"_monsterinsights_sitenote_active":false,"_monsterinsights_sitenote_note":"","_monsterinsights_sitenote_category":0,"_uf_show_specific_survey":0,"_uf_disable_surveys":false,"footnotes":""},"class_list":["post-2366","page","type-page","status-publish","hentry"],"acf":[],"aioseo_notices":[],"uagb_featured_image_src":{"full":false,"thumbnail":false,"medium":false,"medium_large":false,"large":false,"1536x1536":false,"2048x2048":false,"trp-custom-language-flag":false,"post-thumbnail":false,"nisarg-full-width":false,"sow-carousel-default":false},"uagb_author_info":{"display_name":"Ellen","author_link":"https:\/\/guideservice.dk\/de\/author\/ellensofie\/"},"uagb_comment_info":0,"uagb_excerpt":"Der er mange smukke og charmerende steder at bes\u00f8ge p\u00e5 Sj\u00e6lland og ikke at forglemme alle de sk\u00f8nne \u00f8er t\u00e6t langs kystlinjen. Sj\u00e6lland og \u00f8er &#8211; guidede ture Sj\u00e6lland og omliggende \u00f8er d\u00e6kker rigtig meget. Vi har naturligvis hovedstaden, K\u00f8benhavn, fyldt med liv og fart over feltet, men s\u00e5 er der ogs\u00e5 alt det andet,&hellip;","_links":{"self":[{"href":"https:\/\/guideservice.dk\/de\/wp-json\/wp\/v2\/pages\/2366","targetHints":{"allow":["GET"]}}],"collection":[{"href":"https:\/\/guideservice.dk\/de\/wp-json\/wp\/v2\/pages"}],"about":[{"href":"https:\/\/guideservice.dk\/de\/wp-json\/wp\/v2\/types\/page"}],"author":[{"embeddable":true,"href":"https:\/\/guideservice.dk\/de\/wp-json\/wp\/v2\/users\/218"}],"replies":[{"embeddable":true,"href":"https:\/\/guideservice.dk\/de\/wp-json\/wp\/v2\/comments?post=2366"}],"version-history":[{"count":103,"href":"https:\/\/guideservice.dk\/de\/wp-json\/wp\/v2\/pages\/2366\/revisions"}],"predecessor-version":[{"id":7316,"href":"https:\/\/guideservice.dk\/de\/wp-json\/wp\/v2\/pages\/2366\/revisions\/7316"}],"wp:attachment":[{"href":"https:\/\/guideservice.dk\/de\/wp-json\/wp\/v2\/media?parent=2366"}],"curies":[{"name":"wp","href":"https:\/\/api.w.org\/{rel}","templated":true}]}}