{"id":2444,"date":"2022-10-17T10:08:22","date_gmt":"2022-10-17T08:08:22","guid":{"rendered":"https:\/\/guideservice.dk\/?page_id=2444"},"modified":"2026-04-15T13:19:41","modified_gmt":"2026-04-15T11:19:41","slug":"kontakt","status":"publish","type":"page","link":"https:\/\/guideservice.dk\/de\/kontakt\/","title":{"rendered":"Uns Kontaktieren"},"content":{"rendered":"<p>Wenn Sie Unterst\u00fctzung bei der Buchung von Stadtf\u00fchrungen, gef\u00fchrten Touren, Referenten oder Reiseleitern ben\u00f6tigen, erreichen Sie uns jederzeit unte&nbsp;<strong><a href=\"https:\/\/guideservice.dk\/de\/booking-af-guide\/?q=\/guide-vaelges-paa-kontoret\" target=\"_blank\" rel=\"noreferrer noopener\">Buchungsformular<\/a>.&nbsp;<\/strong><\/p>\n\n\n\n<p>Wir bem\u00fchen uns um eine schnelle R\u00fcckmeldung und legen Wert auf einen guten Dialog, damit wir die L\u00f6sung finden, die am besten zu Ihren Bed\u00fcrfnissen passt.<\/p>\n\n\n\n<p><strong>Direkte Ansprechpartner<\/strong><\/p>\n\n\n\n<ul class=\"wp-block-list\">\n<li><strong>Mette<\/strong> <strong>Mette<\/strong> - Buchung und Rekrutierung von Guides\/Reiseleitern: +45 4156 2859 \/ mb@guideservicedanmark.dk <strong>+45 4156 2859 | mb@guideservicedanmark.dk<\/strong><\/li>\n<\/ul>\n\n\n\n<ul class=\"wp-block-list\">\n<li><strong>Kristina<\/strong> \u2013 Marketing, Webmaster, B2B und Buchung <strong>+ 45 4156 2857 | kbp@guideservicedanmark.dk<\/strong><\/li>\n<\/ul>\n\n\n\n<ul class=\"wp-block-list\">\n<li><strong>Trine <\/strong>\u2013 B2B, Finanzen, Financial Controller <strong>+ 45 4156 2852 | finance@guideservicedanmark.dk<\/strong><\/li>\n<\/ul>\n\n\n\n<div class=\"wp-block-group is-vertical is-layout-flex wp-container-core-group-is-layout-8cf370e7 wp-block-group-is-layout-flex\">\n<p><strong>Allgemeine Anfragen<\/strong><\/p>\n\n\n\n<div class=\"wp-block-group is-vertical is-layout-flex wp-container-core-group-is-layout-8cf370e7 wp-block-group-is-layout-flex\">\n<p><a href=\"mailto:info@guideservicedanmark.dk\"><strong>info@guideservicedanmark.dk<\/strong><\/a><strong> | +45 4156 2855<\/strong><\/p>\n\n\n\n<p>F\u00fcr Fragen zu Buchungen, Guides, Reiseleitern, Referenten oder zu Kursen f\u00fcr Guides und Reiseleiter.<\/p>\n<\/div>\n<\/div>\n\n\n\n<div class=\"wp-block-group is-vertical is-layout-flex wp-container-core-group-is-layout-8cf370e7 wp-block-group-is-layout-flex\">\n<p><strong>Anfragen von Freelanceren<\/strong><\/p>\n\n\n\n<div class=\"wp-block-group is-vertical is-layout-flex wp-container-core-group-is-layout-8cf370e7 wp-block-group-is-layout-flex\">\n<p><a href=\"mailto:admin@guideservicedanmark.dk\"><strong>admin@guideservicedanmark.dk<\/strong><\/a><\/p>\n\n\n\n<p>F\u00fcr Reiseleiter, Guides und Referenten, die mit uns zusammenarbeiten.<\/p>\n<\/div>\n<\/div>\n\n\n\n<div class=\"wp-block-group is-vertical is-layout-flex wp-container-core-group-is-layout-8cf370e7 wp-block-group-is-layout-flex\">\n<p><strong>Auftr\u00e4ge in D\u00e4nemark und im Ausland<\/strong><\/p>\n\n\n\n<p>Wir \u00fcbernehmen Auftr\u00e4ge sowohl in D\u00e4nemark als auch international und unterst\u00fctzen Sie gern bei der Planung von F\u00fchrungen, Reiseprogrammen, Unterk\u00fcnften und mehr.<\/p>\n<\/div>\n\n\n\n<div class=\"wp-block-group is-vertical is-layout-flex wp-container-core-group-is-layout-8cf370e7 wp-block-group-is-layout-flex\">\n<p><strong>Freelancer werden<\/strong><\/p>\n\n\n\n<p>Wenn Sie als Freelancer f\u00fcr Guideservice Denmark t\u00e4tig werden m\u00f6chten, bewerben Sie sich bitte \u00fcber das Formular unter &nbsp;<a href=\"https:\/\/guideservice.dk\/de\/job-bei-guideservicedanmark\/\" target=\"_blank\" rel=\"noreferrer noopener\">Jobs bei Guideservice Danmark<\/a><\/p>\n<\/div>\n\n\n\n<div class=\"wp-block-group is-vertical is-layout-flex wp-container-core-group-is-layout-8cf370e7 wp-block-group-is-layout-flex\">\n<p><strong>Selbst buchen \u2013 Zeit und Geld sparen<\/strong><\/p>\n\n\n\n<p>GuideserviceDanmark macht es dir leicht, Fremdenf\u00fchrer, Reiseleiter und Redner selbst zu finden, und es ist g\u00fcnstiger f\u00fcr dich, wenn du den richtigen buchst.<\/p>\n<\/div>\n\n\n\n<ul class=\"wp-block-list\">\n<li><a href=\"https:\/\/guideservice.dk\/de\/einen-guide-finden\/\" target=\"_blank\" rel=\"noreferrer noopener\">Ihren Guide ausw\u00e4hlen <\/a>&nbsp;<\/li>\n\n\n\n<li><a href=\"https:\/\/guideservice.dk\/de\/eine-gefuehrte-tour-finden\/\" target=\"_blank\" rel=\"noreferrer noopener\">sich von unseren Tourvorschl\u00e4gen inspirieren lassen<\/a>&nbsp;<\/li>\n\n\n\n<li><a href=\"https:\/\/www.guideservicedanmark.dk\/soeg-rejseledere\/\" target=\"_blank\" rel=\"noreferrer noopener\">Ihren Reiseleiter finden<\/a><\/li>\n\n\n\n<li><a href=\"https:\/\/www.guideservicedanmark.dk\/soeg-foredrag\/\" target=\"_blank\" rel=\"noreferrer noopener\">Ihren Vortrag buchen<\/a><\/li>\n<\/ul>\n\n\n\n<p class=\"translation-block\">Wenn du einen Preisangebot bestellen m\u00f6chtest, zahlst du f\u00fcr die Zeit, die wir f\u00fcr die Vorbereitung des Angebots verwenden, mit einer Mindesteinlage von DKK 500 . Siehe unsere <a href=\"https:\/\/www.guideservicedanmark.dk\/aftale-vilkaar-guideservice-danmark\/\" target=\"_blank\" rel=\"noreferrer noopener\">Bedingungen und Konditionen<\/a>.<\/p>\n\n\n\n<p><a href=\"https:\/\/guideservice.dk\/de\/rechnung-zahlen\/\" target=\"_blank\" rel=\"noreferrer noopener\">Die Anzahlung oder Rechnung k\u00f6nnen Sie hier bequem bezahlen<\/a>. Bitte geben Sie dabei Ihren Namen oder die Rechnungsnummer an.<\/p>\n\n\n\n<p><\/p>","protected":false},"excerpt":{"rendered":"<p>Har du brug for hj\u00e6lp til booking af byvandringer, guidede ture, foredragsholdere eller rejseledere, er du altid velkommen til at kontakte os p\u00e5 +45 4156 2855 eller via vores&nbsp;bookingformular.&nbsp; Vi bestr\u00e6ber os p\u00e5 at svare hurtigst muligt \u2013 og vi prioriterer en god dialog, s\u00e5 vi kan hj\u00e6lpe dig frem til den l\u00f8sning, der passer bedst til dine \u00f8nsker. Direkte kontakt Generelle henvendelser info@guideservicedanmark.dk | +45 4156 2855 Til sp\u00f8rgsm\u00e5l om booking, guides, rejseledere, foredragsholdere eller kurser for guider og&#8230;<\/p>\n<p class=\"read-more\"><a class=\"btn btn-default\" href=\"https:\/\/guideservice.dk\/de\/kontakt\/\">Weiterlesen<span class=\"screen-reader-text\"> Weiterlesen<\/span><\/a><\/p>","protected":false},"author":218,"featured_media":0,"parent":0,"menu_order":0,"comment_status":"closed","ping_status":"closed","template":"template-parts\/page-home.php","meta":{"om_disable_all_campaigns":false,"inline_featured_image":false,"_uag_custom_page_level_css":"","_monsterinsights_skip_tracking":false,"_monsterinsights_sitenote_active":false,"_monsterinsights_sitenote_note":"","_monsterinsights_sitenote_category":0,"_uf_show_specific_survey":0,"_uf_disable_surveys":false,"footnotes":""},"class_list":["post-2444","page","type-page","status-publish","hentry"],"acf":[],"aioseo_notices":[],"uagb_featured_image_src":{"full":false,"thumbnail":false,"medium":false,"medium_large":false,"large":false,"1536x1536":false,"2048x2048":false,"trp-custom-language-flag":false,"post-thumbnail":false,"nisarg-full-width":false,"sow-carousel-default":false},"uagb_author_info":{"display_name":"Ellen","author_link":"https:\/\/guideservice.dk\/de\/author\/ellensofie\/"},"uagb_comment_info":0,"uagb_excerpt":"Har du brug for hj\u00e6lp til booking af byvandringer, guidede ture, foredragsholdere eller rejseledere, er du altid velkommen til at kontakte os p\u00e5 +45 4156 2855 eller via vores&nbsp;bookingformular.&nbsp; Vi bestr\u00e6ber os p\u00e5 at svare hurtigst muligt \u2013 og vi prioriterer en god dialog, s\u00e5 vi kan hj\u00e6lpe dig frem til den l\u00f8sning, der passer&hellip;","_links":{"self":[{"href":"https:\/\/guideservice.dk\/de\/wp-json\/wp\/v2\/pages\/2444","targetHints":{"allow":["GET"]}}],"collection":[{"href":"https:\/\/guideservice.dk\/de\/wp-json\/wp\/v2\/pages"}],"about":[{"href":"https:\/\/guideservice.dk\/de\/wp-json\/wp\/v2\/types\/page"}],"author":[{"embeddable":true,"href":"https:\/\/guideservice.dk\/de\/wp-json\/wp\/v2\/users\/218"}],"replies":[{"embeddable":true,"href":"https:\/\/guideservice.dk\/de\/wp-json\/wp\/v2\/comments?post=2444"}],"version-history":[{"count":26,"href":"https:\/\/guideservice.dk\/de\/wp-json\/wp\/v2\/pages\/2444\/revisions"}],"predecessor-version":[{"id":9842,"href":"https:\/\/guideservice.dk\/de\/wp-json\/wp\/v2\/pages\/2444\/revisions\/9842"}],"wp:attachment":[{"href":"https:\/\/guideservice.dk\/de\/wp-json\/wp\/v2\/media?parent=2444"}],"curies":[{"name":"wp","href":"https:\/\/api.w.org\/{rel}","templated":true}]}}