{"id":2470,"date":"2022-10-17T10:25:20","date_gmt":"2022-10-17T08:25:20","guid":{"rendered":"https:\/\/guideservice.dk\/?page_id=2470"},"modified":"2023-03-16T14:44:43","modified_gmt":"2023-03-16T13:44:43","slug":"privatlivspolitik","status":"publish","type":"page","link":"https:\/\/guideservice.dk\/de\/privatlebenspolitik\/","title":{"rendered":"Datenschutzbestimmungen"},"content":{"rendered":"<p><strong><em>Bitte unserer englischen Version dieser Seite lesen<\/em><\/strong><\/p>\n\n\n\n<p><a href=\"https:\/\/https:\/\/guideservice.dk\/en\/privacy-policy\/\" target=\"_self\">Die englische Version hier finden<\/a>\u00a0<\/p>\n\n\n\n<p><span> <\/span><\/p>\n\n\n\n<p><span> <\/span><\/p>\n\n\n\n<p><span> <\/span><\/p>\n\n\n\n<p><span> <\/span><\/p>\n\n\n\n<p><span> <\/span><\/p>\n\n\n\n<p><span> <\/span><\/p>\n\n\n\n<h2 class=\"wp-block-heading\"><span> <\/span><\/h2>\n\n\n\n<p><span> <\/span><\/p>\n\n\n\n<p class=\"translation-block\"><span> <\/span><\/p>\n\n\n\n<h2 class=\"wp-block-heading\">Uns kontaktieren<\/h2>\n\n\n\n<p>Fragen zur Datenverwaltung bitte an das B\u00fcro, Guideservice D\u00e4nemark, richten.<\/p>\n\n\n\n<p>Guide Service D\u00e4nemark<br>Thorsgade 21<br>5000 Odense C<br>+45 4156 2859<br><a href=\"mailto:info@GuideserviceDanmark.dk\">info@GuideserviceDanmark.dk<\/a><br>CVR: 31405467<\/p>","protected":false},"excerpt":{"rendered":"<p>Vi overholder naturligvis EUs lovgivning om h\u00e5ndtering af personf\u00f8lsomme data med mere Alle henvendelser fra kunder, ans\u00f8gere med flere gemmes i vort interne mail-system, s\u00e5ledes at vi altid kan finde og svare p\u00e5 henvendelser. Gemmes i det omfang, det giver mening af gemme oplysningerne for at kunne kontakte personen.\u00a0 Alle, der har v\u00e6ret i kontakt med os p\u00e5 mail, kan til enhver tid anmode om, at alle data fjernes i kartoteket. Vi gemmer i s\u00e5 fald kun lovpligtigt materiale i&#8230;<\/p>\n<p class=\"read-more\"><a class=\"btn btn-default\" href=\"https:\/\/guideservice.dk\/de\/privatlebenspolitik\/\">Weiterlesen<span class=\"screen-reader-text\"> Weiterlesen<\/span><\/a><\/p>","protected":false},"author":218,"featured_media":0,"parent":0,"menu_order":0,"comment_status":"closed","ping_status":"closed","template":"template-parts\/page-home.php","meta":{"om_disable_all_campaigns":false,"inline_featured_image":false,"_uag_custom_page_level_css":"","_monsterinsights_skip_tracking":false,"_monsterinsights_sitenote_active":false,"_monsterinsights_sitenote_note":"","_monsterinsights_sitenote_category":0,"_uf_show_specific_survey":0,"_uf_disable_surveys":false,"footnotes":""},"class_list":["post-2470","page","type-page","status-publish","hentry"],"acf":[],"aioseo_notices":[],"uagb_featured_image_src":{"full":false,"thumbnail":false,"medium":false,"medium_large":false,"large":false,"1536x1536":false,"2048x2048":false,"trp-custom-language-flag":false,"post-thumbnail":false,"nisarg-full-width":false,"sow-carousel-default":false},"uagb_author_info":{"display_name":"Ellen","author_link":"https:\/\/guideservice.dk\/de\/author\/ellensofie\/"},"uagb_comment_info":0,"uagb_excerpt":"Vi overholder naturligvis EUs lovgivning om h\u00e5ndtering af personf\u00f8lsomme data med mere Alle henvendelser fra kunder, ans\u00f8gere med flere gemmes i vort interne mail-system, s\u00e5ledes at vi altid kan finde og svare p\u00e5 henvendelser. Gemmes i det omfang, det giver mening af gemme oplysningerne for at kunne kontakte personen.\u00a0 Alle, der har v\u00e6ret i kontakt&hellip;","_links":{"self":[{"href":"https:\/\/guideservice.dk\/de\/wp-json\/wp\/v2\/pages\/2470","targetHints":{"allow":["GET"]}}],"collection":[{"href":"https:\/\/guideservice.dk\/de\/wp-json\/wp\/v2\/pages"}],"about":[{"href":"https:\/\/guideservice.dk\/de\/wp-json\/wp\/v2\/types\/page"}],"author":[{"embeddable":true,"href":"https:\/\/guideservice.dk\/de\/wp-json\/wp\/v2\/users\/218"}],"replies":[{"embeddable":true,"href":"https:\/\/guideservice.dk\/de\/wp-json\/wp\/v2\/comments?post=2470"}],"version-history":[{"count":9,"href":"https:\/\/guideservice.dk\/de\/wp-json\/wp\/v2\/pages\/2470\/revisions"}],"predecessor-version":[{"id":6943,"href":"https:\/\/guideservice.dk\/de\/wp-json\/wp\/v2\/pages\/2470\/revisions\/6943"}],"wp:attachment":[{"href":"https:\/\/guideservice.dk\/de\/wp-json\/wp\/v2\/media?parent=2470"}],"curies":[{"name":"wp","href":"https:\/\/api.w.org\/{rel}","templated":true}]}}