{"id":2529,"date":"2022-10-17T13:35:08","date_gmt":"2022-10-17T11:35:08","guid":{"rendered":"https:\/\/guideservice.dk\/?page_id=2529"},"modified":"2026-03-12T11:02:30","modified_gmt":"2026-03-12T10:02:30","slug":"guideservice-danmark","status":"publish","type":"page","link":"https:\/\/guideservice.dk\/de\/","title":{"rendered":"Guideservice D\u00e4nemark - Dein Guide zu tollen Erlebnissen!"},"content":{"rendered":"<p><strong><em>Mit Guideservice Danmark erhalten Sie Zugang zu engagierten und kompetenten Guides und Erz\u00e4hler:innen, die D\u00e4nemarks Geschichte, Natur und Kultur lebendig werden lassen. Ganz gleich, ob Sie D\u00e4nemark entdecken oder mit einem d\u00e4nischen Guide ins Ausland reisen m\u00f6chten \u2013 wir sind Ihre Garantie f\u00fcr authentische und inspirierende Erlebnisse.<\/em><\/strong><\/p>\n\n\n\n<p><\/p>\n\n\n<ul class=\"main-selector main-selector--sub main-selector--sub__home\">\r\n\r\n    \r\n                      \r\n          <li class=\"main-selector__item\">\r\n\r\n            \r\n            <a href=\"https:\/\/guideservice.dk\/de\/eine-gefuehrte-tour-finden\/\" class=\"selector-category translation-block\">\r\n              <h3 class=\"selector-category__title\">Guide finden<\/h3>\n\n              <figure class=\"selector-category__background\">\n                <img src=\"https:\/\/guideservice.dk\/wp-content\/uploads\/2024\/02\/find-en-guide-1024x683.jpg\" alt=\"\">\n              <\/figure>\r\n            <\/a>\r\n          <\/li>\r\n          \r\n                      \r\n          <li class=\"main-selector__item\">\r\n\r\n            \r\n            <a href=\"https:\/\/guideservice.dk\/de\/eine-gefuehrte-tour-finden\/\" class=\"selector-category translation-block\">\r\n              <h3 class=\"selector-category__title\">Find en tur<\/h3>\r\n\r\n              <figure class=\"selector-category__background\">\r\n                <img decoding=\"async\" src=\"https:\/\/guideservice.dk\/wp-content\/uploads\/2022\/04\/romo-1-1024x606.jpg\" alt=\"\">\r\n              <\/figure>\r\n            <\/a>\r\n          <\/li>\r\n          \r\n                      \r\n          <li class=\"main-selector__item\">\r\n\r\n            \r\n            <a href=\"https:\/\/www.guideservicedanmark.dk\/rejseledere-hele-verden\/?s=1&#038;lang=&#038;country=&#038;search=&#038;sort=&#038;doIt=1\" class=\"selector-category translation-block\">\r\n              <h3 class=\"selector-category__title\">Reiseleiter finden<\/h3>\n\n              <figure class=\"selector-category__background\">\n                <img src=\"https:\/\/guideservice.dk\/wp-content\/uploads\/2024\/02\/find-en-rejseleder-1-1024x682.jpeg\" alt=\"\">\n              <\/figure>\r\n            <\/a>\r\n          <\/li>\r\n          \r\n                      \r\n          <li class=\"main-selector__item\">\r\n\r\n            \r\n            <a href=\"https:\/\/guideservice.dk\/de\/job-bei-guideservicedanmark\/\" class=\"selector-category translation-block\">\r\n              <h3 class=\"selector-category__title\">Guide finden<\/h3>\n\n              <figure class=\"selector-category__background\">\n                <img src=\"https:\/\/guideservice.dk\/wp-content\/uploads\/2022\/10\/Job-hos-GDK-1024x768.jpg\" alt=\"\">\n              <\/figure>\r\n            <\/a>\r\n          <\/li>\r\n          \r\n              \r\n        \r\n<\/ul>\r\n\n\n\n<div class=\"wp-block-group\"><div class=\"wp-block-group__inner-container is-layout-constrained wp-block-group-is-layout-constrained\"><\/div><\/div>\n\n\n\n<h2 class=\"wp-block-heading\"><span> <\/span><\/h2>\n\n\n\n<p style=\"font-style:normal;font-weight:400\">Tr\u00e4umen Sie davon, Reiseleiter:in zu werden und anderen unvergessliche Reiseerlebnisse zu erm\u00f6glichen? Wir bilden laufend neue Reiseleiter:innen aus \u2013 so k\u00f6nnen Sie \u201eReiseleiter:in\u201c in Ihren Lebenslauf aufnehmen und lernen, wie man G\u00e4ste auf unvergessliche Touren begleitet.<\/p>\n\n\n\n<p class=\"has-white-color has-text-color has-link-color wp-elements-c645e628e62f8fbab9d9726851472d16\"><\/p>\n\n\n<ul class=\"main-selector main-selector--sub main-selector--sub__home\">\r\n\r\n    \r\n                                          \r\n        \r\n<\/ul>\r\n\n\n\n<h2 class=\"wp-block-heading\">Wir freuen uns darauf, dir zu helfen<\/h2>\n\n\n\n<p style=\"font-style:normal;font-weight:400\">Wir legen gro\u00dfen Wert darauf, f\u00fcr jede Aufgabe die passende Reiseleitung oder den passenden Guide auszuw\u00e4hlen, denn wir wissen, wie wichtig es ist, dass Guide und Gruppe gut zusammenpassen. Bei uns finden Sie immer inspirierende und engagierte<\/p>\n\n\n\n<p style=\"font-style:normal;font-weight:400\">Bei uns finden Sie stets inspirierende und engagierte&nbsp;<a href=\"https:\/\/guideservice.dk\/de\/einen-guide-finden\/\">F\u00fchrungen<\/a> og&nbsp;<a href=\"https:\/\/guideservice.dk\/de\/tilfaeldigt-udvalgte-foredrag-brug-soegefunktionen-til-at-finde-flere\/\">Vortr\u00e4ge<\/a>bei denen Sie mehr \u00fcber alles von der d\u00e4nischen Geschichte bis hin zu spannenden Orten in der weiten Welt erfahren k\u00f6nnen. Unsere Guides sind leidenschaftlich und kompetent \u2013 bereit, Sie auf eine Reise durch die Geschichte D\u00e4nemarks oder zu faszinierenden Reisezielen weltweit mitzunehmen.<\/p>\n\n\n\n<p style=\"font-style:normal;font-weight:400\">Finden Sie Ihre n\u00e4chste Reise unter unseren Tourenvorschl\u00e4gen oder kontaktieren Sie uns, um ein individuelles Erlebnis zusammenzustellen. Wir helfen Ihnen auch gerne bei praktischen Dingen wie der Buchung von Bussen, Tickets, Mittagessen und vielem mehr, damit Sie Ihre Reise ganz genie\u00dfen k\u00f6nnen.<\/p>\n\n\n\n<p style=\"font-style:normal;font-weight:400\">Ben\u00f6tigen Sie einen Reiseleiter f\u00fcr eine l\u00e4ngere Reise?<br>Besuchen Sie unsere Partnerseite <strong><a class=\"\" href=\"https:\/\/guideservicedanmark.dk\">Guideservicedanmark.dk<\/a><\/strong>.<\/p>\n\n\n\n<div class=\"wp-block-uagb-inline-notice uagb-inline_notice__align-left uagb-block-8f74141e\"><button class=\"uagb-notice-close-button\" type=\"button\" aria-label=\"Close\"><\/button><h4 class=\"uagb-notice-title\">Wir haben unter anderem Aufgaben erledigt f\u00fcr: <\/h4><div class=\"uagb-notice-text\">\n<p>\ud804\uddd0 Best Travel <br>\ud804\uddd0 CLAY Keramikmuseum Danmark<br>\ud804\uddd0 Panter Rejser<br>\ud804\uddd0 Comwell H.C. Andersen Odense<br>\ud804\uddd0 Destination Trekantomr\u00e5det<br>\ud804\uddd0 DFDS Logistics A\/S<br>\ud804\uddd0 Egeskov Slot<br>\ud804\uddd0 Siemens A\/S<br>\ud804\uddd0 Blue Water Shipping<br>\ud804\uddd0 Royal Unibrew<br>\ud804\uddd0 Destination Fyn<\/p>\n<\/div><\/div>\n\n\n\n<p><\/p>\n\n\n\n<p><strong>Gro\u00dfartige Erlebnisse beginnen mit einem guten Geschichtenerz\u00e4hler. Entdecken Sie D\u00e4nemark und die Welt mit Guideservice Danmark \u2013 wir freuen uns darauf, Sie willkommen zu hei\u00dfen!<\/strong><\/p>\n\n\n\n<div style=\"height:100px\" aria-hidden=\"true\" class=\"wp-block-spacer\"><\/div>\n\n\n\n<a href='https:\/\/www.kayak.de\/Odense.1106.guide' target='_blank' rel=\"noopener\"><img height='150' src='https:\/\/content.r9cdn.net\/rimg\/seo\/badges\/v1\/LIGHT_LARGE_FEATURED_KAYAK.png' \/><\/a>\n\n\n\n<p><\/p>\n\n\n<div class=\"fb-page\" data-href=\"https:\/\/www.facebook.com\/GuideserviceDK\/?locale=da_DK\" data-tabs=\"timeline\" data-width=\"500\" data-height=\"auto\" data-small-header=\"false\" data-adapt-container-width=\"true\" data-hide-cover=\"false\" data-show-facepile=\"true\"><blockquote cite=\"https:\/\/www.facebook.com\/GuideserviceDK\/?locale=da_DK\" class=\"fb-xfbml-parse-ignore\"><a href=\"https:\/\/www.facebook.com\/GuideserviceDK\/?locale=da_DK\">Guideservice \u2022 Danmark<\/a><\/blockquote><\/div>\n\n\n<p><\/p>","protected":false},"excerpt":{"rendered":"<p>Med Guideservice Danmark f\u00e5r du adgang til engagerede og dygtige guider og fort\u00e6llere, der bringer Danmarks historie, natur og kultur til live. Uanset om du vil opleve Danmark eller rejse ud i verden med dansk guide, er vi din garanti for autentiske og inspirerende fort\u00e6llinger. Bliv uddannet rejseleder med Guideservice Danmark Dr\u00f8mmer du om at blive rejseleder og skabe gode rejseoplevelser for andre? Vi uddanner l\u00f8bende nye rejseledere, s\u00e5 du kan f\u00e5 rejseleder p\u00e5 CV\u2019et og l\u00e6re at give g\u00e6ster&#8230;<\/p>\n<p class=\"read-more\"><a class=\"btn btn-default\" href=\"https:\/\/guideservice.dk\/de\/\">Weiterlesen<span class=\"screen-reader-text\"> Weiterlesen<\/span><\/a><\/p>","protected":false},"author":1,"featured_media":0,"parent":0,"menu_order":0,"comment_status":"closed","ping_status":"closed","template":"template-parts\/page-home.php","meta":{"om_disable_all_campaigns":false,"inline_featured_image":false,"_uag_custom_page_level_css":"","_monsterinsights_skip_tracking":false,"_monsterinsights_sitenote_active":false,"_monsterinsights_sitenote_note":"","_monsterinsights_sitenote_category":0,"_uf_show_specific_survey":0,"_uf_disable_surveys":false,"footnotes":""},"class_list":["post-2529","page","type-page","status-publish","hentry"],"acf":[],"aioseo_notices":[],"uagb_featured_image_src":{"full":false,"thumbnail":false,"medium":false,"medium_large":false,"large":false,"1536x1536":false,"2048x2048":false,"trp-custom-language-flag":false,"post-thumbnail":false,"nisarg-full-width":false,"sow-carousel-default":false},"uagb_author_info":{"display_name":"admin","author_link":"https:\/\/guideservice.dk\/de\/author\/jonas_ba13346b\/"},"uagb_comment_info":0,"uagb_excerpt":"Med Guideservice Danmark f\u00e5r du adgang til engagerede og dygtige guider og fort\u00e6llere, der bringer Danmarks historie, natur og kultur til live. Uanset om du vil opleve Danmark eller rejse ud i verden med dansk guide, er vi din garanti for autentiske og inspirerende fort\u00e6llinger. Bliv uddannet rejseleder med Guideservice Danmark Dr\u00f8mmer du om at&hellip;","_links":{"self":[{"href":"https:\/\/guideservice.dk\/de\/wp-json\/wp\/v2\/pages\/2529","targetHints":{"allow":["GET"]}}],"collection":[{"href":"https:\/\/guideservice.dk\/de\/wp-json\/wp\/v2\/pages"}],"about":[{"href":"https:\/\/guideservice.dk\/de\/wp-json\/wp\/v2\/types\/page"}],"author":[{"embeddable":true,"href":"https:\/\/guideservice.dk\/de\/wp-json\/wp\/v2\/users\/1"}],"replies":[{"embeddable":true,"href":"https:\/\/guideservice.dk\/de\/wp-json\/wp\/v2\/comments?post=2529"}],"version-history":[{"count":381,"href":"https:\/\/guideservice.dk\/de\/wp-json\/wp\/v2\/pages\/2529\/revisions"}],"predecessor-version":[{"id":9780,"href":"https:\/\/guideservice.dk\/de\/wp-json\/wp\/v2\/pages\/2529\/revisions\/9780"}],"wp:attachment":[{"href":"https:\/\/guideservice.dk\/de\/wp-json\/wp\/v2\/media?parent=2529"}],"curies":[{"name":"wp","href":"https:\/\/api.w.org\/{rel}","templated":true}]}}