{"id":2613,"date":"2022-11-16T09:50:35","date_gmt":"2022-11-16T08:50:35","guid":{"rendered":"https:\/\/guideservice.dk\/?page_id=2613"},"modified":"2025-01-15T09:56:16","modified_gmt":"2025-01-15T08:56:16","slug":"story-trail","status":"publish","type":"page","link":"https:\/\/guideservice.dk\/de\/story-trail\/","title":{"rendered":"Story-Trail"},"content":{"rendered":"<p><em><strong>- Stadtrundg\u00e4nge mit einem lernenden und kooperativen Ansatz<\/strong>.<\/em><\/p>\n\n\n\n<p><strong><em>Der Guide setzt die Geschichte in Gang. Die Teilnehmer l\u00f6sen in kleinen Gruppen spannende und lokale Aufgaben und lernen dabei die Gegend, die Stadt, das Viertel und das jeweilige Thema kennen. Lernen bedeutet, etwas zu erleben, sich zu engagieren und diese Erfahrung dann mit der ganzen Gruppe zu teilen. Das hilft und liefert Material f\u00fcr weiteres Lernen.<\/em><\/strong><\/p>\n\n\n\n<p><em><strong>Ein Story-Trail eignet sich besonders f\u00fcr Schulklassen, gr\u00f6\u00dfere Gruppen von Freunden und zur Teambildung.<\/strong><\/em><\/p>\n\n\n\r\n  \r\n      \r\n        \r\n            <? \/\/ List ?> \r\n\r\n                        <div>\r\n\r\n            \r\n            <div class=\"filter-container\" id=\"tourListOverview\">\r\n                <ul class=\"filter\">\r\n                  <li class=\"filter__item\">\r\n                    <input class=\"input\" id=\"tourInput\" type=\"search\" placeholder=\"Wohin geht es?\">\r\n                    <div class=\"btn\">\r\n                      <button class=\"btn__link\" data-uri=\"https:\/\/guideservice.dk\/wp-content\/themes\/nisarg-child\" data-locale=\"3\" data-endpoint=\"https:\/\/www.guideservicedanmark.dk\/custom\/0000000585\/api\/items\/?userKey=&#038;case=searchTour&#038;extraKeyword=visitstorytrail&#038;languageId=3&#038;country=all\" id=\"tourSearch\">Suche<\/button>\r\n                    <\/div>\r\n                  <\/li>\r\n                  <li class=\"filter__item filter__item--last\">\r\n                    <span>Sortierung:<\/span>\r\n                    <span>\r\n                      <select class=\"input\" id=\"tourSort\">\r\n                        <option value=\"\">Zuf\u00e4llig<\/option>\r\n                        <option value=\"name\">Alfabetisk<\/option>\r\n                        <option value=\"video\">Video<\/option>\r\n                      <\/select>\r\n                    <\/span>\r\n                  <\/li>\r\n                <\/ul>\r\n              <\/div>\r\n\r\n              <ul id=\"tourList\" class=\"tour-container\" data-tag=\"visitstorytrail\">\r\n\r\n                \r\n                  \r\n                  <li class=\"tour-container__item tour-container__item--large\">\r\n                    <a class=\"tour\" href=\"https:\/\/guideservice.dk\/de\/tour\/story-trail-street-art-und-aalborg\">\r\n                      <section class=\"tour__content\">\r\n\r\n                        <h2 class=\"tour__title tour__title--large\">Street Art in Aalborg &#8211; Eine Story Trail<\/h2>\r\n\r\n                        <div class=\"tour__desc tour__desc--full\">\r\n                          <p><strong>Dieser Story Trail erforscht die Jugendkultur der Gegenwart und Beispiele von Street Art in Aalborg.<\/strong><\/p><p>F&uuml;r Gruppen, die selbstst&auml;ndig Aalborg entdecken m&ouml;chten und sich f&uuml;r Street Art und Jugendkultur interessieren. F&uuml;r alle Altersgruppen geeignet, f&uuml;r Teambuilding, f&uuml;r Reisegruppen oder f&uuml;r Schulklassen ab der 7. Klasse. Gesamtdauer: 3 Stunden.<\/p><p>In Aalborg gibt es mehr als&nbsp;70 verschiedene Beispiele von Street Art. Ein Gro&szlig;teil davon ist in der Stadtmitte verstreut und ist innerhalb von 2 Stunden zu Fuss zu erreichen. Wir stellen hier die Frage, was Street Art ist, warum und wie es entsteht? Wir fangen mit einer Einf&uuml;hrung an und gehen ungef&auml;hr eine halbe Stunde durch die Stadtmitte, um die verschiedenen Gebiete kurz kennenzulernen.<\/p><p>Dann werden die Teilnehmer in Gruppen verteilt. Jede Gruppe bekommt einen eigenen Auftrag mit einer Strecke, die zu untersuchen ist und auch einen Stadtplan. F&uuml;r jede Strecke gibt es Aufgaben, die man l&ouml;sen mu&beta;. Es geht hier um die Bilder, die die Teilnehmer in ihrem Gebiet finden kennen zu lernen. Zum Schluss diskutieren wir die Ergebnisse, Street Art allgemein und die Gedanken, die durch die Gemeinsame Ausforschung hoffentlich angeregt wurden.<\/p>                        <\/div>\r\n\r\n                        <ul class=\"tour__langs\">\r\n                                                      <li>\r\n                              <button class=\"__gotoTourBtn\" href=\"https:\/\/guideservice.dk\/tur\/street-art-story-trail-i-aalborg#TRPLINKPROCESSED\">\r\n                                <img decoding=\"async\" title=\"Danish\" src=\"https:\/\/www.guideservicedanmark.dk\/grafik\/flag\/dk.gif\" alt=\"Danish\">\r\n                              <\/button>\r\n                            <\/li>\r\n                                                      <li>\r\n                              <button class=\"__gotoTourBtn\" href=\"https:\/\/guideservice.dk\/en\/tur\/street-art-in-aalborg#TRPLINKPROCESSED\">\r\n                                <img decoding=\"async\" title=\"English\" src=\"https:\/\/www.guideservicedanmark.dk\/grafik\/flag\/eng.gif\" alt=\"English\">\r\n                              <\/button>\r\n                            <\/li>\r\n                                                      <li>\r\n                              <button class=\"__gotoTourBtn\" href=\"https:\/\/guideservice.dk\/de\/tur\/story-trail-street-art-und-aalborg#TRPLINKPROCESSED\">\r\n                                <img decoding=\"async\" title=\"German\" src=\"https:\/\/www.guideservicedanmark.dk\/grafik\/flag\/de.gif\" alt=\"German\">\r\n                              <\/button>\r\n                            <\/li>\r\n                                                  <\/ul>\r\n\r\n                      <\/section>\r\n\r\n                      <figure class=\"tour__preview\">\r\n                        <img decoding=\"async\" onerror=\"this.src='https:\/\/guideservice.dk\/wp-content\/themes\/nisarg-child\/images\/gfx\/no-img-tour.png'\" src=\"https:\/\/www.guideservicedanmark.dk\/fil.asp?id=4008&#038;kode=onqKP4NDDF&#038;imageResize=1&#038;size=600x600\" alt=\"Aalborg\">\r\n                      <\/figure>\r\n\r\n                    <\/a>\r\n                  <\/li>\r\n\r\n                              <\/ul>\r\n            <\/div>\r\n\r\n            \r\n          \r\n\r\n      \r\n    \r\n\r\n\n\n\n<h2 class=\"wp-block-heading\">Die Essenz eines Story-Trails<\/h2>\n\n\n\n<p>Die Story-Trails eignen sich besonders gut zur Teambildung und Gruppenarbeit f\u00fcr Schulklassen, vor allem f\u00fcr die \u00e4lteren Klassenstufen.<\/p>\n\n\n\n<p>Die Gruppe wird in kleinere Teams aufgeteilt und erh\u00e4lt eigene Aufgaben, die sie erledigen muss. Der Guide wird das Programm einleiten, w\u00e4hrend des gesamten Programms zur Verf\u00fcgung stehen und eine abschlie\u00dfende Zusammenfassung anbieten.<\/p>\n\n\n\n<p>Alle Informationen sind online verf\u00fcgbar. Keine nassen Stadtpl\u00e4ne oder Arbeitsbl\u00e4tter.<\/p>\n\n\n\n<p>Die Essenz von Story-Trails ist also:<\/p>\n\n\n\n<ul class=\"wp-block-list\">\n<li>man bekommt Struktur und Aufgaben online<\/li>\n\n\n\n<li>aktiv zu sein und sich aktiv am eigenen Lernen zu beteiligen<\/li>\n\n\n\n<li>ein Viertel mit einem verwandten Thema entdecken und erleben<\/li>\n\n\n\n<li>mit Anleitung selbst die Geschichte und Erkl\u00e4rungen finden<\/li>\n\n\n\n<li>anschlie\u00dfende gemeinsame Diskussion und Reflexion<\/li>\n\n\n\n<li>Zusammenfassung aller Antworten, damit die Teilnehmer nach dem Story-Trail weiter an dem Thema arbeiten k\u00f6nnen<\/li>\n<\/ul>\n\n\n\n<h2 class=\"wp-block-heading\">Wo sind die Story-Trails?<\/h2>\n\n\n\n<p>Wir k\u00f6nnen Story-Trails sowohl in D\u00e4nemark als auch in mehreren Gro\u00dfst\u00e4dten in Europa anbieten. Einen Story-Trail sollte man als eine neue Art von Stadtrundgang sehen, bei dem die Teilnehmer viel aktiver sind als bei gew\u00f6hnlichen Stadtrundg\u00e4ngen. Hier m\u00fcssen sie Aufgaben l\u00f6sen, vorzugsweise in Zusammenarbeit. <\/p>\n\n\n\n<p>Da die Story-Trails in erster Linie f\u00fcr Schulklassen gedacht sind, konzentrieren wir uns auf die St\u00e4dte, von denen wir wissen, dass dort die meisten Sch\u00fclerreisen stattfinden. Du kannst Story Trails in folgenden St\u00e4dten finden:<\/p>\n\n\n\n<ul class=\"wp-block-list\">\n<li>Amsterdam<\/li>\n\n\n\n<li>Groningen<\/li>\n\n\n\n<li>Paris<\/li>\n\n\n\n<li>Berlin<\/li>\n\n\n\n<li>Kopenhagen<\/li>\n\n\n\n<li>Aalborg<\/li>\n<\/ul>\n\n\n\n<h2 class=\"wp-block-heading\">Geeignet f\u00fcr Schulklassen<\/h2>\n\n\n\n<p>Ein Story-Trail ist eine gute Option f\u00fcr Schulklassen, die etwas \u00fcber ein Thema lernen m\u00fcssen, selbst\u00e4ndig Informationen finden und lernen, sich an einem neuen Ort zurechtzufinden. Daher sind sie am besten f\u00fcr etwas \u00e4ltere Klassen geeignet. Wir haben schon mit 8. bis 10. Klassen und auch mit 10. bis 13.<\/p>\n\n\n\n<p>Wenn die Sch\u00fcler j\u00fcnger sind, empfehlen wir, mehrere Lehrer mitzubringen, damit wir die Sch\u00fcler sicher in kleinere Gruppen aufteilen k\u00f6nnen, die jeweils von einem Lehrer begleitet werden.<\/p>\n\n\n\n<p>Bei einem Story-Trail sind es die Teilnehmer der Gruppe, die ein bestimmtes Thema erkunden, entdecken, betrachten und diskutieren. Der Guide gibt den Rahmen vor und steht w\u00e4hrend der gesamten Tour zur Verf\u00fcgung. <\/p>\n\n\n\n<p>Die Teilnehmer entdecken, lernen und erforschen ein Stadtviertel und die mit diesem Viertel verbundenen Probleme. Diese werden vom Guide bereitgestellt.<\/p>\n\n\n\n<p>Auf einem Story-Trail lernen die Teilnehmer ein Stadtviertel noch besser kennen, erfahren, wie das Leben in diesem Gebiet abl\u00e4uft und erleben das Viertel selbst.<\/p>\n\n\n\n<p>Ein Story-Trail ist aktives und spielerisches Lernen.<\/p>\n\n\n\n<h2 class=\"wp-block-heading\">Der eigene Story-Trail f\u00fcr deine Klasse<\/h2>\n\n\n\n<p>Wenn du Hilfe bei der Erstellung deines eigenen Storytrails brauchst, sind wir f\u00fcr dich da. Wir haben die Erfahrung und verf\u00fcgen \u00fcber alle relevanten Codes, sodass du schnell loslegen kannst. <\/p>\n\n\n\n<p>Ein eigener Story-Trail kann f\u00fcr eine Klasse gedacht sein, um ein Thema zu bearbeiten, das wir noch nicht abgedeckt haben, oder f\u00fcr eine Tour in eine neue Stadt. Melde dich bei uns und wir helfen dir bei den ersten Schritten. Vielleicht hast du ja sogar Lust, bei uns als Story-Trail-Guide zu arbeiten?<\/p>\n\n\n\n<h2 class=\"wp-block-heading\">Wer kann teilnehmen?<\/h2>\n\n\n\n<p>Story-Trails sind f\u00fcr \u00e4ltere Schulklassen geeignet. F\u00fcr j\u00fcngere Klassen werden mehr Lehrer ben\u00f6tigt, um sicherzustellen, dass es f\u00fcr alle Sch\u00fcler sicher ist, in kleinen Gruppen in einer neuen Stadt zu agieren. Als Lehrer, der die Klasse kennt, muss die Entscheidung getroffen werden, ob die Sch\u00fcler in den Gruppen Unterst\u00fctzung ben\u00f6tigen. Sowohl der Guide als auch der Lehrer k\u00f6nnen den Sch\u00fclern bei Bedarf auf ihrem Weg helfen.<\/p>\n\n\n\n<h2 class=\"wp-block-heading\">Story-Trails und Teamarbeit<\/h2>\n\n\n\n<p>Ein Story-Trail ist f\u00fcr die Teambildung geeignet. Der Schwerpunkt liegt auf der Zusammenarbeit und dem gemeinsamen Erleben einer neuen Stadt.<\/p>\n\n\n\n<p>Ob als Verein auf Tour, als gro\u00dfe Familie oder als Betriebsausflug - es ist eine gute M\u00f6glichkeit, gemeinsam Zeit zu verbringen und dabei ein Gebiet oder ein Thema kennen zu lernen. <\/p>\n\n\n\n<p>Teambildung in einer ruhigen, lehrreichen Art und Weise. Gemeinsam gewinnen die Teilnehmer neues Wissen, eine tolle Erfahrung und nicht zuletzt eine sch\u00f6ne gemeinsame Erinnerung, die sie mit nach Hause nehmen k\u00f6nnen.<\/p>\n\n\n\n<p><strong> Wir freuen uns, sagen zu k\u00f6nnen: Erlebe einen Story-Trail mit Guideservice D\u00e4nemark und unserem lernenden Guide-Service.<\/strong><\/p>","protected":false},"excerpt":{"rendered":"<p>&#8211; byvandringer med en l\u00e6rende og samarbejdende tilgang. Guiden s\u00e6tter din story trail i gang. Deltagerne skal i sm\u00e5 grupper l\u00f8se sp\u00e6ndende og lokale opgaver og l\u00e6rer dermed omr\u00e5det, byen, kvarteret og emnet godt at kende. At l\u00e6re er at opleve og engagere sig og bagefter at dele oplevelserne med hele gruppen. Det hj\u00e6lper og er stof til l\u00e6ngere l\u00e6ring. En story trail er s\u00e6rlig velegnet for skoleklasser, st\u00f8rre vennegrupper og som team building. Essensen af en story trail Story&#8230;<\/p>\n<p class=\"read-more\"><a class=\"btn btn-default\" href=\"https:\/\/guideservice.dk\/de\/story-trail\/\">Weiterlesen<span class=\"screen-reader-text\"> Weiterlesen<\/span><\/a><\/p>","protected":false},"author":1,"featured_media":0,"parent":0,"menu_order":0,"comment_status":"closed","ping_status":"closed","template":"template-parts\/tour-showTours.php","meta":{"om_disable_all_campaigns":false,"inline_featured_image":false,"_uag_custom_page_level_css":"","_monsterinsights_skip_tracking":false,"_monsterinsights_sitenote_active":false,"_monsterinsights_sitenote_note":"","_monsterinsights_sitenote_category":0,"_uf_show_specific_survey":0,"_uf_disable_surveys":false,"footnotes":""},"class_list":["post-2613","page","type-page","status-publish","hentry"],"acf":[],"aioseo_notices":[],"uagb_featured_image_src":{"full":false,"thumbnail":false,"medium":false,"medium_large":false,"large":false,"1536x1536":false,"2048x2048":false,"trp-custom-language-flag":false,"post-thumbnail":false,"nisarg-full-width":false,"sow-carousel-default":false},"uagb_author_info":{"display_name":"admin","author_link":"https:\/\/guideservice.dk\/de\/author\/jonas_ba13346b\/"},"uagb_comment_info":0,"uagb_excerpt":"&#8211; byvandringer med en l\u00e6rende og samarbejdende tilgang. Guiden s\u00e6tter din story trail i gang. Deltagerne skal i sm\u00e5 grupper l\u00f8se sp\u00e6ndende og lokale opgaver og l\u00e6rer dermed omr\u00e5det, byen, kvarteret og emnet godt at kende. At l\u00e6re er at opleve og engagere sig og bagefter at dele oplevelserne med hele gruppen. Det hj\u00e6lper og&hellip;","_links":{"self":[{"href":"https:\/\/guideservice.dk\/de\/wp-json\/wp\/v2\/pages\/2613","targetHints":{"allow":["GET"]}}],"collection":[{"href":"https:\/\/guideservice.dk\/de\/wp-json\/wp\/v2\/pages"}],"about":[{"href":"https:\/\/guideservice.dk\/de\/wp-json\/wp\/v2\/types\/page"}],"author":[{"embeddable":true,"href":"https:\/\/guideservice.dk\/de\/wp-json\/wp\/v2\/users\/1"}],"replies":[{"embeddable":true,"href":"https:\/\/guideservice.dk\/de\/wp-json\/wp\/v2\/comments?post=2613"}],"version-history":[{"count":24,"href":"https:\/\/guideservice.dk\/de\/wp-json\/wp\/v2\/pages\/2613\/revisions"}],"predecessor-version":[{"id":8279,"href":"https:\/\/guideservice.dk\/de\/wp-json\/wp\/v2\/pages\/2613\/revisions\/8279"}],"wp:attachment":[{"href":"https:\/\/guideservice.dk\/de\/wp-json\/wp\/v2\/media?parent=2613"}],"curies":[{"name":"wp","href":"https:\/\/api.w.org\/{rel}","templated":true}]}}