{"id":2620,"date":"2022-11-16T10:13:33","date_gmt":"2022-11-16T09:13:33","guid":{"rendered":"https:\/\/guideservice.dk\/?page_id=2620"},"modified":"2022-11-16T10:19:19","modified_gmt":"2022-11-16T09:19:19","slug":"historietimen","status":"publish","type":"page","link":"https:\/\/guideservice.dk\/de\/historietimen\/","title":{"rendered":"Geschichtsstunde"},"content":{"rendered":"<p><em>For\u00a0mange l\u00e6sere\u00a0dukker der j\u00e6vnligt ord og udtryk op, som vi tror, vi ved alt om, men g\u00f8r vi nu det? Du kan blandt andet tjekke din egen viden her i Historietimen.<\/em><\/p>\n\n\n\n<p>Sl\u00e5 dine ord op herunder.<\/p>\n\n\n\n<h2 class=\"wp-block-heading\">Tilf\u00e6ldigt valgte opslag i Historietimen &#8211; s\u00f8g, og find flere gode historier<\/h2>\n\n\n\n\n\n<h2 class=\"wp-block-heading\">Er der noget vi skal forklare?<\/h2>\n\n\n\n<figure class=\"wp-block-table is-style-regular\"><table><tbody><tr><td>Inds\u00e6t skema her<\/td><td><\/td><\/tr><tr><td><\/td><td><\/td><\/tr><\/tbody><\/table><\/figure>","protected":false},"excerpt":{"rendered":"<p>For\u00a0mange l\u00e6sere\u00a0dukker der j\u00e6vnligt ord og udtryk op, som vi tror, vi ved alt om, men g\u00f8r vi nu det? Du kan blandt andet tjekke din egen viden her i Historietimen. Sl\u00e5 dine ord op herunder. Tilf\u00e6ldigt valgte opslag i Historietimen &#8211; s\u00f8g, og find flere gode historier Er der noget vi skal forklare? Inds\u00e6t skema her<\/p>","protected":false},"author":218,"featured_media":0,"parent":0,"menu_order":0,"comment_status":"closed","ping_status":"closed","template":"template-parts\/page-home.php","meta":{"om_disable_all_campaigns":false,"inline_featured_image":false,"_uag_custom_page_level_css":"","_monsterinsights_skip_tracking":false,"_monsterinsights_sitenote_active":false,"_monsterinsights_sitenote_note":"","_monsterinsights_sitenote_category":0,"_uf_show_specific_survey":0,"_uf_disable_surveys":false,"footnotes":""},"class_list":["post-2620","page","type-page","status-publish","hentry"],"acf":[],"aioseo_notices":[],"uagb_featured_image_src":{"full":false,"thumbnail":false,"medium":false,"medium_large":false,"large":false,"1536x1536":false,"2048x2048":false,"trp-custom-language-flag":false,"post-thumbnail":false,"nisarg-full-width":false,"sow-carousel-default":false},"uagb_author_info":{"display_name":"Ellen","author_link":"https:\/\/guideservice.dk\/de\/author\/ellensofie\/"},"uagb_comment_info":0,"uagb_excerpt":"For\u00a0mange l\u00e6sere\u00a0dukker der j\u00e6vnligt ord og udtryk op, som vi tror, vi ved alt om, men g\u00f8r vi nu det? Du kan blandt andet tjekke din egen viden her i Historietimen. Sl\u00e5 dine ord op herunder. Tilf\u00e6ldigt valgte opslag i Historietimen &#8211; s\u00f8g, og find flere gode historier Er der noget vi skal forklare? Inds\u00e6t&hellip;","_links":{"self":[{"href":"https:\/\/guideservice.dk\/de\/wp-json\/wp\/v2\/pages\/2620","targetHints":{"allow":["GET"]}}],"collection":[{"href":"https:\/\/guideservice.dk\/de\/wp-json\/wp\/v2\/pages"}],"about":[{"href":"https:\/\/guideservice.dk\/de\/wp-json\/wp\/v2\/types\/page"}],"author":[{"embeddable":true,"href":"https:\/\/guideservice.dk\/de\/wp-json\/wp\/v2\/users\/218"}],"replies":[{"embeddable":true,"href":"https:\/\/guideservice.dk\/de\/wp-json\/wp\/v2\/comments?post=2620"}],"version-history":[{"count":5,"href":"https:\/\/guideservice.dk\/de\/wp-json\/wp\/v2\/pages\/2620\/revisions"}],"predecessor-version":[{"id":2627,"href":"https:\/\/guideservice.dk\/de\/wp-json\/wp\/v2\/pages\/2620\/revisions\/2627"}],"wp:attachment":[{"href":"https:\/\/guideservice.dk\/de\/wp-json\/wp\/v2\/media?parent=2620"}],"curies":[{"name":"wp","href":"https:\/\/api.w.org\/{rel}","templated":true}]}}