{"id":2642,"date":"2022-11-16T11:41:09","date_gmt":"2022-11-16T10:41:09","guid":{"rendered":"https:\/\/guideservice.dk\/?page_id=2642"},"modified":"2025-12-09T11:04:56","modified_gmt":"2025-12-09T10:04:56","slug":"booking","status":"publish","type":"page","link":"https:\/\/guideservice.dk\/de\/buchung\/","title":{"rendered":"Buchung"},"content":{"rendered":"<p><strong><em>Die freischaffenden Fremdenf\u00fchrer und Reiseleiter von GuideserviceDanmark sind \u00fcber ganz D\u00e4nemark verteilt. So kannst du deine Aufgaben vor Ort gel\u00f6st bekommen, egal wo in D\u00e4nemark du einen Guide, Reiseleiter oder einen Vortrag brauchst<\/em><\/strong>.<\/p>\n\n\n\n<p>Du kannst eine gef\u00fchrte Tour oder Guide bei uns buchen . Gib einfach die richtigen Daten in unser Buchungssystem ein und schon ist alles erledigt. Gegen eine kleine Geb\u00fchr k\u00f6nnt ihr uns im B\u00fcro auch bitten, die Daten f\u00fcr euch einzutragen.<\/p>\n\n\n\r\n    <div class=\"quote-wrapper\">\r\n        <figure class=\"quote-block\">\r\n                            <div class=\"quote-block__img\">\r\n                    <img decoding=\"async\" src=\"https:\/\/guideservice.dk\/wp-content\/uploads\/2023\/03\/family-klitmoeller-denmark-8_\u00a9-Mette-Johnsen-scaled.jpg\" alt=\"\">\r\n                                            <p class=\"quote-block__copyright\">\u00a9  Mette Johnsen<\/p>\r\n                                    <\/div>\r\n            \r\n            <q class=\"title quote-block__quote\">Wir freuen uns darauf, dir zu helfen<\/q>\r\n            <figcaption class=\"quote-block__author\">Guide Service D\u00e4nemark<\/figcaption>\r\n        <\/figure>\r\n\r\n                    <div class=\"btn btn--left btn--column btn--no-top\">\r\n                            <a class=\"btn__link btn__link--green\" href=\"https:\/\/guideservice.dk\/de\/tour\/turforslag-booking-manager-mette-berrig\/?booking=2052&#038;q=\/turforslag-booking-manager-mette-berrig\">Book jetzt<\/a>\r\n                            <a class=\"btn__link\" href=\"https:\/\/guideservice.dk\/de\/einen-guide-finden\/\">Guide finden<\/a>\r\n                            <a class=\"btn__link\" href=\"https:\/\/guideservice.dk\/de\/eine-gefuehrte-tour-finden\/\">Tour finden<\/a>\r\n                            <a class=\"btn__link\" href=\"https:\/\/www.guideservicedanmark.dk\/suche-deutschsprachige-reiseleitern-fuer-daenemark-und-skandinavien\/\">Reiseleiter finden<\/a>\r\n                        <\/div>\r\n            <\/div>\r\n    \r\n\n\n\n<div style=\"height:63px\" aria-hidden=\"true\" class=\"wp-block-spacer\"><\/div>\n\n\n\n<p>Du kannst einen bestimmten Guide ausw\u00e4hlen, oder du kannst uns die am Tag verf\u00fcgbaren Guides aussuchen lassen. Wenn du dich f\u00fcr das Letztere entscheidest, darfst du aus den am Tag verf\u00fcgbaren Guides w\u00e4hlen. Wir bem\u00fchen uns, 2-3 qualifizierte Fremdenf\u00fchrer zu finden, aus denen du w\u00e4hlen kannst. Nat\u00fcrlich kannst du auch uns die Wahl \u00fcberlassen, wer dich begleiten soll.<\/p>\n\n\n\n<p>Die Preise findest du auf dem jeweiligen Profil und in unseren&nbsp;<strong><a href=\"https:\/\/guideservice.dk\/de\/vertragsbedingung\/\">Vertragsbedingungen<\/a><\/strong>.<\/p>\n\n\n\n<p>Du erh\u00e4ltst eine Best\u00e4tigung deiner Buchung und eine Rechnung vom B\u00fcro, damit du genau wei\u00dft, was vereinbart wurde und kannst uns dann sofort bezahlen. Wir rechnen mit dem Guide\/Reiseleiter ab, wenn die Aufgabe erledigt ist.<\/p>\n\n\n\n<p class=\"translation-block\">Hier findest du alle <a href=\"https:\/\/guideservice.dk\/de\/einen-guide-finden\/\" target=\"_self\">Guides in D\u00e4nemark<\/a> und hier kannst du alle <a href=\"https:\/\/guideservice.dk\/de\/eine-gefuehrte-tour-finden\/\" target=\"_self\">Tourbeschreibungen<\/a> lesen, die sie anbieten. Du kannst sie direkt \u00fcber das Profil buchen - oder wir k\u00f6nnen f\u00fcr dich herausfinden, wer an dem Tag zur Verf\u00fcgung steht, aus dem du dann ausw\u00e4hlen kannst.<\/p>\n\n\n\n<p class=\"translation-block\">Wenn du hier buchst, fragst du alle Guides und bekommst eine Liste mit allen, die an dem Tag verf\u00fcgbar sind, so dass du w\u00e4hlen kannst.<\/p>\n\n\n\n<p class=\"translation-block\">Falls du einen Reiseleiter brauchst, findest du hier die Reiseleiter f\u00fcr alle L\u00e4nder und kannst \u00fcberpr\u00fcfen, welche Reiseleiter zu deinem Termin verf\u00fcgbar ist, so dass du den richtigen f\u00fcr deine G\u00e4ste aussuchen kannst.<\/p>\n\n\n\n<div class=\"wp-block-buttons is-layout-flex wp-block-buttons-is-layout-flex\"><\/div>\n\n\n<ul class=\"main-selector main-selector--sub main-selector--sub__home\">\r\n\r\n    \r\n                      \r\n          <li class=\"main-selector__item\">\r\n\r\n            \r\n            <a href=\"https:\/\/guideservice.dk\/en\/terms-of-agreement\/\" class=\"selector-category translation-block\">\r\n              <h3 class=\"selector-category__title\">Vertragsbedingung<\/h3>\n\n              <figure class=\"selector-category__background\">\n                <img src=\"https:\/\/guideservice.dk\/wp-content\/uploads\/2022\/11\/aftalevilkaar-1024x685.jpg\" alt=\"\">\n              <\/figure>\r\n            <\/a>\r\n          <\/li>\r\n          \r\n                      \r\n          <li class=\"main-selector__item\">\r\n\r\n            \r\n            <a href=\"https:\/\/guideservice.dk\/en\/accomodation\/\" class=\"selector-category translation-block\">\r\n              <h3 class=\"selector-category__title\">\u00dcbernachtung<\/h3>\n\n              <figure class=\"selector-category__background\">\n                <img src=\"https:\/\/guideservice.dk\/wp-content\/uploads\/2023\/02\/Overnatning.png\" alt=\"\">\n              <\/figure>\r\n            <\/a>\r\n          <\/li>\r\n          \r\n                      \r\n          <li class=\"main-selector__item\">\r\n\r\n            \r\n            <a href=\"https:\/\/guideservice.dk\/de\/betal-faktura-2\/\" class=\"selector-category translation-block\">\r\n              <h3 class=\"selector-category__title\">Rechnung bezahlen\n<\/h3>\n\n              <figure class=\"selector-category__background\">\n                <img src=\"https:\/\/guideservice.dk\/wp-content\/uploads\/2023\/02\/Betal-faktura-1-1024x1024.png\" alt=\"\">\n              <\/figure>\r\n            <\/a>\r\n          <\/li>\r\n          \r\n                                          \r\n        \r\n<\/ul>","protected":false},"excerpt":{"rendered":"<p>Guideservice Danmarks freelance guider og rejseledere er fordelt over hele Danmark. Derfor kan du booke guidede ture lokalt, uanset hvor i Danmark du vil p\u00e5 opdagelse. Du kan ogs\u00e5 booke foredrag hvis du vil lidt mere i dybden. Du kan selv booke din guidede tur og guide. Du skal blot taste de rigtige oplysninger i vores booking, s\u00e5 g\u00e5r det hele i gang. Mod et lille gebyr, kan du ogs\u00e5 bede os p\u00e5 kontoret taste oplysningerne for dig. Du kan&#8230;<\/p>\n<p class=\"read-more\"><a class=\"btn btn-default\" href=\"https:\/\/guideservice.dk\/de\/buchung\/\">Weiterlesen<span class=\"screen-reader-text\"> Weiterlesen<\/span><\/a><\/p>","protected":false},"author":1,"featured_media":0,"parent":0,"menu_order":0,"comment_status":"closed","ping_status":"closed","template":"template-parts\/page-home.php","meta":{"om_disable_all_campaigns":false,"inline_featured_image":false,"_uag_custom_page_level_css":"","_monsterinsights_skip_tracking":false,"_monsterinsights_sitenote_active":false,"_monsterinsights_sitenote_note":"","_monsterinsights_sitenote_category":0,"_uf_show_specific_survey":0,"_uf_disable_surveys":false,"footnotes":""},"class_list":["post-2642","page","type-page","status-publish","hentry"],"acf":[],"aioseo_notices":[],"uagb_featured_image_src":{"full":false,"thumbnail":false,"medium":false,"medium_large":false,"large":false,"1536x1536":false,"2048x2048":false,"trp-custom-language-flag":false,"post-thumbnail":false,"nisarg-full-width":false,"sow-carousel-default":false},"uagb_author_info":{"display_name":"admin","author_link":"https:\/\/guideservice.dk\/de\/author\/jonas_ba13346b\/"},"uagb_comment_info":0,"uagb_excerpt":"Guideservice Danmarks freelance guider og rejseledere er fordelt over hele Danmark. Derfor kan du booke guidede ture lokalt, uanset hvor i Danmark du vil p\u00e5 opdagelse. Du kan ogs\u00e5 booke foredrag hvis du vil lidt mere i dybden. Du kan selv booke din guidede tur og guide. Du skal blot taste de rigtige oplysninger i&hellip;","_links":{"self":[{"href":"https:\/\/guideservice.dk\/de\/wp-json\/wp\/v2\/pages\/2642","targetHints":{"allow":["GET"]}}],"collection":[{"href":"https:\/\/guideservice.dk\/de\/wp-json\/wp\/v2\/pages"}],"about":[{"href":"https:\/\/guideservice.dk\/de\/wp-json\/wp\/v2\/types\/page"}],"author":[{"embeddable":true,"href":"https:\/\/guideservice.dk\/de\/wp-json\/wp\/v2\/users\/1"}],"replies":[{"embeddable":true,"href":"https:\/\/guideservice.dk\/de\/wp-json\/wp\/v2\/comments?post=2642"}],"version-history":[{"count":129,"href":"https:\/\/guideservice.dk\/de\/wp-json\/wp\/v2\/pages\/2642\/revisions"}],"predecessor-version":[{"id":9079,"href":"https:\/\/guideservice.dk\/de\/wp-json\/wp\/v2\/pages\/2642\/revisions\/9079"}],"wp:attachment":[{"href":"https:\/\/guideservice.dk\/de\/wp-json\/wp\/v2\/media?parent=2642"}],"curies":[{"name":"wp","href":"https:\/\/api.w.org\/{rel}","templated":true}]}}