{"id":2802,"date":"2022-12-08T11:54:43","date_gmt":"2022-12-08T10:54:43","guid":{"rendered":"https:\/\/guideservice.dk\/?page_id=2802"},"modified":"2023-03-07T10:47:04","modified_gmt":"2023-03-07T09:47:04","slug":"overnatning","status":"publish","type":"page","link":"https:\/\/guideservice.dk\/de\/uebernachtung\/","title":{"rendered":"\u00dcbernachtung"},"content":{"rendered":"<p><em><strong>\u00dcber unseren Partnern, findest du gute Unterkunftsm\u00f6glichkeiten an mehreren Orten D\u00e4nemarks<\/strong><\/em><\/p>\n\n\n\n<p>Hier findest du gute Vorschl\u00e4ge von Hostels \u00fcber Hotels bis hin zu Campingpl\u00e4tzen. Wir empfehlen dir direkt bei unseren Partnern zu buchen.<\/p>\n\n\n\n<p>Wir empfehlen dir, direkt bei unseren Partnern zu buchen. Deine Guide, F\u00fchrungen oder Stadtrundg\u00e4nge buchst du direkt bei uns bei Guideservice D\u00e4nemark<\/p>\n\n\n\n<div class=\"wp-block-media-text alignwide is-stacked-on-mobile\" style=\"grid-template-columns:15% auto\"><figure class=\"wp-block-media-text__media\"><a href=\"https:\/\/www.danske-hoteller.dk\/\" target=\"_blank\" rel=\"noreferrer noopener\"><img loading=\"lazy\" decoding=\"async\" width=\"2362\" height=\"1170\" src=\"https:\/\/guideservice.dk\/wp-content\/uploads\/2022\/12\/danske_hoteller_cmyk.png\" alt=\"\" class=\"wp-image-2804 size-full\" srcset=\"https:\/\/guideservice.dk\/wp-content\/uploads\/2022\/12\/danske_hoteller_cmyk.png 2362w, https:\/\/guideservice.dk\/wp-content\/uploads\/2022\/12\/danske_hoteller_cmyk-300x149.png 300w, https:\/\/guideservice.dk\/wp-content\/uploads\/2022\/12\/danske_hoteller_cmyk-1024x507.png 1024w, https:\/\/guideservice.dk\/wp-content\/uploads\/2022\/12\/danske_hoteller_cmyk-768x380.png 768w, https:\/\/guideservice.dk\/wp-content\/uploads\/2022\/12\/danske_hoteller_cmyk-1536x761.png 1536w, https:\/\/guideservice.dk\/wp-content\/uploads\/2022\/12\/danske_hoteller_cmyk-2048x1014.png 2048w, https:\/\/guideservice.dk\/wp-content\/uploads\/2022\/12\/danske_hoteller_cmyk-18x9.png 18w, https:\/\/guideservice.dk\/wp-content\/uploads\/2022\/12\/danske_hoteller_cmyk-545x270.png 545w\" sizes=\"auto, (max-width: 2362px) 100vw, 2362px\" \/><\/a><\/figure><div class=\"wp-block-media-text__content\">\n<p>Bei Danske Hoteller A\/S findest du 23 gem\u00fctliche Hotels im sch\u00f6nen D\u00e4nemark. Ob f\u00fcr eine Firmen\u00fcbernachtung, einen romantischen Wochenendaufenthalt, einen erlebnisreichen Kurzurlaub f\u00fcr die ganze Familie, einen Golfaufenthalt, Firmenfeiern oder Jubil\u00e4en, bei uns findst du hochwertige Erlebnisse.<\/p>\n<\/div><\/div>\n\n\n\n<div class=\"wp-block-media-text alignwide is-stacked-on-mobile\" style=\"grid-template-columns:15% auto\"><figure class=\"wp-block-media-text__media\"><a href=\"https:\/\/feddet.dk\/\" target=\"_blank\" rel=\"noreferrer noopener\"><img loading=\"lazy\" decoding=\"async\" width=\"989\" height=\"340\" src=\"https:\/\/guideservice.dk\/wp-content\/uploads\/2022\/12\/Feddet-strand.png\" alt=\"\" class=\"wp-image-2816 size-full\" srcset=\"https:\/\/guideservice.dk\/wp-content\/uploads\/2022\/12\/Feddet-strand.png 989w, https:\/\/guideservice.dk\/wp-content\/uploads\/2022\/12\/Feddet-strand-300x103.png 300w, https:\/\/guideservice.dk\/wp-content\/uploads\/2022\/12\/Feddet-strand-768x264.png 768w, https:\/\/guideservice.dk\/wp-content\/uploads\/2022\/12\/Feddet-strand-18x6.png 18w, https:\/\/guideservice.dk\/wp-content\/uploads\/2022\/12\/Feddet-strand-604x208.png 604w\" sizes=\"auto, (max-width: 989px) 100vw, 989px\" \/><\/a><\/figure><div class=\"wp-block-media-text__content\">\n<p>Camping, Glamping, H\u00fctten oder Cottages. All das findest du im Feddet Strand Resort auf Seeland. Ein 5-Sterne-Campingplatz mit vielen Erlebnissen und vielen sch\u00f6nen Ausflugszielen in der N\u00e4he.<\/p>\n<\/div><\/div>\n\n\n\n<div class=\"wp-block-media-text alignwide is-stacked-on-mobile\" style=\"grid-template-columns:15% auto\"><figure class=\"wp-block-media-text__media\"><a href=\"https:\/\/www.danhostel.dk\/\" target=\"_blank\" rel=\"noreferrer noopener\"><img loading=\"lazy\" decoding=\"async\" width=\"330\" height=\"180\" src=\"https:\/\/guideservice.dk\/wp-content\/uploads\/2022\/12\/Danhostel.png\" alt=\"\" class=\"wp-image-2822 size-full\" srcset=\"https:\/\/guideservice.dk\/wp-content\/uploads\/2022\/12\/Danhostel.png 330w, https:\/\/guideservice.dk\/wp-content\/uploads\/2022\/12\/Danhostel-300x164.png 300w, https:\/\/guideservice.dk\/wp-content\/uploads\/2022\/12\/Danhostel-18x10.png 18w\" sizes=\"auto, (max-width: 330px) 100vw, 330px\" \/><\/a><\/figure><div class=\"wp-block-media-text__content\">\n<p>An den vielen Standorten von Danhostel in D\u00e4nemark bleibst du nah an den Erlebnissen.<\/p>\n<\/div><\/div>\n\n\n\n<div class=\"wp-block-media-text alignwide is-stacked-on-mobile\" style=\"grid-template-columns:15% auto\"><figure class=\"wp-block-media-text__media\"><a href=\"https:\/\/jellingcamping.dk\/\" target=\"_blank\" rel=\"noreferrer noopener\"><img loading=\"lazy\" decoding=\"async\" width=\"512\" height=\"512\" src=\"https:\/\/guideservice.dk\/wp-content\/uploads\/2022\/12\/JellingCampingLogo.png\" alt=\"\" class=\"wp-image-2830 size-full\" srcset=\"https:\/\/guideservice.dk\/wp-content\/uploads\/2022\/12\/JellingCampingLogo.png 512w, https:\/\/guideservice.dk\/wp-content\/uploads\/2022\/12\/JellingCampingLogo-300x300.png 300w, https:\/\/guideservice.dk\/wp-content\/uploads\/2022\/12\/JellingCampingLogo-150x150.png 150w, https:\/\/guideservice.dk\/wp-content\/uploads\/2022\/12\/JellingCampingLogo-12x12.png 12w, https:\/\/guideservice.dk\/wp-content\/uploads\/2022\/12\/JellingCampingLogo-270x270.png 270w\" sizes=\"auto, (max-width: 512px) 100vw, 512px\" \/><\/a><\/figure><div class=\"wp-block-media-text__content\">\n<p>Auf Jelling Camping wohnst du mitten im Wikingerland. Von hier aus hast du gute M\u00f6glichkeiten, den gr\u00f6\u00dften Teil S\u00fcdj\u00fctlands zu erleben<\/p>\n<\/div><\/div>\n\n\n\n<div class=\"wp-block-media-text alignwide is-stacked-on-mobile\" style=\"grid-template-columns:15% auto\"><figure class=\"wp-block-media-text__media\"><a href=\"https:\/\/www.lille-grynborg-bed-breakfast.dk\/\" target=\"_blank\" rel=\"noreferrer noopener\"><img loading=\"lazy\" decoding=\"async\" width=\"342\" height=\"100\" src=\"https:\/\/guideservice.dk\/wp-content\/uploads\/2022\/12\/lille-grynborg-bnb_2-1.png\" alt=\"\" class=\"wp-image-2836 size-full\" srcset=\"https:\/\/guideservice.dk\/wp-content\/uploads\/2022\/12\/lille-grynborg-bnb_2-1.png 342w, https:\/\/guideservice.dk\/wp-content\/uploads\/2022\/12\/lille-grynborg-bnb_2-1-300x88.png 300w, https:\/\/guideservice.dk\/wp-content\/uploads\/2022\/12\/lille-grynborg-bnb_2-1-18x5.png 18w\" sizes=\"auto, (max-width: 342px) 100vw, 342px\" \/><\/a><\/figure><div class=\"wp-block-media-text__content\">\n<p>Ein guter Ort, um Hilfe f\u00fcr Unterk\u00fcnfte auf der ganzen Welt zu finden, ist Kayak. Hier erh\u00e4lst du Hilfe bei der Suche nach Unterkunft und Anreise&nbsp;<a href=\"https:\/\/www.lille-grynborg-bed-breakfast.dk\/\" target=\"_blank\" rel=\"noreferrer noopener\">Lille Grynborg<\/a><\/p>\n<\/div><\/div>\n\n\n\n<div class=\"wp-block-media-text alignwide is-stacked-on-mobile\" style=\"grid-template-columns:15% auto\"><figure class=\"wp-block-media-text__media\"><a href=\"https:\/\/www.kayak.co.uk\/\" target=\"_blank\" rel=\"noreferrer noopener\"><img loading=\"lazy\" decoding=\"async\" width=\"1024\" height=\"640\" src=\"https:\/\/guideservice.dk\/wp-content\/uploads\/2022\/12\/Kayak-Logo-1024x640.png\" alt=\"\" class=\"wp-image-2840 size-full\" srcset=\"https:\/\/guideservice.dk\/wp-content\/uploads\/2022\/12\/Kayak-Logo-1024x640.png 1024w, https:\/\/guideservice.dk\/wp-content\/uploads\/2022\/12\/Kayak-Logo-300x188.png 300w, https:\/\/guideservice.dk\/wp-content\/uploads\/2022\/12\/Kayak-Logo-768x480.png 768w, https:\/\/guideservice.dk\/wp-content\/uploads\/2022\/12\/Kayak-Logo-1536x960.png 1536w, https:\/\/guideservice.dk\/wp-content\/uploads\/2022\/12\/Kayak-Logo-18x12.png 18w, https:\/\/guideservice.dk\/wp-content\/uploads\/2022\/12\/Kayak-Logo-432x270.png 432w, https:\/\/guideservice.dk\/wp-content\/uploads\/2022\/12\/Kayak-Logo.png 1600w\" sizes=\"auto, (max-width: 1024px) 100vw, 1024px\" \/><\/a><\/figure><div class=\"wp-block-media-text__content\">\n<p>Ein gro\u00dfartiger Ort, um Hilfe bei der Suche nach Unterk\u00fcnften auf der ganzen Welt zu finden, ist Kayak. Hier kannst du Hilfe f\u00fcr Unterkunft und Reisen bekommen<\/p>\n<\/div><\/div>\n\n\n\n<div class=\"wp-block-media-text alignwide is-stacked-on-mobile\" style=\"grid-template-columns:15% auto\"><figure class=\"wp-block-media-text__media\"><a href=\"https:\/\/www.naturisme.dk\/?lang=da&amp;ref=https:\/\/www.guideservicedanmark.dk\/\" target=\"_blank\" rel=\"noreferrer noopener\"><img loading=\"lazy\" decoding=\"async\" width=\"225\" height=\"225\" src=\"https:\/\/guideservice.dk\/wp-content\/uploads\/2022\/12\/naturist-camping.jpg\" alt=\"\" class=\"wp-image-2844 size-full\" srcset=\"https:\/\/guideservice.dk\/wp-content\/uploads\/2022\/12\/naturist-camping.jpg 225w, https:\/\/guideservice.dk\/wp-content\/uploads\/2022\/12\/naturist-camping-150x150.jpg 150w, https:\/\/guideservice.dk\/wp-content\/uploads\/2022\/12\/naturist-camping-12x12.jpg 12w\" sizes=\"auto, (max-width: 225px) 100vw, 225px\" \/><\/a><\/figure><div class=\"wp-block-media-text__content\">\n<p>Wenn du FKK-Camping magst, gibt es eine sch\u00f6ne Umgebung in Svin\u00f8 bei Middelfart<\/p>\n<\/div><\/div>","protected":false},"excerpt":{"rendered":"<p>Du finder gode forslag til overnatning flere steder i landet via vores samarbejdspartnere. Vi har heldigvis gode samarbejder med overnatningssteder og hoteller i stort set alle priskategorier. Vi anbefaler, at du booker din overnatning direkte hos vores samarbejdspartnere. Dine guider, guidede ture eller byvandringer booker du til geng\u00e6ld direkte hos os i Guideservice Danmark Hos Danske Hoteller A\/S finder du 23 hyggelige hoteller placeret rundt om i dejlige Danmark. Her f\u00e5r man oplevelser af h\u00f8j kvalitet, hvad enten der er&#8230;<\/p>\n<p class=\"read-more\"><a class=\"btn btn-default\" href=\"https:\/\/guideservice.dk\/de\/uebernachtung\/\">Weiterlesen<span class=\"screen-reader-text\"> Weiterlesen<\/span><\/a><\/p>","protected":false},"author":1,"featured_media":0,"parent":0,"menu_order":0,"comment_status":"closed","ping_status":"closed","template":"template-parts\/page-home.php","meta":{"om_disable_all_campaigns":false,"inline_featured_image":false,"_uag_custom_page_level_css":"","_monsterinsights_skip_tracking":false,"_monsterinsights_sitenote_active":false,"_monsterinsights_sitenote_note":"","_monsterinsights_sitenote_category":0,"_uf_show_specific_survey":0,"_uf_disable_surveys":false,"footnotes":""},"class_list":["post-2802","page","type-page","status-publish","hentry"],"acf":[],"aioseo_notices":[],"uagb_featured_image_src":{"full":false,"thumbnail":false,"medium":false,"medium_large":false,"large":false,"1536x1536":false,"2048x2048":false,"trp-custom-language-flag":false,"post-thumbnail":false,"nisarg-full-width":false,"sow-carousel-default":false},"uagb_author_info":{"display_name":"admin","author_link":"https:\/\/guideservice.dk\/de\/author\/jonas_ba13346b\/"},"uagb_comment_info":0,"uagb_excerpt":"Du finder gode forslag til overnatning flere steder i landet via vores samarbejdspartnere. Vi har heldigvis gode samarbejder med overnatningssteder og hoteller i stort set alle priskategorier. Vi anbefaler, at du booker din overnatning direkte hos vores samarbejdspartnere. Dine guider, guidede ture eller byvandringer booker du til geng\u00e6ld direkte hos os i Guideservice Danmark Hos&hellip;","_links":{"self":[{"href":"https:\/\/guideservice.dk\/de\/wp-json\/wp\/v2\/pages\/2802","targetHints":{"allow":["GET"]}}],"collection":[{"href":"https:\/\/guideservice.dk\/de\/wp-json\/wp\/v2\/pages"}],"about":[{"href":"https:\/\/guideservice.dk\/de\/wp-json\/wp\/v2\/types\/page"}],"author":[{"embeddable":true,"href":"https:\/\/guideservice.dk\/de\/wp-json\/wp\/v2\/users\/1"}],"replies":[{"embeddable":true,"href":"https:\/\/guideservice.dk\/de\/wp-json\/wp\/v2\/comments?post=2802"}],"version-history":[{"count":33,"href":"https:\/\/guideservice.dk\/de\/wp-json\/wp\/v2\/pages\/2802\/revisions"}],"predecessor-version":[{"id":6639,"href":"https:\/\/guideservice.dk\/de\/wp-json\/wp\/v2\/pages\/2802\/revisions\/6639"}],"wp:attachment":[{"href":"https:\/\/guideservice.dk\/de\/wp-json\/wp\/v2\/media?parent=2802"}],"curies":[{"name":"wp","href":"https:\/\/api.w.org\/{rel}","templated":true}]}}