{"id":3209,"date":"2023-01-04T09:10:53","date_gmt":"2023-01-04T08:10:53","guid":{"rendered":"https:\/\/guideservice.dk\/?page_id=3209"},"modified":"2023-01-04T09:12:19","modified_gmt":"2023-01-04T08:12:19","slug":"virksomhedsportraetter","status":"publish","type":"page","link":"https:\/\/guideservice.dk\/de\/virksomhedsportraetter\/","title":{"rendered":"Virksomhedsportr\u00e6tter"},"content":{"rendered":"<p><em>Et virksomhedsportr\u00e6t\u00a0bruger\u00a0virksomhedens historie aktivt. Virksomheden kan\u00a0blandt andet bruge virksomhedsportr\u00e6ttet i markedsf\u00f8ringen.\u00a0Virksomhedsportr\u00e6ttet kan ogs\u00e5 bruges indadtil til at skabe en indre virksomhedskultur og -\u00e5nd, og til i h\u00f8j grad at s\u00e6tte fokus p\u00e5 virksomhedens v\u00e6rdier<\/em><strong>.<\/strong><\/p>\n\n\n\n<h3 class=\"wp-block-heading\">Hvad kan din virksomhed bruge et virksomhedsportr\u00e6t og virksomhedens\u00a0historie\u00a0til?<\/h3>\n\n\n\n<p>Det giver vi gerne et bud p\u00e5.&nbsp;<\/p>\n\n\n\n<p>I virksomhedsportr\u00e6ttet indg\u00e5r som en naturlig ting elementer af virksomhedens historie, s\u00e5 den&nbsp;kan bruges aktivt&nbsp;udadtil til blandt andet m\u00e5lrettet markedsf\u00f8ring og indadtil til at skabe en indre virksomhedskultur og -\u00e5nd, og til i h\u00f8j grad at s\u00e6tte fokus p\u00e5 virksomhedens v\u00e6rdier.<\/p>\n\n\n\n<p>Alle virksomheder har en unik&nbsp;historie at fort\u00e6lle. Brug den og brug den rigtigt&nbsp;til medarbejdere, til kunder, til samarbejdspartnere, til aktion\u00e6rer &#8211; ja til alle, der kommer i kontakt med virksomheden. Med et virksomhedsportr\u00e6t kan virksomheden selv fort\u00e6lle den historie, som den \u00f8nsker fortalt &#8211; og det kan vi hj\u00e6lpe med.<\/p>\n\n\n\n<h3 class=\"wp-block-heading\">Virksomhedens v\u00e6rdigrundlag<\/h3>\n\n\n\n<p>Er en del af virksomhedsportr\u00e6ttet og er vigtigt at f\u00e5 formidlet til alle, der er i kontakt med virksomheden &#8211; kunder, medarbejdere, presse og samarbejdspartnere. V\u00e6rdigrundlaget er med til at profilere og markedsf\u00f8re virksomheden, dens produkter eller serviceydelser og giver alle, der er i kontakt med virksomheden en f\u00e6lles forst\u00e5elses- og referenceramme for virksomheden og dens kultur.<\/p>\n\n\n\n<p><em>Lad os og vores historiker hj\u00e6lpe med at fort\u00e6lle virksomhedens historie og brug de gode historier til at forme det billede, der synligg\u00f8r virksomhedens v\u00e6rdier for alle, der kommer i kontakt med virksomheden.<\/em><\/p>\n\n\n\n<p>Lad GuideserviceDanmarks eksperter skrive din virksomheds historie og hj\u00e6lpe dig til at bruge den m\u00e5lrettet. Kontakt os for at f\u00e5 en konsulent ud til en f\u00f8rste samtale og dern\u00e6st give et tilbud. Ring p\u00e5 tlf. 4156 2859 eller send&nbsp;<a href=\"mailto:info@guideservicedanmark.dk\">en mail<\/a>.<\/p>","protected":false},"excerpt":{"rendered":"<p>Et virksomhedsportr\u00e6t\u00a0bruger\u00a0virksomhedens historie aktivt. Virksomheden kan\u00a0blandt andet bruge virksomhedsportr\u00e6ttet i markedsf\u00f8ringen.\u00a0Virksomhedsportr\u00e6ttet kan ogs\u00e5 bruges indadtil til at skabe en indre virksomhedskultur og -\u00e5nd, og til i h\u00f8j grad at s\u00e6tte fokus p\u00e5 virksomhedens v\u00e6rdier. Hvad kan din virksomhed bruge et virksomhedsportr\u00e6t og virksomhedens\u00a0historie\u00a0til? Det giver vi gerne et bud p\u00e5.&nbsp; I virksomhedsportr\u00e6ttet indg\u00e5r som en naturlig ting elementer af virksomhedens historie, s\u00e5 den&nbsp;kan bruges aktivt&nbsp;udadtil til blandt andet m\u00e5lrettet markedsf\u00f8ring og indadtil til at skabe en indre virksomhedskultur og -\u00e5nd,&#8230;<\/p>\n<p class=\"read-more\"><a class=\"btn btn-default\" href=\"https:\/\/guideservice.dk\/de\/virksomhedsportraetter\/\">Weiterlesen<span class=\"screen-reader-text\"> Weiterlesen<\/span><\/a><\/p>","protected":false},"author":1,"featured_media":0,"parent":0,"menu_order":0,"comment_status":"closed","ping_status":"closed","template":"template-parts\/page-home.php","meta":{"om_disable_all_campaigns":false,"inline_featured_image":false,"_uag_custom_page_level_css":"","_monsterinsights_skip_tracking":false,"_monsterinsights_sitenote_active":false,"_monsterinsights_sitenote_note":"","_monsterinsights_sitenote_category":0,"_uf_show_specific_survey":0,"_uf_disable_surveys":false,"footnotes":""},"class_list":["post-3209","page","type-page","status-publish","hentry"],"acf":[],"aioseo_notices":[],"uagb_featured_image_src":{"full":false,"thumbnail":false,"medium":false,"medium_large":false,"large":false,"1536x1536":false,"2048x2048":false,"trp-custom-language-flag":false,"post-thumbnail":false,"nisarg-full-width":false,"sow-carousel-default":false},"uagb_author_info":{"display_name":"admin","author_link":"https:\/\/guideservice.dk\/de\/author\/jonas_ba13346b\/"},"uagb_comment_info":0,"uagb_excerpt":"Et virksomhedsportr\u00e6t\u00a0bruger\u00a0virksomhedens historie aktivt. Virksomheden kan\u00a0blandt andet bruge virksomhedsportr\u00e6ttet i markedsf\u00f8ringen.\u00a0Virksomhedsportr\u00e6ttet kan ogs\u00e5 bruges indadtil til at skabe en indre virksomhedskultur og -\u00e5nd, og til i h\u00f8j grad at s\u00e6tte fokus p\u00e5 virksomhedens v\u00e6rdier. Hvad kan din virksomhed bruge et virksomhedsportr\u00e6t og virksomhedens\u00a0historie\u00a0til? Det giver vi gerne et bud p\u00e5.&nbsp; I virksomhedsportr\u00e6ttet indg\u00e5r som en&hellip;","_links":{"self":[{"href":"https:\/\/guideservice.dk\/de\/wp-json\/wp\/v2\/pages\/3209","targetHints":{"allow":["GET"]}}],"collection":[{"href":"https:\/\/guideservice.dk\/de\/wp-json\/wp\/v2\/pages"}],"about":[{"href":"https:\/\/guideservice.dk\/de\/wp-json\/wp\/v2\/types\/page"}],"author":[{"embeddable":true,"href":"https:\/\/guideservice.dk\/de\/wp-json\/wp\/v2\/users\/1"}],"replies":[{"embeddable":true,"href":"https:\/\/guideservice.dk\/de\/wp-json\/wp\/v2\/comments?post=3209"}],"version-history":[{"count":3,"href":"https:\/\/guideservice.dk\/de\/wp-json\/wp\/v2\/pages\/3209\/revisions"}],"predecessor-version":[{"id":3216,"href":"https:\/\/guideservice.dk\/de\/wp-json\/wp\/v2\/pages\/3209\/revisions\/3216"}],"wp:attachment":[{"href":"https:\/\/guideservice.dk\/de\/wp-json\/wp\/v2\/media?parent=3209"}],"curies":[{"name":"wp","href":"https:\/\/api.w.org\/{rel}","templated":true}]}}