{"id":4636,"date":"2023-02-01T10:41:49","date_gmt":"2023-02-01T09:41:49","guid":{"rendered":"https:\/\/guideservice.dk\/?page_id=4636"},"modified":"2023-02-14T23:47:57","modified_gmt":"2023-02-14T22:47:57","slug":"guider-i-jylland","status":"publish","type":"page","link":"https:\/\/guideservice.dk\/de\/guides-in-juetland\/","title":{"rendered":"Guides in ganz J\u00fctland"},"content":{"rendered":"<p><em><strong>Wir haben Guides in ganz J\u00fctland. W\u00e4hlen Sie hier, wer am besten zu Ihrer Gruppe passt. Eine gef\u00fchrte Tour ist eine tolle Aktivit\u00e4t f\u00fcr Gruppen. Wir helfen auch im B\u00fcro immer gerne weiter.<\/strong><\/em><\/p>\n\n\n<ul class=\"main-selector main-selector--sub main-selector--sub__home\">\r\n\r\n    \r\n                      \r\n          <li class=\"main-selector__item\">\r\n\r\n            \r\n            <a href=\"https:\/\/guideservice.dk\/de\/guides-in-vejle\/\" class=\"selector-category translation-block\">\r\n              <h3 class=\"selector-category__title\">Guides in Vejle und Gegend<\/h3>\n\n              <figure class=\"selector-category__background\">\n                <img src=\"https:\/\/guideservice.dk\/wp-content\/uploads\/2021\/12\/bolgen-jesper-frehr-colourbox-1024x494.jpg\" alt=\"Vejle\">\n              <\/figure>\r\n            <\/a>\r\n          <\/li>\r\n          \r\n                      \r\n          <li class=\"main-selector__item\">\r\n\r\n            \r\n            <a href=\"https:\/\/guideservice.dk\/de\/guides-in-aarhus\/\" class=\"selector-category translation-block\">\r\n              <h3 class=\"selector-category__title\">Guides in Aarhus und Gegend<\/h3>\n\n              <figure class=\"selector-category__background\">\n                <img src=\"https:\/\/guideservice.dk\/wp-content\/uploads\/2022\/10\/Aarhus.png\" alt=\"\">\n              <\/figure>\r\n            <\/a>\r\n          <\/li>\r\n          \r\n                      \r\n          <li class=\"main-selector__item\">\r\n\r\n            \r\n            <a href=\"https:\/\/guideservice.dk\/de\/guides-in-ganz-juetland\/\" class=\"selector-category translation-block\">\r\n              <h3 class=\"selector-category__title\">Guides in ganz J\u00fctland<\/h3>\n\n              <figure class=\"selector-category__background\">\n                <img src=\"https:\/\/guideservice.dk\/wp-content\/uploads\/2021\/12\/89cb5a13-0efb-3ce2-82f5-8d0b274aa5f6.jpg\" alt=\"Jylland\">\n              <\/figure>\r\n            <\/a>\r\n          <\/li>\r\n          \r\n              \r\n        \r\n<\/ul>\r\n\n\n\n<h2 class=\"wp-block-heading\">Fremdenf\u00fchrer in ganz J\u00fctland<\/h2>\n\n\n\n<p>Unser Guideservice in J\u00fctland hilft dir, gute Guides in ganz J\u00fctland zu finden, von Nord bis S\u00fcd und von Ost bis West.<\/p>\n\n\n\n<p>J\u00fctland erstreckt sich \u00fcber ein gro\u00dfes geografisches Gebiet und bietet viele verschiedene Aktivit\u00e4ten an. Jeder Guide hat ein gutes Profil erstellt, in dem beschrieben wird, was der Guide zu bieten hat. Jeder Guide beschreibt sich selbst in den Sprachen, die der jeweilige Guide spricht. Du kannst zwischen Guides w\u00e4hlen, die D\u00e4nisch, Englisch, Deutsch, Franz\u00f6sisch, Russisch, Chinesisch und mehrere andere Sprachen sprechen.<\/p>\n\n\n\n<p>Bei uns findest du einen Guide f\u00fcr Stadtspazierg\u00e4nge, Bustouren, Fahrradtouren, Bootsfahrten und Wandertouren. Du w\u00e4hlst einfach den Guide aus, der deiner Meinung nach am besten zu deiner Gruppe passt. Eine gef\u00fchrte Tour ist eine tolle Aktivit\u00e4t f\u00fcr Gruppen.<\/p>\n\n\n\n<p class=\"translation-block\">Fremdenf\u00fchrer sind sowohl f\u00fcr gro\u00dfe als auch f\u00fcr kleine Gruppen geeignet. Um es ein wenig einfacher f\u00fcr dich zu machen, wenn du einen Fremdenf\u00fchrer in <a href=\"https:\/\/www.guideservicedanmark.dk\/aarhus-guider\/\" target=\"_blank\" rel=\"noreferrer noopener\">Aarhus<\/a> oder <a href=\"https:\/\/www.guideservicedanmark.dk\/guider-vejle\/\" target=\"_blank\" rel=\"noreferrer noopener\">Vejle<\/a> suchst, dann haben wir sie in Gruppen zusammengefasst, wo du zwischen den Fremdenf\u00fchrern in diesen beiden St\u00e4dten suchen kannst. Wir haben auch eine Kategorie mit allen <a href=\"https:\/\/guideservice.dk\/de\/find-din-guide-i-jylland\/\" target=\"_self\">Fremdenf\u00fchrern in ganz J\u00fctland <\/a> erstellt. Es k\u00f6nnte sein, dass du dich mehr von der Erlebnis- als von der Geographie inspirieren lassen m\u00f6chtest.<\/p>\n\n\n\n<p class=\"translation-block\">Unsere Fremdenf\u00fchrer in J\u00fctland haben eine breite Palette von Vorschl\u00e4gen f\u00fcr <a href=\"https:\/\/guideservice.dk\/de\/guide-service-in-juetland\/\" target=\"_blank\" rel=\"noreferrer noopener\">gef\u00fchrte Touren <\/a>in ganz J\u00fctland zusammengestellt. Dort kannst du dich auch inspirieren lassen.<\/p>\n\n\n\n<h3 class=\"wp-block-heading\">M\u00f6chtest du Guide in J\u00fctland sein?<\/h3>\n\n\n\n<p class=\"translation-block\">Wir sind immer auf der Suche nach neuen Fremdenf\u00fchrern, die mit Leidenschaft die gute Geschichte ihrer Region erz\u00e4hlen wollen. Falls du ein guter und engagierter Erz\u00e4hler bist, der noch dazu ein gro\u00dfes Service-Gen besitzt, dann schick uns eine schriftliche<a href=\"https:\/\/www.guideservicedanmark.dk\/bliv-freelancer-hos-guideservice-danmark\/\" target=\"_blank\" rel=\"noreferrer noopener\"> Bewerbung<\/a>.<\/p>\n\n\n\n<p><strong><strong>Wir freuen uns, sagen zu k\u00f6nnen: Erleben J\u00fctland mit Guideservice D\u00e4nemark\u00a0<strong> und unserem Guide-Service <\/strong>J\u00fctland<\/strong>.<\/strong><\/p>","protected":false},"excerpt":{"rendered":"<p>Vi har guider fordelt i hele Jylland. V\u00e6lg her, hvem der bedst matcher din gruppe. en guidet tur er nemlig en god aktivitet for grupper. Vi hj\u00e6lper ogs\u00e5 gerne p\u00e5 kontoret. Guider i hele Jylland Vores guideservice i Jylland hj\u00e6lper dig til gode guider i hele Jylland, fra nord til syd og fra \u00f8st til vest. Jylland d\u00e6kker et stort geografisk omr\u00e5de og mange forskellige aktiviteter. Hver guide har lavet en fin profil, der beskriver, hvad guiden kan tilbyde. Hver&#8230;<\/p>\n<p class=\"read-more\"><a class=\"btn btn-default\" href=\"https:\/\/guideservice.dk\/de\/guides-in-juetland\/\">Weiterlesen<span class=\"screen-reader-text\"> Weiterlesen<\/span><\/a><\/p>","protected":false},"author":1,"featured_media":0,"parent":0,"menu_order":0,"comment_status":"closed","ping_status":"closed","template":"template-parts\/page-home.php","meta":{"om_disable_all_campaigns":false,"inline_featured_image":false,"_uag_custom_page_level_css":"","_monsterinsights_skip_tracking":false,"_monsterinsights_sitenote_active":false,"_monsterinsights_sitenote_note":"","_monsterinsights_sitenote_category":0,"_uf_show_specific_survey":0,"_uf_disable_surveys":false,"footnotes":""},"class_list":["post-4636","page","type-page","status-publish","hentry"],"acf":[],"aioseo_notices":[],"uagb_featured_image_src":{"full":false,"thumbnail":false,"medium":false,"medium_large":false,"large":false,"1536x1536":false,"2048x2048":false,"trp-custom-language-flag":false,"post-thumbnail":false,"nisarg-full-width":false,"sow-carousel-default":false},"uagb_author_info":{"display_name":"admin","author_link":"https:\/\/guideservice.dk\/de\/author\/jonas_ba13346b\/"},"uagb_comment_info":0,"uagb_excerpt":"Vi har guider fordelt i hele Jylland. V\u00e6lg her, hvem der bedst matcher din gruppe. en guidet tur er nemlig en god aktivitet for grupper. Vi hj\u00e6lper ogs\u00e5 gerne p\u00e5 kontoret. Guider i hele Jylland Vores guideservice i Jylland hj\u00e6lper dig til gode guider i hele Jylland, fra nord til syd og fra \u00f8st til&hellip;","_links":{"self":[{"href":"https:\/\/guideservice.dk\/de\/wp-json\/wp\/v2\/pages\/4636","targetHints":{"allow":["GET"]}}],"collection":[{"href":"https:\/\/guideservice.dk\/de\/wp-json\/wp\/v2\/pages"}],"about":[{"href":"https:\/\/guideservice.dk\/de\/wp-json\/wp\/v2\/types\/page"}],"author":[{"embeddable":true,"href":"https:\/\/guideservice.dk\/de\/wp-json\/wp\/v2\/users\/1"}],"replies":[{"embeddable":true,"href":"https:\/\/guideservice.dk\/de\/wp-json\/wp\/v2\/comments?post=4636"}],"version-history":[{"count":37,"href":"https:\/\/guideservice.dk\/de\/wp-json\/wp\/v2\/pages\/4636\/revisions"}],"predecessor-version":[{"id":5595,"href":"https:\/\/guideservice.dk\/de\/wp-json\/wp\/v2\/pages\/4636\/revisions\/5595"}],"wp:attachment":[{"href":"https:\/\/guideservice.dk\/de\/wp-json\/wp\/v2\/media?parent=4636"}],"curies":[{"name":"wp","href":"https:\/\/api.w.org\/{rel}","templated":true}]}}