{"id":4643,"date":"2023-02-01T10:45:20","date_gmt":"2023-02-01T09:45:20","guid":{"rendered":"https:\/\/guideservice.dk\/?page_id=4643"},"modified":"2025-10-03T14:05:05","modified_gmt":"2025-10-03T12:05:05","slug":"guider-paa-fyn","status":"publish","type":"page","link":"https:\/\/guideservice.dk\/de\/guides-auf-fuenen\/","title":{"rendered":"Guides auf F\u00fcnen und Inseln"},"content":{"rendered":"<p><strong><em>Die Natur auf F\u00fcnen ist so sch\u00f6n. Unsere Fremdenf\u00fchrer in unserem Guide-Service F\u00fcnen wissen alles dar\u00fcber. M\u00f6chtest du mehr \u00fcber F\u00fcnen, die Geschichte, die Gutsh\u00e4user und das Leben auf F\u00fcnen erfahren, dann sind unsere ausgezeichneten Fremdenf\u00fchrer bereit, dir die Geschichten zu erz\u00e4hlen.<\/em><\/strong><\/p>\n\n\n<ul class=\"main-selector main-selector--sub main-selector--sub__home\">\r\n\r\n    \r\n                      \r\n          <li class=\"main-selector__item\">\r\n\r\n            \r\n            <a href=\"https:\/\/guideservice.dk\/de\/guides-in-odense\/\" class=\"selector-category translation-block\">\r\n              <h3 class=\"selector-category__title\">Odense &amp; Gegend<\/h3>\n\n              <figure class=\"selector-category__background\">\n                <img src=\"https:\/\/guideservice.dk\/wp-content\/uploads\/2021\/12\/Intersection-1-1024x846.png\" alt=\"Odense\">\n              <\/figure>\r\n            <\/a>\r\n          <\/li>\r\n          \r\n                      \r\n          <li class=\"main-selector__item\">\r\n\r\n            \r\n            <a href=\"https:\/\/guideservice.dk\/de\/guides-im-schloss-egeskov\/\" class=\"selector-category translation-block\">\r\n              <h3 class=\"selector-category__title\">Schloss Egeskov<\/h3>\n\n              <figure class=\"selector-category__background\">\n                <img src=\"https:\/\/guideservice.dk\/wp-content\/uploads\/2022\/10\/Egeskov-1024x683.jpg\" alt=\"\">\n              <\/figure>\r\n            <\/a>\r\n          <\/li>\r\n          \r\n                      \r\n          <li class=\"main-selector__item\">\r\n\r\n            \r\n            <a href=\"https:\/\/guideservice.dk\/de\/guider-i-kerteminde\/\" class=\"selector-category translation-block\">\r\n              <h3 class=\"selector-category__title\">Kerteminde &#038; omegn<\/h3>\r\n\r\n              <figure class=\"selector-category__background\">\r\n                <img decoding=\"async\" src=\"https:\/\/guideservice.dk\/wp-content\/uploads\/2025\/10\/g77761df5b73228df39dbfe1b0e600139c8551d3a192ca0545f4cffbc83921767a64dc401580cd5bfdede6cd55373cd60_640-1616367.jpg\" alt=\"\">\r\n              <\/figure>\r\n            <\/a>\r\n          <\/li>\r\n          \r\n                      \r\n          <li class=\"main-selector__item\">\r\n\r\n            \r\n            <a href=\"https:\/\/guideservice.dk\/de\/guides-fur-ganz-fuenen\/\" class=\"selector-category translation-block\">\r\n              <h3 class=\"selector-category__title\">Ganz F\u00fcnen &amp; Inseln<\/h3>\n\n              <figure class=\"selector-category__background\">\n                <img src=\"https:\/\/guideservice.dk\/wp-content\/uploads\/2020\/08\/Brandts-i-Odense-1024x918.jpg\" alt=\"\">\n              <\/figure>\r\n            <\/a>\r\n          <\/li>\r\n          \r\n              \r\n        \r\n<\/ul>\r\n\n\n\n<h2 class=\"wp-block-heading\">Guides auf F\u00fcnen<\/h2>\n\n\n\n<p>Hier findest du unseren Guide-Service Funen Guides. Wenn du mit einem unserer Fremdenf\u00fchrer unterwegs bist, wirst du erleben, dass sie mit viel Engagement und Freude \u00fcber F\u00fcnen und die Geschichte der Insel berichten. Mit einem ortskundigen Guide, der die Geschichte erz\u00e4hlt, wirst du mehr von deinem Urlaub auf F\u00fcnen erleben und die guten Geschichten schneller finden k\u00f6nnen. Selbst wenn du auf F\u00fcnen wohnst, kennst du vielleicht nicht alle pfiffige Geschichten und kleinen Sch\u00e4tze in der Landschaft F\u00fcnens. Mit einem guten Fremdenf\u00fchrer kannst du viel mehr erfahren. Der \u00f6rtliche Fremdenf\u00fchrer kann dir von dem einen oder anderen K\u00fcstenst\u00e4dtchen oder -gebiet erz\u00e4hlen, das du nicht so oft besuchst und deshalb besonders neugierig auf die kleinen lokalen Sch\u00e4tze bist.<\/p>\n\n\n\n<h2 class=\"wp-block-heading\">Guide-Service auf F\u00fcnen<\/h2>\n\n\n\n<p class=\"translation-block\">Die Fremdenf\u00fchrer von F\u00fcnen kennen ihre Insel in- und auswendig, und wir freuen uns, dass wir mit einer vielf\u00e4ltigen Gruppe kompetenter lokaler Fremdenf\u00fchrer zusammenarbeiten. Wenn du mehr \u00fcber den Hintergrund, die Ausbildung und die Sprache der einzelnen Fremdenf\u00fchrer erfahren m\u00f6chtest, kannst du hier mehr \u00fcber sie lesen. Bei jedem Guide steht auch, welche Touren angeboten werden. Sieh dir die Vorschl\u00e4ge f\u00fcr <a href=\"https:\/\/guideservice.dk\/de\/guide-service-fuenen\/\" target=\"_self\">gef\u00fchrte Touren auf F\u00fcnen<\/a> an. Du kannst dich inspirieren lassen und die Tour ausw\u00e4hlen, die am besten zu dir passt - oder du schickst uns deine eigene Anfrage f\u00fcr eine Tour und wir organisieren sie f\u00fcr dich.<\/p>\n\n\n\n<p>Eine gef\u00fchrte Tour ist eine geeignete Aktivit\u00e4t f\u00fcr Gruppen jeden Alters, auf F\u00fcnen und anderswo in D\u00e4nemark. Falls du Schwierigkeiten bei der Auswahl hast, wende dich bitte an unser B\u00fcro - wir helfen dir gerne weiter.<\/p>\n\n\n\n<p>Forslag til guidede ture p\u00e5 Fyn kan v\u00e6re en <strong><a href=\"https:\/\/guideservice.dk\/de\/guides-in-odense\/\" target=\"_blank\" rel=\"noreferrer noopener\">byvandring i Odense<\/a><\/strong> eller en rundvisning p\u00e5 <strong><a href=\"https:\/\/guideservice.dk\/de\/guides-im-schloss-egeskov\/\" target=\"_blank\" rel=\"noreferrer noopener\">Schloss Egeskov<\/a><\/strong>.<\/p>\n\n\n\n<p class=\"translation-block\">Beim Guideservice D\u00e4nemark steht es frei, den F\u00fchrer selbst auszuw\u00e4hlen oder sich von uns helfen zu lassen. Wenn du <strong><a href=\"https:\/\/www.guideservicedanmark.dk\/book-right-here\" target=\"_blank\" rel=\"noreferrer noopener\">einen F\u00fchrer buchst<\/a><\/strong> , ohne einen Namen anzugeben, bekommst du einen \u00dcberblick dar\u00fcber, wer an dem Tag verf\u00fcgbar ist. Das macht die Auswahl viel einfacher.<\/p>\n\n\n\n<h3 class=\"wp-block-heading\">M\u00f6chtest du ein Fremdenf\u00fchrer auf F\u00fcnen sein<\/h3>\n\n\n\n<p class=\"translation-block\">Wir brauchen mehr Fremdenf\u00fchrer f\u00fcr unseren Guide Service auf F\u00fcnen. Wir w\u00fcrden immer gerne von F\u00fchrern h\u00f6ren, die Wissen und Erfahrung haben und f\u00fchren k\u00f6nnen - auf F\u00fcnen oder anderswo. Wenn du Erfahrung als Fremdenf\u00fchrer hast oder haben m\u00f6chtest, w\u00fcrden wir uns freuen, von dir zu h\u00f6ren. Wir freuen uns auf <a href=\"https:\/\/guideservice.dk\/de\/job-bei-guideservicedanmark\/\" target=\"_blank\" rel=\"noreferrer noopener\">deine Bewerbung<\/a>.<\/p>\n\n\n\n<p class=\"translation-block\"><strong>Wir freuen uns, sagen zu k\u00f6nnen: Erleben F\u00fcnen mit Guideservice D\u00e4nemark\u00a0<strong> und unserem Guide-Service <\/strong>F\u00fcnen<\/strong>.<\/p>","protected":false},"excerpt":{"rendered":"<p>Der er s\u00e5 dejligt, der ude i det fynske landskab. Det ved vores guiderne i vores guideservice Fyn alt om. Vil du vide mere om Fyn, historierne, herreg\u00e5rdene og livet p\u00e5 Fyn, s\u00e5 st\u00e5r vores gode guider klar til at fort\u00e6lle historierne. Guider p\u00e5 Fyn Det er her, du finder vores guideservice Fyn guider. N\u00e5r du er p\u00e5 tur med en af vores guider, vil du opdage, at de er engagerede og elsker at fort\u00e6lle om Fyn og den fynske&#8230;<\/p>\n<p class=\"read-more\"><a class=\"btn btn-default\" href=\"https:\/\/guideservice.dk\/de\/guides-auf-fuenen\/\">Weiterlesen<span class=\"screen-reader-text\"> Weiterlesen<\/span><\/a><\/p>","protected":false},"author":1,"featured_media":0,"parent":0,"menu_order":0,"comment_status":"closed","ping_status":"closed","template":"template-parts\/page-home.php","meta":{"om_disable_all_campaigns":false,"inline_featured_image":false,"_uag_custom_page_level_css":"","_monsterinsights_skip_tracking":false,"_monsterinsights_sitenote_active":false,"_monsterinsights_sitenote_note":"","_monsterinsights_sitenote_category":0,"_uf_show_specific_survey":0,"_uf_disable_surveys":false,"footnotes":""},"class_list":["post-4643","page","type-page","status-publish","hentry"],"acf":[],"aioseo_notices":[],"uagb_featured_image_src":{"full":false,"thumbnail":false,"medium":false,"medium_large":false,"large":false,"1536x1536":false,"2048x2048":false,"trp-custom-language-flag":false,"post-thumbnail":false,"nisarg-full-width":false,"sow-carousel-default":false},"uagb_author_info":{"display_name":"admin","author_link":"https:\/\/guideservice.dk\/de\/author\/jonas_ba13346b\/"},"uagb_comment_info":0,"uagb_excerpt":"Der er s\u00e5 dejligt, der ude i det fynske landskab. Det ved vores guiderne i vores guideservice Fyn alt om. Vil du vide mere om Fyn, historierne, herreg\u00e5rdene og livet p\u00e5 Fyn, s\u00e5 st\u00e5r vores gode guider klar til at fort\u00e6lle historierne. Guider p\u00e5 Fyn Det er her, du finder vores guideservice Fyn guider. N\u00e5r&hellip;","_links":{"self":[{"href":"https:\/\/guideservice.dk\/de\/wp-json\/wp\/v2\/pages\/4643","targetHints":{"allow":["GET"]}}],"collection":[{"href":"https:\/\/guideservice.dk\/de\/wp-json\/wp\/v2\/pages"}],"about":[{"href":"https:\/\/guideservice.dk\/de\/wp-json\/wp\/v2\/types\/page"}],"author":[{"embeddable":true,"href":"https:\/\/guideservice.dk\/de\/wp-json\/wp\/v2\/users\/1"}],"replies":[{"embeddable":true,"href":"https:\/\/guideservice.dk\/de\/wp-json\/wp\/v2\/comments?post=4643"}],"version-history":[{"count":53,"href":"https:\/\/guideservice.dk\/de\/wp-json\/wp\/v2\/pages\/4643\/revisions"}],"predecessor-version":[{"id":8827,"href":"https:\/\/guideservice.dk\/de\/wp-json\/wp\/v2\/pages\/4643\/revisions\/8827"}],"wp:attachment":[{"href":"https:\/\/guideservice.dk\/de\/wp-json\/wp\/v2\/media?parent=4643"}],"curies":[{"name":"wp","href":"https:\/\/api.w.org\/{rel}","templated":true}]}}