{"id":4651,"date":"2023-02-01T10:49:03","date_gmt":"2023-02-01T09:49:03","guid":{"rendered":"https:\/\/guideservice.dk\/?page_id=4651"},"modified":"2023-02-15T11:51:55","modified_gmt":"2023-02-15T10:51:55","slug":"guider-paa-sjaelland-oeer","status":"publish","type":"page","link":"https:\/\/guideservice.dk\/de\/guides-auf-seeland-und-inseln\/","title":{"rendered":"Guides auf Seeland &amp; Inseln"},"content":{"rendered":"<p><em><strong>Das Angebot an Fremdenf\u00fchrern auf Seeland und den Inseln ist sehr umfangreich. In vielen St\u00e4dten von Kopenhagen, Roskilde und Kors\u00f8r bis hin zu Inseln wie Lolland und Falster gibt es lokale Fremdenf\u00fchrer.<\/strong><\/em><\/p>\n\n\n<ul class=\"main-selector main-selector--sub main-selector--sub__home\">\r\n\r\n    \r\n                      \r\n          <li class=\"main-selector__item\">\r\n\r\n            \r\n            <a href=\"https:\/\/guideservice.dk\/de\/guides-in-kopenhagen\/\" class=\"selector-category translation-block\">\r\n              <h3 class=\"selector-category__title\">Kopenhagen &amp; Gegend<\/h3>\n\n              <figure class=\"selector-category__background\">\n                <img src=\"https:\/\/guideservice.dk\/wp-content\/uploads\/2022\/02\/amalienborg-pop-1024x683.jpg\" alt=\"\">\n              <\/figure>\r\n            <\/a>\r\n          <\/li>\r\n          \r\n                      \r\n          <li class=\"main-selector__item\">\r\n\r\n            \r\n            <a href=\"https:\/\/guideservice.dk\/de\/guides-ganz-seeland-und-inseln\/\" class=\"selector-category translation-block\">\r\n              <h3 class=\"selector-category__title\">Ganz Seeland &amp; Inseln<\/h3>\n\n              <figure class=\"selector-category__background\">\n                <img src=\"https:\/\/guideservice.dk\/wp-content\/uploads\/2021\/12\/standard_compressed_Koebenhavn-1024x708.jpg\" alt=\"K\u00f8benhavn\">\n              <\/figure>\r\n            <\/a>\r\n          <\/li>\r\n          \r\n              \r\n        \r\n<\/ul>\r\n\n\n\n<h2 class=\"wp-block-heading\">Guides auf Seeland<\/h2>\n\n\n\n<p>Auf Seeland und den Inseln stehen unsere lokalen Guides bereit, um zu erz\u00e4hlen und zu f\u00fchren. Es gibt Geschichten \u00fcber die Wikingerzeit, \u00fcber K\u00f6nigsschl\u00f6sser und Burgen, \u00fcber Land und Wasser. Nat\u00fcrlich spielt die Hauptstadt Kopenhagen eine zentrale Rolle in den Erz\u00e4hlungen der Fremdenf\u00fchrer, es sei denn, du bist au\u00dferhalb der Gro\u00dfstadt unterwegs.<\/p>\n\n\n\n<p>Sowohl in Kopenhagen als auch im \u00fcbrigen Seeland gibt es viele beeindruckende Geb\u00e4ude, von pr\u00e4chtigen Kirchen bis hin zu beeindruckenden Gutsh\u00f6fen und Landg\u00fctern. Es gibt viele St\u00e4dte, von kleinen Provinzst\u00e4dten bis hin zur Kathedralenstadt Roskilde. Einige St\u00e4dte auf Seeland sind auch im \u00fcbrigen D\u00e4nemark bekannt. Helsing\u00f8r mit Schloss Kronborg ist nur eine von ihnen.<\/p>\n\n\n\n<p>In Kopenhagen steht das pulsierende Leben im Mittelpunkt und wird von Touristen und Einwohnern gleicherma\u00dfen gesp\u00fcrt. Auf Lolland-Falster herrscht eine ruhigere Atmosph\u00e4re und eine beeindruckende Landschaft mit einem weiten Ausblick auf die sch\u00f6nen K\u00fcsten. <\/p>\n\n\n\n<h2 class=\"wp-block-heading\">Entdecke Seeland mit einem Guide<\/h2>\n\n\n\n<p>Unsere Guides auf Seeland kennen all diese Details und erz\u00e4hlen gerne die Geschichten dazu.<\/p>\n\n\n\n<p class=\"translation-block\">Die Fremdenf\u00fchrer auf Seeland sind vielseitig und umfassen viele Bereiche und Aktivit\u00e4ten. Was sie alle gemeinsam haben, ist, dass sie mit Leidenschaft \u00fcber das sprechen, was sie interessant finden. Hier kannst du dich f\u00fcr <strong><a href=\"https:\/\/www.guideservicedanmark.dk\/bornholm-guided-tours\/\" target=\"_blank\" rel=\"noreferrer noopener\">gef\u00fchrte Touren auf Seeland und den Inseln<\/a><\/strong> inspirieren lassen. Touren, die unsere Guides bereits geplant und beschrieben haben, oder du buchst einen Guide, der deine Tour plant, so dass ihr sie gemeinsam auf dich und deine Gruppe zuschneiden k\u00f6nnt.<\/p>\n\n\n\n<p>Seeland ist die gr\u00f6\u00dfte Insel D\u00e4nemarks. Kopenhagen ist nat\u00fcrlich die zentrale Stadt, aber es gibt viele andere spannende Orte auf Seeland zu besuchen, sowohl St\u00e4dte, Natur, kulturelle Sehensw\u00fcrdigkeiten und Museen und es gibt viele Erlebnisse f\u00fcr Kinder und Erwachsene.<\/p>\n\n\n\n<p>Die Guides auf Seeland und den umliegenden Inseln erstrecken sich \u00fcber ein gro\u00dfes Areal und daher verf\u00fcgt unser Guide-Service in Seeland \u00fcber einen gro\u00dfen Bestand an kompetenten Guides. In den Profilen der einzelnen Fremdenf\u00fchrer kannst du mehr \u00fcber sie erfahren. Hier kannst du sehen, in welchen Sprachen sie f\u00fchren, in welchen Gebieten und St\u00e4dten sie f\u00fchren und mit welchem Hintergrund sie f\u00fchren. Sie k\u00f6nnen aus einer breiten Palette von Sprachen w\u00e4hlen. <\/p>\n\n\n\n<p>Guide-Service Sj\u00e6lland bietet Aktivit\u00e4ten f\u00fcr Gruppen und Einzelbesucher an. Es gibt Touren in vielen spannenden St\u00e4dten auf Seeland zu erleben, wie Roskilde, Ringsted, K\u00f8ge, Gilleleje, Kors\u00f8r, Vordingborg, Lejre, Sor\u00f8 und viele mehr. Wir haben auch Fremdenf\u00fchrer f\u00fcr Lolland, M\u00f8n und Om\u00f8. Die Fremdenf\u00fchrer bieten Stadtrundg\u00e4nge, historische Spazierg\u00e4nge, Fahrradtouren, Wanderungen und Bustouren an. Es gibt also eine gro\u00dfe Auswahl an Aktivit\u00e4ten, egal ob du mit deiner Familie, deiner Klasse, deinem Verein, deiner Firma oder vielleicht alleine unterwegs bist.<\/p>\n\n\n\n<p class=\"translation-block\">Wenn du auf der Suche nach <strong><a href=\"https:\/\/www.guideservicedanmark.dk\/guider-i-koebenhavn\/\" target=\"_blank\" rel=\"noreferrer noopener\">Guides in Kopenhagen <\/a><\/strong> bist, haben wir eine \u00dcbersicht von Guides in Kopenhagen und der Gegend zusammengestellt.<\/p>\n\n\n\n<p><strong><strong>Wir freuen uns, sagen zu k\u00f6nnen: Erleben Seeland mit Guideservice D\u00e4nemark\u00a0<strong> und unserem Guide-Service <\/strong>Seeland<\/strong>.<\/strong>.<\/p>","protected":false},"excerpt":{"rendered":"<p>Guideservice p\u00e5 Sj\u00e6lland og \u00f8er d\u00e6kker meget bredt. Der er lokale guider i rigtig mange byer lige fra K\u00f8benhavn, Roskilde og Kors\u00f8r til \u00f8er som Lolland og Falster. Guider p\u00e5 Sj\u00e6lland P\u00e5 Sj\u00e6lland og \u00f8erne st\u00e5r vores lokale guider klar til at fort\u00e6lle. Der er fort\u00e6llinger om vikingetiden, om kongeslotte og borge, om land og vand. K\u00f8benhavn som hovedstad har selvf\u00f8lgelig en central rolle i guidernes fort\u00e6lling, hvis alts\u00e5 ikke du bev\u00e6ger dig v\u00e6k fra storbyen. B\u00e5de i K\u00f8benhavn og&#8230;<\/p>\n<p class=\"read-more\"><a class=\"btn btn-default\" href=\"https:\/\/guideservice.dk\/de\/guides-auf-seeland-und-inseln\/\">Weiterlesen<span class=\"screen-reader-text\"> Weiterlesen<\/span><\/a><\/p>","protected":false},"author":1,"featured_media":0,"parent":0,"menu_order":0,"comment_status":"closed","ping_status":"closed","template":"template-parts\/page-home.php","meta":{"om_disable_all_campaigns":false,"inline_featured_image":false,"_uag_custom_page_level_css":"","_monsterinsights_skip_tracking":false,"_monsterinsights_sitenote_active":false,"_monsterinsights_sitenote_note":"","_monsterinsights_sitenote_category":0,"_uf_show_specific_survey":0,"_uf_disable_surveys":false,"footnotes":""},"class_list":["post-4651","page","type-page","status-publish","hentry"],"acf":[],"aioseo_notices":[],"uagb_featured_image_src":{"full":false,"thumbnail":false,"medium":false,"medium_large":false,"large":false,"1536x1536":false,"2048x2048":false,"trp-custom-language-flag":false,"post-thumbnail":false,"nisarg-full-width":false,"sow-carousel-default":false},"uagb_author_info":{"display_name":"admin","author_link":"https:\/\/guideservice.dk\/de\/author\/jonas_ba13346b\/"},"uagb_comment_info":0,"uagb_excerpt":"Guideservice p\u00e5 Sj\u00e6lland og \u00f8er d\u00e6kker meget bredt. Der er lokale guider i rigtig mange byer lige fra K\u00f8benhavn, Roskilde og Kors\u00f8r til \u00f8er som Lolland og Falster. Guider p\u00e5 Sj\u00e6lland P\u00e5 Sj\u00e6lland og \u00f8erne st\u00e5r vores lokale guider klar til at fort\u00e6lle. Der er fort\u00e6llinger om vikingetiden, om kongeslotte og borge, om land og&hellip;","_links":{"self":[{"href":"https:\/\/guideservice.dk\/de\/wp-json\/wp\/v2\/pages\/4651","targetHints":{"allow":["GET"]}}],"collection":[{"href":"https:\/\/guideservice.dk\/de\/wp-json\/wp\/v2\/pages"}],"about":[{"href":"https:\/\/guideservice.dk\/de\/wp-json\/wp\/v2\/types\/page"}],"author":[{"embeddable":true,"href":"https:\/\/guideservice.dk\/de\/wp-json\/wp\/v2\/users\/1"}],"replies":[{"embeddable":true,"href":"https:\/\/guideservice.dk\/de\/wp-json\/wp\/v2\/comments?post=4651"}],"version-history":[{"count":22,"href":"https:\/\/guideservice.dk\/de\/wp-json\/wp\/v2\/pages\/4651\/revisions"}],"predecessor-version":[{"id":5640,"href":"https:\/\/guideservice.dk\/de\/wp-json\/wp\/v2\/pages\/4651\/revisions\/5640"}],"wp:attachment":[{"href":"https:\/\/guideservice.dk\/de\/wp-json\/wp\/v2\/media?parent=4651"}],"curies":[{"name":"wp","href":"https:\/\/api.w.org\/{rel}","templated":true}]}}