{"id":4657,"date":"2023-02-01T10:56:09","date_gmt":"2023-02-01T09:56:09","guid":{"rendered":"https:\/\/guideservice.dk\/?page_id=4657"},"modified":"2024-04-17T13:59:21","modified_gmt":"2024-04-17T11:59:21","slug":"guider-paa-bornholm","status":"publish","type":"page","link":"https:\/\/guideservice.dk\/de\/guides-auf-bornholm\/","title":{"rendered":"Guides auf Bornholm"},"content":{"rendered":"<p class=\"translation-block\">Unsere Fremdenf\u00fchrer auf Bornholm kennen jedes Detail der Insel und wissen, wo die besten Erlebnisse versteckt sind. Die Guides k\u00f6nnen dir leicht den Weg zu den guten Erlebnissen zeigen. Wenn du Vorschl\u00e4ge f\u00fcr Touren sehen m\u00f6chtest, schau dir unseren <a href=\"https:\/\/guideservice.dk\/de\/guide-service-auf-bornholm\/\" target=\"_self\">Guide-Service Bornholm <\/a> an. Dort findest du viele gute Vorschl\u00e4ge.<\/p>\n\n\n<ul class=\"main-selector main-selector--sub main-selector--sub__home\">\r\n\r\n    \r\n                      \r\n          <li class=\"main-selector__item\">\r\n\r\n            \r\n            <a href=\"https:\/\/guideservice.dk\/de\/guides-auf-ganz-bornholm\/\" class=\"selector-category translation-block\">\r\n              <h3 class=\"selector-category__title\">Ganz Bornholm<\/h3>\n\n              <figure class=\"selector-category__background\">\n                <img src=\"https:\/\/guideservice.dk\/wp-content\/uploads\/2022\/10\/Bornholm-1024x768.jpg\" alt=\"\">\n              <\/figure>\r\n            <\/a>\r\n          <\/li>\r\n          \r\n              \r\n        \r\n<\/ul>\r\n\n\n\n<h2 class=\"wp-block-heading\">Fremdenf\u00fchrer auf Bornholm zeigen den Weg<\/h2>\n\n\n\n<p>Wenn du deinen Urlaub auf Bornholm verbringst, wirst du wahrscheinlich einige der guten und spannenden Geschichten \u00fcber die Insel h\u00f6ren wollen. Bornholm, unsere d\u00e4nische Felseninsel in der Ostsee, ist ganz anders als der Rest von D\u00e4nemark. Auch die Geschichte Bornholms unterscheidet sich von der Geschichte des \u00fcbrigen D\u00e4nemarks. Unter anderem ist die Geschichte der Besatzung im Zweiten Weltkrieg eine andere. Es lohnt sich, den Guides zuzuh\u00f6ren, denn sie kennen die Geschichte im Detail und k\u00f6nnen diese sowohl interessant als auch spannend erz\u00e4hlen.<\/p>\n\n\n\n<p>Unsere lokalen Guides auf Bornholm kennen die Details der Insel und wissen, wo die besten Erlebnisse versteckt sind. Deshalb sind sie die richtigen Leute f\u00fcr eine Tour, wenn du den Weg zu den guten Erlebnissen finden und etwas \u00fcber Bornholm erfahren m\u00f6chtest - sowohl \u00fcber die Geschichte als auch dar\u00fcber, wie es ist, auf der felsigen Insel zu leben.<\/p>\n\n\n\n<p class=\"translation-block\">Unsere Fremdenf\u00fchrer geben dir tolle Vorschl\u00e4ge f\u00fcr\u00a0<strong><a href=\"https:\/\/www.guideservicedanmark.dk\/bornholm-turbeskrivelser\/\" target=\"_blank\" rel=\"noreferrer noopener\"> gef\u00fchrte Touren auf Bornholm<\/a><\/strong>. Du kannst auch einen Guide buchen, der deine Tour gemeinsam mit dir plant, egal ob du mit einer gro\u00dfen oder kleinen Gruppe unterwegs bist.<\/p>\n\n\n\n<h2 class=\"wp-block-heading\">Mehrere Sprachen<\/h2>\n\n\n\n<p>Auf dem Profil jedes Fremdenf\u00fchrers ist angegeben, was er macht und welche Touren er vorschl\u00e4gt. Dort kannst du auch sehen, welche Sprachen er spricht. Wir haben die meisten F\u00fchrer in D\u00e4nisch, Englisch und Deutsch, aber wir tun unser Bestes, um dir zu helfen, wenn du andere Sprachen brauchst.<\/p>\n\n\n\n<p>Unsere Fremdenf\u00fchrer auf Bornholm nehmen dich gerne mit auf einen Stadtspaziergang, eine Wanderung oder eine Bustour, wo sie dir von den historischen Geb\u00e4uden, der herrlichen Natur und allem, was Bornholm so besonders macht, erz\u00e4hlen.<\/p>\n\n\n\n<h3 class=\"wp-block-heading\">M\u00f6chtest du Guide auf Bornholm sein?<\/h3>\n\n\n\n<p class=\"translation-block\">Wir brauchen mehr Leute, die auf Bornholm als Fremdenf\u00fchrer t\u00e4tig sein k\u00f6nnen. Bist du das? Wenn du Erfahrung als Fremdenf\u00fchrer hast oder gerne welche h\u00e4ttest, w\u00fcrden wir gerne von dir h\u00f6ren. Wir freuen uns auf <strong><a href=\"https:\/\/www.guideservicedanmark.dk\/bliv-freelancer-hos-guideservice-danmark\/\" target=\"_blank\" rel=\"noreferrer noopener\">deine Bewerbung<\/a><\/strong>.<\/p>\n\n\n\n<p><strong><strong>Wir freuen uns, sagen zu k\u00f6nnen: Erleb Bornholm mit Guideservice D\u00e4nemark\u00a0<strong> und unserem Guide-Service <\/strong>Bornholm<\/strong>.<\/strong>.<\/p>","protected":false},"excerpt":{"rendered":"<p>Vores guider p\u00e5 Bornholm kender alle \u00f8ens detaljer og ved, hvor de bedste oplevelser ligger gemt. Guiderne kan let vise dig vej til de gode oplevelser. Vil du se forslag til ture, kig p\u00e5 vores guideservice Bornholm. Der har du mange gode forslag. Guider p\u00e5 Bornholm viser vej Skal du p\u00e5 ferie p\u00e5 Bornholm, vil du sikkert gerne h\u00f8re nogle af alle de gode og sp\u00e6ndende historier om \u00f8en. Bornholm, vores danske klippe\u00f8 i \u00d8sters\u00f8en, er meget anderledes end resten&#8230;<\/p>\n<p class=\"read-more\"><a class=\"btn btn-default\" href=\"https:\/\/guideservice.dk\/de\/guides-auf-bornholm\/\">Weiterlesen<span class=\"screen-reader-text\"> Weiterlesen<\/span><\/a><\/p>","protected":false},"author":1,"featured_media":0,"parent":0,"menu_order":0,"comment_status":"closed","ping_status":"closed","template":"template-parts\/page-home.php","meta":{"om_disable_all_campaigns":false,"inline_featured_image":false,"_uag_custom_page_level_css":"","_monsterinsights_skip_tracking":false,"_monsterinsights_sitenote_active":false,"_monsterinsights_sitenote_note":"","_monsterinsights_sitenote_category":0,"_uf_show_specific_survey":0,"_uf_disable_surveys":false,"footnotes":""},"class_list":["post-4657","page","type-page","status-publish","hentry"],"acf":[],"aioseo_notices":[],"uagb_featured_image_src":{"full":false,"thumbnail":false,"medium":false,"medium_large":false,"large":false,"1536x1536":false,"2048x2048":false,"trp-custom-language-flag":false,"post-thumbnail":false,"nisarg-full-width":false,"sow-carousel-default":false},"uagb_author_info":{"display_name":"admin","author_link":"https:\/\/guideservice.dk\/de\/author\/jonas_ba13346b\/"},"uagb_comment_info":0,"uagb_excerpt":"Vores guider p\u00e5 Bornholm kender alle \u00f8ens detaljer og ved, hvor de bedste oplevelser ligger gemt. Guiderne kan let vise dig vej til de gode oplevelser. Vil du se forslag til ture, kig p\u00e5 vores guideservice Bornholm. Der har du mange gode forslag. Guider p\u00e5 Bornholm viser vej Skal du p\u00e5 ferie p\u00e5 Bornholm, vil&hellip;","_links":{"self":[{"href":"https:\/\/guideservice.dk\/de\/wp-json\/wp\/v2\/pages\/4657","targetHints":{"allow":["GET"]}}],"collection":[{"href":"https:\/\/guideservice.dk\/de\/wp-json\/wp\/v2\/pages"}],"about":[{"href":"https:\/\/guideservice.dk\/de\/wp-json\/wp\/v2\/types\/page"}],"author":[{"embeddable":true,"href":"https:\/\/guideservice.dk\/de\/wp-json\/wp\/v2\/users\/1"}],"replies":[{"embeddable":true,"href":"https:\/\/guideservice.dk\/de\/wp-json\/wp\/v2\/comments?post=4657"}],"version-history":[{"count":29,"href":"https:\/\/guideservice.dk\/de\/wp-json\/wp\/v2\/pages\/4657\/revisions"}],"predecessor-version":[{"id":8172,"href":"https:\/\/guideservice.dk\/de\/wp-json\/wp\/v2\/pages\/4657\/revisions\/8172"}],"wp:attachment":[{"href":"https:\/\/guideservice.dk\/de\/wp-json\/wp\/v2\/media?parent=4657"}],"curies":[{"name":"wp","href":"https:\/\/api.w.org\/{rel}","templated":true}]}}