{"id":4663,"date":"2023-02-01T11:00:13","date_gmt":"2023-02-01T10:00:13","guid":{"rendered":"https:\/\/guideservice.dk\/?page_id=4663"},"modified":"2023-03-07T15:13:15","modified_gmt":"2023-03-07T14:13:15","slug":"dansk-guide-i-andre-lande","status":"publish","type":"page","link":"https:\/\/guideservice.dk\/de\/daenische-guides-in-anderen-laendern\/","title":{"rendered":"D\u00e4nische Guides in anderen L\u00e4ndern"},"content":{"rendered":"<p><strong><em>Lass dir von einem d\u00e4nischen Fremdenf\u00fchrer in einem anderen Land einen Stadtrundgang, eine F\u00fchrung oder eine gef\u00fchrte Tour auf D\u00e4nisch geben. D\u00e4nische Fremdenf\u00fchrer gibt es an vielen Orten, und wir bem\u00fchen uns, sie alle zusammenzubringen, damit du dir leicht einen \u00dcberblick \u00fcber deine M\u00f6glichkeiten machen kannst.<\/em><\/strong><\/p>\n\n\n\r\n<div class=\"guideList verticalPadding\">\r\n\r\n  \r\n    \r\n    \r\n\r\n\r\n          <p>Der er sket et fejl ved API-kaldet.<\/p>\r\n    \r\n\r\n\r\n\r\n  <? \/\/ Detail page ?>\r\n  \r\n<\/div>\r\n\n\n\n<h2 class=\"wp-block-heading\">D\u00e4nische Fremdenf\u00fchrer in der ganzen Welt<\/h2>\n\n\n\n<p>D\u00e4nische Fremdenf\u00fchrer in anderen L\u00e4ndern zu finden, kann manchmal eine Herausforderung sein. Wir machen es dir leichter, denn wir arbeiten daran, so viele wie m\u00f6glich auf dieser Seite zu sammeln. Wenn du bei deinem n\u00e4chsten Urlaub im Ausland einen d\u00e4nischen Guide suchst, schau hier nach.<\/p>\n\n\n\n<p>Wenn du nur ein paar Tage in einer Stadt verbringen kannst, ist eine gute Einf\u00fchrung eine gro\u00dfe Hilfe. Genau das k\u00f6nnen unsere d\u00e4nischen Fremdenf\u00fchrer auf der ganzen Welt f\u00fcr dich tun. Am ersten Tag kannst du einen Stadtrundgang oder eine andere Form von F\u00fchrung machen. Dann wei\u00dft du, wo sich an den folgenden Tagen die guten Erlebnisse verstecken. So ist es f\u00fcr dich einfach, dein eigenes Abenteuer in der Stadt fortzusetzen. Nachdem dein Fremdenf\u00fchrer dir gezeigt hat, wo die Besonderheiten versteckt sind, kannst du einen neuen Ort viel besser erkunden und mehr aus einem kurzen Besuch herausholen.<\/p>\n\n\n\n<h2 class=\"wp-block-heading\">Gef\u00fchrte Tour auf D\u00e4nisch<\/h2>\n\n\n\n<p>Unsere d\u00e4nischen Fremdenf\u00fchrer bieten Vorschl\u00e4ge f\u00fcr gef\u00fchrte Touren in ihrem Land. Schau dir die Tourbeschreibungen an und lass dich inspirieren. Du kannst auch Inhalte f\u00fcr deine gef\u00fchrte Tour oder deinen Stadtrundgang anfordern. Dies kannst du tun, wenn du deinen Guide buchst. Dadurch hast du viele M\u00f6glichkeiten, denn du kannst eine vorbeschriebene Tour w\u00e4hlen oder deine eigenen W\u00fcnsche zum Inhalt \u00e4u\u00dfern.<\/p>\n\n\n\n<p>Der Besuch spannender St\u00e4dte in der weiten Welt mit einem lokalen F\u00fchrer, der die Gegend kennt und die Sprache spricht, \u00f6ffnet neue T\u00fcren. In der Stadt und im Land zu leben bedeutet, dass der Fremdenf\u00fchrer all die Details kennt, die man nicht nachlesen kann, sondern die aus Erfahrung kommen.<\/p>\n\n\n\n<p>Wir arbeiten daran, dir lokale F\u00fchrer in vielen L\u00e4ndern zur Verf\u00fcgung zu stellen. Derzeit bieten wir die meisten d\u00e4nischen Fremdenf\u00fchrer in Europa an. Wir k\u00f6nnen mit d\u00e4nischen Guides in \u00d6sterreich, Schottland, Portugal, Spanien, Italien und Griechenland helfen. <\/p>\n\n\n\n<p>Du kannst d\u00e4nische Guides in St\u00e4dten wie Edinburgh, Athen, Florenz, Wien, Berlin, Paris - und vielen, vielen mehr - finden. Wenn du diese Seite kontinuierlich verfolgst, wirst du feststellen, dass st\u00e4ndig neue d\u00e4nische F\u00fchrer im Ausland hinzugef\u00fcgt werden.<\/p>\n\n\n\n<p>Der Trend, dass d\u00e4nische Touristen im Urlaub einen privaten Guide buchen, nimmt zu. Wir k\u00f6nnen das verstehen. Es ist nicht so luxuri\u00f6s, wie man vielleicht denkt. Im Gegenteil, es ist ein gro\u00dfer Vorteil, wenn man Tipps zu den besten Erlebnissen, Restaurants und nicht zuletzt zur Geschichte des Ortes erh\u00e4lt.<\/p>\n\n\n\n<p class=\"translation-block\"><strong>Wir freuen uns, sagen zu k\u00f6nnen: Erleben die Welt mit Guideservice D\u00e4nemark und unseren d\u00e4nischen Guide-Service im Ausland.<\/strong><\/p>","protected":false},"excerpt":{"rendered":"<p>Lad en dansk guide i et andet land give dig en byvandring, en guidet tur eller en rundvisning p\u00e5 dansk. Der er danske guider mange steder, og vi bestr\u00e6ber os p\u00e5 at samle dem alle, s\u00e5 du let f\u00e5r et overblik over dine muligheder. Danske guider ude i verden Det kan nogle gange v\u00e6re en udfordring at finde danske guider i andre lande. Vi g\u00f8r det lettere for dig, fordi vi arbejder p\u00e5 at samle s\u00e5 mange som muligt her&#8230;<\/p>\n<p class=\"read-more\"><a class=\"btn btn-default\" href=\"https:\/\/guideservice.dk\/de\/daenische-guides-in-anderen-laendern\/\">Weiterlesen<span class=\"screen-reader-text\"> Weiterlesen<\/span><\/a><\/p>","protected":false},"author":1,"featured_media":0,"parent":0,"menu_order":0,"comment_status":"closed","ping_status":"closed","template":"template-parts\/guide-showGuides.php","meta":{"om_disable_all_campaigns":false,"inline_featured_image":false,"_uag_custom_page_level_css":"","_monsterinsights_skip_tracking":false,"_monsterinsights_sitenote_active":false,"_monsterinsights_sitenote_note":"","_monsterinsights_sitenote_category":0,"_uf_show_specific_survey":0,"_uf_disable_surveys":false,"footnotes":""},"class_list":["post-4663","page","type-page","status-publish","hentry"],"acf":[],"aioseo_notices":[],"uagb_featured_image_src":{"full":false,"thumbnail":false,"medium":false,"medium_large":false,"large":false,"1536x1536":false,"2048x2048":false,"trp-custom-language-flag":false,"post-thumbnail":false,"nisarg-full-width":false,"sow-carousel-default":false},"uagb_author_info":{"display_name":"admin","author_link":"https:\/\/guideservice.dk\/de\/author\/jonas_ba13346b\/"},"uagb_comment_info":0,"uagb_excerpt":"Lad en dansk guide i et andet land give dig en byvandring, en guidet tur eller en rundvisning p\u00e5 dansk. Der er danske guider mange steder, og vi bestr\u00e6ber os p\u00e5 at samle dem alle, s\u00e5 du let f\u00e5r et overblik over dine muligheder. Danske guider ude i verden Det kan nogle gange v\u00e6re en&hellip;","_links":{"self":[{"href":"https:\/\/guideservice.dk\/de\/wp-json\/wp\/v2\/pages\/4663","targetHints":{"allow":["GET"]}}],"collection":[{"href":"https:\/\/guideservice.dk\/de\/wp-json\/wp\/v2\/pages"}],"about":[{"href":"https:\/\/guideservice.dk\/de\/wp-json\/wp\/v2\/types\/page"}],"author":[{"embeddable":true,"href":"https:\/\/guideservice.dk\/de\/wp-json\/wp\/v2\/users\/1"}],"replies":[{"embeddable":true,"href":"https:\/\/guideservice.dk\/de\/wp-json\/wp\/v2\/comments?post=4663"}],"version-history":[{"count":19,"href":"https:\/\/guideservice.dk\/de\/wp-json\/wp\/v2\/pages\/4663\/revisions"}],"predecessor-version":[{"id":6680,"href":"https:\/\/guideservice.dk\/de\/wp-json\/wp\/v2\/pages\/4663\/revisions\/6680"}],"wp:attachment":[{"href":"https:\/\/guideservice.dk\/de\/wp-json\/wp\/v2\/media?parent=4663"}],"curies":[{"name":"wp","href":"https:\/\/api.w.org\/{rel}","templated":true}]}}