{"id":5085,"date":"2023-02-06T10:00:59","date_gmt":"2023-02-06T09:00:59","guid":{"rendered":"https:\/\/guideservice.dk\/?page_id=5085"},"modified":"2023-03-07T17:11:00","modified_gmt":"2023-03-07T16:11:00","slug":"dansk-guideservice-udland","status":"publish","type":"page","link":"https:\/\/guideservice.dk\/de\/daenischsprachige-fuehrungen-im-ausland\/","title":{"rendered":"D\u00e4nische Guide-Service in anderen L\u00e4ndern"},"content":{"rendered":"<p><strong><em>M\u00f6chtest du auch die Geschichte des Ortes, den du besuchst, in deiner Muttersprache h\u00f6ren? Dann bist du hier richtig. Lass dich von den d\u00e4nischen Guides zu tollen Erlebnissen inspirieren.<\/em><\/strong><\/p>\n\n\n\r\n  \r\n      \r\n        \r\n            <? \/\/ List ?> \r\n\r\n                        <div>\r\n\r\n            \r\n            <div class=\"filter-container\" id=\"tourListOverview\">\r\n                <ul class=\"filter\">\r\n                  <li class=\"filter__item\">\r\n                    <input class=\"input\" id=\"tourInput\" type=\"search\" placeholder=\"Wohin geht es?\">\r\n                    <div class=\"btn\">\r\n                      <button class=\"btn__link\" data-uri=\"https:\/\/guideservice.dk\/wp-content\/themes\/nisarg-child\" data-locale=\"3\" data-endpoint=\"https:\/\/www.guideservicedanmark.dk\/custom\/0000000585\/api\/items\/?userKey=&#038;case=searchTour&#038;extraKeyword=danskudland&#038;languageId=3&#038;country=-44\" id=\"tourSearch\">Suche<\/button>\r\n                    <\/div>\r\n                  <\/li>\r\n                  <li class=\"filter__item filter__item--last\">\r\n                    <span>Sortierung:<\/span>\r\n                    <span>\r\n                      <select class=\"input\" id=\"tourSort\">\r\n                        <option value=\"\">Zuf\u00e4llig<\/option>\r\n                        <option value=\"name\">Alfabetisk<\/option>\r\n                        <option value=\"video\">Video<\/option>\r\n                      <\/select>\r\n                    <\/span>\r\n                  <\/li>\r\n                <\/ul>\r\n              <\/div>\r\n\r\n              <ul id=\"tourList\" class=\"tour-container\" data-tag=\"danskudland\">\r\n\r\n                \r\n                  \r\n                  <li class=\"tour-container__item tour-container__item--large\">\r\n                    <a class=\"tour\" href=\"https:\/\/guideservice.dk\/de\/tour\/stadtfuehrung-industriearchitektur-im-suedosten-berlins\">\r\n                      <section class=\"tour__content\">\r\n\r\n                        <h2 class=\"tour__title tour__title--large\">Industriearchitektur im S\u00fcdosten Berlins<\/h2>\r\n\r\n                        <div class=\"tour__desc tour__desc--full\">\r\n                          <p><strong>Berlin hat eine &uuml;berw&auml;ltigende F&uuml;lle an historischen Industrieanlagen und technischen Zweckbauten aus dem 19. und fr&uuml;hen 20. Jahrhundert. <\/strong><\/p><p>Die Industriearchitektur, die sich an Schl&ouml;ssern und Kirchen orientierte und das Repr&auml;sentationsbed&uuml;rfnis der Industriellen widerspiegelte, beeinflusste wiederum ma&szlig;geblich die st&auml;dtebauliche Entwicklung.<\/p><p>Im S&uuml;dosten Berlins spazieren wir durch wiederbelebte Industrieareale. Die etwa zweist&uuml;ndige Tour beginnt am S-Bahnhof Sch&ouml;neweide, f&uuml;hrt &uuml;ber das Dokumentationszentrum NS-Zwangsarbeit und &uuml;ber die Spreebr&uuml;cke nach Obersch&ouml;neweide, das einst als Europas gr&ouml;&szlig;tes Industrieareal galt. Hier befinden sich zahlreiche alte Fabrikhallen, die f&uuml;r eine neue Nutzung hergerichtet wurden, zum Beispiel als K&uuml;nstlerateliers oder f&uuml;r den Industriesalon Sch&ouml;neweide.<\/p>                        <\/div>\r\n\r\n                        <ul class=\"tour__langs\">\r\n                                                      <li>\r\n                              <button class=\"__gotoTourBtn\" href=\"https:\/\/guideservice.dk\/tur\/byvandring-industriel-arkitektur-i-berlin-sydoest#TRPLINKPROCESSED\">\r\n                                <img decoding=\"async\" title=\"Danish\" src=\"https:\/\/www.guideservicedanmark.dk\/grafik\/flag\/dk.gif\" alt=\"Danish\">\r\n                              <\/button>\r\n                            <\/li>\r\n                                                  <\/ul>\r\n\r\n                      <\/section>\r\n\r\n                      <figure class=\"tour__preview\">\r\n                        <img decoding=\"async\" onerror=\"this.src='https:\/\/guideservice.dk\/wp-content\/themes\/nisarg-child\/images\/gfx\/no-img-tour.png'\" src=\"https:\/\/www.guideservicedanmark.dk\/kunder\/0000000585\/3-QKwVJxQ3GF\/2701-vvzSXdVMLN.jpg?1=1&#038;imageResize=1&#038;size=600x600\" alt=\"Berlin\">\r\n                      <\/figure>\r\n\r\n                    <\/a>\r\n                  <\/li>\r\n\r\n                \r\n                  \r\n                  <li class=\"tour-container__item tour-container__item--small\">\r\n                    <a class=\"tour\" href=\"https:\/\/guideservice.dk\/de\/tour\/stadtfuehrung-in-malmoe\">\r\n                      <section class=\"tour__content\">\r\n\r\n                        <h2 class=\"tour__title\">Stadtf\u00fchrung in Malm\u00f6<\/h2>\r\n\r\n                        <div class=\"tour__desc\">\r\n                          <p>H&ouml;ren Sie &uuml;ber der dramatischer Flucht von Prinzessin Leonora Christina in der &auml;lteste Stadtteil&nbsp;von Malm&ouml;&nbsp;<\/p>                        <\/div>\r\n\r\n                        <ul class=\"tour__langs\">\r\n                                                      <li>\r\n                              <button class=\"__gotoTourBtn\" href=\"https:\/\/guideservice.dk\/tur\/byvandring-i-malmoe#TRPLINKPROCESSED\">\r\n                                <img decoding=\"async\" title=\"Danish\" src=\"https:\/\/www.guideservicedanmark.dk\/grafik\/flag\/dk.gif\" alt=\"Danish\">\r\n                              <\/button>\r\n                            <\/li>\r\n                                                      <li>\r\n                              <button class=\"__gotoTourBtn\" href=\"https:\/\/guideservice.dk\/en\/tur\/guided-city-walk-in-malmo#TRPLINKPROCESSED\">\r\n                                <img decoding=\"async\" title=\"English\" src=\"https:\/\/www.guideservicedanmark.dk\/grafik\/flag\/eng.gif\" alt=\"English\">\r\n                              <\/button>\r\n                            <\/li>\r\n                                                  <\/ul>\r\n\r\n                      <\/section>\r\n\r\n                      <figure class=\"tour__preview\">\r\n                        <img decoding=\"async\" onerror=\"this.src='https:\/\/guideservice.dk\/wp-content\/themes\/nisarg-child\/images\/gfx\/no-img-tour.png'\" src=\"https:\/\/www.guideservicedanmark.dk\/fil.asp?id=3471&#038;kode=srvOT9SIHJ&#038;imageResize=1&#038;size=600x600\" alt=\"Malm\u00f6\">\r\n                      <\/figure>\r\n\r\n                    <\/a>\r\n                  <\/li>\r\n\r\n                              <\/ul>\r\n            <\/div>\r\n\r\n            \r\n          \r\n\r\n      \r\n    \r\n\r\n\n\n\n<h2 class=\"wp-block-heading\">Andere L\u00e4nder - gef\u00fchrte Touren mit einem d\u00e4nischen Guide<\/h2>\n\n\n\n<p>Ein Urlaub im Ausland kann eine ganz andere Erfahrung sein, wenn man die besonderen Orte, die lustigen und anderen Geschichten kennt. Geschichten, die nur diejenigen kennen, die in dem Land wohnen. Genau die richtigen Leute, um dir davon zu erz\u00e4hlen.<\/p>\n\n\n\n<p><strong><strong><strong>Wir freuen uns, sagen zu k\u00f6nnen: Erleben  die ganze Welt mit Guideservice D\u00e4nemark\u00a0<strong> und unserem Guide-Service <\/strong>im Ausland<\/strong>.<\/strong><\/strong><\/p>","protected":false},"excerpt":{"rendered":"<p>Vil du ogs\u00e5 gerne h\u00f8re fort\u00e6llingen om det sted du bes\u00f8ger p\u00e5 dit modersm\u00e5l? S\u00e5 er du p\u00e5 det rigtige sted. Lad dig inspirere til gode oplevelser med danske guider. Andre lande &#8211; guidede ture med dansk guide P\u00e5 ferie i udlandet kan oplevelsen blive en helt anden, n\u00e5r du kender de finurlige steder, de sjove og anderledes historier. Historier, som kun de, der bor i landet kender. Og som de er de helt rigtige til at fort\u00e6lle om. Vi&#8230;<\/p>\n<p class=\"read-more\"><a class=\"btn btn-default\" href=\"https:\/\/guideservice.dk\/de\/daenischsprachige-fuehrungen-im-ausland\/\">Weiterlesen<span class=\"screen-reader-text\"> Weiterlesen<\/span><\/a><\/p>","protected":false},"author":1,"featured_media":0,"parent":0,"menu_order":0,"comment_status":"closed","ping_status":"closed","template":"template-parts\/tour-showTours.php","meta":{"om_disable_all_campaigns":false,"inline_featured_image":false,"_uag_custom_page_level_css":"","_monsterinsights_skip_tracking":false,"_monsterinsights_sitenote_active":false,"_monsterinsights_sitenote_note":"","_monsterinsights_sitenote_category":0,"_uf_show_specific_survey":0,"_uf_disable_surveys":false,"footnotes":""},"class_list":["post-5085","page","type-page","status-publish","hentry"],"acf":[],"aioseo_notices":[],"uagb_featured_image_src":{"full":false,"thumbnail":false,"medium":false,"medium_large":false,"large":false,"1536x1536":false,"2048x2048":false,"trp-custom-language-flag":false,"post-thumbnail":false,"nisarg-full-width":false,"sow-carousel-default":false},"uagb_author_info":{"display_name":"admin","author_link":"https:\/\/guideservice.dk\/de\/author\/jonas_ba13346b\/"},"uagb_comment_info":0,"uagb_excerpt":"Vil du ogs\u00e5 gerne h\u00f8re fort\u00e6llingen om det sted du bes\u00f8ger p\u00e5 dit modersm\u00e5l? S\u00e5 er du p\u00e5 det rigtige sted. Lad dig inspirere til gode oplevelser med danske guider. Andre lande &#8211; guidede ture med dansk guide P\u00e5 ferie i udlandet kan oplevelsen blive en helt anden, n\u00e5r du kender de finurlige steder, de&hellip;","_links":{"self":[{"href":"https:\/\/guideservice.dk\/de\/wp-json\/wp\/v2\/pages\/5085","targetHints":{"allow":["GET"]}}],"collection":[{"href":"https:\/\/guideservice.dk\/de\/wp-json\/wp\/v2\/pages"}],"about":[{"href":"https:\/\/guideservice.dk\/de\/wp-json\/wp\/v2\/types\/page"}],"author":[{"embeddable":true,"href":"https:\/\/guideservice.dk\/de\/wp-json\/wp\/v2\/users\/1"}],"replies":[{"embeddable":true,"href":"https:\/\/guideservice.dk\/de\/wp-json\/wp\/v2\/comments?post=5085"}],"version-history":[{"count":10,"href":"https:\/\/guideservice.dk\/de\/wp-json\/wp\/v2\/pages\/5085\/revisions"}],"predecessor-version":[{"id":5819,"href":"https:\/\/guideservice.dk\/de\/wp-json\/wp\/v2\/pages\/5085\/revisions\/5819"}],"wp:attachment":[{"href":"https:\/\/guideservice.dk\/de\/wp-json\/wp\/v2\/media?parent=5085"}],"curies":[{"name":"wp","href":"https:\/\/api.w.org\/{rel}","templated":true}]}}