{"id":5554,"date":"2023-02-13T13:19:06","date_gmt":"2023-02-13T12:19:06","guid":{"rendered":"https:\/\/guideservice.dk\/?page_id=5554"},"modified":"2026-03-23T16:56:41","modified_gmt":"2026-03-23T15:56:41","slug":"book-nu","status":"publish","type":"page","link":"https:\/\/guideservice.dk\/de\/book-jetzt\/","title":{"rendered":"Book jetzt"},"content":{"rendered":"<p><strong><em>Bringen Sie Ihr Erlebnis zum Leben \u2013 buchen Sie einen Guide, Reiseleiter oder Referenten.<\/em><\/strong><\/p>\n\n\n\n<p>Bei Guideservice Danmark ist es einfach, den richtigen Vermittler f\u00fcr Ihr n\u00e4chstes Erlebnis zu buchen. Ob Sie einen Guide f\u00fcr eine spannende Tour, einen erfahrenen Reiseleiter f\u00fcr Ihre Gruppenreise oder einen Referenten mit Herz suchen \u2013 Sie sind hier genau richtig.<\/p>\n\n\n\n<div class=\"wp-block-group\"><div class=\"wp-block-group__inner-container is-layout-constrained wp-block-group-is-layout-constrained\">\n<h2 class=\"wp-block-heading\">Gef\u00fchrte Touren<\/h2>\n\n\n\n<p>Entdecken Sie St\u00e4dte, Natur oder historische Orte mit einem erfahrenen lokalen Guide. Wir haben Hunderte von Guides \u2013 jeder mit seinem eigenen Wissen und Erz\u00e4hlstil \u2013 f\u00fcr Sie bereit.<\/p>\n\n\n\n<div class=\"wp-block-group is-vertical is-layout-flex wp-container-core-group-is-layout-8cf370e7 wp-block-group-is-layout-flex\">\n<p>Suchen Sie Inspiration f\u00fcr Ihr n\u00e4chstes Erlebnis? St\u00f6bern Sie in unseren vielen spannenden Tourvorschl\u00e4gen \u2013 es ist f\u00fcr jeden Geschmack etwas dabei, egal ob Sie Stadtf\u00fchrungen, Natur, Geschichte oder etwas ganz anderes bevorzugen. Klicken Sie auf den Button und finden Sie Ihr n\u00e4chstes gef\u00fchrtes Abenteuer.<\/p>\n\n\n\n<div class=\"wp-block-buttons is-layout-flex wp-block-buttons-is-layout-flex\">\n<div class=\"wp-block-button\"><a class=\"wp-block-button__link wp-element-button\" href=\"https:\/\/guideservice.dk\/de\/eine-gefuehrte-tour-finden\/\" target=\"_blank\" rel=\"noreferrer noopener\">Tour finden<\/a><\/div>\n<\/div>\n<\/div>\n\n\n\n<div class=\"wp-block-group is-vertical is-layout-flex wp-container-core-group-is-layout-8cf370e7 wp-block-group-is-layout-flex\">\n<p>Wissen Sie schon, wohin die Reise gehen soll? Sie k\u00f6nnen ganz einfach Guides finden, die sich in der Region auskennen und das passende Wissen sowie Erz\u00e4hlkunst mitbringen. Klicken Sie auf den untenstehenden Button, um zu sehen, welche Guides f\u00fcr Ihren Wunschort verf\u00fcgbar sind \u2013 und w\u00e4hlen Sie den Guide, der am besten zu Ihrer Gruppe und Ihren Interessen passt.<\/p>\n\n\n\n<div class=\"wp-block-buttons is-layout-flex wp-block-buttons-is-layout-flex\">\n<div class=\"wp-block-button\"><a class=\"wp-block-button__link wp-element-button\" href=\"https:\/\/guideservice.dk\/de\/einen-guide-finden\/\" target=\"_blank\" rel=\"noreferrer noopener\">Guide finden<\/a><\/div>\n<\/div>\n<\/div>\n\n\n\n<div class=\"wp-block-group is-vertical is-layout-flex wp-container-core-group-is-layout-8cf370e7 wp-block-group-is-layout-flex\">\n<p>Haben Sie unter unseren Standardangeboten nicht die perfekte Tour gefunden? Wir helfen Ihnen gerne, eine Tour ganz nach Ihren W\u00fcnschen zu gestalten. Klicken Sie auf den untenstehenden Button und teilen Sie uns Ihre W\u00fcnsche mit \u2013 gemeinsam finden wir den passenden Guide und gestalten das Erlebnis individuell f\u00fcr Sie.<\/p>\n\n\n\n<div class=\"wp-block-uagb-buttons uagb-buttons__outer-wrap uagb-btn__default-btn uagb-btn-tablet__default-btn uagb-btn-mobile__default-btn uagb-block-21a4f0df\"><div class=\"uagb-buttons__wrap uagb-buttons-layout-wrap\">\n<div class=\"wp-block-uagb-buttons-child uagb-buttons__outer-wrap uagb-block-b13f1b05 wp-block-button\"><div class=\"uagb-button__wrapper\"><a class=\"uagb-buttons-repeater wp-block-button__link\" aria-label=\"\" href=\"https:\/\/guideservice.dk\/de\/tour\/turforslag-booking-manager-mette-berrig\/?booking=2052&amp;q=\/turforslag-booking-manager-mette-berrig\" rel=\"follow noopener\" target=\"_self\" role=\"button\"><div class=\"uagb-button__link\">Lad os v\u00e6lge guide til din tur<\/div><\/a><\/div><\/div>\n\n\n\n<div class=\"wp-block-uagb-buttons-child uagb-buttons__outer-wrap uagb-block-309e7371 wp-block-button\"><div class=\"uagb-button__wrapper\"><a class=\"uagb-buttons-repeater wp-block-button__link\" aria-label=\"\" href=\"https:\/\/guideservice.dk\/de\/faa-et-tilbud\/\" rel=\"follow noopener\" target=\"_self\" role=\"button\"><div class=\"uagb-button__link\">Angebot anfragen<\/div><\/a><\/div><\/div>\n<\/div><\/div>\n<\/div>\n<\/div><\/div>\n\n\n\n<div class=\"wp-block-group\"><div class=\"wp-block-group__inner-container is-layout-constrained wp-block-group-is-layout-constrained\">\n<h2 class=\"wp-block-heading\">Reiseleiter<\/h2>\n\n\n\n<p>Ben\u00f6tigen Sie einen d\u00e4nischsprachigen Reiseleiter f\u00fcr Ihre Reise \u2013 in D\u00e4nemark oder im Ausland? Unsere freiberuflichen Reiseleiter sorgen f\u00fcr Sicherheit, \u00dcberblick und pers\u00f6nliche Betreuung w\u00e4hrend der gesamten Reise.<\/p>\n\n\n\n<div class=\"wp-block-buttons is-layout-flex wp-block-buttons-is-layout-flex\">\n<div class=\"wp-block-button\"><a class=\"wp-block-button__link wp-element-button\" href=\"https:\/\/www.guideservicedanmark.dk\/bookingsystem\/?1=1&amp;bookType=kategori&amp;bookId=2055&amp;toAll=1\" target=\"_blank\" rel=\"noreferrer noopener\">Reiseleiter buchen<\/a><\/div>\n<\/div>\n<\/div><\/div>\n\n\n\n<div class=\"wp-block-group\"><div class=\"wp-block-group__inner-container is-layout-constrained wp-block-group-is-layout-constrained\">\n<h2 class=\"wp-block-heading\">Vortrag<\/h2>\n\n\n\n<p>Suchen Sie einen lebendigen Vortrag f\u00fcr Ihre Veranstaltung? Unsere freiberuflichen Referenten bieten spannende Vortr\u00e4ge und historische Erz\u00e4hlungen \u00fcber das kulturelle Leben in Stadt und Land \u2013 aus dem In- und Ausland.<\/p>\n\n\n\n<div class=\"wp-block-buttons is-layout-flex wp-block-buttons-is-layout-flex\">\n<div class=\"wp-block-button\"><a class=\"wp-block-button__link wp-element-button\" href=\"https:\/\/www.guideservicedanmark.dk\/bookingsystem\/?1=1&amp;bookType=kategori&amp;bookId=2054&amp;toAll=1\" target=\"_blank\" rel=\"noreferrer noopener\">Vortrag buchen<\/a><\/div>\n<\/div>\n<\/div><\/div>\n\n\n\n<p><\/p>\n\n\n\n<p><\/p>","protected":false},"excerpt":{"rendered":"<p>G\u00f8r oplevelsen levende \u2013 book en guide, rejseleder eller foredragsholder Hos Guideservice Danmark er det nemt booke den rette formidler til jeres n\u00e6ste oplevelse. Hvad enten I s\u00f8ger en guide til en sp\u00e6ndende tur, en erfaren rejseleder til grupperejsen eller en foredragsholder med noget p\u00e5 hjerte \u2013 s\u00e5 er du landet det rigtige sted. Guidede ture Oplev byer, natur eller historiske steder sammen med en dygtig lokal guide. Vi har flere hundrede guider klar &#8211; hver med deres s\u00e6rlige viden&#8230;<\/p>\n<p class=\"read-more\"><a class=\"btn btn-default\" href=\"https:\/\/guideservice.dk\/de\/book-jetzt\/\">Weiterlesen<span class=\"screen-reader-text\"> Weiterlesen<\/span><\/a><\/p>","protected":false},"author":1,"featured_media":0,"parent":0,"menu_order":0,"comment_status":"closed","ping_status":"closed","template":"template-parts\/page-home.php","meta":{"om_disable_all_campaigns":false,"inline_featured_image":false,"_uag_custom_page_level_css":"","_monsterinsights_skip_tracking":false,"_monsterinsights_sitenote_active":false,"_monsterinsights_sitenote_note":"","_monsterinsights_sitenote_category":0,"_uf_show_specific_survey":0,"_uf_disable_surveys":false,"footnotes":""},"class_list":["post-5554","page","type-page","status-publish","hentry"],"acf":[],"aioseo_notices":[],"uagb_featured_image_src":{"full":false,"thumbnail":false,"medium":false,"medium_large":false,"large":false,"1536x1536":false,"2048x2048":false,"trp-custom-language-flag":false,"post-thumbnail":false,"nisarg-full-width":false,"sow-carousel-default":false},"uagb_author_info":{"display_name":"admin","author_link":"https:\/\/guideservice.dk\/de\/author\/jonas_ba13346b\/"},"uagb_comment_info":0,"uagb_excerpt":"G\u00f8r oplevelsen levende \u2013 book en guide, rejseleder eller foredragsholder Hos Guideservice Danmark er det nemt booke den rette formidler til jeres n\u00e6ste oplevelse. Hvad enten I s\u00f8ger en guide til en sp\u00e6ndende tur, en erfaren rejseleder til grupperejsen eller en foredragsholder med noget p\u00e5 hjerte \u2013 s\u00e5 er du landet det rigtige sted. Guidede&hellip;","_links":{"self":[{"href":"https:\/\/guideservice.dk\/de\/wp-json\/wp\/v2\/pages\/5554","targetHints":{"allow":["GET"]}}],"collection":[{"href":"https:\/\/guideservice.dk\/de\/wp-json\/wp\/v2\/pages"}],"about":[{"href":"https:\/\/guideservice.dk\/de\/wp-json\/wp\/v2\/types\/page"}],"author":[{"embeddable":true,"href":"https:\/\/guideservice.dk\/de\/wp-json\/wp\/v2\/users\/1"}],"replies":[{"embeddable":true,"href":"https:\/\/guideservice.dk\/de\/wp-json\/wp\/v2\/comments?post=5554"}],"version-history":[{"count":54,"href":"https:\/\/guideservice.dk\/de\/wp-json\/wp\/v2\/pages\/5554\/revisions"}],"predecessor-version":[{"id":9808,"href":"https:\/\/guideservice.dk\/de\/wp-json\/wp\/v2\/pages\/5554\/revisions\/9808"}],"wp:attachment":[{"href":"https:\/\/guideservice.dk\/de\/wp-json\/wp\/v2\/media?parent=5554"}],"curies":[{"name":"wp","href":"https:\/\/api.w.org\/{rel}","templated":true}]}}