{"id":5873,"date":"2023-02-20T13:05:34","date_gmt":"2023-02-20T12:05:34","guid":{"rendered":"https:\/\/guideservice.dk\/?page_id=5873"},"modified":"2023-03-11T22:43:37","modified_gmt":"2023-03-11T21:43:37","slug":"vandretur","status":"publish","type":"page","link":"https:\/\/guideservice.dk\/de\/wandertour\/","title":{"rendered":"Wanderung"},"content":{"rendered":"<p><em><strong>Es ist so sch\u00f6n, rauszugehen und die Natur zu Fu\u00df zu erleben. Bei einer gef\u00fchrten Wanderung hat man Zeit, das Wetter zu f\u00fchlen, zu h\u00f6ren und zu riechen. Du wirst auf eine gute Art und Weise m\u00fcde, w\u00e4hrend du mit Erfahrungen und Informationen vollgepackt wirst.<\/strong><\/em><\/p>\n\n\n\r\n  \r\n      \r\n        \r\n            <? \/\/ List ?> \r\n\r\n                        <div>\r\n\r\n            \r\n            <div class=\"filter-container\" id=\"tourListOverview\">\r\n                <ul class=\"filter\">\r\n                  <li class=\"filter__item\">\r\n                    <input class=\"input\" id=\"tourInput\" type=\"search\" placeholder=\"Wohin geht es?\">\r\n                    <div class=\"btn\">\r\n                      <button class=\"btn__link\" data-uri=\"https:\/\/guideservice.dk\/wp-content\/themes\/nisarg-child\" data-locale=\"3\" data-endpoint=\"https:\/\/www.guideservicedanmark.dk\/custom\/0000000585\/api\/items\/?userKey=&#038;case=searchTour&#038;extraKeyword=&#038;languageId=3&#038;ttype=21\" id=\"tourSearch\">Suche<\/button>\r\n                    <\/div>\r\n                  <\/li>\r\n                  <li class=\"filter__item filter__item--last\">\r\n                    <span>Sortierung:<\/span>\r\n                    <span>\r\n                      <select class=\"input\" id=\"tourSort\">\r\n                        <option value=\"\">Zuf\u00e4llig<\/option>\r\n                        <option value=\"name\">Alfabetisk<\/option>\r\n                        <option value=\"video\">Video<\/option>\r\n                      <\/select>\r\n                    <\/span>\r\n                  <\/li>\r\n                <\/ul>\r\n              <\/div>\r\n\r\n              <ul id=\"tourList\" class=\"tour-container\" data-tag=\"\">\r\n\r\n                \r\n                  \r\n                  <li class=\"tour-container__item tour-container__item--large\">\r\n                    <a class=\"tour\" href=\"https:\/\/guideservice.dk\/de\/tour\/wanderung-mit-guide-moens-klint-daenemarks-entstehung-grosse-gletscher\">\r\n                      <section class=\"tour__content\">\r\n\r\n                        <h2 class=\"tour__title tour__title--large\">M\u00f8ns Klint. Ursprung D\u00e4nemark, gro\u00dfer Gletscher<\/h2>\r\n\r\n                        <div class=\"tour__desc tour__desc--full\">\r\n                          <p><strong>M&oslash;ns Klint birgt so viele spannende Geschichten, die nur darauf warten, erz&auml;hlt zu werden. Das mache ich bei einer Wanderung entlang der Steilk&uuml;ste.<\/strong><br \/><br \/>Als Guide mit viel Erfahrung in F&uuml;hrungen bei M&oslash;ns Klint erz&auml;hle ich von der Entstehung der Steilk&uuml;ste und einem dramatischen Kapitel der Erdgeschichte. Ich berichte dar&uuml;ber, wo man glaubt, dass ein Asteroid die Erde traf, &uuml;ber die Bedeutung von Supervulkanen, &uuml;ber den Anfang D&auml;nemarks&nbsp; und &uuml;ber die gro&szlig;en Gletscher der letzten Eiszeit.<\/p><p>Wir werden entlang der Steilk&uuml;ste gehen und den sch&ouml;nen Ausblick auf die Ostsee genie&szlig;en, aber nat&uuml;rlich auch zum Strand hinuntergehen, wo wir verschiedene Fossilien aus dem Kreidemeer finden und die Steilk&uuml;ste ganz nah erleben.<\/p><p>Wenn Sie daran interessiert sind, die gef&uuml;hrte Tour an M&oslash;ns Klint&nbsp;mit einem Essen in einem Restaurant in der N&auml;he der Steilk&uuml;ste zu enden&nbsp;, kann es arrangiert werden. Bitte geben Sie bei der Buchung Bescheid.<\/p>                        <\/div>\r\n\r\n                        <ul class=\"tour__langs\">\r\n                                                      <li>\r\n                              <button class=\"__gotoTourBtn\" href=\"https:\/\/guideservice.dk\/tur\/guidet-vandring-moens-klint-danmarks-dannelse-dinosaurernes-uddoeen-og-store-gletschere#TRPLINKPROCESSED\">\r\n                                <img decoding=\"async\" title=\"Danish\" src=\"https:\/\/www.guideservicedanmark.dk\/grafik\/flag\/dk.gif\" alt=\"Danish\">\r\n                              <\/button>\r\n                            <\/li>\r\n                                                      <li>\r\n                              <button class=\"__gotoTourBtn\" href=\"https:\/\/guideservice.dk\/en\/tur\/guided-tour-on-the-beautiful-moens-klint-that-tells-the-story-of-the-formation-of-denmark#TRPLINKPROCESSED\">\r\n                                <img decoding=\"async\" title=\"English\" src=\"https:\/\/www.guideservicedanmark.dk\/grafik\/flag\/eng.gif\" alt=\"English\">\r\n                              <\/button>\r\n                            <\/li>\r\n                                                      <li>\r\n                              <button class=\"__gotoTourBtn\" href=\"https:\/\/guideservice.dk\/de\/tur\/wanderung-mit-guide-moens-klint-daenemarks-entstehung-grosse-gletscher#TRPLINKPROCESSED\">\r\n                                <img decoding=\"async\" title=\"German\" src=\"https:\/\/www.guideservicedanmark.dk\/grafik\/flag\/de.gif\" alt=\"German\">\r\n                              <\/button>\r\n                            <\/li>\r\n                                                      <li>\r\n                              <button class=\"__gotoTourBtn\" href=\"https:\/\/guideservice.dk\/en\/tur\/guidet-tur-moens-klint-danmarks-dannelse-store-isbreer#TRPLINKPROCESSED\">\r\n                                <img decoding=\"async\" title=\"Norwegian\" src=\"https:\/\/www.guideservicedanmark.dk\/grafik\/flag\/no.gif\" alt=\"Norwegian\">\r\n                              <\/button>\r\n                            <\/li>\r\n                                                      <li>\r\n                              <button class=\"__gotoTourBtn\" href=\"https:\/\/guideservice.dk\/en\/tur\/guidad-busstur-moens-klint-danmarks-bildande-stora-glaciaerer#TRPLINKPROCESSED\">\r\n                                <img decoding=\"async\" title=\"Swedish\" src=\"https:\/\/www.guideservicedanmark.dk\/grafik\/flag\/se.gif\" alt=\"Swedish\">\r\n                              <\/button>\r\n                            <\/li>\r\n                                                  <\/ul>\r\n\r\n                      <\/section>\r\n\r\n                      <figure class=\"tour__preview\">\r\n                        <img decoding=\"async\" onerror=\"this.src='https:\/\/guideservice.dk\/wp-content\/themes\/nisarg-child\/images\/gfx\/no-img-tour.png'\" src=\"https:\/\/www.guideservicedanmark.dk\/fil.asp?id=3396&#038;kode=wvzSXdWMLN&#038;imageResize=1&#038;size=600x600\" alt=\"\">\r\n                      <\/figure>\r\n\r\n                    <\/a>\r\n                  <\/li>\r\n\r\n                \r\n                  \r\n                  <li class=\"tour-container__item tour-container__item--small\">\r\n                    <a class=\"tour\" href=\"https:\/\/guideservice.dk\/de\/tour\/wanderung-das-flugzeug-das-abgestuerzt-ist\">\r\n                      <section class=\"tour__content\">\r\n\r\n                        <h2 class=\"tour__title\">Das Flugzeug, das abgest\u00fcrzt ist!<\/h2>\r\n\r\n                        <div class=\"tour__desc\">\r\n                          <p>Es war im April 1945, als der Wipfel vom Triebwerk des Fleuzeug zerquetscht wurde &#8211; h&ouml;ren Sie den ganze Geschichte im Wald<\/p>                        <\/div>\r\n\r\n                        <ul class=\"tour__langs\">\r\n                                                      <li>\r\n                              <button class=\"__gotoTourBtn\" href=\"https:\/\/guideservice.dk\/tur\/guidet-vandretur-flyveren-der-faldt-ned#TRPLINKPROCESSED\">\r\n                                <img decoding=\"async\" title=\"Danish\" src=\"https:\/\/www.guideservicedanmark.dk\/grafik\/flag\/dk.gif\" alt=\"Danish\">\r\n                              <\/button>\r\n                            <\/li>\r\n                                                      <li>\r\n                              <button class=\"__gotoTourBtn\" href=\"https:\/\/guideservice.dk\/en\/tur\/guided-tour-an-aeroplane-got-shot-down#TRPLINKPROCESSED\">\r\n                                <img decoding=\"async\" title=\"English\" src=\"https:\/\/www.guideservicedanmark.dk\/grafik\/flag\/eng.gif\" alt=\"English\">\r\n                              <\/button>\r\n                            <\/li>\r\n                                                      <li>\r\n                              <button class=\"__gotoTourBtn\" href=\"https:\/\/guideservice.dk\/de\/tur\/wanderung-das-flugzeug-das-abgestuerzt-ist#TRPLINKPROCESSED\">\r\n                                <img decoding=\"async\" title=\"German\" src=\"https:\/\/www.guideservicedanmark.dk\/grafik\/flag\/de.gif\" alt=\"German\">\r\n                              <\/button>\r\n                            <\/li>\r\n                                                  <\/ul>\r\n\r\n                      <\/section>\r\n\r\n                      <figure class=\"tour__preview\">\r\n                        <img decoding=\"async\" onerror=\"this.src='https:\/\/guideservice.dk\/wp-content\/themes\/nisarg-child\/images\/gfx\/no-img-tour.png'\" src=\"https:\/\/www.guideservicedanmark.dk\/fil.asp?id=2012&#038;kode=vvzRXdVLLN&#038;imageResize=1&#038;size=600x600\" alt=\"Coradsminde\">\r\n                      <\/figure>\r\n\r\n                    <\/a>\r\n                  <\/li>\r\n\r\n                \r\n                  \r\n                  <li class=\"tour-container__item tour-container__item--small tour-push\">\r\n                    <a class=\"tour\" href=\"https:\/\/guideservice.dk\/de\/tour\/wanderung-auf-der-wunderschoenen-insel-bornholm\">\r\n                      <section class=\"tour__content\">\r\n\r\n                        <h2 class=\"tour__title\">Wanderung auf der wundersch\u00f6nen Insel Bornholm<\/h2>\r\n\r\n                        <div class=\"tour__desc\">\r\n                          <p>Komm mit auf diese Wanderung auf der wundersch&ouml;nen Insel Bornholm. Voller Natur, Geschichte und mehr.<\/p>                        <\/div>\r\n\r\n                        <ul class=\"tour__langs\">\r\n                                                      <li>\r\n                              <button class=\"__gotoTourBtn\" href=\"https:\/\/guideservice.dk\/tur\/guidet-vandretur-med-bornholmske-skroener-og-historie#TRPLINKPROCESSED\">\r\n                                <img decoding=\"async\" title=\"Danish\" src=\"https:\/\/www.guideservicedanmark.dk\/grafik\/flag\/dk.gif\" alt=\"Danish\">\r\n                              <\/button>\r\n                            <\/li>\r\n                                                      <li>\r\n                              <button class=\"__gotoTourBtn\" href=\"https:\/\/guideservice.dk\/en\/tur\/guided-tour-anecdotes-and-stories-from-the-island-of-bornholm#TRPLINKPROCESSED\">\r\n                                <img decoding=\"async\" title=\"English\" src=\"https:\/\/www.guideservicedanmark.dk\/grafik\/flag\/eng.gif\" alt=\"English\">\r\n                              <\/button>\r\n                            <\/li>\r\n                                                      <li>\r\n                              <button class=\"__gotoTourBtn\" href=\"https:\/\/guideservice.dk\/en\/tur\/randonnee-avec-les-contes-et-lhistoire-de-bornholm#TRPLINKPROCESSED\">\r\n                                <img decoding=\"async\" title=\"French\" src=\"https:\/\/www.guideservicedanmark.dk\/grafik\/flag\/fr.gif\" alt=\"French\">\r\n                              <\/button>\r\n                            <\/li>\r\n                                                  <\/ul>\r\n\r\n                      <\/section>\r\n\r\n                      <figure class=\"tour__preview\">\r\n                        <img decoding=\"async\" onerror=\"this.src='https:\/\/guideservice.dk\/wp-content\/themes\/nisarg-child\/images\/gfx\/no-img-tour.png'\" src=\"https:\/\/www.guideservicedanmark.dk\/fil.asp?id=3519&#038;kode=215otJrhhj&#038;imageResize=1&#038;size=600x600\" alt=\"Gudhjem\">\r\n                      <\/figure>\r\n\r\n                    <\/a>\r\n                  <\/li>\r\n\r\n                \r\n                  \r\n                  <li class=\"tour-container__item tour-container__item--small\">\r\n                    <a class=\"tour\" href=\"https:\/\/guideservice.dk\/de\/tour\/wanderung-rold-wald\">\r\n                      <section class=\"tour__content\">\r\n\r\n                        <h2 class=\"tour__title\">Wanderung in der Rold Wald<\/h2>\r\n\r\n                        <div class=\"tour__desc\">\r\n                          <p>Ich erz&auml;hle R&auml;ubergeschichten aus der gr&ouml;&szlig;te Wald J&uuml;tlands und biete Ihnen kaltes Quellenwasser und lokale Erlebnisse an<\/p>                        <\/div>\r\n\r\n                        <ul class=\"tour__langs\">\r\n                                                      <li>\r\n                              <button class=\"__gotoTourBtn\" href=\"https:\/\/guideservice.dk\/tur\/guidet-tur-i-rold-skov#TRPLINKPROCESSED\">\r\n                                <img decoding=\"async\" title=\"Danish\" src=\"https:\/\/www.guideservicedanmark.dk\/grafik\/flag\/dk.gif\" alt=\"Danish\">\r\n                              <\/button>\r\n                            <\/li>\r\n                                                      <li>\r\n                              <button class=\"__gotoTourBtn\" href=\"https:\/\/guideservice.dk\/en\/tur\/guided-walk-rold-forest#TRPLINKPROCESSED\">\r\n                                <img decoding=\"async\" title=\"English\" src=\"https:\/\/www.guideservicedanmark.dk\/grafik\/flag\/eng.gif\" alt=\"English\">\r\n                              <\/button>\r\n                            <\/li>\r\n                                                      <li>\r\n                              <button class=\"__gotoTourBtn\" href=\"https:\/\/guideservice.dk\/de\/tur\/wanderung-rold-wald#TRPLINKPROCESSED\">\r\n                                <img decoding=\"async\" title=\"German\" src=\"https:\/\/www.guideservicedanmark.dk\/grafik\/flag\/de.gif\" alt=\"German\">\r\n                              <\/button>\r\n                            <\/li>\r\n                                                  <\/ul>\r\n\r\n                      <\/section>\r\n\r\n                      <figure class=\"tour__preview\">\r\n                        <img decoding=\"async\" onerror=\"this.src='https:\/\/guideservice.dk\/wp-content\/themes\/nisarg-child\/images\/gfx\/no-img-tour.png'\" src=\"https:\/\/www.guideservicedanmark.dk\/fil.asp?id=3384&#038;kode=VUYhmCkbac&#038;imageResize=1&#038;size=600x600\" alt=\"\">\r\n                      <\/figure>\r\n\r\n                    <\/a>\r\n                  <\/li>\r\n\r\n                \r\n                  \r\n                  <li class=\"tour-container__item tour-container__item--small tour-push\">\r\n                    <a class=\"tour\" href=\"https:\/\/guideservice.dk\/de\/tour\/bornholm-kohlebergbau-eine-ueberraschende-geschichte\">\r\n                      <section class=\"tour__content\">\r\n\r\n                        <h2 class=\"tour__title\">Bornholm &#8211; Kohlebergbau, eine \u00fcberraschende Geschichte<\/h2>\r\n\r\n                        <div class=\"tour__desc\">\r\n                          <p>Kommen Sie mit und entdecken Sie die Geschichte des Kohlbergbaus auf Bornholm<\/p>                        <\/div>\r\n\r\n                        <ul class=\"tour__langs\">\r\n                                                      <li>\r\n                              <button class=\"__gotoTourBtn\" href=\"https:\/\/guideservice.dk\/tur\/guidet-vandretur-bornholm-kulbrydning-en-overraskende-historie#TRPLINKPROCESSED\">\r\n                                <img decoding=\"async\" title=\"Danish\" src=\"https:\/\/www.guideservicedanmark.dk\/grafik\/flag\/dk.gif\" alt=\"Danish\">\r\n                              <\/button>\r\n                            <\/li>\r\n                                                      <li>\r\n                              <button class=\"__gotoTourBtn\" href=\"https:\/\/guideservice.dk\/en\/tur\/bornholm-coal-mining-a-surprising-story#TRPLINKPROCESSED\">\r\n                                <img decoding=\"async\" title=\"English\" src=\"https:\/\/www.guideservicedanmark.dk\/grafik\/flag\/eng.gif\" alt=\"English\">\r\n                              <\/button>\r\n                            <\/li>\r\n                                                      <li>\r\n                              <button class=\"__gotoTourBtn\" href=\"https:\/\/guideservice.dk\/de\/tur\/bornholm-kohlebergbau-eine-ueberraschende-geschichte#TRPLINKPROCESSED\">\r\n                                <img decoding=\"async\" title=\"German\" src=\"https:\/\/www.guideservicedanmark.dk\/grafik\/flag\/de.gif\" alt=\"German\">\r\n                              <\/button>\r\n                            <\/li>\r\n                                                  <\/ul>\r\n\r\n                      <\/section>\r\n\r\n                      <figure class=\"tour__preview\">\r\n                        <img decoding=\"async\" onerror=\"this.src='https:\/\/guideservice.dk\/wp-content\/themes\/nisarg-child\/images\/gfx\/no-img-tour.png'\" src=\"https:\/\/www.guideservicedanmark.dk\/fil.asp?id=3125&#038;kode=baexCSArqs&#038;imageResize=1&#038;size=600x600\" alt=\"Hasle Syd\">\r\n                      <\/figure>\r\n\r\n                    <\/a>\r\n                  <\/li>\r\n\r\n                \r\n                  \r\n                  <li class=\"tour-container__item tour-container__item--large\">\r\n                    <a class=\"tour\" href=\"https:\/\/guideservice.dk\/de\/tour\/bornholmer-miliz-und-das-daenische-militaer\">\r\n                      <section class=\"tour__content\">\r\n\r\n                        <h2 class=\"tour__title tour__title--large\">Bornholmer Miliz und das D\u00e4nische Milit\u00e4r<\/h2>\r\n\r\n                        <div class=\"tour__desc tour__desc--full\">\r\n                          <p><strong>Bornholm hat seit langer Zeit eine eigene Miliz gehabt. Erst sp&auml;ter hat das d&auml;nische Milit&auml;r seinen Platz &uuml;bernommen.<br \/><\/strong><\/p><p>Hasle F&aelig;lled und das Gebiet s&uuml;dlich von Hasle zeigt noch deutlich, wie die Soldaten hier fr&uuml;her trainiert wurden; aber andere historische Spuren sind auch noch im Gel&auml;nde zu sehen. Wir kommen unterwegs an vielen spannenden Sehensw&uuml;rdigkeiten vorbei.&nbsp;Diese Spuren in der Landschaft zeigen uns nicht nur, wie es mal war, sondern auch wie es geworden ist.<\/p>                        <\/div>\r\n\r\n                        <ul class=\"tour__langs\">\r\n                                                      <li>\r\n                              <button class=\"__gotoTourBtn\" href=\"https:\/\/guideservice.dk\/tur\/guidet-vandretur-natur-bornholms-milits-og-forsvar-igennem-tiden#TRPLINKPROCESSED\">\r\n                                <img decoding=\"async\" title=\"Danish\" src=\"https:\/\/www.guideservicedanmark.dk\/grafik\/flag\/dk.gif\" alt=\"Danish\">\r\n                              <\/button>\r\n                            <\/li>\r\n                                                      <li>\r\n                              <button class=\"__gotoTourBtn\" href=\"https:\/\/guideservice.dk\/en\/tur\/guided-tour-bornholms-militia-and-defense#TRPLINKPROCESSED\">\r\n                                <img decoding=\"async\" title=\"English\" src=\"https:\/\/www.guideservicedanmark.dk\/grafik\/flag\/eng.gif\" alt=\"English\">\r\n                              <\/button>\r\n                            <\/li>\r\n                                                      <li>\r\n                              <button class=\"__gotoTourBtn\" href=\"https:\/\/guideservice.dk\/de\/tur\/bornholmer-miliz-und-das-daenische-militaer#TRPLINKPROCESSED\">\r\n                                <img decoding=\"async\" title=\"German\" src=\"https:\/\/www.guideservicedanmark.dk\/grafik\/flag\/de.gif\" alt=\"German\">\r\n                              <\/button>\r\n                            <\/li>\r\n                                                  <\/ul>\r\n\r\n                      <\/section>\r\n\r\n                      <figure class=\"tour__preview\">\r\n                        <img decoding=\"async\" onerror=\"this.src='https:\/\/guideservice.dk\/wp-content\/themes\/nisarg-child\/images\/gfx\/no-img-tour.png'\" src=\"https:\/\/www.guideservicedanmark.dk\/fil.asp?id=3131&#038;kode=srvOT9RHHJ&#038;imageResize=1&#038;size=600x600\" alt=\"\">\r\n                      <\/figure>\r\n\r\n                    <\/a>\r\n                  <\/li>\r\n\r\n                              <\/ul>\r\n            <\/div>\r\n\r\n            \r\n          \r\n\r\n      \r\n    \r\n\r\n\n\n\n<h2 class=\"wp-block-heading\">Wanderungen mit Guide<\/h2>\n\n\n\n<p>Bei einer Wanderung in Begleitung eines ortskundigen Guides die Natur zu erleben, bedeutet, dass du sicher unterwegs sein kannst. Du kommst dort an, wo du hinwillst, und das auf einer Route, die der F\u00fchrer bereits kennt und dir zeigen kann.<\/p>\n\n\n\n<p>W\u00e4hrend der Wanderung kann der F\u00fchrer dir Geschichten \u00fcber die Gegend, \u00fcber die Natur, die Fauna und die Pflanzen erz\u00e4hlen. Die Geschichten richten sich nat\u00fcrlich nach dem Inhalt der Wanderung, die du gew\u00fcnscht hast. Bei einigen der gef\u00fchrten Wanderungen liegt der Schwerpunkt auf der Tierwelt, bei anderen auf der Pflanzenwelt.<\/p>\n\n\n\n<p>Auf einigen der Wanderungen besteht die M\u00f6glichkeit, Kr\u00e4uter oder andere Dinge aus der wunderbaren Speisekammer der Natur zu sammeln.<\/p>\n\n\n\n<p><strong>Wir freuen uns, sagen zu k\u00f6nnen: Erleb eine Wanderung mit Guideservice D\u00e4nemark und einem unserer Wanderguides.<\/strong><\/p>","protected":false},"excerpt":{"rendered":"<p>Det er s\u00e5 dejligt at komme ud at opleve naturen til fods. Der er tid til at dufte, lytte og m\u00e6rke vejret p\u00e5 en vandretur med guide. Bliv tr\u00e6t p\u00e5 den gode m\u00e5de, mens du bliver fyldt med oplevelser og oplysninger. Vandretur med guide At komme ud at opleve naturen p\u00e5 vandretur i selskab med en lokal guide g\u00f8r, at du kan f\u00e6rdes sikkert og trygt. At du kommer derhen hvor du gerne vil og p\u00e5 en rute som guiden&#8230;<\/p>\n<p class=\"read-more\"><a class=\"btn btn-default\" href=\"https:\/\/guideservice.dk\/de\/wandertour\/\">Weiterlesen<span class=\"screen-reader-text\"> Weiterlesen<\/span><\/a><\/p>","protected":false},"author":1,"featured_media":0,"parent":0,"menu_order":0,"comment_status":"closed","ping_status":"closed","template":"template-parts\/tour-showTours.php","meta":{"om_disable_all_campaigns":false,"inline_featured_image":false,"_uag_custom_page_level_css":"","_monsterinsights_skip_tracking":false,"_monsterinsights_sitenote_active":false,"_monsterinsights_sitenote_note":"","_monsterinsights_sitenote_category":0,"_uf_show_specific_survey":0,"_uf_disable_surveys":false,"footnotes":""},"class_list":["post-5873","page","type-page","status-publish","hentry"],"acf":[],"aioseo_notices":[],"uagb_featured_image_src":{"full":false,"thumbnail":false,"medium":false,"medium_large":false,"large":false,"1536x1536":false,"2048x2048":false,"trp-custom-language-flag":false,"post-thumbnail":false,"nisarg-full-width":false,"sow-carousel-default":false},"uagb_author_info":{"display_name":"admin","author_link":"https:\/\/guideservice.dk\/de\/author\/jonas_ba13346b\/"},"uagb_comment_info":0,"uagb_excerpt":"Det er s\u00e5 dejligt at komme ud at opleve naturen til fods. Der er tid til at dufte, lytte og m\u00e6rke vejret p\u00e5 en vandretur med guide. Bliv tr\u00e6t p\u00e5 den gode m\u00e5de, mens du bliver fyldt med oplevelser og oplysninger. Vandretur med guide At komme ud at opleve naturen p\u00e5 vandretur i selskab med&hellip;","_links":{"self":[{"href":"https:\/\/guideservice.dk\/de\/wp-json\/wp\/v2\/pages\/5873","targetHints":{"allow":["GET"]}}],"collection":[{"href":"https:\/\/guideservice.dk\/de\/wp-json\/wp\/v2\/pages"}],"about":[{"href":"https:\/\/guideservice.dk\/de\/wp-json\/wp\/v2\/types\/page"}],"author":[{"embeddable":true,"href":"https:\/\/guideservice.dk\/de\/wp-json\/wp\/v2\/users\/1"}],"replies":[{"embeddable":true,"href":"https:\/\/guideservice.dk\/de\/wp-json\/wp\/v2\/comments?post=5873"}],"version-history":[{"count":14,"href":"https:\/\/guideservice.dk\/de\/wp-json\/wp\/v2\/pages\/5873\/revisions"}],"predecessor-version":[{"id":6814,"href":"https:\/\/guideservice.dk\/de\/wp-json\/wp\/v2\/pages\/5873\/revisions\/6814"}],"wp:attachment":[{"href":"https:\/\/guideservice.dk\/de\/wp-json\/wp\/v2\/media?parent=5873"}],"curies":[{"name":"wp","href":"https:\/\/api.w.org\/{rel}","templated":true}]}}