{"id":5877,"date":"2023-02-20T13:16:17","date_gmt":"2023-02-20T12:16:17","guid":{"rendered":"https:\/\/guideservice.dk\/?page_id=5877"},"modified":"2023-03-03T10:22:20","modified_gmt":"2023-03-03T09:22:20","slug":"cykeltur","status":"publish","type":"page","link":"https:\/\/guideservice.dk\/de\/radtour\/","title":{"rendered":"Cykeltur med guide"},"content":{"rendered":"<p><strong><em>Mit dem Fahrrad unterwegs zu sein, ist sehr d\u00e4nisch. Die Tradition, im Alltag mit dem Fahrrad unterwegs zu sein, funktioniert auch, wenn wir im Urlaub sind oder etwas mehr von der Stadt erleben wollen als nur den zentralen Stadtteil. Wenn wir in die Natur fahren wollen, ist es toll, sich zu bewegen, den Wind in den Haaren zu sp\u00fcren und all die D\u00fcfte zu genie\u00dfen, die uns v\u00f6llig ungefiltert begegnen.<\/em><\/strong><\/p>\n\n\n\r\n  \r\n      \r\n        \r\n            <? \/\/ List ?> \r\n\r\n                        <div>\r\n\r\n            \r\n            <div class=\"filter-container\" id=\"tourListOverview\">\r\n                <ul class=\"filter\">\r\n                  <li class=\"filter__item\">\r\n                    <input class=\"input\" id=\"tourInput\" type=\"search\" placeholder=\"Wohin geht es?\">\r\n                    <div class=\"btn\">\r\n                      <button class=\"btn__link\" data-uri=\"https:\/\/guideservice.dk\/wp-content\/themes\/nisarg-child\" data-locale=\"3\" data-endpoint=\"https:\/\/www.guideservicedanmark.dk\/custom\/0000000585\/api\/items\/?userKey=&#038;case=searchTour&#038;extraKeyword=&#038;languageId=3&#038;ttype=24\" id=\"tourSearch\">Suche<\/button>\r\n                    <\/div>\r\n                  <\/li>\r\n                  <li class=\"filter__item filter__item--last\">\r\n                    <span>Sortierung:<\/span>\r\n                    <span>\r\n                      <select class=\"input\" id=\"tourSort\">\r\n                        <option value=\"\">Zuf\u00e4llig<\/option>\r\n                        <option value=\"name\">Alfabetisk<\/option>\r\n                        <option value=\"video\">Video<\/option>\r\n                      <\/select>\r\n                    <\/span>\r\n                  <\/li>\r\n                <\/ul>\r\n              <\/div>\r\n\r\n              <ul id=\"tourList\" class=\"tour-container\" data-tag=\"\">\r\n\r\n                \r\n                  \r\n                  <li class=\"tour-container__item tour-container__item--large\">\r\n                    <a class=\"tour\" href=\"https:\/\/guideservice.dk\/de\/tour\/stadtwanderung-kopenhagen-nord-west-viertel-mit-geist-und-bewegung\">\r\n                      <section class=\"tour__content\">\r\n\r\n                        <h2 class=\"tour__title tour__title--large\">Kopenhagen Nord West. Viertel mit Geist und Bewegung<\/h2>\r\n\r\n                        <div class=\"tour__desc tour__desc--full\">\r\n                          <p data-placeholder=\"&quot;Translation&quot;\" dir=\"&quot;ltr&quot;\"><strong>Der nordwestliche Teil von Kopenhagen hat den Ruf, ein Viertel mit ethnischen Spannungen zu sein. Dieses Viertel bietet aber auch das beste Stadtleben der Stadt, die interessantesten Gesch&auml;fte und Werkst&auml;tten f&uuml;r die Kreativwirtschaft.<\/strong><\/p><p data-placeholder=\"&quot;Translation&quot;\" dir=\"&quot;ltr&quot;\">Der Bezirk enth&auml;lt sowohl eine mit dem Architekturpreis ausgezeichnete Bibliothek, kleine kreative Start-up-Unternehmen als auch ein Gourmet-Restaurant. Es war einmal, dass der Nordwesten ein l&auml;ndliches Viertel und ein Paradies f&uuml;r die arbeitende Bev&ouml;lkerung war, um dem schwarzen Platz zu entkommen. Hier konnte man Licht und Luft in die vorbildliche architektonische Gestaltung, den allgemeinen Wohnungsbau bringen.<\/p><p data-placeholder=\"&quot;Translation&quot;\" dir=\"&quot;ltr&quot;\">Auf einem Spaziergang durch die Stadt durch das Diversity-Viertel schauen wir uns an, wie das Leben hier gelebt hat, von den ersten H&auml;usern, die Anfang des 20. Jahrhunderts auf den Feldern errichtet wurden, bis zu dem jungen, lebendigen und multiethnischen Nordwesten, den wir heute sehen.<\/p>                        <\/div>\r\n\r\n                        <ul class=\"tour__langs\">\r\n                                                      <li>\r\n                              <button class=\"__gotoTourBtn\" href=\"https:\/\/guideservice.dk\/tur\/guidet-cykeltur-koebenhavn-nordvest-mangfoldighed-og-raahed#TRPLINKPROCESSED\">\r\n                                <img decoding=\"async\" title=\"Danish\" src=\"https:\/\/www.guideservicedanmark.dk\/grafik\/flag\/dk.gif\" alt=\"Danish\">\r\n                              <\/button>\r\n                            <\/li>\r\n                                                      <li>\r\n                              <button class=\"__gotoTourBtn\" href=\"https:\/\/guideservice.dk\/en\/tur\/city-walk-copenhagen-north-west-diversity-and-rawness#TRPLINKPROCESSED\">\r\n                                <img decoding=\"async\" title=\"English\" src=\"https:\/\/www.guideservicedanmark.dk\/grafik\/flag\/eng.gif\" alt=\"English\">\r\n                              <\/button>\r\n                            <\/li>\r\n                                                      <li>\r\n                              <button class=\"__gotoTourBtn\" href=\"https:\/\/guideservice.dk\/en\/tur\/tour-a-velo-copenhague-nord-ouest-diversite-et-brutalite#TRPLINKPROCESSED\">\r\n                                <img decoding=\"async\" title=\"French\" src=\"https:\/\/www.guideservicedanmark.dk\/grafik\/flag\/fr.gif\" alt=\"French\">\r\n                              <\/button>\r\n                            <\/li>\r\n                                                  <\/ul>\r\n\r\n                      <\/section>\r\n\r\n                      <figure class=\"tour__preview\">\r\n                        <img decoding=\"async\" onerror=\"this.src='https:\/\/guideservice.dk\/wp-content\/themes\/nisarg-child\/images\/gfx\/no-img-tour.png'\" src=\"https:\/\/www.guideservicedanmark.dk\/kunder\/0000000585\/3-QKwVJxQ3GF\/2701-vvzSXdVMLN.jpg?1=1&#038;imageResize=1&#038;size=600x600\" alt=\"Kopenhagen\">\r\n                      <\/figure>\r\n\r\n                    <\/a>\r\n                  <\/li>\r\n\r\n                \r\n                  \r\n                  <li class=\"tour-container__item tour-container__item--small\">\r\n                    <a class=\"tour\" href=\"https:\/\/guideservice.dk\/de\/tour\/koenigliches-kopenhagen-mit-rad-und-zu-fuss\">\r\n                      <section class=\"tour__content\">\r\n\r\n                        <h2 class=\"tour__title\">Das Klassische Kopenhagen mit dem Rad<\/h2>\r\n\r\n                        <div class=\"tour__desc\">\r\n                          <p>Erleben Sie das Klassische Kopenhagen, mit den gr&ouml;&beta;ten Sehensw&uuml;rdigkeiten<\/p>                        <\/div>\r\n\r\n                        <ul class=\"tour__langs\">\r\n                                                      <li>\r\n                              <button class=\"__gotoTourBtn\" href=\"https:\/\/guideservice.dk\/tur\/guidet-tur-kongernes-koebenhavn#TRPLINKPROCESSED\">\r\n                                <img decoding=\"async\" title=\"Danish\" src=\"https:\/\/www.guideservicedanmark.dk\/grafik\/flag\/dk.gif\" alt=\"Danish\">\r\n                              <\/button>\r\n                            <\/li>\r\n                                                      <li>\r\n                              <button class=\"__gotoTourBtn\" href=\"https:\/\/guideservice.dk\/en\/tur\/copenhagen-among-the-kings#TRPLINKPROCESSED\">\r\n                                <img decoding=\"async\" title=\"English\" src=\"https:\/\/www.guideservicedanmark.dk\/grafik\/flag\/eng.gif\" alt=\"English\">\r\n                              <\/button>\r\n                            <\/li>\r\n                                                      <li>\r\n                              <button class=\"__gotoTourBtn\" href=\"https:\/\/guideservice.dk\/de\/tur\/koenigliches-kopenhagen-mit-rad-und-zu-fuss#TRPLINKPROCESSED\">\r\n                                <img decoding=\"async\" title=\"German\" src=\"https:\/\/www.guideservicedanmark.dk\/grafik\/flag\/de.gif\" alt=\"German\">\r\n                              <\/button>\r\n                            <\/li>\r\n                                                      <li>\r\n                              <button class=\"__gotoTourBtn\" href=\"https:\/\/guideservice.dk\/en\/tur\/guidet-tur-kongenes-koebenhavn-paa-sykkel-og-til-fots#TRPLINKPROCESSED\">\r\n                                <img decoding=\"async\" title=\"Norwegian\" src=\"https:\/\/www.guideservicedanmark.dk\/grafik\/flag\/no.gif\" alt=\"Norwegian\">\r\n                              <\/button>\r\n                            <\/li>\r\n                                                      <li>\r\n                              <button class=\"__gotoTourBtn\" href=\"https:\/\/guideservice.dk\/en\/tur\/guidad-tur-konungarnas-koepenhamn-paa-cykel-och-till-fots#TRPLINKPROCESSED\">\r\n                                <img decoding=\"async\" title=\"Swedish\" src=\"https:\/\/www.guideservicedanmark.dk\/grafik\/flag\/se.gif\" alt=\"Swedish\">\r\n                              <\/button>\r\n                            <\/li>\r\n                                                      <li>\r\n                              <button class=\"__gotoTourBtn\" href=\"https:\/\/guideservice.dk\/en\/tur\/copenhague-entre-los-reyes#TRPLINKPROCESSED\">\r\n                                <img decoding=\"async\" title=\"Spanish\" src=\"https:\/\/www.guideservicedanmark.dk\/grafik\/flag\/es.gif\" alt=\"Spanish\">\r\n                              <\/button>\r\n                            <\/li>\r\n                                                  <\/ul>\r\n\r\n                      <\/section>\r\n\r\n                      <figure class=\"tour__preview\">\r\n                        <img decoding=\"async\" onerror=\"this.src='https:\/\/guideservice.dk\/wp-content\/themes\/nisarg-child\/images\/gfx\/no-img-tour.png'\" src=\"https:\/\/www.guideservicedanmark.dk\/fil.asp?id=2518&#038;kode=BAEW2i0QQS&#038;imageResize=1&#038;size=600x600\" alt=\"Kopenhagen\">\r\n                      <\/figure>\r\n\r\n                    <\/a>\r\n                  <\/li>\r\n\r\n                \r\n                  \r\n                  <li class=\"tour-container__item tour-container__item--small tour-push\">\r\n                    <a class=\"tour\" href=\"https:\/\/guideservice.dk\/de\/tour\/der-alte-grenzpfad-zwischen-preussen-und-daenemark-vom-1864\">\r\n                      <section class=\"tour__content\">\r\n\r\n                        <h2 class=\"tour__title\">Der alte Grenzpfad zwischen Preussen und D\u00e4nemark vom 1864<\/h2>\r\n\r\n                        <div class=\"tour__desc\">\r\n                          <p>Eine sch&ouml;ne Wandertour oder Fahrradtour mitten im Marsch und Geest entlang dem alten Grenzpfad vom Jahr 1864<\/p>                        <\/div>\r\n\r\n                        <ul class=\"tour__langs\">\r\n                                                      <li>\r\n                              <button class=\"__gotoTourBtn\" href=\"https:\/\/guideservice.dk\/tur\/guidet-cykeltur-ad-den-gamle-graensesti-fra-1864#TRPLINKPROCESSED\">\r\n                                <img decoding=\"async\" title=\"Danish\" src=\"https:\/\/www.guideservicedanmark.dk\/grafik\/flag\/dk.gif\" alt=\"Danish\">\r\n                              <\/button>\r\n                            <\/li>\r\n                                                      <li>\r\n                              <button class=\"__gotoTourBtn\" href=\"https:\/\/guideservice.dk\/de\/tur\/der-alte-grenzpfad-zwischen-preussen-und-daenemark-vom-1864#TRPLINKPROCESSED\">\r\n                                <img decoding=\"async\" title=\"German\" src=\"https:\/\/www.guideservicedanmark.dk\/grafik\/flag\/de.gif\" alt=\"German\">\r\n                              <\/button>\r\n                            <\/li>\r\n                                                  <\/ul>\r\n\r\n                      <\/section>\r\n\r\n                      <figure class=\"tour__preview\">\r\n                        <img decoding=\"async\" onerror=\"this.src='https:\/\/guideservice.dk\/wp-content\/themes\/nisarg-child\/images\/gfx\/no-img-tour.png'\" src=\"https:\/\/www.guideservicedanmark.dk\/fil.asp?id=6127&#038;kode=WVYinDmcbd&#038;imageResize=1&#038;size=600x600\" alt=\"Ribe\">\r\n                      <\/figure>\r\n\r\n                    <\/a>\r\n                  <\/li>\r\n\r\n                \r\n                  \r\n                  <li class=\"tour-container__item tour-container__item--small\">\r\n                    <a class=\"tour\" href=\"https:\/\/guideservice.dk\/de\/tour\/mit-dem-rad-von-aarhus-nach-moesgaard\">\r\n                      <section class=\"tour__content\">\r\n\r\n                        <h2 class=\"tour__title\">Mit dem Rad von Aarhus nach Moesgaard<\/h2>\r\n\r\n                        <div class=\"tour__desc\">\r\n                          <p>Eine sch&ouml;ne, kindergerechte Radtour duch Aarhus und entlang der K&uuml;ste, durch den Wald bis zum Gutshof Moesgaard<\/p>                        <\/div>\r\n\r\n                        <ul class=\"tour__langs\">\r\n                                                      <li>\r\n                              <button class=\"__gotoTourBtn\" href=\"https:\/\/guideservice.dk\/tur\/paa-cykel-til-moesgaard#TRPLINKPROCESSED\">\r\n                                <img decoding=\"async\" title=\"Danish\" src=\"https:\/\/www.guideservicedanmark.dk\/grafik\/flag\/dk.gif\" alt=\"Danish\">\r\n                              <\/button>\r\n                            <\/li>\r\n                                                      <li>\r\n                              <button class=\"__gotoTourBtn\" href=\"https:\/\/guideservice.dk\/en\/tur\/bicycle-ride-to-moesgaard-from-aarhus#TRPLINKPROCESSED\">\r\n                                <img decoding=\"async\" title=\"English\" src=\"https:\/\/www.guideservicedanmark.dk\/grafik\/flag\/eng.gif\" alt=\"English\">\r\n                              <\/button>\r\n                            <\/li>\r\n                                                  <\/ul>\r\n\r\n                      <\/section>\r\n\r\n                      <figure class=\"tour__preview\">\r\n                        <img decoding=\"async\" onerror=\"this.src='https:\/\/guideservice.dk\/wp-content\/themes\/nisarg-child\/images\/gfx\/no-img-tour.png'\" src=\"https:\/\/www.guideservicedanmark.dk\/fil.asp?id=3389&#038;kode=TSVfkzj88a&#038;imageResize=1&#038;size=600x600\" alt=\"Aarhus\">\r\n                      <\/figure>\r\n\r\n                    <\/a>\r\n                  <\/li>\r\n\r\n                \r\n                  \r\n                  <li class=\"tour-container__item tour-container__item--small tour-push\">\r\n                    <a class=\"tour\" href=\"https:\/\/guideservice.dk\/de\/tour\/mit-den-rad-durch-das-neue-trendy-kopenhagen\">\r\n                      <section class=\"tour__content\">\r\n\r\n                        <h2 class=\"tour__title\">Mit den Rad durch das neue, trendy Kopenhagen<\/h2>\r\n\r\n                        <div class=\"tour__desc\">\r\n                          <p>Erleben Sie die neue Stadtviertel von Kopenhagen &#8211; mit dem Rad am Hafen von Kopenhagen<\/p>                        <\/div>\r\n\r\n                        <ul class=\"tour__langs\">\r\n                                                      <li>\r\n                              <button class=\"__gotoTourBtn\" href=\"https:\/\/guideservice.dk\/tur\/guidet-cykeltur-gennem-koebenhavns-arkitektur#TRPLINKPROCESSED\">\r\n                                <img decoding=\"async\" title=\"Danish\" src=\"https:\/\/www.guideservicedanmark.dk\/grafik\/flag\/dk.gif\" alt=\"Danish\">\r\n                              <\/button>\r\n                            <\/li>\r\n                                                      <li>\r\n                              <button class=\"__gotoTourBtn\" href=\"https:\/\/guideservice.dk\/en\/tur\/guided-bicycle-tour-in-the-new-and-trendy-copenhagen#TRPLINKPROCESSED\">\r\n                                <img decoding=\"async\" title=\"English\" src=\"https:\/\/www.guideservicedanmark.dk\/grafik\/flag\/eng.gif\" alt=\"English\">\r\n                              <\/button>\r\n                            <\/li>\r\n                                                      <li>\r\n                              <button class=\"__gotoTourBtn\" href=\"https:\/\/guideservice.dk\/en\/tur\/guidad-tur-cykla-genom-koepenhamns-arkitektur#TRPLINKPROCESSED\">\r\n                                <img decoding=\"async\" title=\"Swedish\" src=\"https:\/\/www.guideservicedanmark.dk\/grafik\/flag\/se.gif\" alt=\"Swedish\">\r\n                              <\/button>\r\n                            <\/li>\r\n                                                      <li>\r\n                              <button class=\"__gotoTourBtn\" href=\"https:\/\/guideservice.dk\/en\/tur\/bicicleteada-a-traves-de-la-moderna-copenhague#TRPLINKPROCESSED\">\r\n                                <img decoding=\"async\" title=\"Spanish\" src=\"https:\/\/www.guideservicedanmark.dk\/grafik\/flag\/es.gif\" alt=\"Spanish\">\r\n                              <\/button>\r\n                            <\/li>\r\n                                                      <li>\r\n                              <button class=\"__gotoTourBtn\" href=\"https:\/\/guideservice.dk\/en\/tur\/rowerem-po-nowej-modnej-kopenhadze#TRPLINKPROCESSED\">\r\n                                <img decoding=\"async\" title=\"Polish\" src=\"https:\/\/www.guideservicedanmark.dk\/grafik\/flag\/pl.gif\" alt=\"Polish\">\r\n                              <\/button>\r\n                            <\/li>\r\n                                                  <\/ul>\r\n\r\n                      <\/section>\r\n\r\n                      <figure class=\"tour__preview\">\r\n                        <img decoding=\"async\" onerror=\"this.src='https:\/\/guideservice.dk\/wp-content\/themes\/nisarg-child\/images\/gfx\/no-img-tour.png'\" src=\"https:\/\/www.guideservicedanmark.dk\/fil.asp?id=3683&#038;kode=LKP7ctb103&#038;imageResize=1&#038;size=600x600\" alt=\"Kopenhagen\">\r\n                      <\/figure>\r\n\r\n                    <\/a>\r\n                  <\/li>\r\n\r\n                              <\/ul>\r\n            <\/div>\r\n\r\n            \r\n          \r\n\r\n      \r\n    \r\n\r\n\n\n\n<h2 class=\"wp-block-heading\">Warum eine Fahrradtour<\/h2>\n\n\n\n<p>In D\u00e4nemark ist es Tradition, dass wir mit dem Fahrrad unterwegs sind. Als Kinder fahren wir mit dem Pedalrad, dann mit dem Fahrrad mit St\u00fctzr\u00e4dern und schlie\u00dflich mit dem Zweir\u00e4der. Je gr\u00f6\u00dfer wir werden, desto gr\u00f6\u00dfer werden auch die Fahrr\u00e4der und die Strecken, die wir zur\u00fccklegen k\u00f6nnen. Beachten die Freude der kleinen Kinder, wenn sie auf ihren Laufr\u00e4dern herumtollen k\u00f6nnen. Diese Freude an der Unabh\u00e4ngigkeit setzt sich auf allen folgenden Fahrradtouren fort.<\/p>\n\n\n\n<h2 class=\"wp-block-heading\">Urlaub mit dem Fahrrad<\/h2>\n\n\n\n<p>Urlaub mit dem Fahrrad ist f\u00fcr viele ein gewohntes Erlebnis. Der Wind in den Haaren, die Ger\u00fcche, die einem in die Nase steigen, die M\u00f6glichkeit, anzuhalten oder eine Pause zu machen, wo immer man will. Das ist das Wesentliche an einem Radurlaub. Wenn mehrere Generationen gemeinsam unterwegs sind, sorgt das auch daf\u00fcr, dass am Ende des Tages alle gleich m\u00fcde sind.<\/p>\n\n\n\n<p>Ein Urlaub mit dem Fahrrad ist eine gute \u00dcbung und eine gute M\u00f6glichkeit, D\u00e4nemark kennen zu lernen. Wenn du mehr \u00fcber den Ort wissen m\u00f6chtest, an dem du deinen Radurlaub verbringst, ist es eine gute Idee, einen \u00f6rtlichen Guide mitzunehmen, der mit dir radelt und \u00fcber das spricht, was ihr gemeinsam erlebt.<\/p>\n\n\n\n<h2 class=\"wp-block-heading\">Radfahren in der Stadt<\/h2>\n\n\n\n<p>M\u00f6chtest du eine gro\u00dfe Stadt erkunden, ohne einen Parkplatz suchen zu m\u00fcssen? Dann ist das Fahrrad das perfekte Verkehrsmittel. Mit dem Fahrrad kommst du fast \u00fcberall hin und nimmst oft Abk\u00fcrzungen. Wenn du einen ortskundigen Guide dabei hast, kennt er oder sie die Radwege, Abk\u00fcrzungen und gute Radrouten. <\/p>\n\n\n\n<p>In Kopenhagen kann der Fremdenf\u00fchrer auf den neuen Superradweg und entsprechende Umwege hinweisen. So kannst du zum Beispiel mit deinem Guide eine Radtour zur Kalveboderne machen, um die Abwasserentsorgung zu beobachten. Oder du kannst den Sydhavnen mit all seinen spannenden Kontrasten erleben. Wenn du das Stadtzentrum bevorzugst, ist es auch ideal mit dem Fahrrad, denn zum Gl\u00fcck gibt es viele sch\u00f6ne Radwege, so dass man sich leicht fortbewegen kann. Der Fremdenf\u00fchrer f\u00fchrt den Weg und kennt den Weg.<\/p>\n\n\n\n<p class=\"translation-block\">Du kannst auch an einer gef\u00fchrten Radtour durch Odense teilnehmen, bei der sich zum Beispiel die Geschichte der Befreiung der Stadt anbietet. Es ist das Ende des Zweiten Weltkriegs in Odense und der Guide kennt die Orte, an denen sich die Geschichte abspielte. Es ist eine Geschichte von Leid und Freude zugleich. Odense hat sich zum Ziel gesetzt, D\u00e4nemarks Fahrradstadt Nr. 1 zu werden und nennt sich selbst die Stadt der Radfahrer. Die Stadt hat auch eine sehr sch\u00f6ne Informationsseite \u00fcber <a href=\"https:\/\/www.cyklisternesby.dk\/\" target=\"_blank\" rel=\"noreferrer noopener\">die Radfahrerstadt Odense<\/a>.<\/p>\n\n\n\n<p>Von Odense aus bietet es sich auch an, mit dem Fahrrad einige der sch\u00f6nen Radwege zu nutzen und sich von einem Guide z. B. nach Langes\u00f8, Kerteminde oder an ganz andere Orte leiten zu lassen. Es gibt viele tolle Raderlebnisse auf F\u00fcnen, das den Anspruch erhebt, die beste Fahrradinsel D\u00e4nemarks, ja sogar der Welt zu sein.<\/p>\n\n\n\n<h2 class=\"wp-block-heading\">Radfahren in der Natur<\/h2>\n\n\n\n<p>Es ist so naheliegend, die d\u00e4nische Natur mit dem Fahrrad zu erleben. Du kannst dies an vielen Orten tun. Die Fahrradinsel F\u00fcnen, die sch\u00f6ne Landschaft rund um Vejle und das sch\u00f6ne Seeland und Lolland-Falster. Es gibt viele M\u00f6glichkeiten - viel mehr als du bereits auf der Liste der gef\u00fchrten Radtouren sehen kannst. Wenn es einen Ort gibt, an dem du gerne einen Guide h\u00e4ttest, kontaktiere uns bitte und wir werden einen Guide f\u00fcr dich finden.<\/p>\n\n\n\n<p><strong>Wir freuen uns, sagen zu k\u00f6nnen: Erlebe D\u00e4nemark mit dem Fahrrad mit Guideservice D\u00e4nemark und einem unserer Rad-Guides.<\/strong><\/p>","protected":false},"excerpt":{"rendered":"<p>At opleve p\u00e5 cykel er meget dansk. Traditionen med at transportere sig p\u00e5 cykel i hverdagen fungerer ogs\u00e5 n\u00e5r vi er p\u00e5 ferie eller vil opleve lidt mere af byen end den helt centrale kerne. Vil vi ud i landskabet er det sk\u00f8nt med motion, vind i h\u00e5ret og alle dufte, som m\u00f8der os helt ufiltreret. Hvorfor en cykeltur I Danmark har vi tradition for at transportere os p\u00e5 cykel. Som sm\u00e5 er vi p\u00e5 g\u00e5cykler, s\u00e5 kommer cyklen med&#8230;<\/p>\n<p class=\"read-more\"><a class=\"btn btn-default\" href=\"https:\/\/guideservice.dk\/de\/radtour\/\">Weiterlesen<span class=\"screen-reader-text\"> Weiterlesen<\/span><\/a><\/p>","protected":false},"author":1,"featured_media":0,"parent":0,"menu_order":0,"comment_status":"closed","ping_status":"closed","template":"template-parts\/tour-showTours.php","meta":{"om_disable_all_campaigns":false,"inline_featured_image":false,"_uag_custom_page_level_css":"","_monsterinsights_skip_tracking":false,"_monsterinsights_sitenote_active":false,"_monsterinsights_sitenote_note":"","_monsterinsights_sitenote_category":0,"_uf_show_specific_survey":0,"_uf_disable_surveys":false,"footnotes":""},"class_list":["post-5877","page","type-page","status-publish","hentry"],"acf":[],"aioseo_notices":[],"uagb_featured_image_src":{"full":false,"thumbnail":false,"medium":false,"medium_large":false,"large":false,"1536x1536":false,"2048x2048":false,"trp-custom-language-flag":false,"post-thumbnail":false,"nisarg-full-width":false,"sow-carousel-default":false},"uagb_author_info":{"display_name":"admin","author_link":"https:\/\/guideservice.dk\/de\/author\/jonas_ba13346b\/"},"uagb_comment_info":0,"uagb_excerpt":"At opleve p\u00e5 cykel er meget dansk. Traditionen med at transportere sig p\u00e5 cykel i hverdagen fungerer ogs\u00e5 n\u00e5r vi er p\u00e5 ferie eller vil opleve lidt mere af byen end den helt centrale kerne. Vil vi ud i landskabet er det sk\u00f8nt med motion, vind i h\u00e5ret og alle dufte, som m\u00f8der os helt&hellip;","_links":{"self":[{"href":"https:\/\/guideservice.dk\/de\/wp-json\/wp\/v2\/pages\/5877","targetHints":{"allow":["GET"]}}],"collection":[{"href":"https:\/\/guideservice.dk\/de\/wp-json\/wp\/v2\/pages"}],"about":[{"href":"https:\/\/guideservice.dk\/de\/wp-json\/wp\/v2\/types\/page"}],"author":[{"embeddable":true,"href":"https:\/\/guideservice.dk\/de\/wp-json\/wp\/v2\/users\/1"}],"replies":[{"embeddable":true,"href":"https:\/\/guideservice.dk\/de\/wp-json\/wp\/v2\/comments?post=5877"}],"version-history":[{"count":7,"href":"https:\/\/guideservice.dk\/de\/wp-json\/wp\/v2\/pages\/5877\/revisions"}],"predecessor-version":[{"id":6277,"href":"https:\/\/guideservice.dk\/de\/wp-json\/wp\/v2\/pages\/5877\/revisions\/6277"}],"wp:attachment":[{"href":"https:\/\/guideservice.dk\/de\/wp-json\/wp\/v2\/media?parent=5877"}],"curies":[{"name":"wp","href":"https:\/\/api.w.org\/{rel}","templated":true}]}}