{"id":6514,"date":"2023-03-06T14:56:32","date_gmt":"2023-03-06T13:56:32","guid":{"rendered":"https:\/\/guideservice.dk\/?page_id=6514"},"modified":"2025-03-18T15:50:55","modified_gmt":"2025-03-18T14:50:55","slug":"foodtours","status":"publish","type":"page","link":"https:\/\/guideservice.dk\/de\/foodtour\/","title":{"rendered":"Food-Touren"},"content":{"rendered":"<p><em><strong>Entdecke noch mehr wunderbare Geschm\u00e4cker, wenn du mit Guideservice D\u00e4nemark auf eine kulinarische Reise gehst. Wir haben viele verschiedene Kombinationen und Geschmacksrichtungen. Lass dich inspirieren und w\u00e4hle das Passende aus f\u00fcr dich.  <\/strong><\/em><\/p>\n\n\n\r\n  \r\n      \r\n        \r\n            <? \/\/ List ?> \r\n\r\n                        <div>\r\n\r\n            \r\n            <div class=\"filter-container\" id=\"tourListOverview\">\r\n                <ul class=\"filter\">\r\n                  <li class=\"filter__item\">\r\n                    <input class=\"input\" id=\"tourInput\" type=\"search\" placeholder=\"Wohin geht es?\">\r\n                    <div class=\"btn\">\r\n                      <button class=\"btn__link\" data-uri=\"https:\/\/guideservice.dk\/wp-content\/themes\/nisarg-child\" data-locale=\"3\" data-endpoint=\"https:\/\/www.guideservicedanmark.dk\/custom\/0000000585\/api\/items\/?userKey=&#038;case=searchTour&#038;extraKeyword=visitfoodtour&#038;languageId=3\" id=\"tourSearch\">Suche<\/button>\r\n                    <\/div>\r\n                  <\/li>\r\n                  <li class=\"filter__item filter__item--last\">\r\n                    <span>Sortierung:<\/span>\r\n                    <span>\r\n                      <select class=\"input\" id=\"tourSort\">\r\n                        <option value=\"\">Zuf\u00e4llig<\/option>\r\n                        <option value=\"name\">Alfabetisk<\/option>\r\n                        <option value=\"video\">Video<\/option>\r\n                      <\/select>\r\n                    <\/span>\r\n                  <\/li>\r\n                <\/ul>\r\n              <\/div>\r\n\r\n              <ul id=\"tourList\" class=\"tour-container\" data-tag=\"visitfoodtour\">\r\n\r\n                \r\n                  \r\n                  <li class=\"tour-container__item tour-container__item--large\">\r\n                    <a class=\"tour\" href=\"https:\/\/guideservice.dk\/de\/tour\/bierwanderung-im-historischen-kopenhagen-verkostung-in-drei-bierstuben\">\r\n                      <section class=\"tour__content\">\r\n\r\n                        <h2 class=\"tour__title tour__title--large\">Bierwanderung im historischen Kopenhagen &#8211; Verkostung in drei Bierstuben<\/h2>\r\n\r\n                        <div class=\"tour__desc tour__desc--full\">\r\n                          <p><strong>Probieren Sie das lokale Bier von Kopenhagen und ganz D&auml;nemark<\/strong><\/p><p>Ich erz&auml;hle Ihnen die Geschichte des d&auml;nischen Biers. D&auml;nemarks erste Brauerei, &#39;&#39;Kongens Bryghus&#39;&#39;, Brauer Jacobsens (Carlsberg) erste Brauerei und die Stadtfestung, und wo das Bier aufbewahrt wurde. Das sind nur ein paar der Geschichten.<\/p><p>Auf dieser Tour h&ouml;ren Sie nicht nur &uuml;ber die Geschichte des Biers, sondern k&ouml;nnen auch selbst das Bier probieren. Wir besuchen drei lokale Bierstuben in der Stadt, die bekannt sind als die besten Kopenhagens, mit einem Bier Sortiment von h&ouml;chster Qualit&auml;t.<\/p>                        <\/div>\r\n\r\n                        <ul class=\"tour__langs\">\r\n                                                      <li>\r\n                              <button class=\"__gotoTourBtn\" href=\"https:\/\/guideservice.dk\/tur\/oelvandring-i-det-gamle-koebenhavn-smagsproever-paa-byens-bedste-oel#TRPLINKPROCESSED\">\r\n                                <img decoding=\"async\" title=\"Danish\" src=\"https:\/\/www.guideservicedanmark.dk\/grafik\/flag\/dk.gif\" alt=\"Danish\">\r\n                              <\/button>\r\n                            <\/li>\r\n                                                      <li>\r\n                              <button class=\"__gotoTourBtn\" href=\"https:\/\/guideservice.dk\/en\/tur\/beer-walk-in-historic-copenhagen-tastings-at-three-beer-bars#TRPLINKPROCESSED\">\r\n                                <img decoding=\"async\" title=\"English\" src=\"https:\/\/www.guideservicedanmark.dk\/grafik\/flag\/eng.gif\" alt=\"English\">\r\n                              <\/button>\r\n                            <\/li>\r\n                                                      <li>\r\n                              <button class=\"__gotoTourBtn\" href=\"https:\/\/guideservice.dk\/de\/tur\/bierwanderung-im-historischen-kopenhagen-verkostung-in-drei-bierstuben#TRPLINKPROCESSED\">\r\n                                <img decoding=\"async\" title=\"German\" src=\"https:\/\/www.guideservicedanmark.dk\/grafik\/flag\/de.gif\" alt=\"German\">\r\n                              <\/button>\r\n                            <\/li>\r\n                                                      <li>\r\n                              <button class=\"__gotoTourBtn\" href=\"https:\/\/guideservice.dk\/en\/tur\/caminata-del-cerveza-en-copenhague-historico-degustacin-en-tres-bares#TRPLINKPROCESSED\">\r\n                                <img decoding=\"async\" title=\"Spanish\" src=\"https:\/\/www.guideservicedanmark.dk\/grafik\/flag\/es.gif\" alt=\"Spanish\">\r\n                              <\/button>\r\n                            <\/li>\r\n                                                  <\/ul>\r\n\r\n                      <\/section>\r\n\r\n                      <figure class=\"tour__preview\">\r\n                        <img decoding=\"async\" onerror=\"this.src='https:\/\/guideservice.dk\/wp-content\/themes\/nisarg-child\/images\/gfx\/no-img-tour.png'\" src=\"https:\/\/www.guideservicedanmark.dk\/fil.asp?id=3545&#038;kode=O8b4nYF5ib&#038;imageResize=1&#038;size=600x600\" alt=\"Kopenhagen\">\r\n                      <\/figure>\r\n\r\n                    <\/a>\r\n                  <\/li>\r\n\r\n                \r\n                  \r\n                  <li class=\"tour-container__item tour-container__item--small\">\r\n                    <a class=\"tour\" href=\"https:\/\/guideservice.dk\/de\/tour\/stadtwanderung-beer-walk-besuchen-sie-3-verschiedene-bierbars-in-odense-city\">\r\n                      <section class=\"tour__content\">\r\n\r\n                        <h2 class=\"tour__title\">Br\u00e4u und Stadtwanderung &#8211; Bierwanderung in Odense<\/h2>\r\n\r\n                        <div class=\"tour__desc\">\r\n                          <p>Bier und Stadtwanderung &#8211; Geschmack f&uuml;r gutes Bier<\/p>                        <\/div>\r\n\r\n                        <ul class=\"tour__langs\">\r\n                                                      <li>\r\n                              <button class=\"__gotoTourBtn\" href=\"https:\/\/guideservice.dk\/tur\/byvandring-beer-walk-besoeg-3-forskellige-oelbarer-i-odense-city#TRPLINKPROCESSED\">\r\n                                <img decoding=\"async\" title=\"Danish\" src=\"https:\/\/www.guideservicedanmark.dk\/grafik\/flag\/dk.gif\" alt=\"Danish\">\r\n                              <\/button>\r\n                            <\/li>\r\n                                                      <li>\r\n                              <button class=\"__gotoTourBtn\" href=\"https:\/\/guideservice.dk\/en\/tur\/guided-beer-walk-visit-3-different-beer-bars-in-odense-city#TRPLINKPROCESSED\">\r\n                                <img decoding=\"async\" title=\"English\" src=\"https:\/\/www.guideservicedanmark.dk\/grafik\/flag\/eng.gif\" alt=\"English\">\r\n                              <\/button>\r\n                            <\/li>\r\n                                                      <li>\r\n                              <button class=\"__gotoTourBtn\" href=\"https:\/\/guideservice.dk\/de\/tur\/stadtwanderung-beer-walk-besuchen-sie-3-verschiedene-bierbars-in-odense-city#TRPLINKPROCESSED\">\r\n                                <img decoding=\"async\" title=\"German\" src=\"https:\/\/www.guideservicedanmark.dk\/grafik\/flag\/de.gif\" alt=\"German\">\r\n                              <\/button>\r\n                            <\/li>\r\n                                                  <\/ul>\r\n\r\n                      <\/section>\r\n\r\n                      <figure class=\"tour__preview\">\r\n                        <img decoding=\"async\" onerror=\"this.src='https:\/\/guideservice.dk\/wp-content\/themes\/nisarg-child\/images\/gfx\/no-img-tour.png'\" src=\"https:\/\/www.guideservicedanmark.dk\/fil.asp?id=5583&#038;kode=VVYhnClbbd&#038;imageResize=1&#038;size=600x600\" alt=\"Odense\">\r\n                      <\/figure>\r\n\r\n                    <\/a>\r\n                  <\/li>\r\n\r\n                \r\n                  \r\n                  <li class=\"tour-container__item tour-container__item--small tour-push\">\r\n                    <a class=\"tour\" href=\"https:\/\/guideservice.dk\/de\/tour\/daenisches-bier-in-vesterbro-kopenhagen\">\r\n                      <section class=\"tour__content\">\r\n\r\n                        <h2 class=\"tour__title\">D\u00e4nisches Bier in Vesterbro, Kopenhagen<\/h2>\r\n\r\n                        <div class=\"tour__desc\">\r\n                          <p>Von Carlsberg bis Hippiebrauereien: Erleben Sie den Vielfalt Kopenhagens und schmecken Sie die lokale Bierkultur<\/p>                        <\/div>\r\n\r\n                        <ul class=\"tour__langs\">\r\n                                                      <li>\r\n                              <button class=\"__gotoTourBtn\" href=\"https:\/\/guideservice.dk\/tur\/byvandring-oel-paa-vesterbro#TRPLINKPROCESSED\">\r\n                                <img decoding=\"async\" title=\"Danish\" src=\"https:\/\/www.guideservicedanmark.dk\/grafik\/flag\/dk.gif\" alt=\"Danish\">\r\n                              <\/button>\r\n                            <\/li>\r\n                                                      <li>\r\n                              <button class=\"__gotoTourBtn\" href=\"https:\/\/guideservice.dk\/en\/tur\/city-walk-beer-vesterbro-district#TRPLINKPROCESSED\">\r\n                                <img decoding=\"async\" title=\"English\" src=\"https:\/\/www.guideservicedanmark.dk\/grafik\/flag\/eng.gif\" alt=\"English\">\r\n                              <\/button>\r\n                            <\/li>\r\n                                                      <li>\r\n                              <button class=\"__gotoTourBtn\" href=\"https:\/\/guideservice.dk\/de\/tur\/daenisches-bier-in-vesterbro-kopenhagen#TRPLINKPROCESSED\">\r\n                                <img decoding=\"async\" title=\"German\" src=\"https:\/\/www.guideservicedanmark.dk\/grafik\/flag\/de.gif\" alt=\"German\">\r\n                              <\/button>\r\n                            <\/li>\r\n                                                      <li>\r\n                              <button class=\"__gotoTourBtn\" href=\"https:\/\/guideservice.dk\/en\/tur\/ruta-guiada-con-de-cerve-en-copenhague#TRPLINKPROCESSED\">\r\n                                <img decoding=\"async\" title=\"Spanish\" src=\"https:\/\/www.guideservicedanmark.dk\/grafik\/flag\/es.gif\" alt=\"Spanish\">\r\n                              <\/button>\r\n                            <\/li>\r\n                                                  <\/ul>\r\n\r\n                      <\/section>\r\n\r\n                      <figure class=\"tour__preview\">\r\n                        <img decoding=\"async\" onerror=\"this.src='https:\/\/guideservice.dk\/wp-content\/themes\/nisarg-child\/images\/gfx\/no-img-tour.png'\" src=\"https:\/\/www.guideservicedanmark.dk\/fil.asp?id=3334&#038;kode=98cwAQzqor&#038;imageResize=1&#038;size=600x600\" alt=\"Kopenhagen\">\r\n                      <\/figure>\r\n\r\n                    <\/a>\r\n                  <\/li>\r\n\r\n                              <\/ul>\r\n            <\/div>\r\n\r\n            \r\n          \r\n\r\n      \r\n    \r\n\r\n\n\n\n<h2 class=\"wp-block-heading\">Food-Touren in D\u00e4nemark<\/h2>\n\n\n\n<p>Es ist immer spannend, lokale Gerichte und Produkte zu probieren. Ganz egal, ob du als Tourist in einem neuen Land oder in einer neuen Region D\u00e4nemarks unterwegs bist. Wer w\u00fcrde nicht gerne die beste Bierbar, den leckersten Imbissstand oder ein lokales Gericht probieren, zu dem dein Guide dir den Weg zeigen und von dem er dir erz\u00e4hlen kann.<\/p>\n\n\n\n<p>Wir bieten Food-Touren in:<\/p>\n\n\n\n<ul class=\"wp-block-list\">\n<li>Kopenhagen<\/li>\n\n\n\n<li>Odense<\/li>\n\n\n\n<li>Aarhus<\/li>\n\n\n\n<li>Vejle<\/li>\n<\/ul>\n\n\n\n<h2 class=\"wp-block-heading\">Food-Touren in Kopenhagen<\/h2>\n\n\n\n<p>In Kopenhagen gibt es viele aufregende Orte, die man besuchen kann, wenn man auf den Geschmack der Umgebung entdecken m\u00f6chte. Wenn deine G\u00e4ste aus dem Ausland kommen, werden sie wahrscheinlich d\u00e4nische Spezialit\u00e4ten probieren wollen, und unsere Foodguides wissen, wo sie zu finden sind.<\/p>\n\n\n\n<h2 class=\"wp-block-heading\">Food-Touren in Vejle<\/h2>\n\n\n\n<p>In Vejle bieten wir zwei Varianten unserer Food-Tour an, eine kurze und eine lange. Das spiegelt sich nat\u00fcrlich auch im Preis wider, aber du solltest nat\u00fcrlich nicht nach dem Preis w\u00e4hlen, sondern danach, wie viele verschiedene Dinge du probieren m\u00f6chtest.<\/p>\n\n\n\n<p>In Vejle f\u00fchrt ein echter Feinschmecker die kulinarische Tour<\/p>\n\n\n\n<h2 class=\"wp-block-heading\">Foodtours i Odense<\/h2>\n\n\n\n<p>In Odense gibt es viele spannende Orte zu entdecken. Begleiten Sie einen Bierspezialisten auf eine Tour durch drei verschiedene Bierbars, genie\u00dfen Sie die Atmosph\u00e4re und probieren Sie einige gro\u00dfartige und interessante Biere direkt vom Fass.<\/p>\n\n\n\n<h2 class=\"wp-block-heading\">Food-Touren in Aarhus<\/h2>\n\n\n\n<p><\/p>\n\n\n\n<p><strong>Wir freuen uns, sagen zu k\u00f6nnen: Erlebe eine Food-Tour mit Guideservice D\u00e4nemark und unserem Food-Tour Guide-Service.<\/strong><\/p>","protected":false},"excerpt":{"rendered":"<p>Oplev flere sk\u00f8nne smagsoplevelser, n\u00e5r du tager p\u00e5 foodtour med Guideservice Danmark. Vi har flere forskelige kombinationer og varianter. Bliv inspireret og v\u00e6lg den helt rigtige for dig. Foodtours i Danmark Det er altid sp\u00e6ndende at smage lokale retter og produkter. Faktisk uanset om du er turist i et nyt land eller en ny egn af Danmark. Hvem vil ikke gerne opleve den bedste \u00f8lbar, den l\u00e6kreste madbod eller smage en egnsret, som din guide kan vise vej til og&#8230;<\/p>\n<p class=\"read-more\"><a class=\"btn btn-default\" href=\"https:\/\/guideservice.dk\/de\/foodtour\/\">Weiterlesen<span class=\"screen-reader-text\"> Weiterlesen<\/span><\/a><\/p>","protected":false},"author":1,"featured_media":0,"parent":0,"menu_order":0,"comment_status":"closed","ping_status":"closed","template":"template-parts\/tour-showTours.php","meta":{"om_disable_all_campaigns":false,"inline_featured_image":false,"_uag_custom_page_level_css":"","_monsterinsights_skip_tracking":false,"_monsterinsights_sitenote_active":false,"_monsterinsights_sitenote_note":"","_monsterinsights_sitenote_category":0,"_uf_show_specific_survey":0,"_uf_disable_surveys":false,"footnotes":""},"class_list":["post-6514","page","type-page","status-publish","hentry"],"acf":[],"aioseo_notices":[],"uagb_featured_image_src":{"full":false,"thumbnail":false,"medium":false,"medium_large":false,"large":false,"1536x1536":false,"2048x2048":false,"trp-custom-language-flag":false,"post-thumbnail":false,"nisarg-full-width":false,"sow-carousel-default":false},"uagb_author_info":{"display_name":"admin","author_link":"https:\/\/guideservice.dk\/de\/author\/jonas_ba13346b\/"},"uagb_comment_info":0,"uagb_excerpt":"Oplev flere sk\u00f8nne smagsoplevelser, n\u00e5r du tager p\u00e5 foodtour med Guideservice Danmark. Vi har flere forskelige kombinationer og varianter. Bliv inspireret og v\u00e6lg den helt rigtige for dig. Foodtours i Danmark Det er altid sp\u00e6ndende at smage lokale retter og produkter. Faktisk uanset om du er turist i et nyt land eller en ny egn&hellip;","_links":{"self":[{"href":"https:\/\/guideservice.dk\/de\/wp-json\/wp\/v2\/pages\/6514","targetHints":{"allow":["GET"]}}],"collection":[{"href":"https:\/\/guideservice.dk\/de\/wp-json\/wp\/v2\/pages"}],"about":[{"href":"https:\/\/guideservice.dk\/de\/wp-json\/wp\/v2\/types\/page"}],"author":[{"embeddable":true,"href":"https:\/\/guideservice.dk\/de\/wp-json\/wp\/v2\/users\/1"}],"replies":[{"embeddable":true,"href":"https:\/\/guideservice.dk\/de\/wp-json\/wp\/v2\/comments?post=6514"}],"version-history":[{"count":11,"href":"https:\/\/guideservice.dk\/de\/wp-json\/wp\/v2\/pages\/6514\/revisions"}],"predecessor-version":[{"id":8306,"href":"https:\/\/guideservice.dk\/de\/wp-json\/wp\/v2\/pages\/6514\/revisions\/8306"}],"wp:attachment":[{"href":"https:\/\/guideservice.dk\/de\/wp-json\/wp\/v2\/media?parent=6514"}],"curies":[{"name":"wp","href":"https:\/\/api.w.org\/{rel}","templated":true}]}}