{"id":7891,"date":"2024-01-24T14:46:30","date_gmt":"2024-01-24T13:46:30","guid":{"rendered":"https:\/\/guideservice.dk\/?page_id=7891"},"modified":"2024-01-24T14:59:38","modified_gmt":"2024-01-24T13:59:38","slug":"saertilbud-rejsen-udover-det-saedvanlige","status":"publish","type":"page","link":"https:\/\/guideservice.dk\/de\/saertilbud-rejsen-udover-det-saedvanlige\/","title":{"rendered":"S\u00e6rtilbud &#8211; Rejsen udover det s\u00e6dvanlige"},"content":{"rendered":"<figure class=\"wp-block-image size-full\"><a href=\"https:\/\/www.panterrejser.dk\/harzen-all-inclusive#dagsprogram\"><img loading=\"lazy\" decoding=\"async\" width=\"295\" height=\"90\" src=\"https:\/\/guideservice.dk\/wp-content\/uploads\/2024\/01\/image.png\" alt=\"\" class=\"wp-image-7896\" srcset=\"https:\/\/guideservice.dk\/wp-content\/uploads\/2024\/01\/image.png 295w, https:\/\/guideservice.dk\/wp-content\/uploads\/2024\/01\/image-18x5.png 18w\" sizes=\"auto, (max-width: 295px) 100vw, 295px\" \/><\/a><\/figure>\n\n\n\n<div class=\"wp-block-uagb-call-to-action uagb-block-9a8e74f0 wp-block-button\"><div class=\"uagb-cta__wrap\"><h3 class=\"uagb-cta__title\">Bestil 4 dage til bjergtagende Harzen<\/h3><p class=\"uagb-cta__desc\"><strong>Guideservice Danmark skal uddanne nye rejseledere. Derfor f\u00e5r du muligheden for at komme med Panter Rejser til det sk\u00f8nne Harzen med dejlig&nbsp;<strong>natur og masser af historie<\/strong><\/strong>. <br><br><strong>H\u00f8jdepunkter<\/strong><br>\u2713 Oplevelser p\u00e5 b\u00e5de ud- og hjemrejse<br>\u2713 Goslar &#8211; middelalderlig charme<br>\u2713 Rammelsberg &#8211; historisk s\u00f8lvmine<br>\u2713 Wernigerode &#8211; den farverige by i Harzen<br>\u2713 Middelalderbyen Celle<br>\u2713 Veterantog til Bloksbjerg<br>\u2713 All inclusive mini p\u00e5 hotellet<\/p><\/div><div class=\"uagb-cta__buttons\"><a href=\"\/\/www.panterrejser.dk\/harzen-all-inclusive\" class=\"uagb-cta__button-link-wrapper wp-block-button__link\" target=\"_blank\" rel=\"noopener noreferrer\">Se det fulde program<svg xmlns=\"https:\/\/www.w3.org\/2000\/svg\" viewbox=\"0 0 512 512\"><path d=\"M504.3 273.6l-112.1 104c-6.992 6.484-17.18 8.218-25.94 4.406c-8.758-3.812-14.42-12.45-14.42-21.1L351.9 288H32C14.33 288 .0002 273.7 .0002 255.1S14.33 224 32 224h319.9l0-72c0-9.547 5.66-18.19 14.42-22c8.754-3.809 18.95-2.075 25.94 4.41l112.1 104C514.6 247.9 514.6 264.1 504.3 273.6z\"><\/path><\/svg><\/a><\/div><\/div>\n\n\n\n<hr class=\"wp-block-separator has-alpha-channel-opacity is-style-default\"\/>\n\n\n\n<figure class=\"wp-block-gallery has-nested-images columns-default is-cropped wp-block-gallery-1 is-layout-flex wp-block-gallery-is-layout-flex\">\n<figure class=\"wp-block-image size-large\"><img loading=\"lazy\" decoding=\"async\" width=\"683\" height=\"1024\" data-id=\"7893\" src=\"https:\/\/guideservice.dk\/wp-content\/uploads\/2024\/01\/anastasia-s-Phf6P1Crygg-unsplash-2-683x1024.jpg\" alt=\"\" class=\"wp-image-7893\" srcset=\"https:\/\/guideservice.dk\/wp-content\/uploads\/2024\/01\/anastasia-s-Phf6P1Crygg-unsplash-2-683x1024.jpg 683w, https:\/\/guideservice.dk\/wp-content\/uploads\/2024\/01\/anastasia-s-Phf6P1Crygg-unsplash-2-200x300.jpg 200w, https:\/\/guideservice.dk\/wp-content\/uploads\/2024\/01\/anastasia-s-Phf6P1Crygg-unsplash-2-768x1152.jpg 768w, https:\/\/guideservice.dk\/wp-content\/uploads\/2024\/01\/anastasia-s-Phf6P1Crygg-unsplash-2-1024x1536.jpg 1024w, https:\/\/guideservice.dk\/wp-content\/uploads\/2024\/01\/anastasia-s-Phf6P1Crygg-unsplash-2-1365x2048.jpg 1365w, https:\/\/guideservice.dk\/wp-content\/uploads\/2024\/01\/anastasia-s-Phf6P1Crygg-unsplash-2-8x12.jpg 8w, https:\/\/guideservice.dk\/wp-content\/uploads\/2024\/01\/anastasia-s-Phf6P1Crygg-unsplash-2-180x270.jpg 180w, https:\/\/guideservice.dk\/wp-content\/uploads\/2024\/01\/anastasia-s-Phf6P1Crygg-unsplash-2-scaled.jpg 1707w\" sizes=\"auto, (max-width: 683px) 100vw, 683px\" \/><\/figure>\n\n\n\n<figure class=\"wp-block-image size-large\"><img loading=\"lazy\" decoding=\"async\" width=\"682\" height=\"1024\" data-id=\"7894\" src=\"https:\/\/guideservice.dk\/wp-content\/uploads\/2024\/01\/timothy-kindrachuk-ZDZ1kzD3WcI-unsplash-1-682x1024.jpg\" alt=\"\" class=\"wp-image-7894\" srcset=\"https:\/\/guideservice.dk\/wp-content\/uploads\/2024\/01\/timothy-kindrachuk-ZDZ1kzD3WcI-unsplash-1-682x1024.jpg 682w, https:\/\/guideservice.dk\/wp-content\/uploads\/2024\/01\/timothy-kindrachuk-ZDZ1kzD3WcI-unsplash-1-200x300.jpg 200w, https:\/\/guideservice.dk\/wp-content\/uploads\/2024\/01\/timothy-kindrachuk-ZDZ1kzD3WcI-unsplash-1-768x1154.jpg 768w, https:\/\/guideservice.dk\/wp-content\/uploads\/2024\/01\/timothy-kindrachuk-ZDZ1kzD3WcI-unsplash-1-1022x1536.jpg 1022w, https:\/\/guideservice.dk\/wp-content\/uploads\/2024\/01\/timothy-kindrachuk-ZDZ1kzD3WcI-unsplash-1-1363x2048.jpg 1363w, https:\/\/guideservice.dk\/wp-content\/uploads\/2024\/01\/timothy-kindrachuk-ZDZ1kzD3WcI-unsplash-1-8x12.jpg 8w, https:\/\/guideservice.dk\/wp-content\/uploads\/2024\/01\/timothy-kindrachuk-ZDZ1kzD3WcI-unsplash-1-180x270.jpg 180w, https:\/\/guideservice.dk\/wp-content\/uploads\/2024\/01\/timothy-kindrachuk-ZDZ1kzD3WcI-unsplash-1-scaled.jpg 1704w\" sizes=\"auto, (max-width: 682px) 100vw, 682px\" \/><\/figure>\n\n\n\n<figure class=\"wp-block-image size-large is-style-default\"><img loading=\"lazy\" decoding=\"async\" width=\"682\" height=\"1024\" data-id=\"7895\" src=\"https:\/\/guideservice.dk\/wp-content\/uploads\/2024\/01\/timothy-kindrachuk-VtncCRHfqxo-unsplash-682x1024.jpg\" alt=\"\" class=\"wp-image-7895\" srcset=\"https:\/\/guideservice.dk\/wp-content\/uploads\/2024\/01\/timothy-kindrachuk-VtncCRHfqxo-unsplash-682x1024.jpg 682w, https:\/\/guideservice.dk\/wp-content\/uploads\/2024\/01\/timothy-kindrachuk-VtncCRHfqxo-unsplash-200x300.jpg 200w, https:\/\/guideservice.dk\/wp-content\/uploads\/2024\/01\/timothy-kindrachuk-VtncCRHfqxo-unsplash-768x1154.jpg 768w, https:\/\/guideservice.dk\/wp-content\/uploads\/2024\/01\/timothy-kindrachuk-VtncCRHfqxo-unsplash-1022x1536.jpg 1022w, https:\/\/guideservice.dk\/wp-content\/uploads\/2024\/01\/timothy-kindrachuk-VtncCRHfqxo-unsplash-1363x2048.jpg 1363w, https:\/\/guideservice.dk\/wp-content\/uploads\/2024\/01\/timothy-kindrachuk-VtncCRHfqxo-unsplash-8x12.jpg 8w, https:\/\/guideservice.dk\/wp-content\/uploads\/2024\/01\/timothy-kindrachuk-VtncCRHfqxo-unsplash-180x270.jpg 180w, https:\/\/guideservice.dk\/wp-content\/uploads\/2024\/01\/timothy-kindrachuk-VtncCRHfqxo-unsplash-scaled.jpg 1704w\" sizes=\"auto, (max-width: 682px) 100vw, 682px\" \/><\/figure>\n<\/figure>\n\n\n\n<div class=\"wp-block-uagb-info-box uagb-block-04ad45e0 uagb-infobox__content-wrap  uagb-infobox-icon-above-title uagb-infobox-image-valign-top\"><div class=\"uagb-ifb-content\"><div class=\"uagb-ifb-title-wrap\"><h3 class=\"uagb-ifb-title\">S\u00e6rlig info om turen<\/h3><\/div><p class=\"uagb-ifb-desc\">Denne praktikrejse er en smuk tur til Harzen, der samtidig fungerer som en uddannelsesrejse for kommende rejseledere. I l\u00f8bet af turen vil rejselederrollen bliver delt mellem flere kursister fra rejselederuddannelsen. Mette som uddanner kursisterne fra Guideservice Danmark vil ogs\u00e5 deltage i rejsen og give dem kyndig vejledning. Dette betyder p\u00e5 den positive side, at man som g\u00e6st vil have adgang til flere personer, som man kan s\u00f8ge r\u00e5d hos under rejsen.<\/p><div class=\"uagb-ifb-button-wrapper wp-block-button\"><a href=\"https:\/\/www.panterrejser.dk\/harzen-all-inclusive#dagsprogram\" class=\"uagb-infobox-cta-link wp-block-button__link\" target=\"_blank\" rel=\"noopener noreferrer\" alt=\"\"><span class=\"uagb-inline-editing\">Bestil her<\/span><\/a><\/div><\/div><\/div>","protected":false},"excerpt":{"rendered":"","protected":false},"author":218,"featured_media":0,"parent":0,"menu_order":0,"comment_status":"closed","ping_status":"closed","template":"template-parts\/page-home.php","meta":{"om_disable_all_campaigns":false,"inline_featured_image":false,"_uag_custom_page_level_css":"","_monsterinsights_skip_tracking":false,"_monsterinsights_sitenote_active":false,"_monsterinsights_sitenote_note":"","_monsterinsights_sitenote_category":0,"_uf_show_specific_survey":0,"_uf_disable_surveys":false,"footnotes":""},"class_list":["post-7891","page","type-page","status-publish","hentry"],"acf":[],"aioseo_notices":[],"uagb_featured_image_src":{"full":false,"thumbnail":false,"medium":false,"medium_large":false,"large":false,"1536x1536":false,"2048x2048":false,"trp-custom-language-flag":false,"post-thumbnail":false,"nisarg-full-width":false,"sow-carousel-default":false},"uagb_author_info":{"display_name":"Ellen","author_link":"https:\/\/guideservice.dk\/de\/author\/ellensofie\/"},"uagb_comment_info":0,"uagb_excerpt":null,"_links":{"self":[{"href":"https:\/\/guideservice.dk\/de\/wp-json\/wp\/v2\/pages\/7891","targetHints":{"allow":["GET"]}}],"collection":[{"href":"https:\/\/guideservice.dk\/de\/wp-json\/wp\/v2\/pages"}],"about":[{"href":"https:\/\/guideservice.dk\/de\/wp-json\/wp\/v2\/types\/page"}],"author":[{"embeddable":true,"href":"https:\/\/guideservice.dk\/de\/wp-json\/wp\/v2\/users\/218"}],"replies":[{"embeddable":true,"href":"https:\/\/guideservice.dk\/de\/wp-json\/wp\/v2\/comments?post=7891"}],"version-history":[{"count":14,"href":"https:\/\/guideservice.dk\/de\/wp-json\/wp\/v2\/pages\/7891\/revisions"}],"predecessor-version":[{"id":8919,"href":"https:\/\/guideservice.dk\/de\/wp-json\/wp\/v2\/pages\/7891\/revisions\/8919"}],"wp:attachment":[{"href":"https:\/\/guideservice.dk\/de\/wp-json\/wp\/v2\/media?parent=7891"}],"curies":[{"name":"wp","href":"https:\/\/api.w.org\/{rel}","templated":true}]}}