{"id":8214,"date":"2024-06-17T10:26:04","date_gmt":"2024-06-17T08:26:04","guid":{"rendered":"https:\/\/guideservice.dk\/?page_id=8214"},"modified":"2024-07-03T11:53:56","modified_gmt":"2024-07-03T09:53:56","slug":"faa-et-tilbud","status":"publish","type":"page","link":"https:\/\/guideservice.dk\/de\/faa-et-tilbud\/","title":{"rendered":"Angebot anfragen"},"content":{"rendered":"<p>Wenn Sie ein Angebot w\u00fcnschen, betrachten wir dies als Sonderauftrag. Die Preise k\u00f6nnen daher von denen abweichen, die Sie in den Profilen sehen. Alternativ haben Sie die M\u00f6glichkeit, selbst eine Buchung vorzunehmen, ohne vorheriges Angebot einzuholen.<\/p>\n\n\n\n<p>Bitte beachten Sie, dass, wenn Sie im Rahmen Ihres Angebots zus\u00e4tzliche Dienstleistungen anfordern, f\u00fcr die Angebotserstellung eine Bearbeitungsgeb\u00fchr von 200 DKK erhoben wird. Sie erhalten eine R\u00fcckerstattung auf der Endrechnung.<\/p>\n\n\n\n<div class=\"wp-block-buttons is-layout-flex wp-block-buttons-is-layout-flex\">\n<div class=\"wp-block-button\"><a class=\"wp-block-button__link wp-element-button\" href=\"https:\/\/guideservice.dk\/de\/tour\/turforslag-booking-manager-mette-berrig\/?booking=2052&amp;q=\/turforslag-booking-manager-mette-berrig&amp;doAsRequest=1\">Jetzt Angebot anfordern<\/a><\/div>\n<\/div>","protected":false},"excerpt":{"rendered":"<p>\u00d8nsker du et tilbud, betragter vi det som en specialopgave. Priser kan derfor afvige fra dem, du ser p\u00e5 profilerne. Du har naturligvis mulighed for selv at lave en booking uden forudg\u00e5ende tilbud. V\u00e6r opm\u00e6rksom p\u00e5, at hvis du har \u00f8nsket tilk\u00f8b af ydelser som en del af et tilbud, opkr\u00e6ves h\u00e5ndterings-fee p\u00e5 200 kr. for udarbejdelsen af tilbuddet. Dette fee fratr\u00e6kkes den endelige faktura p\u00e5 bookingen.<\/p>","protected":false},"author":7,"featured_media":0,"parent":0,"menu_order":0,"comment_status":"closed","ping_status":"closed","template":"template-parts\/page-home.php","meta":{"om_disable_all_campaigns":false,"inline_featured_image":false,"_uag_custom_page_level_css":"","_monsterinsights_skip_tracking":false,"_monsterinsights_sitenote_active":false,"_monsterinsights_sitenote_note":"","_monsterinsights_sitenote_category":0,"_uf_show_specific_survey":0,"_uf_disable_surveys":false,"footnotes":""},"class_list":["post-8214","page","type-page","status-publish","hentry"],"acf":[],"aioseo_notices":[],"uagb_featured_image_src":{"full":false,"thumbnail":false,"medium":false,"medium_large":false,"large":false,"1536x1536":false,"2048x2048":false,"trp-custom-language-flag":false,"post-thumbnail":false,"nisarg-full-width":false,"sow-carousel-default":false},"uagb_author_info":{"display_name":"Admin bruger","author_link":"https:\/\/guideservice.dk\/de\/author\/admingdk-2\/"},"uagb_comment_info":0,"uagb_excerpt":"\u00d8nsker du et tilbud, betragter vi det som en specialopgave. Priser kan derfor afvige fra dem, du ser p\u00e5 profilerne. Du har naturligvis mulighed for selv at lave en booking uden forudg\u00e5ende tilbud. V\u00e6r opm\u00e6rksom p\u00e5, at hvis du har \u00f8nsket tilk\u00f8b af ydelser som en del af et tilbud, opkr\u00e6ves h\u00e5ndterings-fee p\u00e5 200 kr.&hellip;","_links":{"self":[{"href":"https:\/\/guideservice.dk\/de\/wp-json\/wp\/v2\/pages\/8214","targetHints":{"allow":["GET"]}}],"collection":[{"href":"https:\/\/guideservice.dk\/de\/wp-json\/wp\/v2\/pages"}],"about":[{"href":"https:\/\/guideservice.dk\/de\/wp-json\/wp\/v2\/types\/page"}],"author":[{"embeddable":true,"href":"https:\/\/guideservice.dk\/de\/wp-json\/wp\/v2\/users\/7"}],"replies":[{"embeddable":true,"href":"https:\/\/guideservice.dk\/de\/wp-json\/wp\/v2\/comments?post=8214"}],"version-history":[{"count":6,"href":"https:\/\/guideservice.dk\/de\/wp-json\/wp\/v2\/pages\/8214\/revisions"}],"predecessor-version":[{"id":8228,"href":"https:\/\/guideservice.dk\/de\/wp-json\/wp\/v2\/pages\/8214\/revisions\/8228"}],"wp:attachment":[{"href":"https:\/\/guideservice.dk\/de\/wp-json\/wp\/v2\/media?parent=8214"}],"curies":[{"name":"wp","href":"https:\/\/api.w.org\/{rel}","templated":true}]}}