{"id":83,"date":"2020-06-23T08:15:31","date_gmt":"2020-06-23T08:15:31","guid":{"rendered":"https:\/\/guideservice.dk\/?page_id=83"},"modified":"2026-04-15T13:36:44","modified_gmt":"2026-04-15T11:36:44","slug":"hvem-er-vi","status":"publish","type":"page","link":"https:\/\/guideservice.dk\/de\/ueber-uns\/","title":{"rendered":"\u00dcber Uns"},"content":{"rendered":"<p><strong><em>Guideservice Danmark ist ein landesweites d\u00e4nisches Buchungsb\u00fcro und daher der richtige Ort f\u00fcr Sie, wenn Sie gute Guides, Reiseleiter und kulturhistorische Vortragende in ganz D\u00e4nemark suchen. Guideservice Danmark ist das erste d\u00e4nische Buchungsb\u00fcro, das alle drei Kategorien abdeckt. Das macht es f\u00fcr Sie einfach, da Sie alle Buchungen an einem Ort sammeln k\u00f6nnen.<\/em><\/strong> <\/p>\n\n\n\n<p class=\"has-text-align-left\">Hier findest du die besten Vorschl\u00e4ge, wenn du einen Fremdenf\u00fchrer, Reiseleiter oder Redner ben\u00f6tigst. Die Fremdenf\u00fchrer k\u00f6nnen Stadtrundg\u00e4nge, Bus- oder Fahrradtouren, sowie Touren mit Kanu und Kajak anbieten. Wir helfen auch mit d\u00e4nisch sprechenden Fremdenf\u00fchrern im Ausland, wenn du es brauchst.<\/p>\n\n\n\n<p class=\"has-text-align-left\">Ihre G\u00e4ste k\u00f6nnen mit Hilfe der Reiseleiter sch\u00f6ne Erlebnisse sowohl auf Reisen in D\u00e4nemark als auch im Scandinavia bekommen.<\/p>\n\n\n\n<div class=\"wp-block-uagb-advanced-heading uagb-block-f3c9e062\"><h2 class=\"uagb-heading-text\">Vorschl\u00e4ge f\u00fcr gef\u00fchrte Touren<\/h2><\/div>\n\n\n\n<p class=\"has-text-align-left\">Alle Guides haben gute Tourbeschreibungen und Vorschl\u00e4ge f\u00fcr gef\u00fchrte Touren gemacht, von denen du dich inspirieren lassen kannst. Alle Guides haben sich selbst und ihre Preise unter jeder Tourbeschreibung vorgestellt. So kriegst du einen guten Eindruck davon, welche Themen und Sprachen die einzelnen Guides interessieren. Es macht es auch leicht, den richtigen Guide zu finden, um ein gutes Erlebnis zu bekommen. <\/p>\n\n\n\n<p class=\"has-text-align-left\">Wenn du Hilfe bei der Entscheidung brauchst, kannst du dich jederzeit an uns im B\u00fcro wenden. Nat\u00fcrlich helfen wir dir gerne weiter und haben alle unsere Fremdenf\u00fchrer, Reiseleiter und Redner pers\u00f6nlich getroffen, so dass wir mit ihnen vertraut sind.<\/p>\n\n\n\n<hr class=\"wp-block-separator has-text-color has-alpha-channel-opacity has-background\" style=\"background-color:#f3f3f3;color:#f3f3f3\"\/>\n\n\n\n<div class=\"wp-block-uagb-advanced-heading uagb-block-33faccec\"><h2 class=\"uagb-heading-text\">Was k\u00f6nnen wir<\/h2><\/div>\n\n\n\n<p class=\"has-text-align-left\">Wir k\u00f6nnen Aufgaben l\u00f6sen, die von Tag zu Tag und weit in die Zukunft reichen. Wir haben viele Kunden, die beides tun, und wir freuen uns darauf, Aufgaben in Zusammenarbeit mit und f\u00fcr Sie zu l\u00f6sen.<\/p>\n\n\n\n<p>Wir haben alle unsere Freischaffenden kennengelernt und veranstalten j\u00e4hrlich Inspirationstage, bilden neue Reiseleiter und Fremdenf\u00fchrer aus und sind stolz darauf, mit den Entwicklungen in der Tourismusbranche Schritt zu halten. Seit unserem Beginn im Jahr 2008 haben wir fast jedes Jahr ein Wachstum festgestellt - sowohl bei der Anzahl der Aufgaben als auch bei der Anzahl die Freischaffenden, die diese Aufgaben l\u00f6sen, da beide eng miteinander zusammenh\u00e4ngen m\u00fcssen.<\/p>\n\n\n\n<hr class=\"wp-block-separator has-text-color has-alpha-channel-opacity has-background\" style=\"background-color:#f3f3f3;color:#f3f3f3\"\/>\n\n\n\n<div class=\"wp-block-uagb-advanced-heading uagb-block-03831d7d\"><h2 class=\"uagb-heading-text\">Ausbildung<\/h2><\/div>\n\n\n\n<p class=\"translation-block\">Wir <a href=\"https:\/\/guideservice.dk\/vi-tilbyder-2-uddannelser\/\" target=\"_self\">bilden sowohl Guides als auch Reiseleiter aus<\/a> damit jeder, der in diese Branche eintreten m\u00f6chte, gut ger\u00fcstet ist, um die Aufgaben professionell zu l\u00f6sen. Wir sind immer auf der Suche nach qualifizierten Fremdenf\u00fchrern und Reiseleitern - vielleicht bist du es?<\/p>\n\n\n\n<p>Es gibt viele M\u00f6glichkeiten, ein guter Fremdenf\u00fchrer oder Reiseleiter zu werden. Einige haben eine Berufsausbildung, die einen guten Ballast darstellt, andere haben Wissen aufgrund eines Hobbys, eines Freizeitinteresses oder einer Lebenserfahrung, die ebenfalls ein guter Ballast f\u00fcr eine Zukunft als Fremdenf\u00fchrer oder Reiseleiter sein kann. Melde dich f\u00fcr unser Ausbildung an und wir helfen dir, fit zu werden um in Zukunft mit zufriedenen G\u00e4sten zu arbeiten.<\/p>\n\n\n\n<hr class=\"wp-block-separator has-text-color has-alpha-channel-opacity has-background\" style=\"background-color:#f3f3f3;color:#f3f3f3\"\/>\n\n\n\n<div class=\"wp-block-uagb-advanced-heading uagb-block-f803a2a8\"><h2 class=\"uagb-heading-text\">Wir im B\u00fcro<\/h2><\/div>\n\n\n\n<p>Im B\u00fcro sorgt ein festes Team daf\u00fcr, dass der t\u00e4gliche Betrieb von Guideservice Danmark reibungslos funktioniert. Hier wird alles koordiniert \u2013 von Buchungen und Kommunikation bis hin zur Zusammenarbeit mit unseren zahlreichen Guides und Reiseleitern \u2013 und kein Tag gleicht dem anderen.<\/p>\n\n\n\n<p>Gleichzeitig freuen wir uns sehr, Praktikumspl\u00e4tze anbieten zu k\u00f6nnen. Wir nehmen gerne Studierende und Arbeitssuchende auf, die Erfahrungen in einer Branche sammeln m\u00f6chten, in der Menschen, Erlebnisse und Logistik eng miteinander verbunden sind. Praktika sind f\u00fcr beide Seiten ein Gewinn \u2013 sie vermitteln neue Kompetenzen und Perspektiven f\u00fcr die Praktikanten und geben uns die M\u00f6glichkeit, potenzielle zuk\u00fcnftige Freelancer kennenzulernen. Wir erleben oft, dass die besten Chancen aus dem engen Austausch und der Zusammenarbeit entstehen, die sich im Arbeitsalltag ganz nat\u00fcrlich entwickelt.<\/p>\n\n\n\n<p>Und genau die Menschen, die den Arbeitsalltag hier m\u00f6glich machen, lernen Sie im Folgenden kennen:<\/p>\n\n\n\n<p><strong>Mette Berrig<\/strong><\/p>\n\n\n\n<figure class=\"wp-block-image size-thumbnail\"><img loading=\"lazy\" decoding=\"async\" width=\"150\" height=\"150\" src=\"https:\/\/guideservice.dk\/wp-content\/uploads\/2026\/04\/MB-april-2026-ed-150x150.png\" alt=\"\" class=\"wp-image-9838\" srcset=\"https:\/\/guideservice.dk\/wp-content\/uploads\/2026\/04\/MB-april-2026-ed-150x150.png 150w, https:\/\/guideservice.dk\/wp-content\/uploads\/2026\/04\/MB-april-2026-ed-300x300.png 300w, https:\/\/guideservice.dk\/wp-content\/uploads\/2026\/04\/MB-april-2026-ed-1024x1024.png 1024w, https:\/\/guideservice.dk\/wp-content\/uploads\/2026\/04\/MB-april-2026-ed-768x768.png 768w, https:\/\/guideservice.dk\/wp-content\/uploads\/2026\/04\/MB-april-2026-ed-12x12.png 12w, https:\/\/guideservice.dk\/wp-content\/uploads\/2026\/04\/MB-april-2026-ed-270x270.png 270w, https:\/\/guideservice.dk\/wp-content\/uploads\/2026\/04\/MB-april-2026-ed.png 1080w\" sizes=\"auto, (max-width: 150px) 100vw, 150px\" \/><\/figure>\n\n\n\n<p class=\"has-text-align-left\">Mette ist die Gr\u00fcnderin und t\u00e4gliche Leiterin von Guideservice Denmark \u2013 das feste Zentrum und die treibende Kraft der Organisation. Mit \u00fcber 20 Jahren Erfahrung in der Tourismusbranche verbindet sie strategischen \u00dcberblick mit einem tiefen Verst\u00e4ndnis f\u00fcr G\u00e4ste, Guides und die Branche insgesamt.<\/p>\n\n\n\n<p class=\"has-text-align-left\">Sie ist verantwortlich f\u00fcr Leitung, Administration, B2B-Kooperationen, Buchungen sowie die Rekrutierung von Guides und Reiseleitern. Zudem arbeitet sie selbst als Reiseleiterin, Guide und Referentin, was ihr eine praktische und aktuelle Perspektive auf die Aufgaben von Kunden und Partnern vermittelt. Mette ist eine engagierte Sparringspartnerin und arbeitet zielgerichtet daran, stets die bestm\u00f6glichen Matches und L\u00f6sungen zu schaffen. <strong>hver gang.<\/strong><\/p>\n\n\n\n<p><\/p>\n\n\n\n<p><strong>Trine Svendsen B\u00e6k<\/strong><\/p>\n\n\n\n<figure class=\"wp-block-image size-thumbnail\"><img loading=\"lazy\" decoding=\"async\" width=\"150\" height=\"150\" src=\"https:\/\/guideservice.dk\/wp-content\/uploads\/2026\/04\/Trine-edit-april-2026-150x150.png\" alt=\"\" class=\"wp-image-9833\" srcset=\"https:\/\/guideservice.dk\/wp-content\/uploads\/2026\/04\/Trine-edit-april-2026-150x150.png 150w, https:\/\/guideservice.dk\/wp-content\/uploads\/2026\/04\/Trine-edit-april-2026-300x300.png 300w, https:\/\/guideservice.dk\/wp-content\/uploads\/2026\/04\/Trine-edit-april-2026-12x12.png 12w, https:\/\/guideservice.dk\/wp-content\/uploads\/2026\/04\/Trine-edit-april-2026-270x270.png 270w, https:\/\/guideservice.dk\/wp-content\/uploads\/2026\/04\/Trine-edit-april-2026.png 640w\" sizes=\"auto, (max-width: 150px) 100vw, 150px\" \/><\/figure>\n\n\n\n<div class=\"wp-block-group is-vertical is-layout-flex wp-container-core-group-is-layout-8cf370e7 wp-block-group-is-layout-flex\">\n<p>Trine ist unsere gewissenhafte Buchhalterin mit einem ausgepr\u00e4gten Blick f\u00fcr Details und einem sehr guten Zahlenverst\u00e4ndnis. Sie sorgt daf\u00fcr, dass die Buchhaltung korrekt ist und Honorare zuverl\u00e4ssig und p\u00fcnktlich ausgezahlt werden.&nbsp;<\/p>\n\n\n\n<p>Seit ihrem Start als Vertretung im April 2025 hat sie mit ihrer strukturierten Arbeitsweise f\u00fcr \u00dcbersicht, Stabilit\u00e4t und Ruhe in der Buchhaltung gesorgt.&nbsp;<\/p>\n\n\n\n<p>Mit ihrem Hintergrund als Busfahrerin kann es sogar vorkommen, dass Sie sie am Steuer einer unserer Touren treffen.<\/p>\n<\/div>\n\n\n\n<p><\/p>\n\n\n\n<p><strong>Kristina Borgen Petersen<\/strong><\/p>\n\n\n\n<figure class=\"wp-block-image size-thumbnail\"><img loading=\"lazy\" decoding=\"async\" width=\"150\" height=\"150\" src=\"https:\/\/guideservice.dk\/wp-content\/uploads\/2026\/04\/Kristina-ed-april-2026-150x150.png\" alt=\"\" class=\"wp-image-9840\" srcset=\"https:\/\/guideservice.dk\/wp-content\/uploads\/2026\/04\/Kristina-ed-april-2026-150x150.png 150w, https:\/\/guideservice.dk\/wp-content\/uploads\/2026\/04\/Kristina-ed-april-2026-300x300.png 300w, https:\/\/guideservice.dk\/wp-content\/uploads\/2026\/04\/Kristina-ed-april-2026-768x768.png 768w, https:\/\/guideservice.dk\/wp-content\/uploads\/2026\/04\/Kristina-ed-april-2026-12x12.png 12w, https:\/\/guideservice.dk\/wp-content\/uploads\/2026\/04\/Kristina-ed-april-2026-270x270.png 270w, https:\/\/guideservice.dk\/wp-content\/uploads\/2026\/04\/Kristina-ed-april-2026.png 900w\" sizes=\"auto, (max-width: 150px) 100vw, 150px\" \/><\/figure>\n\n\n\n<div class=\"wp-block-group is-vertical is-layout-flex wp-container-core-group-is-layout-8cf370e7 wp-block-group-is-layout-flex\">\n<p>Kristina koordiniert die Buchung von Reiseleitern, Referenten und Tourbegleitern bei Guideservice Danmark und sorgt f\u00fcr die passende Vermittlung zwischen den Bed\u00fcrfnissen der Kunden und dem geeigneten Profil. Sie betreut sowohl B2B- als auch B2C-Anfragen und stellt sicher, dass der gesamte Prozess von der ersten Kontaktaufnahme bis zur erfolgreichen Durchf\u00fchrung reibungslos und effizient verl\u00e4uft.<\/p>\n\n\n\n<p>Dar\u00fcber hinaus ist sie f\u00fcr die Kommunikation und digitale Sichtbarkeit des Unternehmens verantwortlich. Sie entwickelt und produziert Inhalte f\u00fcr soziale Medien und arbeitet gezielt daran, die Geschichten zu vermitteln, die die Vielfalt unserer Touren, Guides und Erlebnisse zeigen. Gleichzeitig tr\u00e4gt sie zu einer klaren und einheitlichen Markenidentit\u00e4t bei und unterst\u00fctzt einen professionellen und reibungslosen Arbeitsalltag im Unternehmen.<\/p>\n<\/div>\n\n\n\n<hr class=\"wp-block-separator has-text-color has-alpha-channel-opacity has-background\" style=\"background-color:#f3f3f3;color:#f3f3f3\"\/>\n\n\n<ul class=\"main-selector main-selector--sub main-selector--sub__home\">\r\n\r\n    \r\n                      \r\n          <li class=\"main-selector__item\">\r\n\r\n            \r\n            <a href=\"https:\/\/guideservice.dk\/de\/bliv-fordelskunde\/\" class=\"selector-category translation-block\">\r\n              <h3 class=\"selector-category__title\">Vorteile f\u00fcr Agenturen, Museen, Hotels usw.<\/h3>\n\n              <figure class=\"selector-category__background\">\n                <img src=\"https:\/\/guideservice.dk\/wp-content\/uploads\/2020\/08\/home-2684784_1920-1024x682.jpg\" alt=\"\">\n              <\/figure>\r\n            <\/a>\r\n          <\/li>\r\n          \r\n                      \r\n          <li class=\"main-selector__item\">\r\n\r\n            \r\n            <a href=\"https:\/\/guideservice.dk\/de\/fordele-for-guider\/\" class=\"selector-category translation-block\">\r\n              <h3 class=\"selector-category__title\">Vorteile f\u00fcr Fremdenf\u00fchrer und Reiseleiter<\/h3>\n\n              <figure class=\"selector-category__background\">\n                <img src=\"https:\/\/guideservice.dk\/wp-content\/uploads\/2022\/02\/sarah-noltner-pM9397vVfFY-unsplash-scaled-1-683x1024.jpg\" alt=\"Rejsende i en turistbus\">\n              <\/figure>\r\n            <\/a>\r\n          <\/li>\r\n          \r\n                      \r\n          <li class=\"main-selector__item\">\r\n\r\n            \r\n            <a href=\"https:\/\/guideservice.dk\/de\/guideservice%c2%b7danmarks-definitioner-paa-forskellige-typer-af-guider\/\" class=\"selector-category translation-block\">\r\n              <h3 class=\"selector-category__title\">Was macht ein Fremdenf\u00fchrer und ein Reiseleiter?<\/h3>\n\n              <figure class=\"selector-category__background\">\n                <img src=\"https:\/\/guideservice.dk\/wp-content\/uploads\/2022\/10\/rejseleder.jpg\" alt=\"\">\n              <\/figure>\r\n            <\/a>\r\n          <\/li>\r\n          \r\n                      \r\n          <li class=\"main-selector__item\">\r\n\r\n            \r\n            <a href=\"https:\/\/guideservice.dk\/de\/job-bei-guideservicedanmark\/\" class=\"selector-category translation-block\">\r\n              <h3 class=\"selector-category__title\">Guide finden<\/h3>\n\n              <figure class=\"selector-category__background\">\n                <img src=\"https:\/\/guideservice.dk\/wp-content\/uploads\/2022\/10\/Job-hos-GDK-1024x768.jpg\" alt=\"\">\n              <\/figure>\r\n            <\/a>\r\n          <\/li>\r\n          \r\n                      \r\n          <li class=\"main-selector__item\">\r\n\r\n            \r\n            <a href=\"https:\/\/guideservice.dk\/de\/kontakt-til-guideservicedanmark\/\" class=\"selector-category translation-block\">\r\n              <h3 class=\"selector-category__title\">Kontaktieren<\/h3>\n\n              <figure class=\"selector-category__background\">\n                <img src=\"https:\/\/guideservice.dk\/wp-content\/uploads\/2020\/12\/cropped-kbh_banner-1024x256.png\" alt=\"\">\n              <\/figure>\r\n            <\/a>\r\n          <\/li>\r\n          \r\n                      \r\n          <li class=\"main-selector__item\">\r\n\r\n            \r\n            <a href=\"https:\/\/guideservice.dk\/de\/nyhedsbreve\/\" class=\"selector-category translation-block\">\r\n              <h3 class=\"selector-category__title\">Newsletter<\/h3>\n\n              <figure class=\"selector-category__background\">\n                <img src=\"https:\/\/guideservice.dk\/wp-content\/uploads\/2022\/10\/Nyhedsbrev2-1024x683.jpg\" alt=\"\">\n              <\/figure>\r\n            <\/a>\r\n          <\/li>\r\n          \r\n                      \r\n          <li class=\"main-selector__item\">\r\n\r\n            \r\n            <a href=\"https:\/\/guideservice.dk\/de\/vi-overholder-naturligvis-eus-lovgivning-om-haandtering-af-personfoelsomme-data-med-mere\/\" class=\"selector-category translation-block\">\r\n              <h3 class=\"selector-category__title\">Datenschutzpolitik<\/h3>\n\n              <figure class=\"selector-category__background\">\n                <img src=\"https:\/\/guideservice.dk\/wp-content\/uploads\/2022\/10\/Privatlivspolitik-1024x683.jpg\" alt=\"\">\n              <\/figure>\r\n            <\/a>\r\n          <\/li>\r\n          \r\n                      \r\n          <li class=\"main-selector__item\">\r\n\r\n            \r\n            <a href=\"https:\/\/guideservice.dk\/de\/faq\/\" class=\"selector-category translation-block\">\r\n              <h3 class=\"selector-category__title\">FAQ<\/h3>\r\n\r\n              <figure class=\"selector-category__background\">\r\n                <img decoding=\"async\" src=\"https:\/\/guideservice.dk\/wp-content\/uploads\/2022\/10\/FAQ-1024x683.png\" alt=\"\">\r\n              <\/figure>\r\n            <\/a>\r\n          <\/li>\r\n          \r\n              \r\n        \r\n<\/ul>","protected":false},"excerpt":{"rendered":"<p>Guideservice Danmark er et landsd\u00e6kkende dansk bookingbureau og derfor det rigtige sted til dig, der vil finde gode guider, rejseledere og kulturhistoriske foredragsholdere i hele Danmark.&nbsp;Guideservice Danmark&nbsp;er det f\u00f8rste danske bookingbureau, der d\u00e6kker alle tre kategorier. Det g\u00f8r det let for dig, fordi du kan samle alle bookinger samme sted. Uanset hvortil du har brug for en guide, rejseleder eller foredragsholder, s\u00e5 finder du de bedste forslag her. Guiderne kan lave byvandringer, bus- eller cykelture, kano og kajak. Vi hj\u00e6lper&#8230;<\/p>\n<p class=\"read-more\"><a class=\"btn btn-default\" href=\"https:\/\/guideservice.dk\/de\/ueber-uns\/\">Weiterlesen<span class=\"screen-reader-text\"> Weiterlesen<\/span><\/a><\/p>","protected":false},"author":1,"featured_media":0,"parent":0,"menu_order":0,"comment_status":"closed","ping_status":"closed","template":"template-parts\/page-home.php","meta":{"om_disable_all_campaigns":false,"inline_featured_image":false,"_uag_custom_page_level_css":"","_monsterinsights_skip_tracking":false,"_monsterinsights_sitenote_active":false,"_monsterinsights_sitenote_note":"","_monsterinsights_sitenote_category":0,"_uf_show_specific_survey":0,"_uf_disable_surveys":false,"footnotes":""},"class_list":["post-83","page","type-page","status-publish","hentry"],"acf":[],"aioseo_notices":[],"uagb_featured_image_src":{"full":false,"thumbnail":false,"medium":false,"medium_large":false,"large":false,"1536x1536":false,"2048x2048":false,"trp-custom-language-flag":false,"post-thumbnail":false,"nisarg-full-width":false,"sow-carousel-default":false},"uagb_author_info":{"display_name":"admin","author_link":"https:\/\/guideservice.dk\/de\/author\/jonas_ba13346b\/"},"uagb_comment_info":0,"uagb_excerpt":"Guideservice Danmark er et landsd\u00e6kkende dansk bookingbureau og derfor det rigtige sted til dig, der vil finde gode guider, rejseledere og kulturhistoriske foredragsholdere i hele Danmark.&nbsp;Guideservice Danmark&nbsp;er det f\u00f8rste danske bookingbureau, der d\u00e6kker alle tre kategorier. Det g\u00f8r det let for dig, fordi du kan samle alle bookinger samme sted. Uanset hvortil du har brug&hellip;","_links":{"self":[{"href":"https:\/\/guideservice.dk\/de\/wp-json\/wp\/v2\/pages\/83","targetHints":{"allow":["GET"]}}],"collection":[{"href":"https:\/\/guideservice.dk\/de\/wp-json\/wp\/v2\/pages"}],"about":[{"href":"https:\/\/guideservice.dk\/de\/wp-json\/wp\/v2\/types\/page"}],"author":[{"embeddable":true,"href":"https:\/\/guideservice.dk\/de\/wp-json\/wp\/v2\/users\/1"}],"replies":[{"embeddable":true,"href":"https:\/\/guideservice.dk\/de\/wp-json\/wp\/v2\/comments?post=83"}],"version-history":[{"count":210,"href":"https:\/\/guideservice.dk\/de\/wp-json\/wp\/v2\/pages\/83\/revisions"}],"predecessor-version":[{"id":9844,"href":"https:\/\/guideservice.dk\/de\/wp-json\/wp\/v2\/pages\/83\/revisions\/9844"}],"wp:attachment":[{"href":"https:\/\/guideservice.dk\/de\/wp-json\/wp\/v2\/media?parent=83"}],"curies":[{"name":"wp","href":"https:\/\/api.w.org\/{rel}","templated":true}]}}