{"id":8312,"date":"2025-03-21T15:48:17","date_gmt":"2025-03-21T14:48:17","guid":{"rendered":"https:\/\/guideservice.dk\/?page_id=8312"},"modified":"2025-11-24T11:43:46","modified_gmt":"2025-11-24T10:43:46","slug":"ture-i-kalenderen","status":"publish","type":"page","link":"https:\/\/guideservice.dk\/de\/ture-i-kalenderen\/","title":{"rendered":""},"content":{"rendered":"\n<div class=\"wp-block-group\"><div class=\"wp-block-group__inner-container is-layout-constrained wp-block-group-is-layout-constrained\">\n<div class=\"wp-block-cover\" style=\"min-height:354px;aspect-ratio:unset;\"><span aria-hidden=\"true\" class=\"wp-block-cover__background has-background-dim-30 has-background-dim\" style=\"background-color:#e7d7b3\"><\/span><img loading=\"lazy\" decoding=\"async\" width=\"900\" height=\"500\" class=\"wp-block-cover__image-background wp-image-8492\" alt=\"Mette, Guide fra Guideservice Danmark, i aktion\" src=\"https:\/\/guideservice.dk\/wp-content\/uploads\/2025\/03\/Unavngivet-15.png\" style=\"object-position:52% 84%\" data-object-fit=\"cover\" data-object-position=\"52% 84%\" srcset=\"https:\/\/guideservice.dk\/wp-content\/uploads\/2025\/03\/Unavngivet-15.png 900w, https:\/\/guideservice.dk\/wp-content\/uploads\/2025\/03\/Unavngivet-15-300x167.png 300w, https:\/\/guideservice.dk\/wp-content\/uploads\/2025\/03\/Unavngivet-15-768x427.png 768w, https:\/\/guideservice.dk\/wp-content\/uploads\/2025\/03\/Unavngivet-15-18x10.png 18w, https:\/\/guideservice.dk\/wp-content\/uploads\/2025\/03\/Unavngivet-15-486x270.png 486w\" sizes=\"auto, (max-width: 900px) 100vw, 900px\" \/><div class=\"wp-block-cover__inner-container is-layout-constrained wp-block-cover-is-layout-constrained\">\n<p class=\"has-text-align-center has-large-font-size\"><\/p>\n<\/div><\/div>\n\n\n\n<div class=\"wp-block-group\"><div class=\"wp-block-group__inner-container is-layout-constrained wp-block-group-is-layout-constrained\">\n<div class=\"wp-block-group\"><div class=\"wp-block-group__inner-container is-layout-constrained wp-block-group-is-layout-constrained\">\n<h1 class=\"wp-block-heading\">Ture i kalenderen<\/h1>\n\n\n\n<p>Uanset om du er til historie, kultur eller skjulte perler, har vi en tur for dig. Her kan du k\u00f8be en enkeltbillet til en guidet oplevelse og tage med p\u00e5 opdagelse i nye historier, steder og perspektiver. <\/p>\n\n\n\n<p><strong>Find din n\u00e6ste oplevelse her \u2013 vi gl\u00e6der os til at tage dig med!<\/strong><\/p>\n<\/div><\/div>\n<\/div><\/div>\n<\/div><\/div>\n\n\n\n<script>\n\t(function () {\n\t\tvar ytAPIKey = '209-A0A573D9-C68E-4B48-B6A2-75C63DAE9395';\n\t\tvar ytStartRoute = '';\n\t\tvar ytCurrency = 'DKK';\n\t\tvar ytLanguage = getLanguageCodeFromUrl(location.href);\n\t\tvar d=document, y=d.createElement('script');y.src='https:\/\/publicapi.yourticket.dk\/yourticket.js?' + new Date().toISOString().split('T')[0];y.setAttribute('data-yourticketkey', ytAPIKey);y.setAttribute('fetchpriority', 'high');y.setAttribute('data-yourticketlanguage', ytLanguage);y.setAttribute('data-yourticketroute', ytStartRoute);y.setAttribute('data-yourticketcurrency', ytCurrency);document.currentScript.parentNode.insertBefore(y,document.currentScript);\n\t})();\n\t\n\tfunction getLanguageCodeFromUrl(url) {\n\t\tconst urlObj = new URL(url);\n\t\tconst segments = urlObj.pathname.split('\/').filter(Boolean);\n\t\tvar output = 'da'\n\t\tif (segments.length > 0 && segments[0].length === 2) {\n\t\t\toutput = segments[0].toLowerCase();\n\t\t\tif(output!='en'){output='en';}\n\t\t}\n\t\treturn output;\n\t}\n<\/script>\n\n\n\n<div class=\"wp-block-group\"><div class=\"wp-block-group__inner-container is-layout-constrained wp-block-group-is-layout-constrained\">\n<p class=\"has-text-align-left\"><strong>Fandt du ikke en dato, der passer?<\/strong><\/p>\n\n\n\n<p>Vores planlagte ture er perfekte, hvis du vil hoppe med p\u00e5 en fast dato \u2013 men du kan ogs\u00e5 booke turen p\u00e5 et tidspunkt, der passer dig bedre! Vi tilbyder fleksibel booking, s\u00e5 du kan opleve byen p\u00e5 dine pr\u00e6misser.<\/p>\n\n\n\n<p class=\"has-text-align-left\">Se flere ture og find den perfekte oplevelse her: <strong><a href=\"https:\/\/guideservice.dk\/find-en-guidet-tur\/\">Andre turforslag<\/a><\/strong><\/p>\n\n\n\n<p class=\"has-text-align-left\"><strong>Vil du have en skr\u00e6ddersyet tur?<\/strong><\/p>\n\n\n\n<p class=\"has-text-align-left\">Har du s\u00e6rlige \u00f8nsker til en byvandring eller et arrangement? Vi kan tilpasse turen efter dine behov \u2013 uanset om det er en privat gruppe, en firmatur eller et skolebes\u00f8g.<\/p>\n\n\n\n<p class=\"has-text-align-left\"><strong>L\u00e6s mere om skr\u00e6ddersyede ture her: <a href=\"https:\/\/guideservice.dk\/kontakt-os\/\">Kontakt os<\/a><\/strong><\/p>\n<\/div><\/div>\n\n\n\n<p><\/p>\n","protected":false},"excerpt":{"rendered":"<p>Ture i kalenderen Uanset om du er til historie, kultur eller skjulte perler, har vi en tur for dig. Her kan du k\u00f8be en enkeltbillet til en guidet oplevelse og tage med p\u00e5 opdagelse i nye historier, steder og perspektiver. Find din n\u00e6ste oplevelse her \u2013 vi gl\u00e6der os til at tage dig med! Fandt du ikke en dato, der passer? Vores planlagte ture er perfekte, hvis du vil hoppe med p\u00e5 en fast dato \u2013 men du kan ogs\u00e5&#8230;<\/p>\n<p class=\"read-more\"><a class=\"btn btn-default\" href=\"https:\/\/guideservice.dk\/de\/ture-i-kalenderen\/\">Weiterlesen<span class=\"screen-reader-text\"> Weiterlesen<\/span><\/a><\/p>","protected":false},"author":314,"featured_media":0,"parent":0,"menu_order":1,"comment_status":"closed","ping_status":"closed","template":"","meta":{"om_disable_all_campaigns":false,"inline_featured_image":false,"_uag_custom_page_level_css":"","_monsterinsights_skip_tracking":false,"_monsterinsights_sitenote_active":false,"_monsterinsights_sitenote_note":"","_monsterinsights_sitenote_category":0,"_uf_show_specific_survey":0,"_uf_disable_surveys":false,"footnotes":""},"class_list":["post-8312","page","type-page","status-publish","hentry"],"acf":[],"aioseo_notices":[],"uagb_featured_image_src":{"full":false,"thumbnail":false,"medium":false,"medium_large":false,"large":false,"1536x1536":false,"2048x2048":false,"trp-custom-language-flag":false,"post-thumbnail":false,"nisarg-full-width":false,"sow-carousel-default":false},"uagb_author_info":{"display_name":"Kristina Borgen","author_link":"https:\/\/guideservice.dk\/de\/author\/kbpguideservicedanmark-dk\/"},"uagb_comment_info":0,"uagb_excerpt":"Ture i kalenderen Uanset om du er til historie, kultur eller skjulte perler, har vi en tur for dig. Her kan du k\u00f8be en enkeltbillet til en guidet oplevelse og tage med p\u00e5 opdagelse i nye historier, steder og perspektiver. Find din n\u00e6ste oplevelse her \u2013 vi gl\u00e6der os til at tage dig med! Fandt&hellip;","_links":{"self":[{"href":"https:\/\/guideservice.dk\/de\/wp-json\/wp\/v2\/pages\/8312","targetHints":{"allow":["GET"]}}],"collection":[{"href":"https:\/\/guideservice.dk\/de\/wp-json\/wp\/v2\/pages"}],"about":[{"href":"https:\/\/guideservice.dk\/de\/wp-json\/wp\/v2\/types\/page"}],"author":[{"embeddable":true,"href":"https:\/\/guideservice.dk\/de\/wp-json\/wp\/v2\/users\/314"}],"replies":[{"embeddable":true,"href":"https:\/\/guideservice.dk\/de\/wp-json\/wp\/v2\/comments?post=8312"}],"version-history":[{"count":92,"href":"https:\/\/guideservice.dk\/de\/wp-json\/wp\/v2\/pages\/8312\/revisions"}],"predecessor-version":[{"id":8976,"href":"https:\/\/guideservice.dk\/de\/wp-json\/wp\/v2\/pages\/8312\/revisions\/8976"}],"wp:attachment":[{"href":"https:\/\/guideservice.dk\/de\/wp-json\/wp\/v2\/media?parent=8312"}],"curies":[{"name":"wp","href":"https:\/\/api.w.org\/{rel}","templated":true}]}}