{"id":8970,"date":"2025-11-24T11:46:33","date_gmt":"2025-11-24T10:46:33","guid":{"rendered":"https:\/\/guideservice.dk\/?page_id=8970"},"modified":"2025-12-22T14:41:01","modified_gmt":"2025-12-22T13:41:01","slug":"guideservice-storms-pakhus-og-odense","status":"publish","type":"page","link":"https:\/\/guideservice.dk\/de\/guideservice-storms-pakhus-og-odense\/","title":{"rendered":"Storms Pakhus og Odense Guideservice"},"content":{"rendered":"<p><strong>Havneomr\u00e5det og kvartererne omkring Storms Pakhus er et levende vidnesbyrd om byens transformation fra travl havn og logistikcenter til et moderne hotspot for kultur, byliv og gastronomiske oplevelser.<\/strong><\/p>\n\n\n\n<p>Tag med p\u00e5 en unik byvandring, der f\u00f8rer dig gennem et af Odenses dynamiske og historisk interessante omr\u00e5der, som f.eks. den gamle industrihavn og dens omkringliggende kvarterer. Her, hvor fortidens skibsfart og industri m\u00f8der nutidens pulserende byliv, ligger historierne t\u00e6t i luften.<\/p>\n\n\n\r\n  \r\n      \r\n        \r\n            <? \/\/ List ?> \r\n\r\n                        <div>\r\n\r\n            \r\n            <div class=\"filter-container\" id=\"tourListOverview\">\r\n                <ul class=\"filter\">\r\n                  <li class=\"filter__item\">\r\n                    <input class=\"input\" id=\"tourInput\" type=\"search\" placeholder=\"Wohin geht es?\">\r\n                    <div class=\"btn\">\r\n                      <button class=\"btn__link\" data-uri=\"https:\/\/guideservice.dk\/wp-content\/themes\/nisarg-child\" data-locale=\"3\" data-endpoint=\"https:\/\/www.guideservicedanmark.dk\/custom\/0000000585\/api\/items\/?userKey=&#038;case=searchTour&#038;extraKeyword=visitstormspakhus&#038;languageId=3\" id=\"tourSearch\">Suche<\/button>\r\n                    <\/div>\r\n                  <\/li>\r\n                  <li class=\"filter__item filter__item--last\">\r\n                    <span>Sortierung:<\/span>\r\n                    <span>\r\n                      <select class=\"input\" id=\"tourSort\">\r\n                        <option value=\"\">Zuf\u00e4llig<\/option>\r\n                        <option value=\"name\">Alfabetisk<\/option>\r\n                        <option value=\"video\">Video<\/option>\r\n                      <\/select>\r\n                    <\/span>\r\n                  <\/li>\r\n                <\/ul>\r\n              <\/div>\r\n\r\n              <ul id=\"tourList\" class=\"tour-container\" data-tag=\"visitstormspakhus\">\r\n\r\n                \r\n                  \r\n                  <li class=\"tour-container__item tour-container__item--large\">\r\n                    <a class=\"tour\" href=\"https:\/\/guideservice.dk\/de\/tour\/stadtwanderung-storms-pakhus-und-die-eigenheiten-des-hafens\">\r\n                      <section class=\"tour__content\">\r\n\r\n                        <h2 class=\"tour__title tour__title--large\">Storms Pakhus und die Eigenheiten des Hafens<\/h2>\r\n\r\n                        <div class=\"tour__desc tour__desc--full\">\r\n                          <p><strong>Spannender Stadtrundgang im Hafenareal von Odense in Zusammenarbeit mit Storms Pakhus.<\/strong><\/p><p>Der Hafen von Odense hat sich sehr stark entwickelt. Kultur, Architektur und offene Bereiche der Stadt wirken als Einheit zusammen und haben zu einem v&ouml;llig neuen und attraktiven Stadtviertel in Odense gef&uuml;hrt. Der Stadtrundgang beginnt und endet bei Storms Pakhus und konzentriert sich auf die vielen spannenden Orte im Bereich des modernen Street-Food-Zentrums von Odense.<\/p><p>Erleben Sie, wie der Hafen zu einem integralen Bestandteil des Stadtlebens und der Entwicklung Odenses geworden ist. Wir erz&auml;hlen die Geschichte des Hafenbads, des beliebten und neuesten Freibads in Odense. Das Hafenbad ist zu einem sch&ouml;nen Symbol f&uuml;r das neue Leben der Stadt am Wasser geworden. Hier trifft die maritime Vergangenheit der Stadt auf modernen Wassersport sowie kreative und erholsame Angebote. Der Name des ehemaligen Industriemagnaten der Stadt lebt im C.F.-Tietgens-Kanal weiter &ndash; einer der reizvollen Wasserwege, die den Hafen mit der Stadt verbinden.<\/p><p>Street Art pr&auml;gt ebenfalls das Hafenareal, und wir besichtigen ausgew&auml;hlte Werke zusammen mit der innovativen Architektur und den gr&uuml;nen Initiativen des Viertels. Die Beispiele zeigen die vielen M&ouml;glichkeiten, die Odense zu einer modernen Stadt im Wandel machen.<\/p>                        <\/div>\r\n\r\n                        <ul class=\"tour__langs\">\r\n                                                      <li>\r\n                              <button class=\"__gotoTourBtn\" href=\"https:\/\/guideservice.dk\/tur\/byvandring-havn-finurligheder-og-storms-pakhus#TRPLINKPROCESSED\">\r\n                                <img decoding=\"async\" title=\"Danish\" src=\"https:\/\/www.guideservicedanmark.dk\/grafik\/flag\/dk.gif\" alt=\"Danish\">\r\n                              <\/button>\r\n                            <\/li>\r\n                                                      <li>\r\n                              <button class=\"__gotoTourBtn\" href=\"https:\/\/guideservice.dk\/en\/tur\/guided-tour-harbour-quirks-and-storms-pakhus#TRPLINKPROCESSED\">\r\n                                <img decoding=\"async\" title=\"English\" src=\"https:\/\/www.guideservicedanmark.dk\/grafik\/flag\/eng.gif\" alt=\"English\">\r\n                              <\/button>\r\n                            <\/li>\r\n                                                      <li>\r\n                              <button class=\"__gotoTourBtn\" href=\"https:\/\/guideservice.dk\/de\/tur\/stadtwanderung-storms-pakhus-und-die-eigenheiten-des-hafens#TRPLINKPROCESSED\">\r\n                                <img decoding=\"async\" title=\"German\" src=\"https:\/\/www.guideservicedanmark.dk\/grafik\/flag\/de.gif\" alt=\"German\">\r\n                              <\/button>\r\n                            <\/li>\r\n                                                  <\/ul>\r\n\r\n                      <\/section>\r\n\r\n                      <figure class=\"tour__preview\">\r\n                        <img decoding=\"async\" onerror=\"this.src='https:\/\/guideservice.dk\/wp-content\/themes\/nisarg-child\/images\/gfx\/no-img-tour.png'\" src=\"https:\/\/www.guideservicedanmark.dk\/fil.asp?id=6076&#038;kode=WW0ioEmdce&#038;imageResize=1&#038;size=600x600\" alt=\"Odense\">\r\n                      <\/figure>\r\n\r\n                    <\/a>\r\n                  <\/li>\r\n\r\n                              <\/ul>\r\n            <\/div>\r\n\r\n            \r\n          \r\n\r\n      \r\n    \r\n\r\n\n\n\n\n\n<h2 class=\"wp-block-heading\">Oplev Odenses gamle industrihavns forvandling<\/h2>\n\n\n\n<p>Vores guider byder p\u00e5 en fascinerende rejse, hvor de afd\u00e6kker de finurligheder, glemte hemmeligheder og de store forvandlinger, der har formet dette omr\u00e5de. H\u00f8r fort\u00e6llinger om de driftige handelsfolk og slidst\u00e6rke havnearbejdere, samt de vision\u00e6re tanker, der har pustet nyt liv i de gamle bygninger og kajomr\u00e5der.<\/p>\n\n\n\n<p><strong>Disse er byvandringer for dem, der \u00f8nsker at:<\/strong><\/p>\n\n\n\n<ul class=\"wp-block-list\">\n<li>Se Odense fra et nyt perspektiv<\/li>\n\n\n\n<li>Forst\u00e5 byens industrielle arv og dens nutidige forvandling<\/li>\n\n\n\n<li>L\u00e6re mere om Odenses havnehistorie og byens udvikling<\/li>\n\n\n\n<li>Se livet omkring havnefronten og omr\u00e5det omkring <\/li>\n\n\n\n<li>H\u00f8re de sm\u00e5 fort\u00e6llinger og opleve de mange detaljer, der giver omr\u00e5det karakter<\/li>\n<\/ul>\n\n\n\n<h2 class=\"wp-block-heading\">Dyk ned i stemningen i Storms pakhus &#8211; mere end bare mad<\/h2>\n\n\n\n<p>Storms Pakhus er et af Odenses mest popul\u00e6re m\u00f8desteder og kulminationen p\u00e5 din byvandring i omr\u00e5det. Pakhuset er beliggende i et kvarter, der i generationer har v\u00e6ret pr\u00e6get af industri og handel, og selve bygningen er et imponerende eksempel p\u00e5 vellykket genanvendelse af industriarv.<\/p>\n\n\n\n<p>Den r\u00e5, autentiske atmosf\u00e6re, der er skabt af de h\u00f8je lofter og det \u00e5bne rum, st\u00e5r i kontrast til den varme og folkelige stemning, der opst\u00e5r, n\u00e5r huset fyldes med mennesker, dufte og lyde.<\/p>\n\n\n\n<p><strong>Efter den guidede tur er Storms Pakhus det perfekte sted at:<\/strong><\/p>\n\n\n\n<ul class=\"wp-block-list\">\n<li><strong>Ford\u00f8je indtrykkene:<\/strong> Reflekter over de historier, du netop har h\u00f8rt, i en hyggelig og uformel ramme<\/li>\n\n\n\n<li><strong>Nyd Street Food &amp; Hygge:<\/strong> Med over 20 madboder, barer og kreative indslag kan du selv sammens\u00e6tte din kulinariske afslutning p\u00e5 turen<\/li>\n\n\n\n<li><strong>Oplev F\u00e6llesskabet:<\/strong> Pakhuset er et knudepunkt for byens liv og et fantastisk sted at m\u00e6rke den moderne, \u00e5bne Odense-\u00e5nd<\/li>\n<\/ul>\n\n\n\n<p>I har nu f\u00e5et den historiske baggrund, og Storms Pakhus er klar til at byde jer velkommen indenfor til den kulinariske nydelse.<\/p>\n\n\n\n<p><strong>Vi siger med gl\u00e6de oplev Odense gamle havn og Storms Pakhus med Guideservice Danmark og vores guider.<\/strong><\/p>\n\n\n\n<p><\/p>","protected":false},"excerpt":{"rendered":"<p>Havneomr\u00e5det og kvartererne omkring Storms Pakhus er et levende vidnesbyrd om byens transformation fra travl havn og logistikcenter til et moderne hotspot for kultur, byliv og gastronomiske oplevelser. Tag med p\u00e5 en unik byvandring, der f\u00f8rer dig gennem et af Odenses dynamiske og historisk interessante omr\u00e5der, som f.eks. den gamle industrihavn og dens omkringliggende kvarterer. Her, hvor fortidens skibsfart og industri m\u00f8der nutidens pulserende byliv, ligger historierne t\u00e6t i luften. Oplev Odenses gamle industrihavns forvandling Vores guider byder p\u00e5 en&#8230;<\/p>\n<p class=\"read-more\"><a class=\"btn btn-default\" href=\"https:\/\/guideservice.dk\/de\/guideservice-storms-pakhus-og-odense\/\">Weiterlesen<span class=\"screen-reader-text\"> Weiterlesen<\/span><\/a><\/p>","protected":false},"author":314,"featured_media":0,"parent":0,"menu_order":0,"comment_status":"closed","ping_status":"closed","template":"template-parts\/tour-showTours.php","meta":{"om_disable_all_campaigns":false,"inline_featured_image":false,"_uag_custom_page_level_css":"","_monsterinsights_skip_tracking":false,"_monsterinsights_sitenote_active":false,"_monsterinsights_sitenote_note":"","_monsterinsights_sitenote_category":0,"_uf_show_specific_survey":0,"_uf_disable_surveys":false,"footnotes":""},"class_list":["post-8970","page","type-page","status-publish","hentry"],"acf":[],"aioseo_notices":[],"uagb_featured_image_src":{"full":false,"thumbnail":false,"medium":false,"medium_large":false,"large":false,"1536x1536":false,"2048x2048":false,"trp-custom-language-flag":false,"post-thumbnail":false,"nisarg-full-width":false,"sow-carousel-default":false},"uagb_author_info":{"display_name":"Kristina Borgen","author_link":"https:\/\/guideservice.dk\/de\/author\/kbpguideservicedanmark-dk\/"},"uagb_comment_info":0,"uagb_excerpt":"Havneomr\u00e5det og kvartererne omkring Storms Pakhus er et levende vidnesbyrd om byens transformation fra travl havn og logistikcenter til et moderne hotspot for kultur, byliv og gastronomiske oplevelser. Tag med p\u00e5 en unik byvandring, der f\u00f8rer dig gennem et af Odenses dynamiske og historisk interessante omr\u00e5der, som f.eks. den gamle industrihavn og dens omkringliggende kvarterer.&hellip;","_links":{"self":[{"href":"https:\/\/guideservice.dk\/de\/wp-json\/wp\/v2\/pages\/8970","targetHints":{"allow":["GET"]}}],"collection":[{"href":"https:\/\/guideservice.dk\/de\/wp-json\/wp\/v2\/pages"}],"about":[{"href":"https:\/\/guideservice.dk\/de\/wp-json\/wp\/v2\/types\/page"}],"author":[{"embeddable":true,"href":"https:\/\/guideservice.dk\/de\/wp-json\/wp\/v2\/users\/314"}],"replies":[{"embeddable":true,"href":"https:\/\/guideservice.dk\/de\/wp-json\/wp\/v2\/comments?post=8970"}],"version-history":[{"count":21,"href":"https:\/\/guideservice.dk\/de\/wp-json\/wp\/v2\/pages\/8970\/revisions"}],"predecessor-version":[{"id":9337,"href":"https:\/\/guideservice.dk\/de\/wp-json\/wp\/v2\/pages\/8970\/revisions\/9337"}],"wp:attachment":[{"href":"https:\/\/guideservice.dk\/de\/wp-json\/wp\/v2\/media?parent=8970"}],"curies":[{"name":"wp","href":"https:\/\/api.w.org\/{rel}","templated":true}]}}