{"id":9085,"date":"2025-12-17T12:13:09","date_gmt":"2025-12-17T11:13:09","guid":{"rendered":"https:\/\/guideservice.dk\/?page_id=9085"},"modified":"2025-12-17T12:49:55","modified_gmt":"2025-12-17T11:49:55","slug":"guideservice-i-kerteminde","status":"publish","type":"page","link":"https:\/\/guideservice.dk\/de\/guideservice-i-kerteminde\/","title":{"rendered":"Guideservice in Kerteminde und Umgebung"},"content":{"rendered":"<p><strong>Willkommen in der charmanten, historischen Kaufmannsstadt Kerteminde, einem Juwel am Gro\u00dfen Belt. Bekannt f\u00fcr ihren idyllischen Hafen, die roten Ziegeld\u00e4cher und die ikonische Statue von Amanda, bietet Kerteminde eine F\u00fclle von Erlebnissen \u2013 von den dramatischen Geschichten der Wikingerzeit bis hin zum k\u00fcnstlerischen Erbe der fynischen Maler.<\/strong><\/p>\n\n\n\r\n  \r\n      \r\n        \r\n            <? \/\/ List ?> \r\n\r\n                        <div>\r\n\r\n            \r\n            <div class=\"filter-container\" id=\"tourListOverview\">\r\n                <ul class=\"filter\">\r\n                  <li class=\"filter__item\">\r\n                    <input class=\"input\" id=\"tourInput\" type=\"search\" placeholder=\"Wohin geht es?\">\r\n                    <div class=\"btn\">\r\n                      <button class=\"btn__link\" data-uri=\"https:\/\/guideservice.dk\/wp-content\/themes\/nisarg-child\" data-locale=\"3\" data-endpoint=\"https:\/\/www.guideservicedanmark.dk\/custom\/0000000585\/api\/items\/?userKey=&#038;case=searchTour&#038;extraKeyword=visitkerteminde&#038;languageId=3\" id=\"tourSearch\">Suche<\/button>\r\n                    <\/div>\r\n                  <\/li>\r\n                  <li class=\"filter__item filter__item--last\">\r\n                    <span>Sortierung:<\/span>\r\n                    <span>\r\n                      <select class=\"input\" id=\"tourSort\">\r\n                        <option value=\"\">Zuf\u00e4llig<\/option>\r\n                        <option value=\"name\">Alfabetisk<\/option>\r\n                        <option value=\"video\">Video<\/option>\r\n                      <\/select>\r\n                    <\/span>\r\n                  <\/li>\r\n                <\/ul>\r\n              <\/div>\r\n\r\n              <ul id=\"tourList\" class=\"tour-container\" data-tag=\"visitkerteminde\">\r\n\r\n                \r\n                  \r\n                  <li class=\"tour-container__item tour-container__item--large\">\r\n                    <a class=\"tour\" href=\"https:\/\/guideservice.dk\/de\/tour\/charmerende-kerteminde-en-rejse-gennem-tid-og-tradition\">\r\n                      <section class=\"tour__content\">\r\n\r\n                        <h2 class=\"tour__title tour__title--large\">Das idyllische Kerteminde &#8211; eine Reise durch Zeit und Tradition<\/h2>\r\n\r\n                        <div class=\"tour__desc tour__desc--full\">\r\n                          <p><strong>Gem&uuml;tliche Stadtf&uuml;hrung im sch&ouml;nen Kerteminde &#8211; eine Reise durch Geschichte, Traditionen und K&uuml;stenidylle am Gro&szlig;en Belt.<\/strong><\/p><p>Erleben Sie die idyllische K&uuml;stenstadt Kerteminde auf einer faszinierenden Stadtf&uuml;hrung, die Vergangenheit und Gegenwart in einem stimmungsvollen Stadtbild vereint.<\/p><p>Sie bewundern die gut erhaltenen Fassaden, an denen die Namen der Gesch&auml;fte &uuml;ber Jahrhunderte direkt auf die Geb&auml;ude geschrieben wurden. Sie entdecken das alte Gesch&auml;ft aus dem 18. Jahrhundert, das von der reichen Handelstradition der Stadt erz&auml;hlt. Der Laden ist auch ein idealer Ort, um ein Souvenir aus Kerteminde mit nach Hause zu nehmen.<\/p><p>Erleben Sie den neu renovierten Renaissancehafen, wo Vergangenheit und Gegenwart in einem harmonischen Zusammenspiel von Architektur und Natur aufeinandertreffen. Am Hafen begr&uuml;&szlig;t Sie Kertemindes Wahrzeichen, die Amanda&#8209;Statue &ndash; und nat&uuml;rlich erfahren Sie auch ihre Geschichte.<\/p><p>Wir gehen weiter durch die engen, kopfsteingepflasterten Fischer&shy;gassen, die zur Lillestrand f&uuml;hren. Das Viertel war fr&uuml;her die Heimat der armen Fischer von Kerteminde und ist heute ein begehrtes Wohngebiet.<\/p><p>In Kerteminde sp&uuml;rt man den Hauch der Geschichte, wenn man sich vorstellt, wie das Leben im alten Fischergemeinschaft war. Unsere Stadtf&uuml;hrung endet an der Kirche der Stadt auf dem Marktplatz von Kerteminde.<\/p><p>Jeder Schritt dieser Stadtf&uuml;hrung legt neue Schichten der Geschichte frei, die Kerteminde gepr&auml;gt haben &ndash; von der Gr&uuml;ndung der Stadt &uuml;ber ihre Zeit als Kaufstadt bis hin zu ihrer heutigen Rolle als lebendiges kulturelles Juwel an der fynischen K&uuml;ste.<\/p><p>Erleben Sie die Idylle und besondere Atmosph&auml;re Kertemindes, wo Vergangenheit und Gegenwart in vollkommener Harmonie aufeinandertreffen.<\/p>                        <\/div>\r\n\r\n                        <ul class=\"tour__langs\">\r\n                                                      <li>\r\n                              <button class=\"__gotoTourBtn\" href=\"https:\/\/guideservice.dk\/tur\/byvandring-charmerende-kerteminde-en-rejse-gennem-tid-og-tradition#TRPLINKPROCESSED\">\r\n                                <img decoding=\"async\" title=\"Danish\" src=\"https:\/\/www.guideservicedanmark.dk\/grafik\/flag\/dk.gif\" alt=\"Danish\">\r\n                              <\/button>\r\n                            <\/li>\r\n                                                      <li>\r\n                              <button class=\"__gotoTourBtn\" href=\"https:\/\/guideservice.dk\/en\/tur\/guided-tour-charming-kerteminde-a-journey-through-past-and-present#TRPLINKPROCESSED\">\r\n                                <img decoding=\"async\" title=\"English\" src=\"https:\/\/www.guideservicedanmark.dk\/grafik\/flag\/eng.gif\" alt=\"English\">\r\n                              <\/button>\r\n                            <\/li>\r\n                                                      <li>\r\n                              <button class=\"__gotoTourBtn\" href=\"https:\/\/guideservice.dk\/de\/tur\/charmerende-kerteminde-en-rejse-gennem-tid-og-tradition#TRPLINKPROCESSED\">\r\n                                <img decoding=\"async\" title=\"German\" src=\"https:\/\/www.guideservicedanmark.dk\/grafik\/flag\/de.gif\" alt=\"German\">\r\n                              <\/button>\r\n                            <\/li>\r\n                                                  <\/ul>\r\n\r\n                      <\/section>\r\n\r\n                      <figure class=\"tour__preview\">\r\n                        <img decoding=\"async\" onerror=\"this.src='https:\/\/guideservice.dk\/wp-content\/themes\/nisarg-child\/images\/gfx\/no-img-tour.png'\" src=\"https:\/\/www.guideservicedanmark.dk\/fil.asp?id=5817&#038;kode=ihlEJZHyxz&#038;imageResize=1&#038;size=600x600\" alt=\"\">\r\n                      <\/figure>\r\n\r\n                    <\/a>\r\n                  <\/li>\r\n\r\n                \r\n                  \r\n                  <li class=\"tour-container__item tour-container__item--small\">\r\n                    <a class=\"tour\" href=\"https:\/\/guideservice.dk\/de\/tour\/hindsholm-und-fyns-hoved-mit-dem-bus-und-zu-fuss\">\r\n                      <section class=\"tour__content\">\r\n\r\n                        <h2 class=\"tour__title\">Hindsholm und Fyns Hoved &#8211; mit dem Bus und zu Fuss<\/h2>\r\n\r\n                        <div class=\"tour__desc\">\r\n                          <p>Erleben Sie die Natur der sch&ouml;nen Halbinsel Hindsholm und h&ouml;ren Sie die spannenden Geschichten &#8211; hier ist das Erlebniss vom feinsten<\/p>                        <\/div>\r\n\r\n                        <ul class=\"tour__langs\">\r\n                                                      <li>\r\n                              <button class=\"__gotoTourBtn\" href=\"https:\/\/guideservice.dk\/tur\/guidet-tur-hindsholm-fyns-hoveds-skoenne-natur#TRPLINKPROCESSED\">\r\n                                <img decoding=\"async\" title=\"Danish\" src=\"https:\/\/www.guideservicedanmark.dk\/grafik\/flag\/dk.gif\" alt=\"Danish\">\r\n                              <\/button>\r\n                            <\/li>\r\n                                                      <li>\r\n                              <button class=\"__gotoTourBtn\" href=\"https:\/\/guideservice.dk\/en\/tur\/hindsholm-fyns-hoved-a-guided-tour-by-coach-and-on-foot#TRPLINKPROCESSED\">\r\n                                <img decoding=\"async\" title=\"English\" src=\"https:\/\/www.guideservicedanmark.dk\/grafik\/flag\/eng.gif\" alt=\"English\">\r\n                              <\/button>\r\n                            <\/li>\r\n                                                      <li>\r\n                              <button class=\"__gotoTourBtn\" href=\"https:\/\/guideservice.dk\/de\/tur\/hindsholm-und-fyns-hoved-mit-dem-bus-und-zu-fuss#TRPLINKPROCESSED\">\r\n                                <img decoding=\"async\" title=\"German\" src=\"https:\/\/www.guideservicedanmark.dk\/grafik\/flag\/de.gif\" alt=\"German\">\r\n                              <\/button>\r\n                            <\/li>\r\n                                                  <\/ul>\r\n\r\n                      <\/section>\r\n\r\n                      <figure class=\"tour__preview\">\r\n                        <img decoding=\"async\" onerror=\"this.src='https:\/\/guideservice.dk\/wp-content\/themes\/nisarg-child\/images\/gfx\/no-img-tour.png'\" src=\"https:\/\/www.guideservicedanmark.dk\/fil.asp?id=5897&#038;kode=TSWfkAi98a&#038;imageResize=1&#038;size=600x600\" alt=\"\">\r\n                      <\/figure>\r\n\r\n                    <\/a>\r\n                  <\/li>\r\n\r\n                              <\/ul>\r\n            <\/div>\r\n\r\n            \r\n          \r\n\r\n      \r\n    \r\n\r\n\n\n\n\n\n<h2 class=\"wp-block-heading\">Entdecken Sie Kerteminde und Fyns Hoved mit einem lokalen Reisef\u00fchrer<\/h2>\n\n\n\n<p>Es gibt viele Sehensw\u00fcrdigkeiten in und um Kerteminde, und unsere Guides stehen bereit, um Ihnen eine unvergessliche Tour zu erm\u00f6glichen.<\/p>\n\n\n\n<p>Unsere Guides freuen sich darauf, f\u00fcr Ihre Gruppe ein unvergessliches Erlebnis zu gestalten. Hier ist eine Auswahl beliebter Themen und Ziele:<\/p>\n\n\n\n<ul class=\"wp-block-list\">\n<li>Historischer Stadtrundgang: Folgen Sie den Spuren alter Kaufleute und Fischer. Entdecken Sie den Renaissancehafen der Stadt, die engen Gassen mit Fachwerkh\u00e4usern und die Geschichte des Stadtrechts von Kerteminde. Nat\u00fcrlich begegnen Sie auch Amanda \u2013 Kertemindes ber\u00fchmter Fischerfrau.<\/li>\n<\/ul>\n\n\n\n<ul class=\"wp-block-list\">\n<li>Wilde Natur auf Fyns Hoved: Begleiten Sie uns auf einer gef\u00fchrten Wanderung zur n\u00f6rdlichsten Spitze von Hindsholm. Erleben Sie die einzigartige Eiszeitlandschaft, die reiche Vogelwelt und genie\u00dfen Sie den atemberaubenden Blick \u00fcber den Gro\u00dfen Belt.<\/li>\n<\/ul>\n\n\n\n<ul class=\"wp-block-list\">\n<li>Maritimes Kerteminde: Erkunden Sie das Leben unter der <strong><a href=\"https:\/\/fjordbaelt.dk\/\" target=\"_blank\" rel=\"noopener\" title=\"\">Fjord&amp;B\u00e6lt<\/a><\/strong>, wo Schweinswale und Robben im Mittelpunkt stehen. Erfahren Sie mehr \u00fcber den Hafen, die Fischerei und Kertemindes enge Verbindung zum Meer.<\/li>\n<\/ul>\n\n\n\n<ul class=\"wp-block-list\">\n<li>Wikingerzeit am <a href=\"https:\/\/vikingemuseetladby.dk\/\" target=\"_blank\" rel=\"noopener\" title=\"\"><strong>Ladbyskibet<\/strong><\/a>Erleben Sie D\u00e4nemarks einzig erhaltenes Wikingerschiffsgrab hautnah. H\u00f6ren Sie faszinierende Geschichten \u00fcber den Ladby-K\u00f6nig und seine letzte Reise und erfahren Sie mehr \u00fcber Macht und Rituale der Wikingerzeit auf Nordfyn.<\/li>\n<\/ul>\n\n\n\n<h2 class=\"wp-block-heading\">Kerteminde hat alles<\/h2>\n\n\n\n<p>Buchen Sie einen unserer&nbsp;<strong><a href=\"https:\/\/guideservice.dk\/de\/guider-i-kerteminde\/\" title=\"\">Guides im Kerteminde<\/a><\/strong>&nbsp;, um alles \u00fcber die spannenden Orte in und um Kerteminde zu erfahren.<\/p>\n\n\n\n<p>\u00dcber Guideservice Danmark k\u00f6nnen Sie einen lokalen, erfahrenen Guide buchen, der die Ecken, Geschichten und versteckten Perlen der Stadt kennt. Ob Ihre Gruppe lebendige Stadtrundg\u00e4nge, Naturwanderungen auf Fyns Hoved oder eine tiefgehende Reise in die Wikingerzeit am Ladbyskibet bevorzugt \u2013 wir gestalten das perfekte Erlebnis.<\/p>\n\n\n\n<p>Guideservice Danmark arbeitet eng mit <strong><a href=\"https:\/\/www.visitkerteminde.dk\/kerteminde\" target=\"_blank\" rel=\"noopener\" title=\"\">VisitKerteminde zusammen<\/a><\/strong>Sie k\u00f6nnen daher auch Hilfe beim Touristenb\u00fcro erhalten, wo man Ihnen gerne weitere Informationen zu den M\u00f6glichkeiten gibt. Sie k\u00f6nnen uns auch jederzeit im B\u00fcro von Guideservice Danmark <strong><a href=\"https:\/\/guideservice.dk\/de\/kontakt\/\" title=\"\">kontaktieren<\/a> <\/strong>\u2013 wir lieben den Dialog.<\/p>\n\n\n\n<p><strong>Wir laden Sie herzlich ein: Entdecken Sie Kerteminde mit Guideservice Danmark <strong>und unserem Guideservice <\/strong>Kerteminde.<\/strong><\/p>","protected":false},"excerpt":{"rendered":"<p>Velkommen til den charmerende, historiske k\u00f8bstad Kerteminde, en perle ved Storeb\u00e6lt. Kendt for sin idylliske havn, de r\u00f8de tegltage og den ikoniske statue af Amanda, byder Kerteminde p\u00e5 en rigdom af oplevelser \u2013 fra vikingetidens dramatiske fort\u00e6llinger til de fynske maleres kunstneriske arv. Oplev Kerteminde og Fyns Hoved med en lokal guide Der er mange sev\u00e6rdigheder i og omkring Kerteminde, og vores guider st\u00e5r klar til at skabe en mindev\u00e6rdig tur. Vores guider st\u00e5r klar til at skabe en mindev\u00e6rdig&#8230;<\/p>\n<p class=\"read-more\"><a class=\"btn btn-default\" href=\"https:\/\/guideservice.dk\/de\/guideservice-i-kerteminde\/\">Weiterlesen<span class=\"screen-reader-text\"> Weiterlesen<\/span><\/a><\/p>","protected":false},"author":314,"featured_media":0,"parent":0,"menu_order":0,"comment_status":"closed","ping_status":"closed","template":"template-parts\/tour-showTours.php","meta":{"om_disable_all_campaigns":false,"inline_featured_image":false,"_uag_custom_page_level_css":"","_monsterinsights_skip_tracking":false,"_monsterinsights_sitenote_active":false,"_monsterinsights_sitenote_note":"","_monsterinsights_sitenote_category":0,"_uf_show_specific_survey":0,"_uf_disable_surveys":false,"footnotes":""},"class_list":["post-9085","page","type-page","status-publish","hentry"],"acf":[],"aioseo_notices":[],"uagb_featured_image_src":{"full":false,"thumbnail":false,"medium":false,"medium_large":false,"large":false,"1536x1536":false,"2048x2048":false,"trp-custom-language-flag":false,"post-thumbnail":false,"nisarg-full-width":false,"sow-carousel-default":false},"uagb_author_info":{"display_name":"Kristina Borgen","author_link":"https:\/\/guideservice.dk\/de\/author\/kbpguideservicedanmark-dk\/"},"uagb_comment_info":0,"uagb_excerpt":"Velkommen til den charmerende, historiske k\u00f8bstad Kerteminde, en perle ved Storeb\u00e6lt. Kendt for sin idylliske havn, de r\u00f8de tegltage og den ikoniske statue af Amanda, byder Kerteminde p\u00e5 en rigdom af oplevelser \u2013 fra vikingetidens dramatiske fort\u00e6llinger til de fynske maleres kunstneriske arv. Oplev Kerteminde og Fyns Hoved med en lokal guide Der er mange&hellip;","_links":{"self":[{"href":"https:\/\/guideservice.dk\/de\/wp-json\/wp\/v2\/pages\/9085","targetHints":{"allow":["GET"]}}],"collection":[{"href":"https:\/\/guideservice.dk\/de\/wp-json\/wp\/v2\/pages"}],"about":[{"href":"https:\/\/guideservice.dk\/de\/wp-json\/wp\/v2\/types\/page"}],"author":[{"embeddable":true,"href":"https:\/\/guideservice.dk\/de\/wp-json\/wp\/v2\/users\/314"}],"replies":[{"embeddable":true,"href":"https:\/\/guideservice.dk\/de\/wp-json\/wp\/v2\/comments?post=9085"}],"version-history":[{"count":1,"href":"https:\/\/guideservice.dk\/de\/wp-json\/wp\/v2\/pages\/9085\/revisions"}],"predecessor-version":[{"id":9118,"href":"https:\/\/guideservice.dk\/de\/wp-json\/wp\/v2\/pages\/9085\/revisions\/9118"}],"wp:attachment":[{"href":"https:\/\/guideservice.dk\/de\/wp-json\/wp\/v2\/media?parent=9085"}],"curies":[{"name":"wp","href":"https:\/\/api.w.org\/{rel}","templated":true}]}}