{"id":1639,"date":"2021-12-20T15:39:14","date_gmt":"2021-12-20T14:39:14","guid":{"rendered":"https:\/\/guideservice.dk\/?page_id=1639"},"modified":"2025-08-11T11:22:51","modified_gmt":"2025-08-11T09:22:51","slug":"find-en-guidet-tur","status":"publish","type":"page","link":"https:\/\/guideservice.dk\/en\/find-your-guided-tour\/","title":{"rendered":"Guide Service in Denmark and the World"},"content":{"rendered":"<p><em><strong>Choose which area to visit and find suggestions for guided tours - or send us your personal request and we'll tailor a tour for you<\/strong><\/em>.<\/p>\n\n\n<form class=\"search search--block\" action=\"https:\/\/guideservice.dk\/en\/soegning\/\" method=\"get\" data-trp-original-action=\"\/soegning\/\">\r\n    <input placeholder=\"Find a tour\" id=\"searchTerm\" class=\"input input--no-border-right\" value=\"\" name=\"tag\" type=\"search\">\r\n    <input type=\"hidden\" name=\"type\" value=\"tur\">\r\n    <div class=\"btn\">\r\n        <input class=\"btn__link\" id=\"search-btn\" type=\"submit\" value=\"Search\">\r\n    <\/div>\r\n<input type=\"hidden\" name=\"trp-form-language\" value=\"en\"\/><\/form>\n\n\r\n  \r\n    <ul class=\"main-selector main-selector--home\">\r\n      \r\n        <li class=\"main-selector__item\">\r\n          <a href=\"https:\/\/guideservice.dk\/en\/guide-service-in-jutland\/\" class=\"selector-category\">\r\n\r\n                          <img decoding=\"async\" src=\"https:\/\/guideservice.dk\/wp-content\/uploads\/2022\/10\/Jylland-1-239x300.png\" alt=\"\" class=\"selector-category__icon\">\r\n            \r\n            <h2 class=\"selector-category__title\">Jutland<\/h2>\r\n\r\n            <div class=\"selector-category__desc\">\r\n              <p><\/p>\r\n            <\/div>\r\n\r\n            <figure class=\"selector-category__background\">\r\n              <img decoding=\"async\" src=\"https:\/\/guideservice.dk\/wp-content\/uploads\/2021\/12\/89cb5a13-0efb-3ce2-82f5-8d0b274aa5f6.jpg\" alt=\"Jutland\">\r\n            <\/figure>\r\n          <\/a>\r\n        <\/li>\r\n      \r\n        <li class=\"main-selector__item\">\r\n          <a href=\"https:\/\/guideservice.dk\/en\/guide-service-funen\/\" class=\"selector-category\">\r\n\r\n                          <img decoding=\"async\" src=\"https:\/\/guideservice.dk\/wp-content\/uploads\/2022\/10\/Fyn_oeerne-1-239x300.png\" alt=\"\" class=\"selector-category__icon\">\r\n            \r\n            <h2 class=\"selector-category__title\">Funen &amp; Islands<\/h2>\r\n\r\n            <div class=\"selector-category__desc\">\r\n              <p><\/p>\r\n            <\/div>\r\n\r\n            <figure class=\"selector-category__background\">\r\n              <img decoding=\"async\" src=\"https:\/\/guideservice.dk\/wp-content\/uploads\/2021\/12\/Intersection-1-1024x846.png\" alt=\"Odense\">\r\n            <\/figure>\r\n          <\/a>\r\n        <\/li>\r\n      \r\n        <li class=\"main-selector__item\">\r\n          <a href=\"https:\/\/guideservice.dk\/en\/guide-service-zealand\/\" class=\"selector-category\">\r\n\r\n                          <img decoding=\"async\" src=\"https:\/\/guideservice.dk\/wp-content\/uploads\/2023\/02\/Billede12-239x300.png\" alt=\"\" class=\"selector-category__icon\">\r\n            \r\n            <h2 class=\"selector-category__title\">Zealand &amp; Islands<\/h2>\r\n\r\n            <div class=\"selector-category__desc\">\r\n              <p><\/p>\r\n            <\/div>\r\n\r\n            <figure class=\"selector-category__background\">\r\n              <img decoding=\"async\" src=\"https:\/\/guideservice.dk\/wp-content\/uploads\/2021\/12\/standard_compressed_Koebenhavn-1024x708.jpg\" alt=\"Copenhagen\">\r\n            <\/figure>\r\n          <\/a>\r\n        <\/li>\r\n      \r\n        <li class=\"main-selector__item\">\r\n          <a href=\"https:\/\/guideservice.dk\/en\/guide-service-bornholm\/\" class=\"selector-category\">\r\n\r\n                          <img decoding=\"async\" src=\"https:\/\/guideservice.dk\/wp-content\/uploads\/2023\/02\/Bornholm-ny-2-300x247.png\" alt=\"\" class=\"selector-category__icon\">\r\n            \r\n            <h2 class=\"selector-category__title\">Bornholm<\/h2>\r\n\r\n            <div class=\"selector-category__desc\">\r\n              <p><\/p>\r\n            <\/div>\r\n\r\n            <figure class=\"selector-category__background\">\r\n              <img decoding=\"async\" src=\"https:\/\/guideservice.dk\/wp-content\/uploads\/2022\/10\/Bornholm-scaled-e1754904003764-1024x715.jpg\" alt=\"\">\r\n            <\/figure>\r\n          <\/a>\r\n        <\/li>\r\n      \r\n        <li class=\"main-selector__item\">\r\n          <a href=\"https:\/\/guideservice.dk\/en\/danish-speaking-guide-service\/\" class=\"selector-category\">\r\n\r\n                          <img decoding=\"async\" src=\"https:\/\/guideservice.dk\/wp-content\/uploads\/2023\/02\/Globus-1-300x300.png\" alt=\"\" class=\"selector-category__icon\">\r\n            \r\n            <h2 class=\"selector-category__title\">Around the world<\/h2>\r\n\r\n            <div class=\"selector-category__desc\">\r\n              <p><\/p>\r\n            <\/div>\r\n\r\n            <figure class=\"selector-category__background\">\r\n              <img decoding=\"async\" src=\"https:\/\/guideservice.dk\/wp-content\/uploads\/2020\/11\/Vejen-til-Sao-Castelo.jpg\" alt=\"\">\r\n            <\/figure>\r\n          <\/a>\r\n        <\/li>\r\n      \r\n        <li class=\"main-selector__item\">\r\n          <a href=\"https:\/\/www.guideservicedanmark.dk\/search-tour-managers-for-denmark-and-scandinavia\" class=\"selector-category\">\r\n\r\n                          <img decoding=\"async\" src=\"https:\/\/guideservice.dk\/wp-content\/uploads\/2023\/03\/Ikon-rejseleder.png\" alt=\"\" class=\"selector-category__icon\">\r\n            \r\n            <h2 class=\"selector-category__title\">Tour Managers<\/h2>\r\n\r\n            <div class=\"selector-category__desc\">\r\n              <p><\/p>\r\n            <\/div>\r\n\r\n            <figure class=\"selector-category__background\">\r\n              <img decoding=\"async\" src=\"https:\/\/guideservice.dk\/wp-content\/uploads\/2022\/04\/groningen-museum-1024x576.jpg\" alt=\"Museet ligger smuk ved vandet\">\r\n            <\/figure>\r\n          <\/a>\r\n        <\/li>\r\n          <\/ul>\r\n\r\n\n\n\n<h2 class=\"wp-block-heading\">Denmark \u2013 guided tours<\/h2>\n\n\n\n<p>You'll get so much more out of your trip to Denmark by letting a local guide guide you. The local guide will open your eyes to what you don't know you want to see and the guide can tell the story locally, so you don't have to spend time researching details yourself. Those who know the local area best are the local guides who live there. We'd like to invite you to take advantage of this on your next tour in Denmark.<\/p>\n\n\n\n<h2 class=\"wp-block-heading\">Our guides suggestions for your next guided tour<\/h2>\n\n\n\n<p>To give you the best options we have asked our guides to suggest guided tours. These suggestions are a good start. Feel free to make a tailored or personal requests though . We love to create new guided tours.<\/p>\n\n\n\n<ul class=\"wp-block-list\">\n<li class=\"translation-block\"><a href=\"https:\/\/guideservice.dk\/en\/city-walks\/\" target=\"_self\">City walks<\/a> in all of Denmark, e.g. Copenhagen, Aarhus, Odense among other places<\/li>\n\n\n\n<li class=\"translation-block\">City walks <a href=\"https:\/\/guideservice.dk\/en\/danish-speaking-guides-around-the-world\/\" target=\"_self\">in Danish abroad<\/a>. E.g. in Berlin, Madrid, Paris among other places<\/li>\n\n\n\n<li class=\"translation-block\"><a href=\"https:\/\/guideservice.dk\/en\/rundvisning-paa-museum-eller-attraktioner\/\" target=\"_self\">Guided tours<\/a>\u00a0of museums, castles and manor houses<\/li>\n\n\n\n<li class=\"translation-block\">Guided tour by <a href=\"https:\/\/guideservice.dk\/en\/car-or-coach\/\" target=\"_self\">car or coach<\/a> with short stops along the way<\/li>\n\n\n\n<li class=\"translation-block\"><a href=\"https:\/\/guideservice.dk\/en\/vandreture-i-naturen-med-guideservice-danmark\/\" target=\"_self\">Nature walk<\/a><\/li>\n\n\n\n<li class=\"translation-block\"><a href=\"https:\/\/guideservice.dk\/en\/cykeltur-med-guide\/\" target=\"_self\">Bike tour<\/a> with a guide<\/li>\n\n\n\n<li>Find a scheduled tour that suits you at <a href=\"https:\/\/guideservice.dk\/en\/ture-i-kalenderen\/\">Scheduled tours<\/a><\/li>\n<\/ul>\n\n\n\n<h2 class=\"wp-block-heading\">Suggested tours throughout Denmark<\/h2>\n\n\n\n<p>With Guide Service Denmark you can book a wide variety of experiences throughout Denmark. Our skilled local guides offers city walks, hikes, bicycle tours, coach tours and boat tours all over the country.<\/p>\n\n\n\n<p class=\"translation-block\">Here our guides show their suggestions for tours. If you cannot find a tour that matches your requests, you can also ask a guide to tailor a tour specifically for you and your group. You can choose from all our <strong><a href=\"https:\/\/www.guideservicedanmark.dk\/guides-in-denmark\" target=\"_blank\" rel=\"noreferrer noopener\">guides in Denmark<\/a><\/strong> or we can help you find the guide that best matches the tour you request.<\/p>\n\n\n\n<p><strong>We are happy to say visit Denmark with Guide Service Denmark<\/strong>.<\/p>","protected":false},"excerpt":{"rendered":"<p>V\u00e6lg dit omr\u00e5de og se forslag til guidede ture &#8211; eller send os dit helt eget \u00f8nske, s\u00e5 l\u00f8ser vi ogs\u00e5 det. Danmark &#8211; guidede ture Du f\u00e5r s\u00e5 meget mere ud af din tur i Danmark ved at tage en lokal guide med. Den lokale guide kan nemlig \u00e5bne dine \u00f8jne for det, du ikke ved, du skal opleve og guiden kan fort\u00e6lle historien, s\u00e5 du selv slipper for at bruge tid p\u00e5 at grave detaljer frem. Den, der&#8230;<\/p>\n<p class=\"read-more\"><a class=\"btn btn-default\" href=\"https:\/\/guideservice.dk\/en\/find-your-guided-tour\/\"> Read More<span class=\"screen-reader-text\">  Read More<\/span><\/a><\/p>","protected":false},"author":3,"featured_media":0,"parent":0,"menu_order":0,"comment_status":"closed","ping_status":"closed","template":"template-parts\/page-home.php","meta":{"om_disable_all_campaigns":false,"inline_featured_image":false,"_uag_custom_page_level_css":"","_monsterinsights_skip_tracking":false,"_monsterinsights_sitenote_active":false,"_monsterinsights_sitenote_note":"","_monsterinsights_sitenote_category":0,"_uf_show_specific_survey":0,"_uf_disable_surveys":false,"footnotes":""},"class_list":["post-1639","page","type-page","status-publish","hentry"],"acf":[],"aioseo_notices":[],"uagb_featured_image_src":{"full":false,"thumbnail":false,"medium":false,"medium_large":false,"large":false,"1536x1536":false,"2048x2048":false,"trp-custom-language-flag":false,"post-thumbnail":false,"nisarg-full-width":false,"sow-carousel-default":false},"uagb_author_info":{"display_name":"Mette Berrig","author_link":"https:\/\/guideservice.dk\/en\/author\/mette\/"},"uagb_comment_info":0,"uagb_excerpt":"V\u00e6lg dit omr\u00e5de og se forslag til guidede ture &#8211; eller send os dit helt eget \u00f8nske, s\u00e5 l\u00f8ser vi ogs\u00e5 det. Danmark &#8211; guidede ture Du f\u00e5r s\u00e5 meget mere ud af din tur i Danmark ved at tage en lokal guide med. Den lokale guide kan nemlig \u00e5bne dine \u00f8jne for det, du&hellip;","_links":{"self":[{"href":"https:\/\/guideservice.dk\/en\/wp-json\/wp\/v2\/pages\/1639","targetHints":{"allow":["GET"]}}],"collection":[{"href":"https:\/\/guideservice.dk\/en\/wp-json\/wp\/v2\/pages"}],"about":[{"href":"https:\/\/guideservice.dk\/en\/wp-json\/wp\/v2\/types\/page"}],"author":[{"embeddable":true,"href":"https:\/\/guideservice.dk\/en\/wp-json\/wp\/v2\/users\/3"}],"replies":[{"embeddable":true,"href":"https:\/\/guideservice.dk\/en\/wp-json\/wp\/v2\/comments?post=1639"}],"version-history":[{"count":173,"href":"https:\/\/guideservice.dk\/en\/wp-json\/wp\/v2\/pages\/1639\/revisions"}],"predecessor-version":[{"id":8920,"href":"https:\/\/guideservice.dk\/en\/wp-json\/wp\/v2\/pages\/1639\/revisions\/8920"}],"wp:attachment":[{"href":"https:\/\/guideservice.dk\/en\/wp-json\/wp\/v2\/media?parent=1639"}],"curies":[{"name":"wp","href":"https:\/\/api.w.org\/{rel}","templated":true}]}}