{"id":1753,"date":"2022-02-23T13:52:36","date_gmt":"2022-02-23T12:52:36","guid":{"rendered":"https:\/\/guideservice.dk\/?page_id=1753"},"modified":"2023-01-20T08:45:35","modified_gmt":"2023-01-20T07:45:35","slug":"turforslag","status":"publish","type":"page","link":"https:\/\/guideservice.dk\/en\/suggestions-tours\/","title":{"rendered":"Guidet Tours with Local Guides"},"content":{"rendered":"<p><em>At Guideservice Denmark you can book a guided tour all over Denmark. Skilled, local guides do guided tours such as city walks, hiking tours, guided walks, bike tours, coach tours or boat tours.<\/em><\/p>\n\n\n\n<p class=\"translation-block\">Our guides suggest some guided tours for you. If you want a different tour please describe it to us and we shall do our best to tailor the tour. With us you can choose a <strong><a href=\"https:\/\/www.guideservicedanmark.dk\/guide-i-danmark\/\" target=\"_blank\" rel=\"noreferrer noopener\">guide in Denmark<\/a><\/strong>\u00a0or you can request Guide Service Denmark to assist finding the guide that best matches your wishes.<\/p>\n\n\n<ul class=\"main-selector main-selector--sub main-selector--sub__home\">\r\n\r\n    \r\n                      \r\n          <li class=\"main-selector__item\">\r\n\r\n            \r\n            <a href=\"https:\/\/guideservice.dk\/en\/turtyper-paa-sjaelland-og-oeerne\/\" class=\"selector-category translation-block\">\r\n              <h3 class=\"selector-category__title\">All Zealand &amp; Islands<\/h3>\n\n              <figure class=\"selector-category__background\">\n                <img src=\"https:\/\/guideservice.dk\/wp-content\/uploads\/2021\/12\/standard_compressed_Koebenhavn-1024x708.jpg\" alt=\"K\u00f8benhavn\">\n              <\/figure>\r\n            <\/a>\r\n          <\/li>\r\n          \r\n                      \r\n          <li class=\"main-selector__item\">\r\n\r\n            \r\n            <a href=\"https:\/\/guideservice.dk\/en\/koebenhavn\/\" class=\"selector-category translation-block\">\r\n              <h3 class=\"selector-category__title\">Copenhagen &amp; Nearby<\/h3>\n\n              <figure class=\"selector-category__background\">\n                <img src=\"https:\/\/guideservice.dk\/wp-content\/uploads\/2022\/02\/amalienborg-pop-1024x683.jpg\" alt=\"\">\n              <\/figure>\r\n            <\/a>\r\n          <\/li>\r\n          \r\n                      \r\n          <li class=\"main-selector__item\">\r\n\r\n            \r\n            <a href=\"\" class=\"selector-category translation-block\">\r\n              <h3 class=\"selector-category__title\">All Bornholm<\/h3>\n\n              <figure class=\"selector-category__background\">\n                <img src=\"https:\/\/guideservice.dk\/wp-content\/uploads\/2022\/10\/Bornholm-1024x768.jpg\" alt=\"\">\n              <\/figure>\r\n            <\/a>\r\n          <\/li>\r\n          \r\n                      \r\n          <li class=\"main-selector__item\">\r\n\r\n            \r\n            <a href=\"\" class=\"selector-category translation-block\">\r\n              <h3 class=\"selector-category__title\">Fyn og \u00f8erne<\/h3>\r\n\r\n              <figure class=\"selector-category__background\">\r\n                <img decoding=\"async\" src=\"https:\/\/guideservice.dk\/wp-content\/uploads\/2021\/12\/Intersection-1-1024x846.png\" alt=\"Odense\">\r\n              <\/figure>\r\n            <\/a>\r\n          <\/li>\r\n          \r\n                      \r\n          <li class=\"main-selector__item\">\r\n\r\n            \r\n            <a href=\"\" class=\"selector-category translation-block\">\r\n              <h3 class=\"selector-category__title\">Syd- og S\u00f8nderjylland<\/h3>\r\n\r\n              <figure class=\"selector-category__background\">\r\n                <img decoding=\"async\" src=\"https:\/\/guideservice.dk\/wp-content\/uploads\/2022\/12\/Dybboel-moelle-soenderjylland-1024x683.jpg\" alt=\"\">\r\n              <\/figure>\r\n            <\/a>\r\n          <\/li>\r\n          \r\n                      \r\n          <li class=\"main-selector__item\">\r\n\r\n            \r\n            <a href=\"\" class=\"selector-category translation-block\">\r\n              <h3 class=\"selector-category__title\">\u00d8stjylland og Djursland<\/h3>\r\n\r\n              <figure class=\"selector-category__background\">\r\n                <img decoding=\"async\" src=\"https:\/\/guideservice.dk\/wp-content\/uploads\/2022\/12\/Kaloe-Slotruin-Oestjylland-1024x576.jpg\" alt=\"\">\r\n              <\/figure>\r\n            <\/a>\r\n          <\/li>\r\n          \r\n                      \r\n          <li class=\"main-selector__item\">\r\n\r\n            \r\n            <a href=\"\" class=\"selector-category translation-block\">\r\n              <h3 class=\"selector-category__title\">Midt- og Vestjylland<\/h3>\r\n\r\n              <figure class=\"selector-category__background\">\r\n                <img decoding=\"async\" src=\"https:\/\/guideservice.dk\/wp-content\/uploads\/2020\/12\/Mennesket_ved_havet_stor-1024x768.jpeg\" alt=\"\">\r\n              <\/figure>\r\n            <\/a>\r\n          <\/li>\r\n          \r\n                      \r\n          <li class=\"main-selector__item\">\r\n\r\n            \r\n            <a href=\"\" class=\"selector-category translation-block\">\r\n              <h3 class=\"selector-category__title\">Nordjylland<\/h3>\r\n\r\n              <figure class=\"selector-category__background\">\r\n                <img decoding=\"async\" src=\"https:\/\/guideservice.dk\/wp-content\/uploads\/2022\/12\/Nordjylland-1024x683.jpg\" alt=\"\">\r\n              <\/figure>\r\n            <\/a>\r\n          <\/li>\r\n          \r\n                      \r\n          <li class=\"main-selector__item\">\r\n\r\n            \r\n            <a href=\"\" class=\"selector-category translation-block\">\r\n              <h3 class=\"selector-category__title\">Trekantsomr\u00e5det (Kolding, Vejle, Fredericia)<\/h3>\r\n\r\n              <figure class=\"selector-category__background\">\r\n                <img decoding=\"async\" src=\"https:\/\/guideservice.dk\/wp-content\/uploads\/2021\/12\/bolgen-jesper-frehr-colourbox-1024x494.jpg\" alt=\"Vejle\">\r\n              <\/figure>\r\n            <\/a>\r\n          <\/li>\r\n          \r\n              \r\n        \r\n<\/ul>","protected":false},"excerpt":{"rendered":"<p>Hos Guideservice Danmark kan du booke en guidet tur i hele Danmark. Vores dygtige, lokale guider laver byvandringer, vandreture, cykelture, busture og b\u00e5dture. Se forslag til guidede ture fra vores guider. \u00d8nsker du en tur med et andet indhold, s\u00e5 beskriv, hvad du \u00f8nsker, s\u00e5 laver vi en tur specielt til dig eller din gruppe. Du kan altid selv v\u00e6lge en af vores&nbsp;guider i Danmark&nbsp;eller du kan kontakte Guideservice Danmark, s\u00e5 hj\u00e6lper vi med at finde den guide, der bedst&#8230;<\/p>\n<p class=\"read-more\"><a class=\"btn btn-default\" href=\"https:\/\/guideservice.dk\/en\/suggestions-tours\/\"> Read More<span class=\"screen-reader-text\">  Read More<\/span><\/a><\/p>","protected":false},"author":3,"featured_media":0,"parent":0,"menu_order":0,"comment_status":"closed","ping_status":"closed","template":"template-parts\/page-home.php","meta":{"om_disable_all_campaigns":false,"inline_featured_image":false,"_uag_custom_page_level_css":"","_monsterinsights_skip_tracking":false,"_monsterinsights_sitenote_active":false,"_monsterinsights_sitenote_note":"","_monsterinsights_sitenote_category":0,"_uf_show_specific_survey":0,"_uf_disable_surveys":false,"footnotes":""},"class_list":["post-1753","page","type-page","status-publish","hentry"],"acf":[],"aioseo_notices":[],"uagb_featured_image_src":{"full":false,"thumbnail":false,"medium":false,"medium_large":false,"large":false,"1536x1536":false,"2048x2048":false,"trp-custom-language-flag":false,"post-thumbnail":false,"nisarg-full-width":false,"sow-carousel-default":false},"uagb_author_info":{"display_name":"Mette Berrig","author_link":"https:\/\/guideservice.dk\/en\/author\/mette\/"},"uagb_comment_info":0,"uagb_excerpt":"Hos Guideservice Danmark kan du booke en guidet tur i hele Danmark. Vores dygtige, lokale guider laver byvandringer, vandreture, cykelture, busture og b\u00e5dture. Se forslag til guidede ture fra vores guider. \u00d8nsker du en tur med et andet indhold, s\u00e5 beskriv, hvad du \u00f8nsker, s\u00e5 laver vi en tur specielt til dig eller din gruppe.&hellip;","_links":{"self":[{"href":"https:\/\/guideservice.dk\/en\/wp-json\/wp\/v2\/pages\/1753","targetHints":{"allow":["GET"]}}],"collection":[{"href":"https:\/\/guideservice.dk\/en\/wp-json\/wp\/v2\/pages"}],"about":[{"href":"https:\/\/guideservice.dk\/en\/wp-json\/wp\/v2\/types\/page"}],"author":[{"embeddable":true,"href":"https:\/\/guideservice.dk\/en\/wp-json\/wp\/v2\/users\/3"}],"replies":[{"embeddable":true,"href":"https:\/\/guideservice.dk\/en\/wp-json\/wp\/v2\/comments?post=1753"}],"version-history":[{"count":30,"href":"https:\/\/guideservice.dk\/en\/wp-json\/wp\/v2\/pages\/1753\/revisions"}],"predecessor-version":[{"id":3539,"href":"https:\/\/guideservice.dk\/en\/wp-json\/wp\/v2\/pages\/1753\/revisions\/3539"}],"wp:attachment":[{"href":"https:\/\/guideservice.dk\/en\/wp-json\/wp\/v2\/media?parent=1753"}],"curies":[{"name":"wp","href":"https:\/\/api.w.org\/{rel}","templated":true}]}}