{"id":1786,"date":"2022-02-24T15:23:41","date_gmt":"2022-02-24T14:23:41","guid":{"rendered":"https:\/\/guideservice.dk\/?page_id=1786"},"modified":"2023-03-09T13:58:58","modified_gmt":"2023-03-09T12:58:58","slug":"dejlige-danmark","status":"publish","type":"page","link":"https:\/\/guideservice.dk\/en\/wonderful-denmark\/","title":{"rendered":"Wonderful Denmark"},"content":{"rendered":"<p><strong><em>Denmark has so many lovely places. Our guides know them all and love to talk about their personal favourite spots. Join our narrative odyssey. Which stories inspire you?<\/em><\/strong><\/p>\n\n\n    \r\n\r\n    \r\n    <div class=\"blog-featured\">\r\n        <header class=\"blog-featured__header\">\r\n            <img loading=\"lazy\" decoding=\"async\" width=\"640\" height=\"961\" src=\"https:\/\/guideservice.dk\/wp-content\/uploads\/2023\/04\/Odense-Domkirke_25533-medium-682x1024.jpg\" class=\"attachment-large size-large wp-post-image\" alt=\"Odense Domkirke, set fra Eventyrhaven\" srcset=\"https:\/\/guideservice.dk\/wp-content\/uploads\/2023\/04\/Odense-Domkirke_25533-medium-682x1024.jpg 682w, https:\/\/guideservice.dk\/wp-content\/uploads\/2023\/04\/Odense-Domkirke_25533-medium-200x300.jpg 200w, https:\/\/guideservice.dk\/wp-content\/uploads\/2023\/04\/Odense-Domkirke_25533-medium-768x1152.jpg 768w, https:\/\/guideservice.dk\/wp-content\/uploads\/2023\/04\/Odense-Domkirke_25533-medium-8x12.jpg 8w, https:\/\/guideservice.dk\/wp-content\/uploads\/2023\/04\/Odense-Domkirke_25533-medium-180x270.jpg 180w, https:\/\/guideservice.dk\/wp-content\/uploads\/2023\/04\/Odense-Domkirke_25533-medium.jpg 853w\" sizes=\"auto, (max-width: 640px) 100vw, 640px\" \/>        <\/header>\r\n\r\n        <div class=\"blog-featured__content\">\r\n            <h2 class=\"title\">\r\n            Tre sp\u00e6ndende kirker i Odense med \u00e9n f\u00e6lles historie            <\/h2>\r\n\r\n            <div class=\"info\">\r\n            <span class=\"info__date\">\r\n                <svg xmlns=\"http:\/\/www.w3.org\/2000\/svg\" width=\"17.922\" height=\"17.922\" viewbox=\"0 0 17.922 17.922\"><path d=\"M8.961,17.922a8.961,8.961,0,1,1,8.961-8.961A8.961,8.961,0,0,1,8.961,17.922Zm-.84-8.961A.752.752,0,0,0,8.5,9.63l3.36,2.24a.771.771,0,0,0,1.134-.2.811.811,0,0,0-.2-1.166L9.8,8.513V4.2a.846.846,0,0,0-.872-.84.859.859,0,0,0-.84.84Z\" fill=\"#788795\"\/><\/svg>                31 May 2023            <\/span>\r\n\r\n            <span class=\"info__author\">\r\n                <svg xmlns=\"http:\/\/www.w3.org\/2000\/svg\" width=\"15.879\" height=\"15.878\" viewbox=\"0 0 15.879 15.878\"><path d=\"M15.3,2.378a1.988,1.988,0,0,1,0,2.811L13.68,6.807,9.643,2.771l1.618-1.618a1.99,1.99,0,0,1,2.813,0ZM7.455,4.121a.712.712,0,0,0-1.028,0L3.232,7.263a.673.673,0,0,1-1.027,0,.714.714,0,0,1,0-1.028L5.374,3.068a2.234,2.234,0,0,1,3.161,0l4.44,4.441L7.125,13.361a10.676,10.676,0,0,1-5.458,2.918l-.776.155a.7.7,0,0,1-.673-.23.673.673,0,0,1-.2-.646l.155-.776A10.678,10.678,0,0,1,3.09,9.325l4.8-4.8Z\" transform=\"translate(0 -0.571)\" fill=\"#788795\"\/><\/svg>                Mette Berrig            <\/span>\r\n            <\/div>\r\n\r\n            <div class=\"main\">\r\n                            <p><strong><em>Is there anything mandatory on your bucket list when you are on holiday and visiting a new city? In my experience, many people look towards the city's church as one of the must-see places. Is this also true for you? <\/em><\/strong><\/p>                            <p><strong><em>Odense has several beautiful and interesting churches. Three of them share a history. Maybe you already know some of them?<\/em><\/strong><\/p>                        <\/div>\r\n\r\n            <div class=\"btn btn--spaced actions\">\r\n\r\n                            <div class=\"btn btn--center\">\r\n                    <a href=\"https:\/\/guideservice.dk\/en\/newsletter\/\" class=\"btn__link __newsLetter\">Sign up for Newsletter<\/a>\r\n                <\/div>\r\n                        \r\n            <a href=\"https:\/\/guideservice.dk\/en\/centrale-kirker-i-odense-deler-faelles-historie\" class=\"btn__link\">Find out more<\/a>\r\n            <\/div>\r\n        <\/div>\r\n    <\/div>","protected":false},"excerpt":{"rendered":"<p>Denmark has so many lovely places. Our guides know them all and love to talk about their personal favourite spots. Join our narrative odyssey. Which stories inspire you?<\/p>","protected":false},"author":3,"featured_media":0,"parent":0,"menu_order":0,"comment_status":"closed","ping_status":"closed","template":"template-parts\/page-blog.php","meta":{"om_disable_all_campaigns":false,"inline_featured_image":false,"_uag_custom_page_level_css":"","_monsterinsights_skip_tracking":false,"_monsterinsights_sitenote_active":false,"_monsterinsights_sitenote_note":"","_monsterinsights_sitenote_category":0,"_uf_show_specific_survey":0,"_uf_disable_surveys":false,"footnotes":""},"class_list":["post-1786","page","type-page","status-publish","hentry"],"acf":[],"aioseo_notices":[],"uagb_featured_image_src":{"full":false,"thumbnail":false,"medium":false,"medium_large":false,"large":false,"1536x1536":false,"2048x2048":false,"trp-custom-language-flag":false,"post-thumbnail":false,"nisarg-full-width":false,"sow-carousel-default":false},"uagb_author_info":{"display_name":"Mette Berrig","author_link":"https:\/\/guideservice.dk\/en\/author\/mette\/"},"uagb_comment_info":0,"uagb_excerpt":"Der er s\u00e5 mange dejlige steder i Danmark. Vores guider kender dem og de fort\u00e6ller l\u00f8s om deres egne, dejlige steder i Danmark. L\u00e6s med og bliv inspireret til at opleve vores dejlige Danmark.","_links":{"self":[{"href":"https:\/\/guideservice.dk\/en\/wp-json\/wp\/v2\/pages\/1786","targetHints":{"allow":["GET"]}}],"collection":[{"href":"https:\/\/guideservice.dk\/en\/wp-json\/wp\/v2\/pages"}],"about":[{"href":"https:\/\/guideservice.dk\/en\/wp-json\/wp\/v2\/types\/page"}],"author":[{"embeddable":true,"href":"https:\/\/guideservice.dk\/en\/wp-json\/wp\/v2\/users\/3"}],"replies":[{"embeddable":true,"href":"https:\/\/guideservice.dk\/en\/wp-json\/wp\/v2\/comments?post=1786"}],"version-history":[{"count":12,"href":"https:\/\/guideservice.dk\/en\/wp-json\/wp\/v2\/pages\/1786\/revisions"}],"predecessor-version":[{"id":6794,"href":"https:\/\/guideservice.dk\/en\/wp-json\/wp\/v2\/pages\/1786\/revisions\/6794"}],"wp:attachment":[{"href":"https:\/\/guideservice.dk\/en\/wp-json\/wp\/v2\/media?parent=1786"}],"curies":[{"name":"wp","href":"https:\/\/api.w.org\/{rel}","templated":true}]}}