{"id":2073,"date":"2022-05-30T11:27:47","date_gmt":"2022-05-30T09:27:47","guid":{"rendered":"https:\/\/guideservice.dk\/?page_id=2073"},"modified":"2025-12-17T12:54:38","modified_gmt":"2025-12-17T11:54:38","slug":"guideservice-fyn","status":"publish","type":"page","link":"https:\/\/guideservice.dk\/en\/guide-service-funen\/","title":{"rendered":"Guide Service Funen &amp; Islands"},"content":{"rendered":"<p><em><strong>Choose your area on Funen and nearby islands and check out our guides' suggestions for guided tours. Or send us your very own request, and we will do our best to make that come true.<\/strong><\/em><\/p>\n\n\n<ul class=\"main-selector main-selector--sub main-selector--sub__home\">\r\n\r\n    \r\n                      \r\n          <li class=\"main-selector__item\">\r\n\r\n            \r\n            <a href=\"https:\/\/guideservice.dk\/en\/guide-service-in-odense\/\" class=\"selector-category translation-block\">\r\n              <h3 class=\"selector-category__title\">Odense &amp; nearby<\/h3>\n\n              <figure class=\"selector-category__background\">\n                <img src=\"https:\/\/guideservice.dk\/wp-content\/uploads\/2020\/08\/Skilt-Brandts-1024x653.jpg\" alt=\"\">\n              <\/figure>\r\n            <\/a>\r\n          <\/li>\r\n          \r\n                      \r\n          <li class=\"main-selector__item\">\r\n\r\n            \r\n            <a href=\"https:\/\/guideservice.dk\/en\/guide-service-at-egeskov-castle\/\" class=\"selector-category translation-block\">\r\n              <h3 class=\"selector-category__title\">Egeskov Castle<\/h3>\n\n              <figure class=\"selector-category__background\">\n                <img src=\"https:\/\/guideservice.dk\/wp-content\/uploads\/2022\/10\/Egeskov-1024x683.jpg\" alt=\"\">\n              <\/figure>\r\n            <\/a>\r\n          <\/li>\r\n          \r\n                      \r\n          <li class=\"main-selector__item\">\r\n\r\n            \r\n            <a href=\"https:\/\/guideservice.dk\/en\/guideservice-i-kerteminde\/\" class=\"selector-category translation-block\">\r\n              <h3 class=\"selector-category__title\">Kerteminde <\/h3>\r\n\r\n              <figure class=\"selector-category__background\">\r\n                <img decoding=\"async\" src=\"https:\/\/guideservice.dk\/wp-content\/uploads\/2025\/10\/g77761df5b73228df39dbfe1b0e600139c8551d3a192ca0545f4cffbc83921767a64dc401580cd5bfdede6cd55373cd60_640-1616367.jpg\" alt=\"\">\r\n              <\/figure>\r\n            <\/a>\r\n          <\/li>\r\n          \r\n                      \r\n          <li class=\"main-selector__item\">\r\n\r\n            \r\n            <a href=\"https:\/\/guideservice.dk\/en\/guideservice-storms-pakhus-og-odense\/\" class=\"selector-category translation-block\">\r\n              <h3 class=\"selector-category__title\">Storms Pakhus &#038; Odense<\/h3>\r\n\r\n              <figure class=\"selector-category__background\">\r\n                <img decoding=\"async\" src=\"https:\/\/guideservice.dk\/wp-content\/uploads\/2025\/12\/Storms-pakhus.png\" alt=\"\">\r\n              <\/figure>\r\n            <\/a>\r\n          <\/li>\r\n          \r\n                      \r\n          <li class=\"main-selector__item\">\r\n\r\n            \r\n            <a href=\"https:\/\/guideservice.dk\/en\/guide-service-all-funen\/\" class=\"selector-category translation-block\">\r\n              <h3 class=\"selector-category__title\">All Funen &amp; islands<\/h3>\n\n              <figure class=\"selector-category__background\">\n                <img src=\"https:\/\/guideservice.dk\/wp-content\/uploads\/2020\/12\/Brandts-i-Odense.jpg\" alt=\"\">\n              <\/figure>\r\n            <\/a>\r\n          <\/li>\r\n          \r\n              \r\n        \r\n<\/ul>\r\n\n\n\n<h2 class=\"wp-block-heading\">Guided tours Funen and islands<\/h2>\n\n\n\n<p>Funen is a picturesque and cosy Danish island with great sights close together. The islands around Funen have a lot to offer as well. You owe it to yourself to experience this lovely island where the Danish concept of \"hygge\" could very well have been invented. Perhaps in Kerteminde or in Faaborg, two lovely costal towns each with its own charm and atmospheare? Go on a guided tour in Odense with a local guide and discover the atmospheric alleys and streets in the city where Hans Christian Andersen was born. Furthermore, Funen is the one place in Denmark where you find the most manor houses.<\/p>\n\n\n\n<h3 class=\"wp-block-heading\">Funen, an abundance of manor houses<\/h3>\n\n\n\n<p>Funen offers some of the most beautiful Danish nature and some of Denmark's most beautiful old and listed manor houses. The number of manor houses is due to the Funen soil being one of the most fertile in Denmark. Therefore back in the days each manor house could manage with smaller agricultural areas than manor houses elsewhere in Denmark. Some of Funen's well-known manor houses are Egeskov Castle, Holckenhavn Castle, Lykkesholm - and many, many more. Visit Funen and we'll show you the way to all the beautiful manor houses. <\/p>\n\n\n\n<p class=\"translation-block\">We have many guides who would love to give you a guided tour of <strong><a href=\"https:\/\/guideservice.dk\/en\/guides-at-egeskov-castle\/\">Egeskov Castle<\/a><\/strong> which is an outstanding experience. Both in the castle, in the park and in the museums, there are plenty of good stories to tell. Egeskov is a major attraction on Funen. After your guided tour, there is still a lot to experience and see on your own. Come along to Egeskov.<\/p>\n\n\n\n<h3 class=\"wp-block-heading\">Charming Funen market towns<\/h3>\n\n\n\n<p>The charming Funen market towns and coastal towns are just waiting for you to come to explore. No doubt you will benefit even more from your visit when you let a local guide tell all the good stories on a guided tour. A visit in Svendborg with a guided tour is a must. Svendborg is beautifully located on South Funen with a view to T\u00e5singe and almost to Valdemar Castle. <\/p>\n\n\n\n<p>L\u00e6ngere mod vest er en byvandring i Faaborg eller Assens en ren idyl og charme. Er du l\u00e6ngere mod nord, s\u00e5 er det en byvandring i Middelfart, der kan st\u00e5 p\u00e5 programmet. I Middelfart er der smukke kig til b\u00e5de den nye og den gamle Lilleb\u00e6ltsbro. <\/p>\n\n\n\n<p>Find your very own guided tour on Funen from the suggestions made by our guides. Great options for city walks, guided tours in museums, bike tours, island tours, hiking and walking tours, coach tours and boat tours. Whether you want a guided tour in the city of Odense, a hike on \u00c6bel\u00f8 or a guided tour of Egeskov or another great sight, Guide Service Denmark has plenty of options from which you can choose.<\/p>\n\n\n\n<p class=\"translation-block\">If you are planning a <strong><a href=\"https:\/\/guideservice.dk\/en\/guide-service-in-odense\/\" target=\"_self\">visit in Odense<\/a><\/strong>, you have many options for a guided tour in Funen's only city. Indulge yourself with all the options and enjoy your stay in Odense.<\/p>\n\n\n\n<p>A guided tour is a wise choice if you want to get the most out of your visit to Funen whether your stay is long or short.<\/p>\n\n\n\n<p class=\"translation-block\"><strong>We are happy to say visit Funen with Guide Service Denmark and our guide service Funen.<\/strong><\/p>\n\n\n\n<p><\/p>","protected":false},"excerpt":{"rendered":"<p>V\u00e6lg dit omr\u00e5de p\u00e5 Fyn og omliggende \u00f8er og se forslag til guidede ture \u2013 eller send os dit helt eget \u00f8nske, s\u00e5 l\u00f8ser vi ogs\u00e5 det. Guidede ture p\u00e5 Fyn med \u00f8er Fyn emmer af hygge og store sev\u00e6rdigheder, der ligger t\u00e6t p\u00e5 hinanden. Det samme g\u00f8r \u00f8erne rundt om Fyn, der ogs\u00e5 har rigtig meget at byde p\u00e5. Du skylder dig selv at opleve \u00f8en, hvor den danske hygge kunne v\u00e6re blevet opfundet. M\u00e5ske var det i Kerteminde?&#8230;<\/p>\n<p class=\"read-more\"><a class=\"btn btn-default\" href=\"https:\/\/guideservice.dk\/en\/guide-service-funen\/\"> Read More<span class=\"screen-reader-text\">  Read More<\/span><\/a><\/p>","protected":false},"author":3,"featured_media":0,"parent":0,"menu_order":0,"comment_status":"closed","ping_status":"closed","template":"template-parts\/page-home.php","meta":{"om_disable_all_campaigns":false,"inline_featured_image":false,"_uag_custom_page_level_css":"","_monsterinsights_skip_tracking":false,"_monsterinsights_sitenote_active":false,"_monsterinsights_sitenote_note":"","_monsterinsights_sitenote_category":0,"_uf_show_specific_survey":0,"_uf_disable_surveys":false,"footnotes":""},"class_list":["post-2073","page","type-page","status-publish","hentry"],"acf":[],"aioseo_notices":[],"uagb_featured_image_src":{"full":false,"thumbnail":false,"medium":false,"medium_large":false,"large":false,"1536x1536":false,"2048x2048":false,"trp-custom-language-flag":false,"post-thumbnail":false,"nisarg-full-width":false,"sow-carousel-default":false},"uagb_author_info":{"display_name":"Mette Berrig","author_link":"https:\/\/guideservice.dk\/en\/author\/mette\/"},"uagb_comment_info":0,"uagb_excerpt":"V\u00e6lg dit omr\u00e5de p\u00e5 Fyn og omliggende \u00f8er og se forslag til guidede ture \u2013 eller send os dit helt eget \u00f8nske, s\u00e5 l\u00f8ser vi ogs\u00e5 det. Guidede ture p\u00e5 Fyn med \u00f8er Fyn emmer af hygge og store sev\u00e6rdigheder, der ligger t\u00e6t p\u00e5 hinanden. Det samme g\u00f8r \u00f8erne rundt om Fyn, der ogs\u00e5 har&hellip;","_links":{"self":[{"href":"https:\/\/guideservice.dk\/en\/wp-json\/wp\/v2\/pages\/2073","targetHints":{"allow":["GET"]}}],"collection":[{"href":"https:\/\/guideservice.dk\/en\/wp-json\/wp\/v2\/pages"}],"about":[{"href":"https:\/\/guideservice.dk\/en\/wp-json\/wp\/v2\/types\/page"}],"author":[{"embeddable":true,"href":"https:\/\/guideservice.dk\/en\/wp-json\/wp\/v2\/users\/3"}],"replies":[{"embeddable":true,"href":"https:\/\/guideservice.dk\/en\/wp-json\/wp\/v2\/comments?post=2073"}],"version-history":[{"count":112,"href":"https:\/\/guideservice.dk\/en\/wp-json\/wp\/v2\/pages\/2073\/revisions"}],"predecessor-version":[{"id":9146,"href":"https:\/\/guideservice.dk\/en\/wp-json\/wp\/v2\/pages\/2073\/revisions\/9146"}],"wp:attachment":[{"href":"https:\/\/guideservice.dk\/en\/wp-json\/wp\/v2\/media?parent=2073"}],"curies":[{"name":"wp","href":"https:\/\/api.w.org\/{rel}","templated":true}]}}