{"id":2136,"date":"2022-10-10T10:43:58","date_gmt":"2022-10-10T08:43:58","guid":{"rendered":"https:\/\/guideservice.dk\/?page_id=2136"},"modified":"2023-02-17T21:24:17","modified_gmt":"2023-02-17T20:24:17","slug":"faq","status":"publish","type":"page","link":"https:\/\/guideservice.dk\/en\/faq\/","title":{"rendered":"FAQ"},"content":{"rendered":"<ul class=\"wp-block-list\">\n<li class=\"translation-block\"><strong>Providers<\/strong> are all guides, tour managers and lecturers. All providers work freelance. Therefore, it is rather important for us to have respect for their time. This means, you will get contact information to the provider once the assignment has been agreed upon by both parties. Up until then, we will happily answer all your questions at the office<\/li>\n\n\n\n<li>You can pay us for making you a quote. You can avoid paying though as you can see all our rates online yourself and thereby  save the cost of making you the quote\n<ul class=\"wp-block-list\">\n<li class=\"translation-block\">If you don't know which provider to choose or which tour you want, the best is for you to <a href=\"https:\/\/www.guideservicedanmark.dk\/book-right-here\" target=\"_blank\" rel=\"noreferrer noopener\">reach all providers<\/a>. You will get a list of who is available and how they'll carry out the assignment. You can then choose which of the available guides you want<\/li>\n\n\n\n<li class=\"translation-block\"><a href=\"https:\/\/www.guideservicedanmark.dk\/guides-in-denmark\/\" target=\"_blank\" rel=\"noreferrer noopener\">Guides for assignments in Denmark<\/a><a href=\"https:\/\/www.guideservicedanmark.dk\/book-right-here\/\" target=\"_blank\" rel=\"noreferrer noopener\"><\/a> - guides in numerous languages. For assignments abroad we provice a number of Danish speaking guides<\/li>\n\n\n\n<li class=\"translation-block\">Overview <a href=\"https:\/\/www.guideservicedanmark.dk\/tours-in-denmark\/\" target=\"_blank\" rel=\"noreferrer noopener\">tours<\/a><\/li>\n\n\n\n<li class=\"translation-block\">Overview <a href=\"https:\/\/www.guideservicedanmark.dk\/search-tour-managers-for-denmark-and-scandinavia\/\" target=\"_blank\" rel=\"noreferrer noopener\">tour managers<\/a><\/li>\n\n\n\n<li class=\"translation-block\">Overview\u00a0<a href=\"https:\/\/www.guideservicedanmark.dk\/search-lectures\/\" target=\"_blank\" rel=\"noreferrer noopener\">lectures<\/a><\/li>\n<\/ul>\n<\/li>\n\n\n\n<li class=\"translation-block\">\u00f8nsker du, at vi skal udf\u00e6rdige et tilbud, betaler du for den tid, vi anvender. <a href=\"https:\/\/guideservice.dk\/en\/terms-of-agreement\/\" target=\"_self\">Priser finder du her<\/a><\/li>\n\n\n\n<li>If you just want to know whether a certain guide can make your assignment, is available at the day and time or similar details, it is cheaper for you to make a booking rather than request a quote. If the guide cannot do the assignment, we will do our best to offer you a qualified alternative instead - unless you want only a specific guide<\/li>\n\n\n\n<li>All assignments are prepaid. A deposit is paid when you make the booking. You will get a full refund of the deposit if we cannot solve the assignment<\/li>\n\n\n\n<li>We provide all contact information once the deposit is paid and the advertiser has accepted the assignment or you have chosen who will solve the assignment based on the options we have sent you by email in response to your booking&nbsp;&nbsp;<\/li>\n\n\n\n<li>We have screened and met all our guides and assessed that the quality of each individual's service meets our customers' expectations. All assignments are solved individually according to the guide's best assessment of what is the optimal solution in the given situation. We offer the best qualified for all assignments<\/li>\n\n\n\n<li class=\"translation-block\">If you book on behalf of a travel agency that is a Preferred Partner that places all the year's guide bookings with Guide Service Denmark, you obtain a number of benefits, specified in\u00a0<a href=\"https:\/\/guideservice.dk\/en\/terms-of-agreement\/\" target=\"_blank\" rel=\"noreferrer noopener\">our Terms of Agreement terms point 5<\/a><\/li>\n<\/ul>\n\n\n\n<h3 class=\"wp-block-heading\"><a><\/a>Shortcut to bookings<\/h3>\n\n\n\n<p>If you know which region you want to visit, we suggest that you use one of these links to see the full range of tours and guides in the region you want to visit.<\/p>\n\n\n\n<p class=\"translation-block\"><a href=\"https:\/\/guideservice.dk\/en\/find-a-guide\/\" target=\"_blank\" rel=\"noreferrer noopener\">Oversigt over guider<\/a>&nbsp;\u00b7 <a href=\"https:\/\/guideservice.dk\/en\/find-your-guided-tour\/\" target=\"_blank\" rel=\"noreferrer noopener\">Oversigt over turbeskrivelser<\/a> \u00b7 <a href=\"https:\/\/www.guideservicedanmark.dk\/rejseledere-hele-verden\/\" target=\"_blank\" rel=\"noreferrer noopener\">Oversigt over rejseledere<\/a> \u00b7 <a href=\"https:\/\/www.guideservicedanmark.dk\/soeg-foredrag\/\" target=\"_blank\" rel=\"noreferrer noopener\">Oversigt over foredrag<\/a><\/p>\n\n\n\n<h2 class=\"wp-block-heading\">Your advantages when booking with Guide Service Denmark&nbsp;<\/h2>\n\n\n\n<p>As a travel agency or tour operator you can save valuable recruitment time, thus saving you a salary expense. Your employees can instead spend their time on the tasks that cannot be contracted out.<\/p>\n\n\n\n<p>For tour managers, it means that we can offer quite qualified tour managers for each individual country, because the tour managers can concentrate on the countries they are passionate about.<\/p>\n\n\n\n<p>As an individual  it is to your advantage to get a comprehensive overview of options, whether you need a guide in Denmark or a Danish-speaking guide abroad.<\/p>","protected":false},"excerpt":{"rendered":"<p>Hurtig genvej til bookinger Hvis du allerede ved, hvilket omr\u00e5de du \u00f8nsker at bes\u00f8ge, kan du benytte et af disse links til at se det fulde udvalg af ture og guider i dit \u00f8nskede omr\u00e5de. Oversigt over guider\u00a0\u00b7 Oversigt over turbeskrivelser \u00b7 Oversigt over rejseledere \u00b7 Oversigt over foredrag Hvorfor er det en fordel at booke hos GuideserviceDanmark&nbsp; Er du rejsebureu, incoming bureau eller virksomhed sparer du v\u00e6rdifuld tid i rekrutteringen. Dermed sparer du en l\u00f8nudgift og dine ansatte kan&#8230;<\/p>\n<p class=\"read-more\"><a class=\"btn btn-default\" href=\"https:\/\/guideservice.dk\/en\/faq\/\"> Read More<span class=\"screen-reader-text\">  Read More<\/span><\/a><\/p>","protected":false},"author":218,"featured_media":0,"parent":0,"menu_order":0,"comment_status":"closed","ping_status":"closed","template":"template-parts\/page-home.php","meta":{"om_disable_all_campaigns":false,"inline_featured_image":false,"_uag_custom_page_level_css":"","_monsterinsights_skip_tracking":false,"_monsterinsights_sitenote_active":false,"_monsterinsights_sitenote_note":"","_monsterinsights_sitenote_category":0,"_uf_show_specific_survey":0,"_uf_disable_surveys":false,"footnotes":""},"class_list":["post-2136","page","type-page","status-publish","hentry"],"acf":[],"aioseo_notices":[],"uagb_featured_image_src":{"full":false,"thumbnail":false,"medium":false,"medium_large":false,"large":false,"1536x1536":false,"2048x2048":false,"trp-custom-language-flag":false,"post-thumbnail":false,"nisarg-full-width":false,"sow-carousel-default":false},"uagb_author_info":{"display_name":"Ellen","author_link":"https:\/\/guideservice.dk\/en\/author\/ellensofie\/"},"uagb_comment_info":0,"uagb_excerpt":"Hurtig genvej til bookinger Hvis du allerede ved, hvilket omr\u00e5de du \u00f8nsker at bes\u00f8ge, kan du benytte et af disse links til at se det fulde udvalg af ture og guider i dit \u00f8nskede omr\u00e5de. Oversigt over guider\u00a0\u00b7 Oversigt over turbeskrivelser \u00b7 Oversigt over rejseledere \u00b7 Oversigt over foredrag Hvorfor er det en fordel at&hellip;","_links":{"self":[{"href":"https:\/\/guideservice.dk\/en\/wp-json\/wp\/v2\/pages\/2136","targetHints":{"allow":["GET"]}}],"collection":[{"href":"https:\/\/guideservice.dk\/en\/wp-json\/wp\/v2\/pages"}],"about":[{"href":"https:\/\/guideservice.dk\/en\/wp-json\/wp\/v2\/types\/page"}],"author":[{"embeddable":true,"href":"https:\/\/guideservice.dk\/en\/wp-json\/wp\/v2\/users\/218"}],"replies":[{"embeddable":true,"href":"https:\/\/guideservice.dk\/en\/wp-json\/wp\/v2\/comments?post=2136"}],"version-history":[{"count":26,"href":"https:\/\/guideservice.dk\/en\/wp-json\/wp\/v2\/pages\/2136\/revisions"}],"predecessor-version":[{"id":5737,"href":"https:\/\/guideservice.dk\/en\/wp-json\/wp\/v2\/pages\/2136\/revisions\/5737"}],"wp:attachment":[{"href":"https:\/\/guideservice.dk\/en\/wp-json\/wp\/v2\/media?parent=2136"}],"curies":[{"name":"wp","href":"https:\/\/api.w.org\/{rel}","templated":true}]}}