{"id":2202,"date":"2022-10-10T13:29:58","date_gmt":"2022-10-10T11:29:58","guid":{"rendered":"https:\/\/guideservice.dk\/?page_id=2202"},"modified":"2023-03-04T17:36:34","modified_gmt":"2023-03-04T16:36:34","slug":"fordele-for-guider","status":"publish","type":"page","link":"https:\/\/guideservice.dk\/en\/benefits-for-guides\/","title":{"rendered":"Benefits for you as a guide"},"content":{"rendered":"<p><strong><em>It is a benefit for guides as well as tour managers to be part of a booking agency.<\/em><\/strong><\/p>\n\n\n\n<p>Are you self-employed or are you only a few colleagues working together? The advantage for you will be to spend more time guiding clients and less time in administration. If this appeals to you it will be a huge advantage to let your bookings go via Guide Service Denmark, so that you can benefit from a rational process in a booking agency.<\/p>\n\n\n\n<p>We have your back and we are always available in the office. We are here for your customers as well as for you. We provide customer service while you are on tour with guests. You don't have to pay for or keep a website updated. You don't have to respond to phone calls, send invoices or do all the other administrative tasks that take up so much of your time. Being part of a nationwide booking agency, you can concentrate on what you do best \u2013 guiding and telling the good stories to happy guests.<\/p>\n\n\n\n<p class=\"translation-block\">If you also want to be part of Guide Service Danmark,\u00a0<a href=\"https:\/\/www.guideservicedanmark.dk\/jobs-for-freelance-tourist-guides-at-guideservice-denmark\" target=\"_blank\" rel=\"noreferrer noopener\">apply today<\/a>, call us tomorrow, agree to meet - and we're almost there.<\/p>\n\n\n\n<p>You can read more about your benefits and how to advertise with Guide Service Denmark in the fields below. <\/p>\n\n\n\r\n    \r\n    <ul class=\"main-accordion __accordion-detect\">\r\n                    <li class=\"__toggle-accordion-parent main-accordion__item\">\r\n                <strong class=\"main-accordion__title __toggle-accordion\">\r\n                    <span>Check out your benefits<\/span>\r\n                    <button class=\"main-accordion__btn\">\u2795<\/button>\r\n                <\/strong>\r\n\r\n                <div data-toggled=\"false\" class=\"__toggle-accordion-content main-accordion__content\">\r\n                    <table class=\"has-background has-fixed-layout\">\n<thead>\n<tr>\n<th class=\"has-text-align-center\" data-align=\"center\">This is what you get<\/th>\n<th class=\"has-text-align-center\" data-align=\"center\">Your benefits<\/th>\n<\/tr>\n<\/thead>\n<tbody>\n<tr>\n<td class=\"has-text-align-center\" data-align=\"center\">Joint advertising - at no cost<\/td>\n<td class=\"has-text-align-center\" data-align=\"center\">Well-placed website - you do not have to worry about SEO, advertising, outreach sales, etc.<\/td>\n<\/tr>\n<tr>\n<td class=\"has-text-align-center\" data-align=\"center\">Additional advertising<\/td>\n<td class=\"has-text-align-center\" data-align=\"center\">Potentially more assignments. If you want, you can also keep your personal website<\/td>\n<\/tr>\n<tr>\n<td class=\"has-text-align-center\" data-align=\"center\">An office working 24\/7<\/td>\n<td class=\"has-text-align-center\" data-align=\"center\">No administration, invoicing, etc. We do it for you and clients get quick answers<\/td>\n<\/tr>\n<tr>\n<td class=\"has-text-align-center\" data-align=\"center\">Good colleagues throughout the country<\/td>\n<td class=\"has-text-align-center\" data-align=\"center\">All your colleagues in Guide Service Denmark are professional and carefully selected<\/td>\n<\/tr>\n<tr>\n<td class=\"has-text-align-center\" data-align=\"center\">Automated and well-functioning booking system<\/td>\n<td class=\"has-text-align-center\" data-align=\"center\">We work around the clock for you - even while you sleep<\/td>\n<\/tr>\n<tr>\n<td class=\"has-text-align-center\" data-align=\"center\">You decide on your fee yourself. You only pay commission for the assignments you yourself have agreed to<\/td>\n<td class=\"has-text-align-center\" data-align=\"center\">Make sure that your income exceeds your expenses<\/td>\n<\/tr>\n<tr>\n<td class=\"has-text-align-center\" data-align=\"center\">Our bookkeeper handles all payments and your fees<\/td>\n<td class=\"has-text-align-center\" data-align=\"center\">Skip invoicing and ensuring customers remember to pay<\/td>\n<\/tr>\n<tr>\n<td class=\"has-text-align-center\" data-align=\"center\">You can take part in our joint group insurance<\/td>\n<td class=\"has-text-align-center\" data-align=\"center\">Taking out insurance yourself is expensive and not always possible<\/td>\n<\/tr>\n<tr>\n<td class=\"has-text-align-center\" data-align=\"center\">Benefit from our contacts in the industry and our recognition<\/td>\n<td class=\"has-text-align-center\" data-align=\"center\">More potential bookings because colleagues elsewhere in the country have provided a good service - together we stay stronger<\/td>\n<\/tr>\n<tr>\n<td class=\"has-text-align-center\" data-align=\"center\">You can offer all the tours you are passionate about, you can create new ones and you can sign up with tours that are pre-described<\/td>\n<td class=\"has-text-align-center\" data-align=\"center\">You avoid being disqualified because you stand alone or lack backup for large assignments. It benefits everyone that more guides are capabele guiding each tour. It ensures security making the booking = more assignments for everyone and customers will be comfortable to make bookings for large groups<\/td>\n<\/tr>\n<tr>\n<td class=\"has-text-align-center\" data-align=\"center\">Get assignments offered automatically if a colleague decline<\/td>\n<td class=\"has-text-align-center\" data-align=\"center\">Potentially more assignments, without you having to do any outreaching<\/td>\n<\/tr>\n<tr>\n<td class=\"has-text-align-center\" data-align=\"center\">As soon as you have opened you profile you get access to our assignments<\/td>\n<td class=\"has-text-align-center\" data-align=\"center\">You only accept assignments you are comfortable guiding and want to do - you can always decline assignments<\/td>\n<\/tr>\n<tr>\n<td class=\"has-text-align-center\" data-align=\"center\">If you want to enjoy a coffee or a chat - come visit us in the office. We are always happy to assist you and of course we have an emergency number for when you are out guiding<\/td>\n<td class=\"has-text-align-center\" data-align=\"center\">We are are your backup 24\/7 any time you need help or want assistance. You can also work in the office if you need to. We have lots of non-fiction for common use and inspiration<\/td>\n<\/tr>\n<tr>\n<td class=\"has-text-align-center\" data-align=\"center\">At least once a year, we invite you to a joint inspirational day and to meet your colleagues<\/td>\n<td class=\"has-text-align-center\" data-align=\"center\">Meet colleagues from all over the country, inspire each other and learn from each other. Together we also create new products<\/td>\n<\/tr>\n<tr>\n<td class=\"has-text-align-center\" data-align=\"center\">If you represent a guide association, contact the office - we are always open to establish more good collaborations<\/td>\n<td class=\"has-text-align-center\" data-align=\"center\">The association will no longer struggle with administration. Benefits from a booking office and booking system that works 24\/7<\/td>\n<\/tr>\n<tr>\n<td class=\"has-text-align-center\" data-align=\"center\">We can handle all your bookings if you want to transfer customers to us<\/td>\n<td class=\"has-text-align-center\" data-align=\"center\">If we handle 100% of your regular customers' bookings, you get a bonus at the end of the first 2 calendar years<\/td>\n<\/tr>\n<\/tbody>\n<\/table>\n                <\/div>\r\n            <\/li>\r\n                    <li class=\"__toggle-accordion-parent main-accordion__item\">\r\n                <strong class=\"main-accordion__title __toggle-accordion\">\r\n                    <span>Advertise with Guide Service Denmark<\/span>\r\n                    <button class=\"main-accordion__btn\">\u2795<\/button>\r\n                <\/strong>\r\n\r\n                <div data-toggled=\"false\" class=\"__toggle-accordion-content main-accordion__content\">\r\n                    <p><strong>Being a guide or association you only want to advertise on Guide Service Denmark's site - without taking part in the above benefits<\/strong><\/p>\n<figure class=\"wp-block-table is-style-regular\">\n<table class=\"has-background has-fixed-layout\">\n<tbody>\n<tr>\n<td class=\"has-text-align-left\" data-align=\"left\">If you have a documented turnover of a total of DKK 98,000 in the last 3 calendar years, your company can advertise your service on our booking platform under your own name<\/td>\n<td>If your turnover is less, you can still become part of our corps of guides, cf. above<\/td>\n<\/tr>\n<tr>\n<td class=\"has-text-align-left\" data-align=\"left\">Rate for this is DKK 3,000\/year + VAT<\/td>\n<td><\/td>\n<\/tr>\n<tr>\n<td class=\"has-text-align-left translation-block\" data-align=\"left\">Guide assignments are advertised and booked at the rate you set, plus commission and fees for Guide Service Denmark.<br>\nYou cannot advertise identical tours elsewhere at a lower rate than advertised with Guide Service Denmark<\/td>\n<td>Guide Service Denmark handles your whole administration the same way we do for all guides<\/td>\n<\/tr>\n<tr>\n<td class=\"has-text-align-left\" data-align=\"left\">With this solution, you will not be offered assignments that other guides have declined<\/td>\n<td><\/td>\n<\/tr>\n<tr>\n<td class=\"has-text-align-left\" data-align=\"left\">If you represent a guide association, contact the office - we are always open to establish more good collaborations<\/td>\n<td>The association will no longer struggle with administration. Benefits from a booking office and booking system that works 24\/7<\/td>\n<\/tr>\n<\/tbody>\n<\/table>\n<\/figure>\n                <\/div>\r\n            <\/li>\r\n            <\/ul>","protected":false},"excerpt":{"rendered":"<p>Det er en fordel for b\u00e5de guider og rejseledere at v\u00e6re en del af et bookingbureau Er du alene i dit firma eller arbejder I f\u00e5 kollegaer sammen? S\u00e5 er det helt klart en fordel at lade dine bookinger g\u00e5 via Guideservice Danmark, s\u00e5 du kan f\u00e5 alle de fordele, der er ved en rationel proces i et bookingbureau. Det er en fordel for dig altid at have et bemandet kontor i ryggen til at s\u00f8rge for, at dine kunder&#8230;<\/p>\n<p class=\"read-more\"><a class=\"btn btn-default\" href=\"https:\/\/guideservice.dk\/en\/benefits-for-guides\/\"> Read More<span class=\"screen-reader-text\">  Read More<\/span><\/a><\/p>","protected":false},"author":7,"featured_media":0,"parent":0,"menu_order":0,"comment_status":"closed","ping_status":"closed","template":"template-parts\/page-home.php","meta":{"om_disable_all_campaigns":false,"inline_featured_image":false,"_uag_custom_page_level_css":"","_monsterinsights_skip_tracking":false,"_monsterinsights_sitenote_active":false,"_monsterinsights_sitenote_note":"","_monsterinsights_sitenote_category":0,"_uf_show_specific_survey":0,"_uf_disable_surveys":false,"footnotes":""},"class_list":["post-2202","page","type-page","status-publish","hentry"],"acf":[],"aioseo_notices":[],"uagb_featured_image_src":{"full":false,"thumbnail":false,"medium":false,"medium_large":false,"large":false,"1536x1536":false,"2048x2048":false,"trp-custom-language-flag":false,"post-thumbnail":false,"nisarg-full-width":false,"sow-carousel-default":false},"uagb_author_info":{"display_name":"Admin bruger","author_link":"https:\/\/guideservice.dk\/en\/author\/admingdk-2\/"},"uagb_comment_info":0,"uagb_excerpt":"Det er en fordel for b\u00e5de guider og rejseledere at v\u00e6re en del af et bookingbureau Er du alene i dit firma eller arbejder I f\u00e5 kollegaer sammen? S\u00e5 er det helt klart en fordel at lade dine bookinger g\u00e5 via Guideservice Danmark, s\u00e5 du kan f\u00e5 alle de fordele, der er ved en rationel&hellip;","_links":{"self":[{"href":"https:\/\/guideservice.dk\/en\/wp-json\/wp\/v2\/pages\/2202","targetHints":{"allow":["GET"]}}],"collection":[{"href":"https:\/\/guideservice.dk\/en\/wp-json\/wp\/v2\/pages"}],"about":[{"href":"https:\/\/guideservice.dk\/en\/wp-json\/wp\/v2\/types\/page"}],"author":[{"embeddable":true,"href":"https:\/\/guideservice.dk\/en\/wp-json\/wp\/v2\/users\/7"}],"replies":[{"embeddable":true,"href":"https:\/\/guideservice.dk\/en\/wp-json\/wp\/v2\/comments?post=2202"}],"version-history":[{"count":47,"href":"https:\/\/guideservice.dk\/en\/wp-json\/wp\/v2\/pages\/2202\/revisions"}],"predecessor-version":[{"id":6336,"href":"https:\/\/guideservice.dk\/en\/wp-json\/wp\/v2\/pages\/2202\/revisions\/6336"}],"wp:attachment":[{"href":"https:\/\/guideservice.dk\/en\/wp-json\/wp\/v2\/media?parent=2202"}],"curies":[{"name":"wp","href":"https:\/\/api.w.org\/{rel}","templated":true}]}}