{"id":2224,"date":"2022-10-10T14:49:33","date_gmt":"2022-10-10T12:49:33","guid":{"rendered":"https:\/\/guideservice.dk\/?page_id=2224"},"modified":"2026-01-08T13:41:06","modified_gmt":"2026-01-08T12:41:06","slug":"hvad-laver-en-guide-og-rejseleder","status":"publish","type":"page","link":"https:\/\/guideservice.dk\/en\/types-of-guides\/","title":{"rendered":"Our Definitions of Types of Guides"},"content":{"rendered":"<p><strong>Guides and tour managers can work in many ways, but what they all have in common is the ability to share knowledge, provide perspective, and give guests a memorable experience. At Guideservice Denmark, we use clear definitions so you know exactly what type of guiding to expect.<\/strong><\/p>\n\n\n\n<h2 class=\"wp-block-heading has-text-align-left\">Guides in Denmark<\/h2>\n\n\n\n<p>A guide meets the group for a limited period of time and provides interpretation of a specific geographical area. This may take place on a city walk, a coach tour, a cycling tour or in nature \u2013 for example by kayak or canoe. Guides can also be booked for museum visits and specialised guided tours.<\/p>\n\n\n\n<p>Our guides work with both Danish and international guests and collectively speak a wide range of languages. If you do not immediately find the language combination you are looking for, we do our utmost to match you with the right guide.<\/p>\n\n\n\n<p>A guide has in-depth knowledge of the local area and typically communicates topics such as local history, art, architecture, culture or nature. Some guides are further specialised:<\/p>\n\n\n\n<ul class=\"wp-block-list\">\n<li><strong>Local guide <\/strong>A guide has extensive general knowledge for example about local history, art or culture and knows his local area extremely well. A guide may also specialize in guiding at a particular museum<\/li>\n\n\n\n<li><strong>Subject-specialist guides hold a relevant academic background in addition to their guiding experience \u2013 for example as historians, archaeologists, biologists or nature interpreters.<\/strong> har en relevant uddannelse ud over deres guideerfaring \u2013 fx som historiker, ark\u00e6olog, biolog eller naturvejleder.<\/li>\n\n\n\n<li><strong>Tourist guides have completed a one-year professional education at Roskilde University. <\/strong>er guider med en et\u00e5rig uddannelse fra Roskilde Universitet.<\/li>\n<\/ul>\n\n\n\n<p class=\"has-text-align-left\">Guides are generally remunerated on an hourly basis. In some cases, payment per participant is agreed; this is specified in the individual guide\u2019s profile.<\/p>\n\n\n\n<h2 class=\"wp-block-heading\">Danish speaking guides abroad<\/h2>\n\n\n\n<p>For tours abroad, we primarily work with Danish-speaking guides who are resident in the destination country. This ensures strong local knowledge combined with guiding in Danish.<\/p>\n\n\n\n<p>In some countries, legislation requires the use of licensed local guides. In such cases, we ensure that the guiding is still provided in Danish \u2013 either by a Danish-speaking guide or through translation.<\/p>\n\n\n\n<h2 class=\"wp-block-heading\"><strong>Guiding tour managers<\/strong><\/h2>\n\n\n\n<p>A guiding tour leader accompanies the group throughout the entire journey, often over several days. The tour leader follows the group from arrival to departure and typically stays at the same accommodation as the participants.<\/p>\n\n\n\n<p>A guiding tour manager knows the country and the places that you visit and is there to help guests - within reasonable limits. A tour manager is not an expert in every little detail, but has all-round knowledge of the country. A tour manager is there for the group and, as far as possible, for the individual participant in the group.<\/p>\n\n\n\n<p>Tour leaders are generally remunerated on a daily basis.<\/p>","protected":false},"excerpt":{"rendered":"<p>Guider og rejseledere kan arbejde p\u00e5 mange m\u00e5der, men f\u00e6lles for dem alle er evnen til at formidle viden, skabe overblik og give g\u00e6sterne en god oplevelse. Hos Guideservice Danmark arbejder vi med klare definitioner, s\u00e5 du ved pr\u00e6cis, hvilken type formidling du kan forvente. Guide i Danmark En guide m\u00f8der sin gruppe i et afgr\u00e6nset tidsrum og formidler et konkret, geografisk omr\u00e5de. Det kan v\u00e6re p\u00e5 en byvandring, en bustur, en cykeltur eller i naturen, fx i kajak eller&#8230;<\/p>\n<p class=\"read-more\"><a class=\"btn btn-default\" href=\"https:\/\/guideservice.dk\/en\/types-of-guides\/\"> Read More<span class=\"screen-reader-text\">  Read More<\/span><\/a><\/p>","protected":false},"author":218,"featured_media":0,"parent":0,"menu_order":0,"comment_status":"closed","ping_status":"closed","template":"template-parts\/page-home.php","meta":{"om_disable_all_campaigns":false,"inline_featured_image":false,"_uag_custom_page_level_css":"","_monsterinsights_skip_tracking":false,"_monsterinsights_sitenote_active":false,"_monsterinsights_sitenote_note":"","_monsterinsights_sitenote_category":0,"_uf_show_specific_survey":0,"_uf_disable_surveys":false,"footnotes":""},"class_list":["post-2224","page","type-page","status-publish","hentry"],"acf":[],"aioseo_notices":[],"uagb_featured_image_src":{"full":false,"thumbnail":false,"medium":false,"medium_large":false,"large":false,"1536x1536":false,"2048x2048":false,"trp-custom-language-flag":false,"post-thumbnail":false,"nisarg-full-width":false,"sow-carousel-default":false},"uagb_author_info":{"display_name":"Ellen","author_link":"https:\/\/guideservice.dk\/en\/author\/ellensofie\/"},"uagb_comment_info":0,"uagb_excerpt":"Guider og rejseledere kan arbejde p\u00e5 mange m\u00e5der, men f\u00e6lles for dem alle er evnen til at formidle viden, skabe overblik og give g\u00e6sterne en god oplevelse. Hos Guideservice Danmark arbejder vi med klare definitioner, s\u00e5 du ved pr\u00e6cis, hvilken type formidling du kan forvente. Guide i Danmark En guide m\u00f8der sin gruppe i et&hellip;","_links":{"self":[{"href":"https:\/\/guideservice.dk\/en\/wp-json\/wp\/v2\/pages\/2224","targetHints":{"allow":["GET"]}}],"collection":[{"href":"https:\/\/guideservice.dk\/en\/wp-json\/wp\/v2\/pages"}],"about":[{"href":"https:\/\/guideservice.dk\/en\/wp-json\/wp\/v2\/types\/page"}],"author":[{"embeddable":true,"href":"https:\/\/guideservice.dk\/en\/wp-json\/wp\/v2\/users\/218"}],"replies":[{"embeddable":true,"href":"https:\/\/guideservice.dk\/en\/wp-json\/wp\/v2\/comments?post=2224"}],"version-history":[{"count":52,"href":"https:\/\/guideservice.dk\/en\/wp-json\/wp\/v2\/pages\/2224\/revisions"}],"predecessor-version":[{"id":9651,"href":"https:\/\/guideservice.dk\/en\/wp-json\/wp\/v2\/pages\/2224\/revisions\/9651"}],"wp:attachment":[{"href":"https:\/\/guideservice.dk\/en\/wp-json\/wp\/v2\/media?parent=2224"}],"curies":[{"name":"wp","href":"https:\/\/api.w.org\/{rel}","templated":true}]}}