{"id":2350,"date":"2022-10-13T12:11:37","date_gmt":"2022-10-13T10:11:37","guid":{"rendered":"https:\/\/guideservice.dk\/?page_id=2350"},"modified":"2026-01-06T14:11:45","modified_gmt":"2026-01-06T13:11:45","slug":"job-som-rejseleder","status":"publish","type":"page","link":"https:\/\/guideservice.dk\/en\/tour-managers-jobs\/","title":{"rendered":"Tour Managers - Jobs"},"content":{"rendered":"<div class=\"wp-block-group\"><div class=\"wp-block-group__inner-container is-layout-constrained wp-block-group-is-layout-constrained\">\n<div class=\"wp-block-group is-vertical is-layout-flex wp-container-core-group-is-layout-8cf370e7 wp-block-group-is-layout-flex\">\n<p><strong>Som rejseleder hos Guideservice Danmark arbejder du freelance med grupper p\u00e5 rejser, hvor formidling, overblik og menneskelig indsigt g\u00e5r h\u00e5nd i h\u00e5nd. <\/strong><\/p>\n\n\n\n<div class=\"wp-block-group\"><div class=\"wp-block-group__inner-container is-layout-constrained wp-block-group-is-layout-constrained\">\n<div class=\"wp-block-group\"><div class=\"wp-block-group__inner-container is-layout-constrained wp-block-group-is-layout-constrained\">\n<p>Om du er bosat i Danmark eller i udlandet er underordnet. Det vigtigste er, at du har <strong>indg\u00e5ende kendskab til de destinationer<\/strong>, du tilbyder dig til.<\/p>\n\n\n\n<p>Du skal kunne tr\u00e6de ind i rollen med kort varsel og skabe tryghed, sammenh\u00e6ng og gode oplevelser for gruppen \u2013 ogs\u00e5 n\u00e5r tempoet er h\u00f8jt.<\/p>\n\n\n\n<div class=\"wp-block-uagb-buttons uagb-buttons__outer-wrap uagb-btn__default-btn uagb-btn-tablet__default-btn uagb-btn-mobile__default-btn uagb-block-b6a66727\"><div class=\"uagb-buttons__wrap uagb-buttons-layout-wrap\">\n<div class=\"wp-block-uagb-buttons-child uagb-buttons__outer-wrap uagb-block-34c04afe wp-block-button\"><div class=\"uagb-button__wrapper\"><a class=\"uagb-buttons-repeater wp-block-button__link\" aria-label=\"\" href=\"https:\/\/www.guideservicedanmark.dk\/?1=1&amp;type=form&amp;popup=1&amp;id=31\" rel=\"follow noopener\" target=\"_self\" role=\"button\"><div class=\"uagb-button__link\">Send Ans\u00f8gning<\/div><\/a><\/div><\/div>\n<\/div><\/div>\n<\/div><\/div>\n<\/div><\/div>\n<\/div>\n<\/div><\/div>\n\n\n\n<div class=\"wp-block-cover\" style=\"min-height:322px;aspect-ratio:unset;\"><img loading=\"lazy\" decoding=\"async\" width=\"2560\" height=\"1440\" class=\"wp-block-cover__image-background wp-image-9513\" alt=\"En rejseleder p\u00e5 arbejde\" src=\"https:\/\/guideservice.dk\/wp-content\/uploads\/2026\/01\/RL-kursus-edited-scaled.jpg\" style=\"object-position:24% 60%\" data-object-fit=\"cover\" data-object-position=\"24% 60%\" srcset=\"https:\/\/guideservice.dk\/wp-content\/uploads\/2026\/01\/RL-kursus-edited-scaled.jpg 2560w, https:\/\/guideservice.dk\/wp-content\/uploads\/2026\/01\/RL-kursus-edited-300x169.jpg 300w, https:\/\/guideservice.dk\/wp-content\/uploads\/2026\/01\/RL-kursus-edited-1024x576.jpg 1024w, https:\/\/guideservice.dk\/wp-content\/uploads\/2026\/01\/RL-kursus-edited-768x432.jpg 768w, https:\/\/guideservice.dk\/wp-content\/uploads\/2026\/01\/RL-kursus-edited-1536x864.jpg 1536w, https:\/\/guideservice.dk\/wp-content\/uploads\/2026\/01\/RL-kursus-edited-2048x1152.jpg 2048w, https:\/\/guideservice.dk\/wp-content\/uploads\/2026\/01\/RL-kursus-edited-18x10.jpg 18w, https:\/\/guideservice.dk\/wp-content\/uploads\/2026\/01\/RL-kursus-edited-480x270.jpg 480w\" sizes=\"auto, (max-width: 2560px) 100vw, 2560px\" \/><span aria-hidden=\"true\" class=\"wp-block-cover__background has-background-dim-30 has-background-dim\"><\/span><div class=\"wp-block-cover__inner-container is-layout-flow wp-block-cover-is-layout-flow\">\n<div class=\"wp-block-group is-vertical is-layout-flex wp-container-core-group-is-layout-8cf370e7 wp-block-group-is-layout-flex\">\n<p class=\"has-text-align-left has-medium-font-size\"><em>&#8220;Det er vidunderligt hver dag at kunne \u00e5bne d\u00f8ren til nye steder, historier og oplevelser sammen med en nysgerrig gruppe g\u00e6ster.<\/em>&#8220;<\/p>\n\n\n\n<p class=\"has-small-font-size\"><strong>Kristina, rejseleder (england, gr\u00e6kenland og Portugal)<\/strong><\/p>\n<\/div>\n<\/div><\/div>\n\n\n\n<div class=\"wp-block-group is-vertical is-layout-flex wp-container-core-group-is-layout-8cf370e7 wp-block-group-is-layout-flex\">\n<h2 class=\"wp-block-heading\" style=\"font-size:25px\">Guiding tour managers<\/h2>\n\n\n\n<p>Vi s\u00f8ger <strong>guidende rejseledere<\/strong>, der kan formidle b\u00e5de fortid og nutid. Det kan v\u00e6re historie, kultur, natur, samfundsforhold eller hverdagsliv; kort sagt de emner, som rejsende gerne vil forst\u00e5, n\u00e5r de bes\u00f8ger et andet land <strong> <\/strong>med en rejseleder eller guide.<\/p>\n\n\n\n<p>Det er ikke et krav, at du kender hele landet. Tv\u00e6rtimod v\u00e6rds\u00e6tter vi <strong>specialviden om bestemte omr\u00e5der<\/strong>. Det afg\u00f8rende er, at du er fagligt velfunderet, \u00e6rlig om dine kompetencer og tryg ved at st\u00e5 foran en gruppe.<\/p>\n\n\n\n<p class=\"has-medium-font-size\"><strong>Opgaver i Europa \u2013 og resten af verden<\/strong><\/p>\n\n\n\n<p>Vores guidende rejseledere arbejder prim\u00e6rt i <strong>Europa<\/strong>, men vi l\u00f8ser opgaver i <strong>hele verden<\/strong>. Guideservice Danmark er et <strong>bookingbureau<\/strong> og arrangerer ikke selv rejser. Opgaverne kommer fra en bred vifte af samarbejdende rejsebureauer i Danmark og i udlandet.<\/p>\n\n\n\n<p>Derfor har vi brug for en stor og varieret stab af rejseledere, s\u00e5 vi hurtigt kan matche de rette profiler med de rette opgaver.<\/p>\n<\/div>\n\n\n\n<h2 class=\"wp-block-heading\" style=\"font-size:25px\">Assignments keep coming in<\/h2>\n\n\n\n<div class=\"wp-block-group is-vertical is-layout-flex wp-container-core-group-is-layout-8cf370e7 wp-block-group-is-layout-flex\">\n<p>N\u00e5r du bliver hyret til et guidende rejselederjob fra Guideservice Danmark, er nogle opgaver varslet i god tid og giver mulighed for grundig forberedelse. Andre opst\u00e5r med kort varsel. <\/p>\n\n\n\n<p>Som guidende rejseleder forventes det derfor, at du:<\/p>\n<\/div>\n\n\n\n<ul class=\"wp-block-list\">\n<li>kan arbejde selvst\u00e6ndigt<\/li>\n\n\n\n<li>har overblik og situationsfornemmelse<\/li>\n\n\n\n<li>kan skabe en god oplevelse &#8211; ogs\u00e5 med kort forberedelsestid<\/li>\n<\/ul>\n\n\n\n<p>Vi forventer ikke, at du kan alt, men at du <strong>kender dine styrker og dine gr\u00e6nser<\/strong>If you know only certain areas of the country that's absolutely fine. We know that we all have limitations. It is important, however, that we are honest about it.<\/p>\n\n\n\n<h2 class=\"wp-block-heading\" style=\"font-size:25px\">Er det dig, vi leder efter?<\/h2>\n\n\n\n<p>Vi vil gerne h\u00f8re om:<\/p>\n\n\n\n<ul class=\"wp-block-list\">\n<li>dine rejseledererfaringer<\/li>\n\n\n\n<li>dine faglige kompetencer<\/li>\n\n\n\n<li>de lande eller omr\u00e5der, du tilbyder dig til<\/li>\n<\/ul>\n\n\n\n<p>Alle samarbejder er freelancebaserede.<\/p>\n\n\n\n<h2 class=\"wp-block-heading\" style=\"font-size:25px\">S\u00e5dan ans\u00f8ger du<\/h2>\n\n\n\n<p>Alle ans\u00f8gere modtager automatisk en bekr\u00e6ftelse pr. mail \u2013 husk at tjekke spam. N\u00e5r vi har modtaget din ans\u00f8gning, beder vi dig kontakte os <strong>telefonisk kort efter<\/strong>, s\u00e5 vi kan tage en indledende samtale og sikre, at dine oplysninger bliver koblet korrekt.<\/p>\n\n\n\n<p>Ans\u00f8gning sker <strong>udelukkende via formularen her p\u00e5 siden<\/strong>.<br>Vi modtager ikke ans\u00f8gninger pr. mail.<\/p>\n\n\n\n<div class=\"wp-block-buttons is-layout-flex wp-block-buttons-is-layout-flex\">\n<div class=\"wp-block-button\"><a class=\"wp-block-button__link wp-element-button\" href=\"https:\/\/www.guideservicedanmark.dk\/?1=1&amp;type=form&amp;popup=1&amp;id=31\" target=\"_blank\" rel=\"noreferrer noopener\">Apply<\/a><\/div>\n<\/div>\n\n\n\n<p class=\"has-white-color has-text-color has-link-color has-small-font-size wp-elements-43a9902599fa43e1f5b7c5064ce034c0\">.<\/p>\n\n\n\n<h2 class=\"wp-block-heading\" style=\"font-size:25px\">Har du stor viden, men mangler erfaring?<\/h2>\n\n\n\n<p>Har du solid faglig viden og lyst til at arbejde som rejseleder, men mangler den praktiske erfaring, tilbyder vi b\u00e5de <strong>guideuddannelse<\/strong> and <strong>guide- og rejselederuddannelse<\/strong>.<br>Uddannelserne giver dig et professionelt fundament, indsigt i branchen og forst\u00e5else for arbejdet hos Guideservice Danmark.<\/p>\n\n\n\n<div class=\"wp-block-buttons is-layout-flex wp-block-buttons-is-layout-flex\">\n<div class=\"wp-block-button\"><a class=\"wp-block-button__link wp-element-button\" href=\"https:\/\/guideservice.dk\/en\/vi-uddanner\/\">L\u00e6s mere om vores uddannelser her<\/a><\/div>\n<\/div>\n\n\n\n<div style=\"height:100px\" aria-hidden=\"true\" class=\"wp-block-spacer\"><\/div>\n\n\n\n<div class=\"wp-block-uagb-container uagb-block-b1e66a89 alignfull uagb-is-root-container\"><div class=\"uagb-container__shape uagb-container__shape-top\"><svg xmlns=\"https:\/\/www.w3.org\/2000\/svg\" viewbox=\"0 0 1000 100\" preserveaspectratio=\"none\"><path class=\"uagb-container__shape-fill\" d=\"M1000,4.3V0H0v4.3C0.9,23.1,126.7,99.2,500,100S1000,22.7,1000,4.3z\"><\/path><\/svg><\/div><div class=\"uagb-container-inner-blocks-wrap\">\n<div class=\"wp-block-uagb-info-box uagb-block-57e506d5 uagb-infobox__content-wrap  uagb-infobox-icon-above-title uagb-infobox-image-valign-top\"><div class=\"uagb-ifb-content\"><div class=\"uagb-ifb-title-wrap\"><p class=\"uagb-ifb-title-prefix\">Er du i tvivl om du skal s\u00f8ge et job eller om en uddannelse er det rette for dig?<\/p><\/div><p class=\"uagb-ifb-desc\"><br>Kontakt os for en uforpligtende snak om, hvordan vi kan hj\u00e6lpe dig med at g\u00f8re din vision til virkelighed. Vi r\u00e5dgiver dig gerne om din fremtid i oplevelses\u00f8konomien.<\/p><\/div><\/div>\n\n\n\n<div class=\"wp-block-uagb-icon-list uagb-block-adaaadb7\"><div class=\"uagb-icon-list__wrap\">\n<div class=\"wp-block-uagb-icon-list-child uagb-block-165c2f68\"><a target=\"_self\" aria-label=\"+45 4156 2855\" rel=\"noopener noreferrer\" href=\"#\"> <\/a><span class=\"uagb-icon-list__source-wrap\"><svg xmlns=\"https:\/\/www.w3.org\/2000\/svg\" viewbox=\"0 0 512 512\"><path d=\"M511.2 387l-23.25 100.8c-3.266 14.25-15.79 24.22-30.46 24.22C205.2 512 0 306.8 0 54.5c0-14.66 9.969-27.2 24.22-30.45l100.8-23.25C139.7-2.602 154.7 5.018 160.8 18.92l46.52 108.5c5.438 12.78 1.77 27.67-8.98 36.45L144.5 207.1c33.98 69.22 90.26 125.5 159.5 159.5l44.08-53.8c8.688-10.78 23.69-14.51 36.47-8.975l108.5 46.51C506.1 357.2 514.6 372.4 511.2 387z\"><\/path><\/svg><\/span><span class=\"uagb-icon-list__label\">+45 4156 2855<\/span><\/div>\n\n\n\n<div class=\"wp-block-uagb-icon-list-child uagb-block-42475176\"><span class=\"uagb-icon-list__source-wrap\"><svg xmlns=\"https:\/\/www.w3.org\/2000\/svg\" viewbox=\"0 0 512 512\"><path d=\"M464 64C490.5 64 512 85.49 512 112C512 127.1 504.9 141.3 492.8 150.4L275.2 313.6C263.8 322.1 248.2 322.1 236.8 313.6L19.2 150.4C7.113 141.3 0 127.1 0 112C0 85.49 21.49 64 48 64H464zM217.6 339.2C240.4 356.3 271.6 356.3 294.4 339.2L512 176V384C512 419.3 483.3 448 448 448H64C28.65 448 0 419.3 0 384V176L217.6 339.2z\"><\/path><\/svg><\/span><span class=\"uagb-icon-list__label\">info@guideservicedanmark.dk<\/span><\/div>\n<\/div><\/div>\n<\/div><\/div>","protected":false},"excerpt":{"rendered":"<p>Som rejseleder hos Guideservice Danmark arbejder du freelance med grupper p\u00e5 rejser, hvor formidling, overblik og menneskelig indsigt g\u00e5r h\u00e5nd i h\u00e5nd. Om du er bosat i Danmark eller i udlandet er underordnet. Det vigtigste er, at du har indg\u00e5ende kendskab til de destinationer, du tilbyder dig til. Du skal kunne tr\u00e6de ind i rollen med kort varsel og skabe tryghed, sammenh\u00e6ng og gode oplevelser for gruppen \u2013 ogs\u00e5 n\u00e5r tempoet er h\u00f8jt. Guidende rejseledere Vi s\u00f8ger guidende rejseledere, der&#8230;<\/p>\n<p class=\"read-more\"><a class=\"btn btn-default\" href=\"https:\/\/guideservice.dk\/en\/tour-managers-jobs\/\"> Read More<span class=\"screen-reader-text\">  Read More<\/span><\/a><\/p>","protected":false},"author":218,"featured_media":2334,"parent":0,"menu_order":0,"comment_status":"closed","ping_status":"closed","template":"template-parts\/page-home.php","meta":{"om_disable_all_campaigns":false,"inline_featured_image":false,"_uag_custom_page_level_css":"","_monsterinsights_skip_tracking":false,"_monsterinsights_sitenote_active":false,"_monsterinsights_sitenote_note":"","_monsterinsights_sitenote_category":0,"_uf_show_specific_survey":0,"_uf_disable_surveys":false,"footnotes":""},"class_list":["post-2350","page","type-page","status-publish","has-post-thumbnail","hentry"],"acf":[],"aioseo_notices":[],"uagb_featured_image_src":{"full":["https:\/\/guideservice.dk\/wp-content\/uploads\/2022\/10\/Job-hos-GDK-scaled.jpg",2560,1920,false],"thumbnail":["https:\/\/guideservice.dk\/wp-content\/uploads\/2022\/10\/Job-hos-GDK-150x150.jpg",150,150,true],"medium":["https:\/\/guideservice.dk\/wp-content\/uploads\/2022\/10\/Job-hos-GDK-300x225.jpg",300,225,true],"medium_large":["https:\/\/guideservice.dk\/wp-content\/uploads\/2022\/10\/Job-hos-GDK-768x576.jpg",640,480,true],"large":["https:\/\/guideservice.dk\/wp-content\/uploads\/2022\/10\/Job-hos-GDK-1024x768.jpg",640,480,true],"1536x1536":["https:\/\/guideservice.dk\/wp-content\/uploads\/2022\/10\/Job-hos-GDK-1536x1152.jpg",1536,1152,true],"2048x2048":["https:\/\/guideservice.dk\/wp-content\/uploads\/2022\/10\/Job-hos-GDK-2048x1536.jpg",2048,1536,true],"trp-custom-language-flag":["https:\/\/guideservice.dk\/wp-content\/uploads\/2022\/10\/Job-hos-GDK-16x12.jpg",16,12,true],"post-thumbnail":["https:\/\/guideservice.dk\/wp-content\/uploads\/2022\/10\/Job-hos-GDK-360x270.jpg",360,270,true],"nisarg-full-width":["https:\/\/guideservice.dk\/wp-content\/uploads\/2022\/10\/Job-hos-GDK-1038x576.jpg",1038,576,true],"sow-carousel-default":["https:\/\/guideservice.dk\/wp-content\/uploads\/2022\/10\/Job-hos-GDK-272x182.jpg",272,182,true]},"uagb_author_info":{"display_name":"Ellen","author_link":"https:\/\/guideservice.dk\/en\/author\/ellensofie\/"},"uagb_comment_info":0,"uagb_excerpt":"Som rejseleder hos Guideservice Danmark arbejder du freelance med grupper p\u00e5 rejser, hvor formidling, overblik og menneskelig indsigt g\u00e5r h\u00e5nd i h\u00e5nd. Om du er bosat i Danmark eller i udlandet er underordnet. Det vigtigste er, at du har indg\u00e5ende kendskab til de destinationer, du tilbyder dig til. Du skal kunne tr\u00e6de ind i rollen&hellip;","_links":{"self":[{"href":"https:\/\/guideservice.dk\/en\/wp-json\/wp\/v2\/pages\/2350","targetHints":{"allow":["GET"]}}],"collection":[{"href":"https:\/\/guideservice.dk\/en\/wp-json\/wp\/v2\/pages"}],"about":[{"href":"https:\/\/guideservice.dk\/en\/wp-json\/wp\/v2\/types\/page"}],"author":[{"embeddable":true,"href":"https:\/\/guideservice.dk\/en\/wp-json\/wp\/v2\/users\/218"}],"replies":[{"embeddable":true,"href":"https:\/\/guideservice.dk\/en\/wp-json\/wp\/v2\/comments?post=2350"}],"version-history":[{"count":50,"href":"https:\/\/guideservice.dk\/en\/wp-json\/wp\/v2\/pages\/2350\/revisions"}],"predecessor-version":[{"id":9542,"href":"https:\/\/guideservice.dk\/en\/wp-json\/wp\/v2\/pages\/2350\/revisions\/9542"}],"wp:featuredmedia":[{"embeddable":true,"href":"https:\/\/guideservice.dk\/en\/wp-json\/wp\/v2\/media\/2334"}],"wp:attachment":[{"href":"https:\/\/guideservice.dk\/en\/wp-json\/wp\/v2\/media?parent=2350"}],"curies":[{"name":"wp","href":"https:\/\/api.w.org\/{rel}","templated":true}]}}