{"id":2359,"date":"2022-10-13T12:15:48","date_gmt":"2022-10-13T10:15:48","guid":{"rendered":"https:\/\/guideservice.dk\/?page_id=2359"},"modified":"2023-03-04T10:44:24","modified_gmt":"2023-03-04T09:44:24","slug":"virksomhedspraktik","status":"publish","type":"page","link":"https:\/\/guideservice.dk\/en\/internship\/","title":{"rendered":"Internship"},"content":{"rendered":"<p><em><strong>We are always happy to offer an internship. If you as well as we can see a purpose in the internship it is a win-win. That's what an internship is about.<\/strong><\/em><\/p>\n\n\n\n<p>All internships are in our office in Odense. Assignments for internships will never be offered as paid work. You cannot do an internship as a guide, tour guide or lecturer. For that our paid freelancers with professional experience have an exclusive right.<\/p>\n\n\n\n<p class=\"translation-block\">This is where you apply to <a href=\"https:\/\/guideservice.dk\/en\/work-as-a-guide\/\" target=\"_self\">work as a guide<\/a> or <a href=\"https:\/\/guideservice.dk\/en\/tour-managers-jobs\/\" target=\"_self\">a tour manager<\/a>.<\/p>\n\n\n\n<h2 class=\"wp-block-heading\">Internship - why<\/h2>\n\n\n\n<p class=\"translation-block\">In an internship you can improve your skills for future jobs. If you e.g. write articles for\u00a0our <a href=\"https:\/\/www.guideservicedanmark.dk\/history-time\" target=\"_blank\" rel=\"noreferrer noopener\">History Time<\/a> you will subsequently be able to show your next employer some of your work \u2013 either as a copywriter or translator.<\/p>\n\n\n\n<p>For us an internship is about getting to know you and your skills. Through internships we hope to also create a platform for you as a guide or tour leader. It is our experience that a dialogue can help to create opportunities and networks, perhaps even open your eyes to new skills and areas of work. We want to help you find inspiration to new areas.<\/p>\n\n\n\n<h2 class=\"wp-block-heading\">Who can apply for internships<\/h2>\n\n\n\n<p>We have two options for internships:<\/p>\n\n\n\n<ul class=\"wp-block-list\">\n<li>internship if you are not yet employed and in the process of applying for a job<\/li>\n\n\n\n<li>internship as part of your education whether you are student at university, university college etc.<\/li>\n<\/ul>\n\n\n\n<p>If you are not employed and feel like being part of our office for a 4 week task, you must send us your application. We would like to know which tasks you are passionate about. That makes it easier for us to clarify options with you.<\/p>\n\n\n\n<p>If you want to do an internship as part of your study we'd like to receieve your application. Tell us what you are studying and what you want to get out of an internship. We will meet in a dialogue on the basis of your wishes.<\/p>\n\n\n\n<h2 class=\"wp-block-heading\">Which options for internships<\/h2>\n\n\n\n<p>We can offer internships such as:<\/p>\n\n\n\n<ul class=\"wp-block-list\">\n<li>translations - which are your languages?<\/li>\n\n\n\n<li>multi media design<\/li>\n\n\n\n<li>project management<\/li>\n\n\n\n<li>SEO expertise<\/li>\n\n\n\n<li>copywriter of historical facts<\/li>\n\n\n\n<li>launching a new tour product in Denmark. We have a project description, focus must be on the practical implementation<\/li>\n<\/ul>\n\n\n\n<h2 class=\"wp-block-heading\">Internships - we can offer<\/h2>\n\n\n\n<ul class=\"wp-block-list\">\n<li>an informal and busy office - we always have time for a chat though<\/li>\n\n\n\n<li>tasks that are not offered as paid jobs<\/li>\n\n\n\n<li>flexibility and openness to your suggestions<\/li>\n\n\n\n<li>respect about your idea and your contribution<\/li>\n\n\n\n<li>feedback on your work<\/li>\n<\/ul>\n\n\n\n<p>During the internship we'll hopefully find opportunities for you as a freelancer. We've seen that happen before and we always keep an open mind. Who knows, you might be the next success.<\/p>\n\n\n\n<p>So far we have had very good work relations with students from UCL, multimedia, service- and marketing economics, from AU German and French, SDU American studies.<\/p>\n\n\n\n<p>If you have an idea for an internship that you think could suit both you and us, we are open to a dialogue. We value interns, who often teach us new perspectives and help open our eyes to new opportunities \u2013 for the intern as well as for us.<\/p>\n\n\n\n<p>NB, we ask to receive applications in the form below only. We do not read attachments, as far too many applications are without relevant focus.<\/p>\n\n\n\n<div class=\"wp-block-buttons is-layout-flex wp-block-buttons-is-layout-flex\">\n<div class=\"wp-block-button\"><a class=\"wp-block-button__link wp-element-button\" href=\"https:\/\/www.guideservicedanmark.dk\/?1=1&amp;type=form&amp;popup=1&amp;id=21\" target=\"_blank\" rel=\"noreferrer noopener\">Apply<\/a><\/div>\n<\/div>","protected":false},"excerpt":{"rendered":"<p>P\u00e5 kontoret er vi altid glade, n\u00e5r vi har en praktikant i virksomhedspraktik. Vi siger ja til samarbejde med praktikanter, n\u00e5r b\u00e5de dig, der \u00f8nsker en praktik og vi kan se et form\u00e5l med praktikken. En praktik skal v\u00e6re win-win. Alle praktikker foreg\u00e5r p\u00e5 vores kontor centralt i Odense. Vi tilbyder praktikker med opgaver, som aldrig vil blive udbudt som l\u00f8nnet arbejde. Du kan hverken komme i praktik som guide, rejseleder eller foredragsholder. Til de opgaver bruger vi udelukkende vores&#8230;<\/p>\n<p class=\"read-more\"><a class=\"btn btn-default\" href=\"https:\/\/guideservice.dk\/en\/internship\/\"> Read More<span class=\"screen-reader-text\">  Read More<\/span><\/a><\/p>","protected":false},"author":218,"featured_media":0,"parent":0,"menu_order":0,"comment_status":"closed","ping_status":"closed","template":"template-parts\/page-home.php","meta":{"om_disable_all_campaigns":false,"inline_featured_image":false,"_uag_custom_page_level_css":"","_monsterinsights_skip_tracking":false,"_monsterinsights_sitenote_active":false,"_monsterinsights_sitenote_note":"","_monsterinsights_sitenote_category":0,"_uf_show_specific_survey":0,"_uf_disable_surveys":false,"footnotes":""},"class_list":["post-2359","page","type-page","status-publish","hentry"],"acf":[],"aioseo_notices":[],"uagb_featured_image_src":{"full":false,"thumbnail":false,"medium":false,"medium_large":false,"large":false,"1536x1536":false,"2048x2048":false,"trp-custom-language-flag":false,"post-thumbnail":false,"nisarg-full-width":false,"sow-carousel-default":false},"uagb_author_info":{"display_name":"Ellen","author_link":"https:\/\/guideservice.dk\/en\/author\/ellensofie\/"},"uagb_comment_info":0,"uagb_excerpt":"P\u00e5 kontoret er vi altid glade, n\u00e5r vi har en praktikant i virksomhedspraktik. Vi siger ja til samarbejde med praktikanter, n\u00e5r b\u00e5de dig, der \u00f8nsker en praktik og vi kan se et form\u00e5l med praktikken. En praktik skal v\u00e6re win-win. Alle praktikker foreg\u00e5r p\u00e5 vores kontor centralt i Odense. Vi tilbyder praktikker med opgaver, som&hellip;","_links":{"self":[{"href":"https:\/\/guideservice.dk\/en\/wp-json\/wp\/v2\/pages\/2359","targetHints":{"allow":["GET"]}}],"collection":[{"href":"https:\/\/guideservice.dk\/en\/wp-json\/wp\/v2\/pages"}],"about":[{"href":"https:\/\/guideservice.dk\/en\/wp-json\/wp\/v2\/types\/page"}],"author":[{"embeddable":true,"href":"https:\/\/guideservice.dk\/en\/wp-json\/wp\/v2\/users\/218"}],"replies":[{"embeddable":true,"href":"https:\/\/guideservice.dk\/en\/wp-json\/wp\/v2\/comments?post=2359"}],"version-history":[{"count":20,"href":"https:\/\/guideservice.dk\/en\/wp-json\/wp\/v2\/pages\/2359\/revisions"}],"predecessor-version":[{"id":6313,"href":"https:\/\/guideservice.dk\/en\/wp-json\/wp\/v2\/pages\/2359\/revisions\/6313"}],"wp:attachment":[{"href":"https:\/\/guideservice.dk\/en\/wp-json\/wp\/v2\/media?parent=2359"}],"curies":[{"name":"wp","href":"https:\/\/api.w.org\/{rel}","templated":true}]}}