{"id":2444,"date":"2022-10-17T10:08:22","date_gmt":"2022-10-17T08:08:22","guid":{"rendered":"https:\/\/guideservice.dk\/?page_id=2444"},"modified":"2026-04-15T13:19:41","modified_gmt":"2026-04-15T11:19:41","slug":"kontakt","status":"publish","type":"page","link":"https:\/\/guideservice.dk\/en\/contact\/","title":{"rendered":"Contact Us"},"content":{"rendered":"<p>Wenn Sie Unterst\u00fctzung bei der Buchung von Stadtf\u00fchrungen, gef\u00fchrten Touren, Referenten oder Reiseleitern ben\u00f6tigen, erreichen Sie uns jederzeit unter +45 4156 2855 oder \u00fcber unser&nbsp;<strong><a href=\"https:\/\/guideservice.dk\/en\/booking-guide\/?q=\/guide-vaelges-paa-kontoret\" target=\"_blank\" rel=\"noreferrer noopener\">booking form<\/a>.&nbsp;<\/strong><\/p>\n\n\n\n<p>We strive to respond as quickly as possible and value good dialogue, ensuring that we find the solution that best matches your needs.<\/p>\n\n\n\n<p><strong>Direct Contacts<\/strong><\/p>\n\n\n\n<ul class=\"wp-block-list\">\n<li><strong>Mette<\/strong> <strong>Mette<\/strong> - booking and recruitment of guides\/tour operators: +45 4156 2859 \/ mb@guideservicedanmark.dk <strong>+45 4156 2859 | mb@guideservicedanmark.dk<\/strong><\/li>\n<\/ul>\n\n\n\n<ul class=\"wp-block-list\">\n<li><strong>Kristina<\/strong> \u2013 Marketing, webmaster, B2B and booking <strong>+ 45 4156 2857 | kbp@guideservicedanmark.dk<\/strong><\/li>\n<\/ul>\n\n\n\n<ul class=\"wp-block-list\">\n<li><strong>Trine <\/strong>\u2013 B2B, finance, financial controller <strong>+ 45 4156 2852 | finance@guideservicedanmark.dk<\/strong><\/li>\n<\/ul>\n\n\n\n<div class=\"wp-block-group is-vertical is-layout-flex wp-container-core-group-is-layout-8cf370e7 wp-block-group-is-layout-flex\">\n<p><strong>General Enquiries<\/strong><\/p>\n\n\n\n<div class=\"wp-block-group is-vertical is-layout-flex wp-container-core-group-is-layout-8cf370e7 wp-block-group-is-layout-flex\">\n<p><a href=\"mailto:info@guideservicedanmark.dk\"><strong>info@guideservicedanmark.dk<\/strong><\/a><strong> | +45 4156 2855<\/strong><\/p>\n\n\n\n<p>For questions regarding booking, guides, tour leaders, speakers or guide\/tour leader training courses.<\/p>\n<\/div>\n<\/div>\n\n\n\n<div class=\"wp-block-group is-vertical is-layout-flex wp-container-core-group-is-layout-8cf370e7 wp-block-group-is-layout-flex\">\n<p><strong>Enquiries from Freelancers<\/strong><\/p>\n\n\n\n<div class=\"wp-block-group is-vertical is-layout-flex wp-container-core-group-is-layout-8cf370e7 wp-block-group-is-layout-flex\">\n<p><a href=\"mailto:admin@guideservicedanmark.dk\"><strong>admin@guideservicedanmark.dk<\/strong><\/a><\/p>\n\n\n\n<p>For tour leaders, guides and speakers who collaborate with us.<\/p>\n<\/div>\n<\/div>\n\n\n\n<div class=\"wp-block-group is-vertical is-layout-flex wp-container-core-group-is-layout-8cf370e7 wp-block-group-is-layout-flex\">\n<p><strong>Assignments in Denmark and Abroad<\/strong><\/p>\n\n\n\n<p>We handle assignments both in Denmark and internationally and are happy to assist with planning guided tours, travel itineraries, accommodation and more.<\/p>\n<\/div>\n\n\n\n<div class=\"wp-block-group is-vertical is-layout-flex wp-container-core-group-is-layout-8cf370e7 wp-block-group-is-layout-flex\">\n<p><strong>Join Us as a Freelancer<\/strong><\/p>\n\n\n\n<p>If you wish to become a freelancer with Guideservice Denmark, please apply via the application form under &nbsp;<a href=\"https:\/\/guideservice.dk\/en\/job-with-guide-service-denmark\/\" target=\"_blank\" rel=\"noreferrer noopener\">Job with Guideservice Danmark<\/a><\/p>\n<\/div>\n\n\n\n<div class=\"wp-block-group is-vertical is-layout-flex wp-container-core-group-is-layout-8cf370e7 wp-block-group-is-layout-flex\">\n<p><strong>Book Yourself \u2013 Save Time and Money<\/strong><\/p>\n\n\n\n<p>Guide Service Denmark has made it easy for you to find guides, tour managers and lecturers. Please notice that it will be cheaper for you when you book the right one yourself. We charge a small fee for filling in the forms on your behalf.<\/p>\n<\/div>\n\n\n\n<ul class=\"wp-block-list\">\n<li><a href=\"https:\/\/guideservice.dk\/en\/find-a-guide\/\" target=\"_blank\" rel=\"noreferrer noopener\">Find Your guide <\/a>&nbsp;<\/li>\n\n\n\n<li><a href=\"https:\/\/guideservice.dk\/en\/find-your-guided-tour\/\" target=\"_blank\" rel=\"noreferrer noopener\">be inspired by our tour suggestions<\/a>&nbsp;<\/li>\n\n\n\n<li><a href=\"https:\/\/www.guideservicedanmark.dk\/soeg-rejseledere\/\" target=\"_blank\" rel=\"noreferrer noopener\">find Your tour leader<\/a><\/li>\n\n\n\n<li><a href=\"https:\/\/www.guideservicedanmark.dk\/search-lectures\" target=\"_blank\" rel=\"noreferrer noopener\">find Your speaker<\/a><\/li>\n<\/ul>\n\n\n\n<p class=\"translation-block\">If you want us to make you a quote, you pay for the time we spend doing it, as a minimum our deposit of DKK 500. See <a href=\"https:\/\/guideservice.dk\/en\/terms-of-agreement\/\" target=\"_blank\" rel=\"noreferrer noopener\">our Terms of Agreement<\/a>.<\/p>\n\n\n\n<p><a href=\"https:\/\/guideservice.dk\/en\/pay-invoice\/\" target=\"_blank\" rel=\"noreferrer noopener\">You can easily pay your deposit or invoice here<\/a>. Please include your name or invoice number with the payment.<\/p>\n\n\n\n<p><\/p>","protected":false},"excerpt":{"rendered":"<p>Har du brug for hj\u00e6lp til booking af byvandringer, guidede ture, foredragsholdere eller rejseledere, er du altid velkommen til at kontakte os p\u00e5 +45 4156 2855 eller via vores&nbsp;bookingformular.&nbsp; Vi bestr\u00e6ber os p\u00e5 at svare hurtigst muligt \u2013 og vi prioriterer en god dialog, s\u00e5 vi kan hj\u00e6lpe dig frem til den l\u00f8sning, der passer bedst til dine \u00f8nsker. Direkte kontakt Generelle henvendelser info@guideservicedanmark.dk | +45 4156 2855 Til sp\u00f8rgsm\u00e5l om booking, guides, rejseledere, foredragsholdere eller kurser for guider og&#8230;<\/p>\n<p class=\"read-more\"><a class=\"btn btn-default\" href=\"https:\/\/guideservice.dk\/en\/contact\/\"> Read More<span class=\"screen-reader-text\">  Read More<\/span><\/a><\/p>","protected":false},"author":218,"featured_media":0,"parent":0,"menu_order":0,"comment_status":"closed","ping_status":"closed","template":"template-parts\/page-home.php","meta":{"om_disable_all_campaigns":false,"inline_featured_image":false,"_uag_custom_page_level_css":"","_monsterinsights_skip_tracking":false,"_monsterinsights_sitenote_active":false,"_monsterinsights_sitenote_note":"","_monsterinsights_sitenote_category":0,"_uf_show_specific_survey":0,"_uf_disable_surveys":false,"footnotes":""},"class_list":["post-2444","page","type-page","status-publish","hentry"],"acf":[],"aioseo_notices":[],"uagb_featured_image_src":{"full":false,"thumbnail":false,"medium":false,"medium_large":false,"large":false,"1536x1536":false,"2048x2048":false,"trp-custom-language-flag":false,"post-thumbnail":false,"nisarg-full-width":false,"sow-carousel-default":false},"uagb_author_info":{"display_name":"Ellen","author_link":"https:\/\/guideservice.dk\/en\/author\/ellensofie\/"},"uagb_comment_info":0,"uagb_excerpt":"Har du brug for hj\u00e6lp til booking af byvandringer, guidede ture, foredragsholdere eller rejseledere, er du altid velkommen til at kontakte os p\u00e5 +45 4156 2855 eller via vores&nbsp;bookingformular.&nbsp; Vi bestr\u00e6ber os p\u00e5 at svare hurtigst muligt \u2013 og vi prioriterer en god dialog, s\u00e5 vi kan hj\u00e6lpe dig frem til den l\u00f8sning, der passer&hellip;","_links":{"self":[{"href":"https:\/\/guideservice.dk\/en\/wp-json\/wp\/v2\/pages\/2444","targetHints":{"allow":["GET"]}}],"collection":[{"href":"https:\/\/guideservice.dk\/en\/wp-json\/wp\/v2\/pages"}],"about":[{"href":"https:\/\/guideservice.dk\/en\/wp-json\/wp\/v2\/types\/page"}],"author":[{"embeddable":true,"href":"https:\/\/guideservice.dk\/en\/wp-json\/wp\/v2\/users\/218"}],"replies":[{"embeddable":true,"href":"https:\/\/guideservice.dk\/en\/wp-json\/wp\/v2\/comments?post=2444"}],"version-history":[{"count":26,"href":"https:\/\/guideservice.dk\/en\/wp-json\/wp\/v2\/pages\/2444\/revisions"}],"predecessor-version":[{"id":9842,"href":"https:\/\/guideservice.dk\/en\/wp-json\/wp\/v2\/pages\/2444\/revisions\/9842"}],"wp:attachment":[{"href":"https:\/\/guideservice.dk\/en\/wp-json\/wp\/v2\/media?parent=2444"}],"curies":[{"name":"wp","href":"https:\/\/api.w.org\/{rel}","templated":true}]}}