{"id":2458,"date":"2022-10-17T10:18:17","date_gmt":"2022-10-17T08:18:17","guid":{"rendered":"https:\/\/guideservice.dk\/?page_id=2458"},"modified":"2023-02-08T11:35:36","modified_gmt":"2023-02-08T10:35:36","slug":"nyhedsbrev","status":"publish","type":"page","link":"https:\/\/guideservice.dk\/en\/newsletter\/","title":{"rendered":"Newsletter"},"content":{"rendered":"<p class=\"translation-block\"><strong><em>Be\u00a0among the first to discover when we can offer\u00a0new guides, tour managers or lectures. Guide Service Denmark sends out<\/em> <em>a newsletter approximately 1 time a month.<\/em><\/strong><\/p>\n\n\n\n<p>We do our best to meet the needs of our readers, and you are always welcome to send questions that you'd like answered in the newsletter. You have two options for newsletter: English or Danish.<\/p>\n\n\n\n<p class=\"translation-block\">Follow us on <a href=\"https:\/\/www.facebook.com\/GuideserviceDK\" target=\"_blank\" rel=\"noreferrer noopener\">Facebook<\/a>, on <a href=\"https:\/\/www.linkedin.com\/company\/guideservicedanmark\/\" target=\"_self\">LinkedIn<\/a> and <a href=\"https:\/\/www.instagram.com\/guideservice_danmark\/\" target=\"_self\">Instagram<\/a><\/p>\n\n\n\n<div class=\"wp-block-buttons is-layout-flex wp-block-buttons-is-layout-flex\">\n<div class=\"wp-block-button\"><a class=\"wp-block-button__link wp-element-button\" href=\"https:\/\/www.guideservicedanmark.dk\/?1=1&amp;type=form&amp;popup=1&amp;id=16\" target=\"_blank\" rel=\"noreferrer noopener\">Subscribe to newsletter<\/a><\/div>\n<\/div>","protected":false},"excerpt":{"rendered":"<p>V\u00e6r&nbsp;blandt de f\u00f8rste til at opdage, n\u00e5r vi kan tilbyde&nbsp;nye guider, rejseledere eller foredrag.&nbsp;Guideservice Danmark udsender nyhedsbrev ca. 1 gang om m\u00e5neden. Vi g\u00f8r vores bedste for at ramme modtagernes behov, og du er altid velkommen til at sende os sp\u00f8rgsm\u00e5l til besvarelse i nyhedsbrevet. Du kan v\u00e6lge at f\u00e5 dit nyhedsbrev p\u00e5 engelsk eller dansk. Du kan ogs\u00e5 f\u00f8lge os p\u00e5 Facebook, p\u00e5 LinkedIn og Instagram<\/p>","protected":false},"author":218,"featured_media":0,"parent":0,"menu_order":0,"comment_status":"closed","ping_status":"closed","template":"template-parts\/page-home.php","meta":{"om_disable_all_campaigns":false,"inline_featured_image":false,"_uag_custom_page_level_css":"","_monsterinsights_skip_tracking":false,"_monsterinsights_sitenote_active":false,"_monsterinsights_sitenote_note":"","_monsterinsights_sitenote_category":0,"_uf_show_specific_survey":0,"_uf_disable_surveys":false,"footnotes":""},"class_list":["post-2458","page","type-page","status-publish","hentry"],"acf":[],"aioseo_notices":[],"uagb_featured_image_src":{"full":false,"thumbnail":false,"medium":false,"medium_large":false,"large":false,"1536x1536":false,"2048x2048":false,"trp-custom-language-flag":false,"post-thumbnail":false,"nisarg-full-width":false,"sow-carousel-default":false},"uagb_author_info":{"display_name":"Ellen","author_link":"https:\/\/guideservice.dk\/en\/author\/ellensofie\/"},"uagb_comment_info":0,"uagb_excerpt":"V\u00e6r&nbsp;blandt de f\u00f8rste til at opdage, n\u00e5r vi kan tilbyde&nbsp;nye guider, rejseledere eller foredrag.&nbsp;Guideservice Danmark udsender nyhedsbrev ca. 1 gang om m\u00e5neden. Vi g\u00f8r vores bedste for at ramme modtagernes behov, og du er altid velkommen til at sende os sp\u00f8rgsm\u00e5l til besvarelse i nyhedsbrevet. Du kan v\u00e6lge at f\u00e5 dit nyhedsbrev p\u00e5 engelsk eller&hellip;","_links":{"self":[{"href":"https:\/\/guideservice.dk\/en\/wp-json\/wp\/v2\/pages\/2458","targetHints":{"allow":["GET"]}}],"collection":[{"href":"https:\/\/guideservice.dk\/en\/wp-json\/wp\/v2\/pages"}],"about":[{"href":"https:\/\/guideservice.dk\/en\/wp-json\/wp\/v2\/types\/page"}],"author":[{"embeddable":true,"href":"https:\/\/guideservice.dk\/en\/wp-json\/wp\/v2\/users\/218"}],"replies":[{"embeddable":true,"href":"https:\/\/guideservice.dk\/en\/wp-json\/wp\/v2\/comments?post=2458"}],"version-history":[{"count":11,"href":"https:\/\/guideservice.dk\/en\/wp-json\/wp\/v2\/pages\/2458\/revisions"}],"predecessor-version":[{"id":5252,"href":"https:\/\/guideservice.dk\/en\/wp-json\/wp\/v2\/pages\/2458\/revisions\/5252"}],"wp:attachment":[{"href":"https:\/\/guideservice.dk\/en\/wp-json\/wp\/v2\/media?parent=2458"}],"curies":[{"name":"wp","href":"https:\/\/api.w.org\/{rel}","templated":true}]}}