{"id":2529,"date":"2022-10-17T13:35:08","date_gmt":"2022-10-17T11:35:08","guid":{"rendered":"https:\/\/guideservice.dk\/?page_id=2529"},"modified":"2026-03-12T11:02:30","modified_gmt":"2026-03-12T10:02:30","slug":"guideservice-danmark","status":"publish","type":"page","link":"https:\/\/guideservice.dk\/en\/","title":{"rendered":"Guide Service Denmark - your guide to great guides!"},"content":{"rendered":"<p><strong><em>With Guideservice Danmark, you gain access to passionate and skilled guides and storytellers who bring Denmark\u2019s history, nature, and culture to life. Whether you want to explore Denmark or travel abroad with a Danish guide, we are your guarantee for authentic and inspiring stories.<\/em><\/strong><\/p>\n\n\n\n<p><\/p>\n\n\n<ul class=\"main-selector main-selector--sub main-selector--sub__home\">\r\n\r\n    \r\n                      \r\n          <li class=\"main-selector__item\">\r\n\r\n            \r\n            <a href=\"https:\/\/guideservice.dk\/en\/find-a-guide\/\" class=\"selector-category translation-block\">\r\n              <h3 class=\"selector-category__title\">Find a guide<\/h3>\n\n              <figure class=\"selector-category__background\">\n                <img src=\"https:\/\/guideservice.dk\/wp-content\/uploads\/2024\/02\/find-en-guide-1024x683.jpg\" alt=\"\">\n              <\/figure>\r\n            <\/a>\r\n          <\/li>\r\n          \r\n                      \r\n          <li class=\"main-selector__item\">\r\n\r\n            \r\n            <a href=\"https:\/\/guideservice.dk\/en\/find-your-guided-tour\/\" class=\"selector-category translation-block\">\r\n              <h3 class=\"selector-category__title\">Find en tur<\/h3>\r\n\r\n              <figure class=\"selector-category__background\">\r\n                <img decoding=\"async\" src=\"https:\/\/guideservice.dk\/wp-content\/uploads\/2022\/04\/romo-1-1024x606.jpg\" alt=\"\">\r\n              <\/figure>\r\n            <\/a>\r\n          <\/li>\r\n          \r\n                      \r\n          <li class=\"main-selector__item\">\r\n\r\n            \r\n            <a href=\"https:\/\/www.guideservicedanmark.dk\/rejseledere-hele-verden\/?s=1&#038;lang=&#038;country=&#038;search=&#038;sort=&#038;doIt=1\" class=\"selector-category translation-block\">\r\n              <h3 class=\"selector-category__title\">Find a tour manager<\/h3>\n\n              <figure class=\"selector-category__background\">\n                <img src=\"https:\/\/guideservice.dk\/wp-content\/uploads\/2024\/02\/find-en-rejseleder-1-1024x682.jpeg\" alt=\"\">\n              <\/figure>\r\n            <\/a>\r\n          <\/li>\r\n          \r\n                      \r\n          <li class=\"main-selector__item\">\r\n\r\n            \r\n            <a href=\"https:\/\/guideservice.dk\/en\/job-with-guide-service-denmark\/\" class=\"selector-category translation-block\">\r\n              <h3 class=\"selector-category__title\">Become a guide with us<\/h3>\n\n              <figure class=\"selector-category__background\">\n                <img src=\"https:\/\/guideservice.dk\/wp-content\/uploads\/2022\/10\/Job-hos-GDK-1024x768.jpg\" alt=\"\">\n              <\/figure>\r\n            <\/a>\r\n          <\/li>\r\n          \r\n              \r\n        \r\n<\/ul>\r\n\n\n\n<div class=\"wp-block-group\"><div class=\"wp-block-group__inner-container is-layout-constrained wp-block-group-is-layout-constrained\"><\/div><\/div>\n\n\n\n<h2 class=\"wp-block-heading\"><span> <\/span><\/h2>\n\n\n\n<p style=\"font-style:normal;font-weight:400\">Do you dream of becoming a tour leader and creating great travel experiences for others? We continuously train new tour leaders, so you can add \"tour leader\" to your CV and learn how to give guests unforgettable journeys.<\/p>\n\n\n\n<p class=\"has-white-color has-text-color has-link-color wp-elements-c645e628e62f8fbab9d9726851472d16\"><\/p>\n\n\n<ul class=\"main-selector main-selector--sub main-selector--sub__home\">\r\n\r\n    \r\n                                          \r\n        \r\n<\/ul>\r\n\n\n\n<h2 class=\"wp-block-heading\">We are happy to assist<\/h2>\n\n\n\n<p style=\"font-style:normal;font-weight:400\">We make a great effort to match the right guide or tour leader to each assignment, because we know how important it is that guide and group are a good fit. With us, you\u2019ll always find inspiring and dedicated<\/p>\n\n\n\n<p style=\"font-style:normal;font-weight:400\">With us, you\u2019ll always find inspiring and engaging&nbsp;<a href=\"https:\/\/guideservice.dk\/en\/find-a-guide\/\">guides<\/a> and&nbsp;<a href=\"https:\/\/guideservice.dk\/en\/tilfaeldigt-udvalgte-foredrag-brug-soegefunktionen-til-at-finde-flere\/\">talks<\/a>, where you can discover everything from Danish history to fascinating places across the world. Our guides are passionate and knowledgeable \u2013 ready to take you on a journey through Denmark\u2019s past or to captivating destinations abroad.<\/p>\n\n\n\n<p style=\"font-style:normal;font-weight:400\">Find your next trip among our suggested tours, or contact us to tailor a personalized guided experience. We are also happy to help with practical things like booking buses, tickets, lunch and more, so you can focus on enjoying the trip.<\/p>\n\n\n\n<p style=\"font-style:normal;font-weight:400\">Do you need a tour leader for a longer journey?<br>Visit our sister site <strong><a class=\"\" href=\"https:\/\/guideservicedanmark.dk\">Guideservicedanmark.dk<\/a><\/strong>.<\/p>\n\n\n\n<div class=\"wp-block-uagb-inline-notice uagb-inline_notice__align-left uagb-block-8f74141e\"><button class=\"uagb-notice-close-button\" type=\"button\" aria-label=\"Close\"><\/button><h4 class=\"uagb-notice-title\">We have, among other things, completed tasks for: <\/h4><div class=\"uagb-notice-text\">\n<p>\ud804\uddd0 Best Travel <br>\ud804\uddd0 CLAY Keramikmuseum Danmark<br>\ud804\uddd0 Panter Rejser<br>\ud804\uddd0 Comwell H.C. Andersen Odense<br>\ud804\uddd0 Destination Trekantomr\u00e5det<br>\ud804\uddd0 DFDS Logistics A\/S<br>\ud804\uddd0 Egeskov Slot<br>\ud804\uddd0 Siemens A\/S<br>\ud804\uddd0 Blue Water Shipping<br>\ud804\uddd0 Royal Unibrew<br>\ud804\uddd0 Destination Fyn<\/p>\n<\/div><\/div>\n\n\n\n<p><\/p>\n\n\n\n<p><strong>Great experiences  start with a good storyteller. Discover Denmark and the world with Guideservice Danmark \u2013 we look forward to welcoming you!<\/strong><\/p>\n\n\n\n<div style=\"height:100px\" aria-hidden=\"true\" class=\"wp-block-spacer\"><\/div>\n\n\n\n<a href='https:\/\/www.kayak.de\/Odense.1106.guide' target='_blank' rel=\"noopener\"><img height='150' src='https:\/\/content.r9cdn.net\/rimg\/seo\/badges\/v1\/LIGHT_LARGE_FEATURED_KAYAK.png' \/><\/a>\n\n\n\n<p><\/p>\n\n\n<div class=\"fb-page\" data-href=\"https:\/\/www.facebook.com\/GuideserviceDK\/?locale=da_DK\" data-tabs=\"timeline\" data-width=\"500\" data-height=\"auto\" data-small-header=\"false\" data-adapt-container-width=\"true\" data-hide-cover=\"false\" data-show-facepile=\"true\"><blockquote cite=\"https:\/\/www.facebook.com\/GuideserviceDK\/?locale=da_DK\" class=\"fb-xfbml-parse-ignore\"><a href=\"https:\/\/www.facebook.com\/GuideserviceDK\/?locale=da_DK\">Guideservice \u2022 Danmark<\/a><\/blockquote><\/div>\n\n\n<p><\/p>","protected":false},"excerpt":{"rendered":"<p>Med Guideservice Danmark f\u00e5r du adgang til engagerede og dygtige guider og fort\u00e6llere, der bringer Danmarks historie, natur og kultur til live. Uanset om du vil opleve Danmark eller rejse ud i verden med dansk guide, er vi din garanti for autentiske og inspirerende fort\u00e6llinger. Bliv uddannet rejseleder med Guideservice Danmark Dr\u00f8mmer du om at blive rejseleder og skabe gode rejseoplevelser for andre? Vi uddanner l\u00f8bende nye rejseledere, s\u00e5 du kan f\u00e5 rejseleder p\u00e5 CV\u2019et og l\u00e6re at give g\u00e6ster&#8230;<\/p>\n<p class=\"read-more\"><a class=\"btn btn-default\" href=\"https:\/\/guideservice.dk\/en\/\"> Read More<span class=\"screen-reader-text\">  Read More<\/span><\/a><\/p>","protected":false},"author":1,"featured_media":0,"parent":0,"menu_order":0,"comment_status":"closed","ping_status":"closed","template":"template-parts\/page-home.php","meta":{"om_disable_all_campaigns":false,"inline_featured_image":false,"_uag_custom_page_level_css":"","_monsterinsights_skip_tracking":false,"_monsterinsights_sitenote_active":false,"_monsterinsights_sitenote_note":"","_monsterinsights_sitenote_category":0,"_uf_show_specific_survey":0,"_uf_disable_surveys":false,"footnotes":""},"class_list":["post-2529","page","type-page","status-publish","hentry"],"acf":[],"aioseo_notices":[],"uagb_featured_image_src":{"full":false,"thumbnail":false,"medium":false,"medium_large":false,"large":false,"1536x1536":false,"2048x2048":false,"trp-custom-language-flag":false,"post-thumbnail":false,"nisarg-full-width":false,"sow-carousel-default":false},"uagb_author_info":{"display_name":"admin","author_link":"https:\/\/guideservice.dk\/en\/author\/jonas_ba13346b\/"},"uagb_comment_info":0,"uagb_excerpt":"Med Guideservice Danmark f\u00e5r du adgang til engagerede og dygtige guider og fort\u00e6llere, der bringer Danmarks historie, natur og kultur til live. Uanset om du vil opleve Danmark eller rejse ud i verden med dansk guide, er vi din garanti for autentiske og inspirerende fort\u00e6llinger. Bliv uddannet rejseleder med Guideservice Danmark Dr\u00f8mmer du om at&hellip;","_links":{"self":[{"href":"https:\/\/guideservice.dk\/en\/wp-json\/wp\/v2\/pages\/2529","targetHints":{"allow":["GET"]}}],"collection":[{"href":"https:\/\/guideservice.dk\/en\/wp-json\/wp\/v2\/pages"}],"about":[{"href":"https:\/\/guideservice.dk\/en\/wp-json\/wp\/v2\/types\/page"}],"author":[{"embeddable":true,"href":"https:\/\/guideservice.dk\/en\/wp-json\/wp\/v2\/users\/1"}],"replies":[{"embeddable":true,"href":"https:\/\/guideservice.dk\/en\/wp-json\/wp\/v2\/comments?post=2529"}],"version-history":[{"count":381,"href":"https:\/\/guideservice.dk\/en\/wp-json\/wp\/v2\/pages\/2529\/revisions"}],"predecessor-version":[{"id":9780,"href":"https:\/\/guideservice.dk\/en\/wp-json\/wp\/v2\/pages\/2529\/revisions\/9780"}],"wp:attachment":[{"href":"https:\/\/guideservice.dk\/en\/wp-json\/wp\/v2\/media?parent=2529"}],"curies":[{"name":"wp","href":"https:\/\/api.w.org\/{rel}","templated":true}]}}