{"id":2598,"date":"2022-11-16T09:32:46","date_gmt":"2022-11-16T08:32:46","guid":{"rendered":"https:\/\/guideservice.dk\/?page_id=2598"},"modified":"2022-11-16T09:32:49","modified_gmt":"2022-11-16T08:32:49","slug":"pause-referencer","status":"publish","type":"page","link":"https:\/\/guideservice.dk\/en\/pause-referencer\/","title":{"rendered":"Pause Referencer"},"content":{"rendered":"<p><em>Guideservice\u00b7Danmark har leveret\u00a0<a href=\"https:\/\/www.guideservicedanmark.dk\/guider_i_danmark\/\" target=\"_blank\" rel=\"noreferrer noopener\">guides<\/a>,\u00a0<a href=\"https:\/\/www.guideservicedanmark.dk\/rejseledere\/\" target=\"_blank\" rel=\"noreferrer noopener\">tour managers<\/a>\u00a0and\u00a0<a href=\"https:\/\/www.guideservicedanmark.dk\/Foredrag\/\" target=\"_blank\" rel=\"noreferrer noopener\">lecturers<\/a>\u00a0til mange forskellige arrangementer og arrang\u00f8rer. Vi gl\u00e6der os over hver opgave &#8211; og heldigvis vender kunderne positivt tilbage.<\/em><\/p>\n\n\n\n<p>Herunder er et udpluk af alle de mange sp\u00e6ndende opgaver, vi har v\u00e6ret involveret i. M\u00e5 vi skrive dig eller dit firma p\u00e5 i listen over referencer, vil vi v\u00e6re glade. Vi s\u00e6tter naturligvis kun navne p\u00e5 referencelisten, n\u00e5r vi har f\u00e5et lov til det.<\/p>\n\n\n\n<p><strong>Best Travel,<\/strong>&nbsp;rejsebureau. Har valgt et t\u00e6t samarbejde med&nbsp;Guideservice\u00b7Danmark, n\u00e5r den rigtige rejseleder skal findes.&nbsp;<\/p>\n\n\n\n<p><strong>Ansager Turist<\/strong>. Her har Guideservice\u00b7Danmark b\u00e5de vist rundt i&nbsp;<a href=\"https:\/\/www.guideservicedanmark.dk\/?type=ordbog&amp;id=62&amp;popup=1&amp;dis=1\">Den Fynske Landsby<\/a>&nbsp;og f\u00f8rt g\u00e6sterne p\u00e5 en anderledes tur i bus rundt i Odenses forskellige boligkvarterer.<\/p>\n\n\n\n<p><strong>Containercentralen<\/strong>. Det er hver gang en forn\u00f8jelse for Guideservice\u00b7Danmark, n\u00e5r vi introducerer udenlandske medarbejdere til Odense.<\/p>\n\n\n\n<p><strong>DBO-kreds Fyn<\/strong>&nbsp;(Dansk Brystkr\u00e6ft Organisation).&nbsp;Har du lyst at&nbsp;se omtalen (under arkiv 2010) af &#8220;Rundt om H.C.Andersen&#8221; . Tirsdag 1. juni 2010 &#8211; et stykke nede ad siden.<\/p>\n\n\n\n<p><strong>Delikatesser og vin<\/strong>. Her har Guideservice\u00b7Danmark arrangeret byvandring.<\/p>\n\n\n\n<p><strong>Favrskov Business Branding<\/strong>. Guideservice\u00b7Danmark er samarbejdspartner for&nbsp;Favrskov Business Branding. Samarbejdet betyder at b\u00e5de&nbsp;Favrskov Business Branding og alle partnere i projektet kan tr\u00e6kke p\u00e5&nbsp;Guideservice\u00b7Danmarks ekspertice, n\u00e5r der skal arrangeres udflugter, guidede ture for forretningsforbindelser med mere, samt n\u00e5r der skal bookes guider.&nbsp;<\/p>\n\n\n\n<p><strong>Historisk Team<\/strong>. Her har Guideservice\u00b7Danmark deltaget i inspirationsm\u00f8der og p\u00e5 byvandringer, hvor guiderne var ikl\u00e6dt tidstypiske dragter.<\/p>\n\n\n\n<p><strong>Paarup Aftenskole<\/strong>.&nbsp;Guideservice\u00b7Danmark har leveret guide og foredragsholder til flere opgaver i Odense som en kombination af&nbsp;foredrag og byvandring. Guideservice\u00b7Danmark samarbejder med Paarup Aftenskole om guidede ture, s\u00e5ledes at opgaver kan bookes via aftenskolen.<\/p>\n\n\n\n<p><strong>Risskov Travel Partner<\/strong>. Her har Guideservice\u00b7Danmark fundet rejseledere til flere destinationer.<\/p>\n\n\n\n<p><strong>SDU International Staff Office.<\/strong>&nbsp;Her har Guideservice\u00b7Danmark i&nbsp;samarbejde med Paarup Aftenskole st\u00e5et for byvandring p\u00e5 engelsk i Odense.<\/p>\n\n\n\n<p><strong>\u00c6ldresagen Grindsted<\/strong>. Her leverede&nbsp;Guideservice\u00b7Danmark if\u00f8lge formanden Kirsten Rasmussen, en af hendes bedste guideoplevelser hidtil. Turen gik rundt om Odense med fokus p\u00e5 bygninger og turens overraskelse blev Bazaren.<\/p>\n\n\n\n<p><strong>Guideservice\u00b7Danmark<\/strong>&nbsp;deltog p\u00e5 iv\u00e6rks\u00e6ttermessen i Odense 15. november 2010. Vi&nbsp;havde en forrygende dag med god kontakt til potentielle kunder og kom ogs\u00e5 hjem med kontakter til nye gode guider og rejselederemner.<\/p>","protected":false},"excerpt":{"rendered":"<p>Guideservice\u00b7Danmark har leveret\u00a0guider,\u00a0rejseledere\u00a0og\u00a0foredragsholdere\u00a0til mange forskellige arrangementer og arrang\u00f8rer. Vi gl\u00e6der os over hver opgave &#8211; og heldigvis vender kunderne positivt tilbage. Herunder er et udpluk af alle de mange sp\u00e6ndende opgaver, vi har v\u00e6ret involveret i. M\u00e5 vi skrive dig eller dit firma p\u00e5 i listen over referencer, vil vi v\u00e6re glade. Vi s\u00e6tter naturligvis kun navne p\u00e5 referencelisten, n\u00e5r vi har f\u00e5et lov til det. Best Travel,&nbsp;rejsebureau. Har valgt et t\u00e6t samarbejde med&nbsp;Guideservice\u00b7Danmark, n\u00e5r den rigtige rejseleder skal findes.&nbsp;&#8230;<\/p>\n<p class=\"read-more\"><a class=\"btn btn-default\" href=\"https:\/\/guideservice.dk\/en\/pause-referencer\/\"> Read More<span class=\"screen-reader-text\">  Read More<\/span><\/a><\/p>","protected":false},"author":218,"featured_media":0,"parent":0,"menu_order":0,"comment_status":"closed","ping_status":"closed","template":"template-parts\/page-home.php","meta":{"om_disable_all_campaigns":false,"inline_featured_image":false,"_uag_custom_page_level_css":"","_monsterinsights_skip_tracking":false,"_monsterinsights_sitenote_active":false,"_monsterinsights_sitenote_note":"","_monsterinsights_sitenote_category":0,"_uf_show_specific_survey":0,"_uf_disable_surveys":false,"footnotes":""},"class_list":["post-2598","page","type-page","status-publish","hentry"],"acf":[],"aioseo_notices":[],"uagb_featured_image_src":{"full":false,"thumbnail":false,"medium":false,"medium_large":false,"large":false,"1536x1536":false,"2048x2048":false,"trp-custom-language-flag":false,"post-thumbnail":false,"nisarg-full-width":false,"sow-carousel-default":false},"uagb_author_info":{"display_name":"Ellen","author_link":"https:\/\/guideservice.dk\/en\/author\/ellensofie\/"},"uagb_comment_info":0,"uagb_excerpt":"Guideservice\u00b7Danmark har leveret\u00a0guider,\u00a0rejseledere\u00a0og\u00a0foredragsholdere\u00a0til mange forskellige arrangementer og arrang\u00f8rer. Vi gl\u00e6der os over hver opgave &#8211; og heldigvis vender kunderne positivt tilbage. Herunder er et udpluk af alle de mange sp\u00e6ndende opgaver, vi har v\u00e6ret involveret i. M\u00e5 vi skrive dig eller dit firma p\u00e5 i listen over referencer, vil vi v\u00e6re glade. Vi s\u00e6tter naturligvis&hellip;","_links":{"self":[{"href":"https:\/\/guideservice.dk\/en\/wp-json\/wp\/v2\/pages\/2598","targetHints":{"allow":["GET"]}}],"collection":[{"href":"https:\/\/guideservice.dk\/en\/wp-json\/wp\/v2\/pages"}],"about":[{"href":"https:\/\/guideservice.dk\/en\/wp-json\/wp\/v2\/types\/page"}],"author":[{"embeddable":true,"href":"https:\/\/guideservice.dk\/en\/wp-json\/wp\/v2\/users\/218"}],"replies":[{"embeddable":true,"href":"https:\/\/guideservice.dk\/en\/wp-json\/wp\/v2\/comments?post=2598"}],"version-history":[{"count":2,"href":"https:\/\/guideservice.dk\/en\/wp-json\/wp\/v2\/pages\/2598\/revisions"}],"predecessor-version":[{"id":2602,"href":"https:\/\/guideservice.dk\/en\/wp-json\/wp\/v2\/pages\/2598\/revisions\/2602"}],"wp:attachment":[{"href":"https:\/\/guideservice.dk\/en\/wp-json\/wp\/v2\/media?parent=2598"}],"curies":[{"name":"wp","href":"https:\/\/api.w.org\/{rel}","templated":true}]}}